{"id":1674,"date":"2025-11-22T03:51:36","date_gmt":"2025-11-22T02:51:36","guid":{"rendered":"https:\/\/apexvape.de\/?post_type=product&#038;p=1674"},"modified":"2025-11-22T03:53:41","modified_gmt":"2025-11-22T02:53:41","slug":"vozol-star-40000","status":"publish","type":"product","link":"https:\/\/apexvape.de\/hu\/product\/vozol-star-40000\/","title":{"rendered":"Vozol Star 40000 puff eldobhat\u00f3 vape"},"content":{"rendered":"<h2>Vozol Star 40000 Puffs | K\u00e9t \u00fczemm\u00f3d\u00fa e-cigaretta 40 000 slukk \u00e9s hull\u00e1mz\u00f3 k\u00e9perny\u0151vel<\/h2>\n<p>A Vozol Star 40000 egy \u00fajrat\u00f6lthet\u0151, eldobhat\u00f3 e-cigaretta, amely folyamatos g\u0151z\u00f6l\u00e9st \u00e9s kiv\u00e1l\u00f3 \u00edz\u00e9lm\u00e9nyt biztos\u00edt. A k\u00e9sz\u00fcl\u00e9k egy tart\u00f3s, 1000 mAh-s akkumul\u00e1torral m\u0171k\u00f6dik, amely gyors Type-C t\u00f6lt\u00e9ssel rendelkezik, \u00e9s norm\u00e1l \u00fczemm\u00f3dban ak\u00e1r 40 000 sz\u00edv\u00e1sra is k\u00e9pes. A Boost m\u00f3d megdupl\u00e1zza az intenzit\u00e1st azok sz\u00e1m\u00e1ra, akik nagyobb g\u0151z teljes\u00edtm\u00e9nyt szeretn\u00e9nek. A Vozol Star 40K oldals\u00f3, \u00edvelt hull\u00e1mk\u00e9perny\u0151vel rendelkezik, amely praktikus \u00e1ttekint\u00e9st ny\u00fajt az e-liquid \u00e9s az akkumul\u00e1tor t\u00f6lt\u00f6tts\u00e9gi \u00e1llapot\u00e1r\u00f3l.<\/p>\n<h3>Vozol Star 40000 Puffs F\u0151bb jellemz\u0151k<\/h3>\n<p>A Vozol Star 40000 Puffs eldobhat\u00f3 e-cigaretta rendk\u00edv\u00fcli kapacit\u00e1s\u00e1val, ak\u00e1r 40 000 slukkig is leny\u0171g\u00f6z. A k\u00e9sz\u00fcl\u00e9kkel nem kell gyakran \u00fajrat\u00f6lteni, \u00e9s minden alkalommal sima, kiel\u00e9g\u00edt\u0151 sz\u00edv\u00e1st biztos\u00edt. Fejlett funkci\u00f3ival, mint p\u00e9ld\u00e1ul a Boost \u00e9s Norm m\u00f3dok, az \u00e1ll\u00edthat\u00f3 l\u00e9g\u00e1raml\u00e1s-rendszer \u00e9s a modern kijelz\u0151, a Vozol Star 40000 kiemelkedik az eldobhat\u00f3 e-cigarett\u00e1k vil\u00e1g\u00e1ban.<\/p>\n<p>A 1000 mAh-s akkumul\u00e1tor \u00e9s a USB Type-C gyors t\u00f6lt\u00e9s minim\u00e1lisra cs\u00f6kkenti az \u00fczemsz\u00fcneteket. A 18 ml-es e-liquid kapacit\u00e1s hossz\u00fa \u00e9lvezetet biztos\u00edt, m\u00edg a h\u00e1l\u00f3s tekercs technol\u00f3gia \u00e1lland\u00f3 \u00edz\u00e9lm\u00e9nyt \u00e9s fokozott g\u0151zkibocs\u00e1t\u00e1st garant\u00e1l. Ak\u00e1r gy\u00fcm\u00f6lcs\u00f6s kever\u00e9kekr\u0151l, ak\u00e1r j\u00e9ghideg arom\u00e1kr\u00f3l van sz\u00f3, a Vozol Star 40000 pr\u00e9mium g\u0151z\u00e9lm\u00e9nyt k\u00edn\u00e1l minden \u00edzl\u00e9snek.<\/p>\n<p>Kompakt, ergon\u00f3mikus kialak\u00edt\u00e1sa ide\u00e1lis otthoni \u00e9s utaz\u00e1s k\u00f6zbeni haszn\u00e1latra. Ha nagy kapacit\u00e1s\u00fa, eldobhat\u00f3 e-cigarett\u00e1t keres, a VOZOL STAR 40000 t\u00f6k\u00e9letes egyens\u00falyt k\u00edn\u00e1l \u00edz, teljes\u00edtm\u00e9ny \u00e9s st\u00edlus tekintet\u00e9ben.<\/p>\n<h3>M\u0171szaki adatok<\/h3>\n<ul>\n<li><strong>Vonatok sz\u00e1ma:<\/strong> 40 000 (norm\u00e1l), 25 000 (boost)<\/li>\n<li><strong>Nikotin er\u0151ss\u00e9ge:<\/strong> 5% (50 mg)<\/li>\n<li><strong>Akkumul\u00e1tor:<\/strong> C t\u00edpus\u00fa t\u00e1mogat\u00e1s, gyors t\u00f6lt\u00e9s<\/li>\n<li><strong>Tekercs:<\/strong> Kett\u0151s h\u00e1l\u00f3s tekercs<\/li>\n<li><strong>Kijelz\u0151:<\/strong> LED kijelz\u0151 m\u0171szer<\/li>\n<li><strong>Akkumul\u00e1tor kapacit\u00e1s:<\/strong> 1000 mAh (\u00fajrat\u00f6lthet\u0151)<\/li>\n<\/ul>\n<h3>\u00cdzek<\/h3>\n<ol>\n<li>K\u00e9k Razz Ice<\/li>\n<li>\u00c1fonya j\u00e9g<\/li>\n<li>\u00c1fonya-menta<\/li>\n<li>\u00c1fonya-g\u00f6r\u00f6gdinnye<\/li>\n<li>Cherimoya Grapefruit Bogy\u00f3s gy\u00fcm\u00f6lcs\u00f6k<\/li>\n<li>Csereszny\u00e9s k\u00f3la<\/li>\n<li>H\u0171s\u00edt\u0151 menta<\/li>\n<li>Sz\u0151l\u0151j\u00e9g<\/li>\n<li>Mang\u00f3 j\u00e9gkr\u00e9m<\/li>\n<li>Mang\u00f3-barack<\/li>\n<li>Dinnye r\u00e1g\u00f3gumi<\/li>\n<li>Dinnye j\u00e9gkr\u00e9m<\/li>\n<li>Peach Ice<\/li>\n<li>Savany\u00fa alma j\u00e9g<\/li>\n<li>Eper j\u00e9gkr\u00e9m<\/li>\n<li>Eper-kivi<\/li>\n<li>Eper-g\u00f6r\u00f6gdinnye<\/li>\n<li>S\u00e1rgadinnye \u0151szibarack<\/li>\n<li>Doh\u00e1ny<\/li>\n<li>Vzbull<\/li>\n<li>G\u00f6r\u00f6gdinnye r\u00e1g\u00f3gumi<\/li>\n<li>G\u00f6r\u00f6gdinnye Sz\u0151l\u0151 Boysenberry<\/li>\n<li>G\u00f6r\u00f6gdinnye j\u00e9gkr\u00e9m<\/li>\n<li>G\u00f6r\u00f6gdinnye Savany\u00fa \u0151szibarack<\/li>\n<li>Feh\u00e9r \u0151szibarack m\u00e1lna<\/li>\n<\/ol>\n<h3>Gyakran ism\u00e9telt k\u00e9rd\u00e9sek (GYIK)<\/h3>\n<p><strong>F1: H\u00e1ny mozdulatot k\u00edn\u00e1l a VOZOL Star 40000?<\/strong><br \/>\nA: A VOZOL Star ak\u00e1r 40 000 h\u00faz\u00e1st is biztos\u00edt.<\/p>\n<p><strong>F2: A VOZOL Star 40k \u00fajrat\u00f6lthet\u0151?<\/strong><br \/>\nV: Igen! \u00dajrat\u00f6lthet\u0151 akkumul\u00e1torral \u00e9s C t\u00edpus\u00fa gyorst\u00f6lt\u00e9ssel rendelkezik, \u00edgy minden csepp e-liquidet teljes m\u00e9rt\u00e9kben \u00e9lvezhet.<\/p>\n<p><strong>F3: Milyen nikotintartalm\u00fa a VOZOL Star 40000 Puffs?<\/strong><br \/>\nV: A legt\u00f6bb VOZOL Star 40000 k\u00e9sz\u00fcl\u00e9k 5% (50 mg) nikotintartalommal kaphat\u00f3, \u00e9s kellemes, kiel\u00e9g\u00edt\u0151 torok\u00e9rzetet biztos\u00edt.<\/p>\n<p><strong>F4: Mennyi ideig tart a VOZOL Star 40k?<\/strong><br \/>\nA: A haszn\u00e1latt\u00f3l f\u00fcgg\u0151en a VOZOL Star 40000 Puffs t\u00f6bb h\u00e9tig is kitart.<\/p>\n<h3 class=\"font-claude-response-heading text-text-100 mt-1 -mb-0.5\">Rendeljen most az Apex Vape-n\u00e1l<\/h3>\n<p class=\"font-claude-response-body whitespace-normal break-words\">Fedezze fel a Vozol Star 40k-t \u00e9s sok m\u00e1s pr\u00e9mium e-cigarett\u00e1t online \u00e1ruh\u00e1zunkban. A <strong><a class=\"underline\" href=\"https:\/\/apexvape.de\/hu\/\">Apex Vape<\/a><\/strong> sz\u00e9les v\u00e1laszt\u00e9kban tal\u00e1lhat kiv\u00e1l\u00f3 min\u0151s\u00e9g\u0171 vape term\u00e9keket m\u00e9lt\u00e1nyos \u00e1ron. B\u00f6ng\u00e9sszen \u00e1t kiterjedt k\u00edn\u00e1latunkat! <strong><a class=\"underline\" href=\"https:\/\/apexvape.de\/hu\/product-category\/vozol-vape\/\">VOZOL VAPE kateg\u00f3ria<\/a><\/strong> \u00e9s fedezze fel a leg\u00fajabb modelleket \u00e9s \u00edzeket. Haszn\u00e1lja ki a gyors sz\u00e1ll\u00edt\u00e1st, az els\u0151 oszt\u00e1ly\u00fa \u00fcgyf\u00e9lszolg\u00e1latot \u00e9s az eredeti m\u00e1rkaterm\u00e9keket. Rendelje meg most a Vozol Star 40k-t, \u00e9s \u00e9lvezze a pr\u00e9mium g\u0151z\u00e9lm\u00e9nyt a legmagasabb szinten!<\/p>","protected":false},"excerpt":{"rendered":"<p class=\"font-claude-response-body whitespace-normal break-words\">A Vozol Star 40000 ak\u00e1r 40 000 slukkot is biztos\u00edt egy \u00fajrat\u00f6lthet\u0151, eldobhat\u00f3 e-cigarett\u00e1ban. 1000 mAh-s akkumul\u00e1torral, kett\u0151s h\u00e1l\u00f3s tekercs technol\u00f3gi\u00e1val \u00e9s hull\u00e1mk\u00e9perny\u0151vel az e-liquid \u00e9s az akkumul\u00e1tor t\u00f6lt\u00f6tts\u00e9gi szintj\u00e9nek kijelz\u00e9s\u00e9hez. Kett\u0151s \u00fczemm\u00f3d (norm\u00e1l\/boost), 18 ml e-liquid kapacit\u00e1s \u00e9s USB Type-C gyors t\u00f6lt\u00e9s a maxim\u00e1lis g\u0151z\u00e9lvezet\u00e9s \u00e9rdek\u00e9ben.<\/p>","protected":false},"featured_media":1675,"comment_status":"open","ping_status":"closed","template":"","meta":[],"product_brand":[],"product_cat":[73],"product_tag":[],"class_list":{"0":"post-1674","1":"product","2":"type-product","3":"status-publish","4":"has-post-thumbnail","6":"product_cat-vozol-vape","8":"first","9":"instock","10":"shipping-taxable","11":"purchasable","12":"product-type-variable"},"_links":{"self":[{"href":"https:\/\/apexvape.de\/hu\/wp-json\/wp\/v2\/product\/1674","targetHints":{"allow":["GET"]}}],"collection":[{"href":"https:\/\/apexvape.de\/hu\/wp-json\/wp\/v2\/product"}],"about":[{"href":"https:\/\/apexvape.de\/hu\/wp-json\/wp\/v2\/types\/product"}],"replies":[{"embeddable":true,"href":"https:\/\/apexvape.de\/hu\/wp-json\/wp\/v2\/comments?post=1674"}],"version-history":[{"count":0,"href":"https:\/\/apexvape.de\/hu\/wp-json\/wp\/v2\/product\/1674\/revisions"}],"wp:featuredmedia":[{"embeddable":true,"href":"https:\/\/apexvape.de\/hu\/wp-json\/wp\/v2\/media\/1675"}],"wp:attachment":[{"href":"https:\/\/apexvape.de\/hu\/wp-json\/wp\/v2\/media?parent=1674"}],"wp:term":[{"taxonomy":"product_brand","embeddable":true,"href":"https:\/\/apexvape.de\/hu\/wp-json\/wp\/v2\/product_brand?post=1674"},{"taxonomy":"product_cat","embeddable":true,"href":"https:\/\/apexvape.de\/hu\/wp-json\/wp\/v2\/product_cat?post=1674"},{"taxonomy":"product_tag","embeddable":true,"href":"https:\/\/apexvape.de\/hu\/wp-json\/wp\/v2\/product_tag?post=1674"}],"curies":[{"name":"wp","href":"https:\/\/api.w.org\/{rel}","templated":true}]}}