{"id":1637,"date":"2025-11-21T16:36:43","date_gmt":"2025-11-21T15:36:43","guid":{"rendered":"https:\/\/apexvape.de\/?post_type=product&#038;p=1637"},"modified":"2025-11-21T16:36:43","modified_gmt":"2025-11-21T15:36:43","slug":"vozol-rave-40000","status":"publish","type":"product","link":"https:\/\/apexvape.de\/hu\/product\/vozol-rave-40000\/","title":{"rendered":"Vozol Rave 40000 eldobhat\u00f3 vaporiz\u00e1tor"},"content":{"rendered":"<h2>Vozol Rave 40000 slukk | K\u00e9t \u00fczemm\u00f3d\u00fa, nagy m\u00e9ret\u0171, eldobhat\u00f3 e-cigaretta<\/h2>\n<p>A Vozol Rave 40000 eldobhat\u00f3 e-cigaretta leny\u0171g\u00f6z\u0151, ak\u00e1r 40 000 sz\u00edv\u00e1sra elegend\u0151 kapacit\u00e1ssal rendelkezik. Az \u00fajrat\u00f6lthet\u0151 1000 mAh-s akkumul\u00e1tor \u00e9s a 20 ml-es folyad\u00e9ktart\u00e1ly garant\u00e1lja a hossz\u00fa \u00e9lettartamot \u00e9s a megb\u00edzhat\u00f3 m\u0171k\u00f6d\u00e9st. A 270\u00b0-os Beat kijelz\u0151vel \u00e9s a 3D-s \u00edvelt k\u00e9perny\u0151vel a k\u00e9sz\u00fcl\u00e9k vizu\u00e1lisan vonz\u00f3 \u00e9s interakt\u00edv \u00e9lm\u00e9nyt ny\u00fajt. A felhaszn\u00e1l\u00f3k k\u00e9t teljes\u00edtm\u00e9nym\u00f3d k\u00f6z\u00fcl v\u00e1laszthatnak, hogy szem\u00e9lyre szabhass\u00e1k a g\u0151z\u00f6l\u00e9si \u00e9lm\u00e9ny\u00fcket.<\/p>\n<h3>Vozol Rave 40000 sz\u00edv\u00e1s \u2013 F\u0151bb jellemz\u0151k<\/h3>\n<p>A Vozol Rave 40000 rendk\u00edv\u00fcli kapacit\u00e1s\u00e1val gy\u0151zi meg a felhaszn\u00e1l\u00f3kat: a nagym\u00e9ret\u0171, 20 ml-es folyad\u00e9ktart\u00e1ly \u00e9s az 1000 mAh-s akkumul\u00e1tor USB-C t\u00f6lt\u00e9si funkci\u00f3val igazi er\u0151g\u00e9pnek sz\u00e1m\u00edt. Norm\u00e1l m\u00f3dban k\u00f6r\u00fclbel\u00fcl 40 000 sz\u00edv\u00e1st biztos\u00edt, Surge m\u00f3dban pedig k\u00f6r\u00fclbel\u00fcl 25 000 sz\u00edv\u00e1st \u2013 ezzel az egyik legtart\u00f3sabb eldobhat\u00f3 e-cigaretta a piacon. 5 % (50 mg) nikotintartalommal intenz\u00edv torok\u00e9rzetet biztos\u00edt a tapasztalt e-cigaretta-haszn\u00e1l\u00f3knak.<\/p>\n<p>A fejlett S.i.L.C technol\u00f3gia kett\u0151s MCU chipekkel \u00e9s kiv\u00e1l\u00f3 min\u0151s\u00e9g\u0171 h\u00e1l\u00f3s tekercsekkel m\u0171k\u00f6dik egy\u00fctt, hogy minden slukk ut\u00e1n egyenletes, \u00edzletes g\u0151zt \u00e1ll\u00edtson el\u0151. Az innovat\u00edv kett\u0151s \u00fczemm\u00f3d\u00fa rendszer lehet\u0151v\u00e9 teszi a v\u00e1lt\u00e1st a norm\u00e1l \u00fczemm\u00f3d \u00e9s a Surge \u00fczemm\u00f3d k\u00f6z\u00f6tt, amely ut\u00f3bbi fokozott teljes\u00edtm\u00e9nyt \u00e9s g\u0151ztermel\u00e9st biztos\u00edt \u2013 t\u00f6k\u00e9letes megold\u00e1s k\u00fcl\u00f6nb\u00f6z\u0151 preferenci\u00e1khoz \u00e9s helyzetekhez.<\/p>\n<p>A Vozol Rave innovat\u00edv 270\u00b0-os beat-\u00e9rz\u00e9kel\u0151 kijelz\u0151vel rendelkezik, amely haszn\u00e1lat k\u00f6zben dinamikus, val\u00f3s idej\u0171 visszajelz\u00e9st ad, \u00e9s interakt\u00edv g\u0151z\u00f6l\u00e9si \u00e9lm\u00e9nyt ny\u00fajt. A be\u00e9p\u00edtett digit\u00e1lis kijelz\u0151 egy\u00e9rtelm\u0171en jelzi az akkumul\u00e1tor \u00e9s a folyad\u00e9k t\u00f6lt\u00f6tts\u00e9gi szintj\u00e9t, \u00edgy soha nem \u00e9rhet meglepet\u00e9s. Ez a vizu\u00e1lis technol\u00f3gia kombin\u00e1ci\u00f3ja a funkcion\u00e1lis figyel\u00e9st leny\u0171g\u00f6z\u0151 funkci\u00f3v\u00e1 alak\u00edtja.<\/p>\n<p>Az egy\u00e9ni testreszab\u00e1s \u00e1ll ennek az eszk\u00f6znek a k\u00f6z\u00e9ppontj\u00e1ban: az \u00e1ll\u00edthat\u00f3 l\u00e9g\u00e1raml\u00e1s lehet\u0151v\u00e9 teszi, hogy a sz\u00edv\u00e1si ellen\u00e1ll\u00e1st pontosan az \u00d6n ig\u00e9nyeihez igaz\u00edtsa \u2013 f\u00fcggetlen\u00fcl att\u00f3l, hogy szoros, korl\u00e1tozott sz\u00edv\u00e1st vagy l\u00e9gies, nyitott sz\u00edv\u00e1st prefer\u00e1l. Az USB-C t\u00f6lt\u0151rendszer gyors felt\u00f6lt\u00e9st biztos\u00edt, amikor sz\u00fcks\u00e9ges, m\u00edg a nagy m\u00e9ret\u0171 kialak\u00edt\u00e1s ide\u00e1lis v\u00e1laszt\u00e1ss\u00e1 teszi azoknak a keresked\u0151knek, akik nagy kapacit\u00e1s\u00fa eszk\u00f6z\u00f6ket szeretn\u00e9nek k\u00edn\u00e1lni, valamint azoknak az intenz\u00edv felhaszn\u00e1l\u00f3knak, akik hossz\u00fa g\u0151z\u00f6l\u00e9si munkameneteket szeretn\u00e9nek an\u00e9lk\u00fcl, hogy folyamatosan cser\u00e9lni\u00fck kellene az eszk\u00f6zt.<\/p>\n<h3>M\u0171szaki adatok<\/h3>\n<ul>\n<li><strong>Nikotin er\u0151ss\u00e9ge:<\/strong> 5 %<\/li>\n<li><strong>Folyad\u00e9k kapacit\u00e1s:<\/strong> 20 ml<\/li>\n<li><strong>Vonatst\u00edlus:<\/strong> MTL (sz\u00e1j-t\u00fcd\u0151)<\/li>\n<li><strong>Akkumul\u00e1tor:<\/strong> 1000 mAh \u00fajrat\u00f6lthet\u0151<\/li>\n<li><strong>M\u00f3d:<\/strong> Kett\u0151s \u00fczemm\u00f3d<\/li>\n<li><strong>Tekercs t\u00edpus:<\/strong> Kett\u0151s h\u00e1l\u00f3s tekercs<\/li>\n<li><strong>K\u00fcl\u00f6nlegess\u00e9g:<\/strong> 270\u00b0 vibr\u00e1l\u00f3 f\u00e9ny\u0171 design<\/li>\n<li><strong>L\u00e9g\u00e1raml\u00e1s:<\/strong> \u00c1ll\u00edthat\u00f3 l\u00e9g\u00e1raml\u00e1s<\/li>\n<li><strong>Kijelz\u0151:<\/strong> Intelligens akkumul\u00e1tor- \u00e9s folyad\u00e9kjelz\u0151<\/li>\n<\/ul>\n<h3>\u00cdzek<\/h3>\n<ol>\n<li>K\u00e9k Razz Ice<\/li>\n<li>\u00c1fonya j\u00e9g<\/li>\n<li>\u00c1fonya-g\u00f6r\u00f6gdinnye<\/li>\n<li>Csereszny\u00e9s k\u00f3la<\/li>\n<li>Cseresznye Eper<\/li>\n<li>H\u0171s\u00edt\u0151 menta<\/li>\n<li>Dupla alma<\/li>\n<li>S\u00e1rk\u00e1nygy\u00fcm\u00f6lcs-ban\u00e1n<\/li>\n<li>Sz\u0151l\u0151j\u00e9g<\/li>\n<li>Kivi Passi\u00f3gy\u00fcm\u00f6lcs<\/li>\n<li>Szerelem 777<\/li>\n<li>Mang\u00f3 j\u00e9gkr\u00e9m<\/li>\n<li>Mang\u00f3-barack<\/li>\n<li>Peach Ice<\/li>\n<li>\u0150szibarack-m\u00e1lna limon\u00e1d\u00e9<\/li>\n<li>Eper j\u00e9gkr\u00e9m<\/li>\n<li>Eper-kivi<\/li>\n<li>Eper-mang\u00f3<\/li>\n<li>Eper-g\u00f6r\u00f6gdinnye<\/li>\n<li>S\u00e1rgadinnye \u0151szibarack<\/li>\n<li>G\u00f6r\u00f6gdinnye r\u00e1g\u00f3gumi<\/li>\n<li>G\u00f6r\u00f6gdinnye j\u00e9gkr\u00e9m<\/li>\n<li>G\u00f6r\u00f6gdinnye Razz Rancher<\/li>\n<\/ol>\n<h3>Gyakran ism\u00e9telt k\u00e9rd\u00e9sek (GYIK)<\/h3>\n<p><strong>F1: H\u00e1ny slukkot lehet elsz\u00edvni a Vozol Rave 40000-b\u0151l?<\/strong><\/p>\n<p>A1: A m\u00f3dt\u00f3l f\u00fcgg\u0151en norm\u00e1l m\u00f3dban ak\u00e1r 40 000, Surge m\u00f3dban pedig 25 000 sz\u00edv\u00e1s lehets\u00e9ges. A f\u00f3rumokon \u00e9s tesztekben megjelent felhaszn\u00e1l\u00f3i besz\u00e1mol\u00f3k szerint a k\u00e9sz\u00fcl\u00e9k napi 500\u20131000 sz\u00edv\u00e1s mellett gyakran t\u00f6bb h\u00e9tig is kitart.<\/p>\n<p><strong>F2: A Vozol Rave 40000 \u00fajrat\u00f6lthet\u0151?<\/strong><\/p>\n<p>A2: Igen, 1000 mAh-s akkumul\u00e1torral rendelkezik \u00e9s t\u00e1mogatja a praktikus USB-C gyorst\u00f6lt\u00e9st.<\/p>\n<p><strong>F3: Mi k\u00fcl\u00f6nb\u00f6zteti meg a Vozol Rave 40000-et m\u00e1s e-cigarett\u00e1kt\u00f3l?<\/strong><\/p>\n<p>A3: Kett\u0151s t\u00e1pell\u00e1t\u00e1si m\u00f3ddal, intelligens kijelz\u0151vel \u00e9s ritmushoz szinkroniz\u00e1lt party m\u00f3ddal rendelkezik \u2013 teljes\u00edtm\u00e9ny \u00e9s sz\u00f3rakoz\u00e1s egy k\u00e9sz\u00fcl\u00e9kben.<\/p>\n<p><strong>F4: Milyen \u00edzekben kaphat\u00f3?<\/strong><\/p>\n<p>A4: T\u00f6bb mint 20 egyedi \u00edz k\u00f6z\u00fcl v\u00e1laszthat, k\u00f6zt\u00fck Blue Razz Ice, Peach Ice \u00e9s Watermelon Bubblegum.<\/p>\n<h3>Fedezze fel az Apex Vape k\u00edn\u00e1lat\u00e1t!<\/h3>\n<p>A Vozol Rave 40000 csak egy a sok kiv\u00e1l\u00f3 min\u0151s\u00e9g\u0171 term\u00e9k k\u00f6z\u00fcl, amelyek megtal\u00e1lhat\u00f3k a k\u00edn\u00e1latunkban. <strong><a href=\"https:\/\/apexvape.de\/hu\/\">Apex Vape<\/a><\/strong> kiterjedt v\u00e1laszt\u00e9kot tal\u00e1l pr\u00e9mium e-cigarett\u00e1kb\u00f3l \u00e9s vaping kieg\u00e9sz\u00edt\u0151kb\u0151l, minden \u00edzl\u00e9snek \u00e9s ig\u00e9nynek megfelel\u0151en. Ha tetszik \u00d6nnek a Vozol Rave, akkor felt\u00e9tlen\u00fcl n\u00e9zze meg teljes <strong><a href=\"https:\/\/apexvape.de\/hu\/product-category\/vozol-vape\/\">VOZOL VAPE kollekci\u00f3<\/a><\/strong> Fedezze fel, hol tal\u00e1lhat tov\u00e1bbi innovat\u00edv eszk\u00f6z\u00f6ket \u00e9s izgalmas \u00edzeket ennek a n\u00e9pszer\u0171 m\u00e1rk\u00e1nak a k\u00edn\u00e1lat\u00e1ban. Haszn\u00e1lja ki a gyors sz\u00e1ll\u00edt\u00e1st, a szak\u00e9rt\u0151 tan\u00e1csad\u00e1st \u00e9s a vonz\u00f3 aj\u00e1nlatokat \u2013 a t\u00f6k\u00e9letes g\u0151z\u00f6l\u00e9si \u00e9lm\u00e9ny v\u00e1rja \u00d6nt!<\/p>","protected":false},"excerpt":{"rendered":"<p class=\"font-claude-response-body whitespace-normal break-words\">A Vozol Rave 40000 norm\u00e1l m\u00f3dban ak\u00e1r 40 000 sz\u00edv\u00e1st is biztos\u00edt. 20 ml folyad\u00e9kkal, 1000 mAh-s akkumul\u00e1torral, kett\u0151s h\u00e1l\u00f3s tekercsel\u00e9ssel, 270\u00b0-os Beat kijelz\u0151vel \u00e9s k\u00e9t teljes\u00edtm\u00e9nym\u00f3ddal tart\u00f3s, pr\u00e9mium \u00e9lm\u00e9nyt ny\u00fajt. \u00c1ll\u00edthat\u00f3 l\u00e9g\u00e1raml\u00e1s \u00e9s USB-C gyors t\u00f6lt\u00e9s a maxim\u00e1lis rugalmass\u00e1g\u00e9rt.<\/p>","protected":false},"featured_media":1662,"comment_status":"open","ping_status":"closed","template":"","meta":[],"product_brand":[],"product_cat":[73],"product_tag":[],"class_list":{"0":"post-1637","1":"product","2":"type-product","3":"status-publish","4":"has-post-thumbnail","6":"product_cat-vozol-vape","8":"first","9":"instock","10":"shipping-taxable","11":"purchasable","12":"product-type-variable"},"_links":{"self":[{"href":"https:\/\/apexvape.de\/hu\/wp-json\/wp\/v2\/product\/1637","targetHints":{"allow":["GET"]}}],"collection":[{"href":"https:\/\/apexvape.de\/hu\/wp-json\/wp\/v2\/product"}],"about":[{"href":"https:\/\/apexvape.de\/hu\/wp-json\/wp\/v2\/types\/product"}],"replies":[{"embeddable":true,"href":"https:\/\/apexvape.de\/hu\/wp-json\/wp\/v2\/comments?post=1637"}],"version-history":[{"count":0,"href":"https:\/\/apexvape.de\/hu\/wp-json\/wp\/v2\/product\/1637\/revisions"}],"wp:featuredmedia":[{"embeddable":true,"href":"https:\/\/apexvape.de\/hu\/wp-json\/wp\/v2\/media\/1662"}],"wp:attachment":[{"href":"https:\/\/apexvape.de\/hu\/wp-json\/wp\/v2\/media?parent=1637"}],"wp:term":[{"taxonomy":"product_brand","embeddable":true,"href":"https:\/\/apexvape.de\/hu\/wp-json\/wp\/v2\/product_brand?post=1637"},{"taxonomy":"product_cat","embeddable":true,"href":"https:\/\/apexvape.de\/hu\/wp-json\/wp\/v2\/product_cat?post=1637"},{"taxonomy":"product_tag","embeddable":true,"href":"https:\/\/apexvape.de\/hu\/wp-json\/wp\/v2\/product_tag?post=1637"}],"curies":[{"name":"wp","href":"https:\/\/api.w.org\/{rel}","templated":true}]}}