{"id":1579,"date":"2025-11-19T15:05:39","date_gmt":"2025-11-19T14:05:39","guid":{"rendered":"https:\/\/apexvape.de\/?post_type=product&#038;p=1579"},"modified":"2025-11-21T16:39:58","modified_gmt":"2025-11-21T15:39:58","slug":"vozol-gear-shisha-25000","status":"publish","type":"product","link":"https:\/\/apexvape.de\/hu\/product\/vozol-gear-shisha-25000\/","title":{"rendered":"Vozol Gear Shisha 25000 eldobhat\u00f3 vaporiz\u00e1tor"},"content":{"rendered":"<h2>Vozol Gear Shisha 25000 | 25k kett\u0151s \u00fczemm\u00f3d\u00fa e-cigaretta 25000 sz\u00edv\u00e1ssal, intelligens kijelz\u0151vel \u00e9s nagykereskedelmi \u00e1ron<\/h2>\n<p>A <strong>Vozol Gear Shisha 25000<\/strong> azt a c\u00e9lt szolg\u00e1lja, hogy hiteles v\u00edzipip\u00e1z\u00e1si \u00e9lm\u00e9nyt ny\u00fajtson \u00d6nnek szimul\u00e1lt bubor\u00e9khangokkal. Ak\u00e1r <strong>25 000 vonat eco m\u00f3dban<\/strong> hossz\u00fa, megszak\u00edt\u00e1s n\u00e9lk\u00fcli g\u0151z\u00f6l\u00e9si \u00e9lm\u00e9nyt biztos\u00edt. A Power m\u00f3d viszont a kett\u0151s h\u00e1l\u00f3s tekercseknek k\u00f6sz\u00f6nhet\u0151en intenz\u00edvebb g\u0151z\u00f6l\u00e9si \u00e9lm\u00e9nyt ny\u00fajt. A folyad\u00e9kdinamik\u00e1n alapul\u00f3 l\u00e9g\u00e1raml\u00e1s-kialak\u00edt\u00e1s a legt\u00f6bb DTL-g\u0151z\u00f6l\u0151 ig\u00e9nyeit kiel\u00e9g\u00edti, \u00e9s azonnali, sima sz\u00edv\u00e1st biztos\u00edt. 1000 mAh-s akkumul\u00e1torral, nagym\u00e9ret\u0171 24 ml-es folyad\u00e9ktart\u00e1llyal \u00e9s 2,1 h\u00fcvelykes mega kijelz\u0151vel a Vozol Gear Shisha 25000 t\u00f6k\u00e9letes egyens\u00falyt biztos\u00edt a tart\u00f3ss\u00e1g, a funkcionalit\u00e1s \u00e9s a k\u00e9nyelem k\u00f6z\u00f6tt.<\/p>\n<h3>Vozol Gear Shisha 25000 sz\u00edv\u00e1s \u2013 F\u0151bb jellemz\u0151k:<\/h3>\n<p>A k\u00e9sz\u00fcl\u00e9k leny\u0171g\u00f6z\u0151 25 000 sz\u00edv\u00e1st biztos\u00edt hossz\u00fa \u00e9lettartam\u00fa haszn\u00e1lat \u00e9rdek\u00e9ben, ism\u00e9telt ut\u00e1nt\u00f6lt\u00e9s n\u00e9lk\u00fcl, \u00e9s 5% nikotintartalommal rendelkezik, amely minden sz\u00edv\u00e1sn\u00e1l er\u0151teljes, tel\u00edtett \u00edzt biztos\u00edt. A k\u00f6zvetlen t\u00fcd\u0151be sz\u00edv\u00e1shoz (DTL) tervezve, teltebb \u00edzprofilokat \u00e9s nagyobb g\u0151zfelh\u0151ket tesz lehet\u0151v\u00e9, kieg\u00e9sz\u00edtve egy hatalmas v\u00e1laszt\u00e9k kiv\u00e1l\u00f3 e-liquid \u00edzekkel \u2013 a gy\u00fcm\u00f6lcs\u00f6s \u00e9s ment\u00e1s \u00edzekt\u0151l a desszert \u00edzekig, amelyek minden \u00edzl\u00e9snek megfelelnek.<\/p>\n<p>Az e-cigaretta karcs\u00fa, k\u00f6nny\u0171 kialak\u00edt\u00e1s\u00e1val gy\u0151zi meg a felhaszn\u00e1l\u00f3kat, amely t\u00f6k\u00e9letesen alkalmas utaz\u00e1shoz, m\u00edg a be\u00e9p\u00edtett akkumul\u00e1tor hossz\u00fa \u00e9lettartam\u00fa teljes\u00edtm\u00e9nyt biztos\u00edt a k\u00e9sz\u00fcl\u00e9k teljes \u00e9lettartama alatt. Teljesen eldobhat\u00f3 vape-k\u00e9nt el\u0151re felt\u00f6ltve \u00e9s haszn\u00e1latra k\u00e9szen \u00e9rkezik, \u00edgy nincs sz\u00fcks\u00e9g f\u00e1raszt\u00f3 felt\u00f6lt\u00e9sre vagy \u00fajrat\u00f6lt\u00e9sre, \u00e9s semmilyen karbantart\u00e1st nem ig\u00e9nyel.<\/p>\n<p>A magas sz\u00edv\u00e1ssz\u00e1m, az er\u0151s nikotinadagol\u00e1s \u00e9s a felhaszn\u00e1l\u00f3bar\u00e1t k\u00e9nyelmi funkci\u00f3k kombin\u00e1ci\u00f3j\u00e1val ez a k\u00e9sz\u00fcl\u00e9k az els\u0151t\u0151l az utols\u00f3, figyelemre m\u00e9lt\u00f3 25 000 sz\u00edv\u00e1sig kiv\u00e9teles g\u0151z\u00f6l\u00e9si \u00e9lm\u00e9nyt ny\u00fajt.<\/p>\n<h3>M\u0171szaki jellemz\u0151k:<\/h3>\n<ul>\n<li>A vil\u00e1g els\u0151 audio-interakt\u00edv DTL-egyszer haszn\u00e1latos e-cigarett\u00e1ja shisha-hat\u00e1ssal<\/li>\n<li>Intelligens chip S.i.L.C. technol\u00f3gi\u00e1val<\/li>\n<li>\u00dajrat\u00f6lthet\u0151 1000 mAh-s akkumul\u00e1tor<\/li>\n<li>Kett\u0151s h\u00e1l\u00f3s tekercsrendszer<\/li>\n<li>K\u00e9t \u00fczemm\u00f3d: Eco (25 000 sz\u00edv\u00e1s) \/ Power (18 000 sz\u00edv\u00e1s)<\/li>\n<li>E-liquid kapacit\u00e1s: 24 ml<\/li>\n<li>2,1 h\u00fcvelykes sz\u00ednes kijelz\u0151<\/li>\n<li>\u00c1ll\u00edthat\u00f3 l\u00e9g\u00e1raml\u00e1s<\/li>\n<li>Fluid-dinamikus l\u00e9g\u00e1raml\u00e1s-rendszer: 0,1 m\u00e1sodperces reakci\u00f3id\u0151<\/li>\n<\/ul>\n<h3>\u00cdzek:<\/h3>\n<ol>\n<li>K\u00e9t alma<\/li>\n<li>G\u00f6r\u00f6gdinnye j\u00e9gkr\u00e9m<\/li>\n<li>Mang\u00f3 fagyi<\/li>\n<li>Fekete ribizli j\u00e9gkr\u00e9m<\/li>\n<li>Mang\u00f3-barack<\/li>\n<li>\u00c1fonya-menta<\/li>\n<li>\u00c1fonya j\u00e9g<\/li>\n<li>Parf\u00fcm Lemon<\/li>\n<li>Citrom menta<\/li>\n<li>K\u00e9k Razz Ice<\/li>\n<li>Sz\u0151l\u0151j\u00e9g<\/li>\n<li>Eper-kivi<\/li>\n<li>\u00c1fonya-g\u00f6r\u00f6gdinnye<\/li>\n<li>Csereszny\u00e9s k\u00f3la<\/li>\n<li>K\u00e9k Mojito<\/li>\n<li>Berry Mint<\/li>\n<li>Sz\u0151l\u0151-menta<\/li>\n<li>Szerelem 777<\/li>\n<li>Moszkvai est\u00e9k<\/li>\n<li>Sz\u0171zgyilkos<\/li>\n<li>Csereszny\u00e9s j\u00e9gkr\u00e9m<\/li>\n<li>Berry Ice<\/li>\n<li>Peach Ice<\/li>\n<li>Epres margarita<\/li>\n<li>G\u00f6r\u00f6gdinnye menta<\/li>\n<li>Fekete szeder j\u00e9g<\/li>\n<li>\u00c9des passi\u00f3gy\u00fcm\u00f6lcs<\/li>\n<li>Fagyasztott eper-kiwi<\/li>\n<li>Passi\u00f3gy\u00fcm\u00f6lcs, licsi, narancs<\/li>\n<li>S\u00e1rk\u00e1nygy\u00fcm\u00f6lcs Ban\u00e1n Cseresznye<\/li>\n<\/ol>\n<h3>Gyakran ism\u00e9telt k\u00e9rd\u00e9sek (GYIK)<\/h3>\n<p><strong>1. Mi az a Vozol Gear Shisha 25000 sz\u00edv\u00e1s?<\/strong> A Vozol Gear Shisha 25000 egy intelligens, \u00fajrat\u00f6lthet\u0151, eldobhat\u00f3 e-cigaretta, kett\u0151s h\u00e1l\u00f3s tekercsekkel, kett\u0151s teljes\u00edtm\u00e9nym\u00f3ddal \u00e9s nagy, 24 ml-es e-folyad\u00e9k-kapacit\u00e1ssal a tart\u00f3s teljes\u00edtm\u00e9ny \u00e9rdek\u00e9ben.<\/p>\n<p><strong>2. Hogyan m\u0171k\u00f6dik a kett\u0151s t\u00e1pell\u00e1t\u00e1s\u00fa \u00fczemm\u00f3d?<\/strong> A kett\u0151s teljes\u00edtm\u00e9ny\u0171 \u00fczemm\u00f3d lehet\u0151v\u00e9 teszi az ECO \u00fczemm\u00f3d (ak\u00e1r 25 000 sz\u00edv\u00e1s) \u00e9s a teljes\u00edtm\u00e9ny \u00fczemm\u00f3d (ak\u00e1r 18 000 sz\u00edv\u00e1s) k\u00f6z\u00f6tti v\u00e1lt\u00e1st, \u00edgy szab\u00e1lyozhatja a g\u0151z intenzit\u00e1s\u00e1t \u00e9s a sz\u00edv\u00e1sok sz\u00e1m\u00e1t.<\/p>\n<p><strong>3. A Vozol Gear Shisha 25k \u00fajrat\u00f6lthet\u0151?<\/strong> Igen, 1000 mAh-s akkumul\u00e1torral \u00e9s Type-C t\u00f6lt\u0151csatlakoz\u00f3val rendelkezik, amely gyors \u00e9s k\u00e9nyelmes t\u00f6lt\u00e9st biztos\u00edt.<\/p>\n<h3 class=\"font-claude-response-heading text-text-100 mt-1 -mb-0.5\">V\u00e1s\u00e1roljon most az Apex Vape-n\u00e9l<\/h3>\n<p class=\"font-claude-response-body whitespace-normal break-words\">Fedezze fel a Vozol Gear Shisha 25000-et, \u00e9s tapasztalja meg a legmagasabb szint\u0171 innov\u00e1ci\u00f3t \u00e9s min\u0151s\u00e9get. <strong><a class=\"underline\" href=\"https:\/\/apexvape.de\/hu\/\">Apex Vape<\/a><\/strong> nemcsak ezt a pr\u00e9mium k\u00e9sz\u00fcl\u00e9ket, hanem minden ig\u00e9nyt kiel\u00e9g\u00edt\u0151, sz\u00e9les v\u00e1laszt\u00e9kban k\u00edn\u00e1lt kiv\u00e1l\u00f3 min\u0151s\u00e9g\u0171 e-cigarett\u00e1kat \u00e9s vape term\u00e9keket is tal\u00e1l. L\u00e1togasson el weboldalunkra <strong><a class=\"underline\" href=\"https:\/\/apexvape.de\/hu\/product-category\/vozol-vape\/\">VOZOL VAPE kateg\u00f3ria<\/a><\/strong>, hogy felfedezze a teljes term\u00e9kpalett\u00e1t, \u00e9s megtal\u00e1lja a sz\u00e1m\u00e1ra t\u00f6k\u00e9letes g\u0151z\u00f6l\u00e9si \u00e9lm\u00e9nyt. Haszn\u00e1lja ki a gyors sz\u00e1ll\u00edt\u00e1st, a vonz\u00f3 nagykereskedelmi \u00e1rakat \u00e9s az els\u0151 oszt\u00e1ly\u00fa \u00fcgyf\u00e9lszolg\u00e1latot.<\/p>","protected":false},"excerpt":{"rendered":"<p>A Vozol Gear Shisha 25000 forradalmas\u00edtja a g\u0151z\u00f6l\u00e9st az autentikus shisha-\u00e9rz\u00e9ssel \u00e9s a bubor\u00e9khang-hat\u00e1ssal. Ak\u00e1r 25 000 sz\u00edv\u00e1s eco m\u00f3dban, kett\u0151s h\u00e1l\u00f3s tekercsrendszer \u00e9s 2,1 h\u00fcvelykes kijelz\u0151 biztos\u00edtj\u00e1k a maxim\u00e1lis k\u00e9nyelmet. A 24 ml-es tart\u00e1ly \u00e9s az 1000 mAh-s akkumul\u00e1tor garant\u00e1lja a tart\u00f3s \u00e9lvezetet a DTL-g\u0151z\u00f6l\u0151k sz\u00e1m\u00e1ra. R\u00e9essayer<\/p>","protected":false},"featured_media":1580,"comment_status":"open","ping_status":"closed","template":"","meta":[],"product_brand":[],"product_cat":[73],"product_tag":[],"class_list":{"0":"post-1579","1":"product","2":"type-product","3":"status-publish","4":"has-post-thumbnail","6":"product_cat-vozol-vape","8":"first","9":"instock","10":"shipping-taxable","11":"purchasable","12":"product-type-variable"},"_links":{"self":[{"href":"https:\/\/apexvape.de\/hu\/wp-json\/wp\/v2\/product\/1579","targetHints":{"allow":["GET"]}}],"collection":[{"href":"https:\/\/apexvape.de\/hu\/wp-json\/wp\/v2\/product"}],"about":[{"href":"https:\/\/apexvape.de\/hu\/wp-json\/wp\/v2\/types\/product"}],"replies":[{"embeddable":true,"href":"https:\/\/apexvape.de\/hu\/wp-json\/wp\/v2\/comments?post=1579"}],"version-history":[{"count":0,"href":"https:\/\/apexvape.de\/hu\/wp-json\/wp\/v2\/product\/1579\/revisions"}],"wp:featuredmedia":[{"embeddable":true,"href":"https:\/\/apexvape.de\/hu\/wp-json\/wp\/v2\/media\/1580"}],"wp:attachment":[{"href":"https:\/\/apexvape.de\/hu\/wp-json\/wp\/v2\/media?parent=1579"}],"wp:term":[{"taxonomy":"product_brand","embeddable":true,"href":"https:\/\/apexvape.de\/hu\/wp-json\/wp\/v2\/product_brand?post=1579"},{"taxonomy":"product_cat","embeddable":true,"href":"https:\/\/apexvape.de\/hu\/wp-json\/wp\/v2\/product_cat?post=1579"},{"taxonomy":"product_tag","embeddable":true,"href":"https:\/\/apexvape.de\/hu\/wp-json\/wp\/v2\/product_tag?post=1579"}],"curies":[{"name":"wp","href":"https:\/\/api.w.org\/{rel}","templated":true}]}}