{"id":1570,"date":"2025-11-18T08:19:45","date_gmt":"2025-11-18T07:19:45","guid":{"rendered":"https:\/\/apexvape.de\/?page_id=1570"},"modified":"2025-11-18T08:19:48","modified_gmt":"2025-11-18T07:19:48","slug":"ueber-uns","status":"publish","type":"page","link":"https:\/\/apexvape.de\/hu\/ueber-uns\/","title":{"rendered":"r\u00f3lunk"},"content":{"rendered":"<h1 class=\"wp-block-heading\">Az apexvape-r\u0151l<\/h1>\n\n\n\n<h2 class=\"wp-block-heading\">Az \u00d6n megb\u00edzhat\u00f3 partnere az eldobhat\u00f3 e-cigarett\u00e1k online nagykereskedelm\u00e9ben<\/h2>\n\n\n\n<p>\u00dcdv\u00f6z\u00f6lj\u00fck az apexvape-n\u00e9l - az \u00d6n els\u0151 oszt\u00e1ly\u00fa online kik\u00f6t\u0151je a kiv\u00e1l\u00f3 min\u0151s\u00e9g\u0171 eldobhat\u00f3 e-cigarett\u00e1k\u00e9rt. Az ipar\u00e1gban szerzett t\u00f6bb mint \u00f6t\u00e9ves tapasztalatunkkal megb\u00edzhat\u00f3 besz\u00e1ll\u00edt\u00f3v\u00e1 v\u00e1ltunk, \u00e9s neves m\u00e1rk\u00e1k sz\u00e9les v\u00e1laszt\u00e9k\u00e1t k\u00edn\u00e1ljuk \u00d6nnek. Term\u00e9kk\u00edn\u00e1latunkban megtal\u00e1lhat\u00f3 a Bang King, Al Fakher Vape, Vapeme, Waspe, RandM Tornado, Bang Box \u00e9s sz\u00e1mos m\u00e1s pr\u00e9mium m\u00e1rka.<\/p>\n\n\n\n<h2 class=\"wp-block-heading\">K\u00fcldet\u00e9s\u00fcnk \u00e9s hat\u00f3k\u00f6r\u00fcnk<\/h2>\n\n\n\n<p>Az apexvape vezet\u0151 er\u0151k\u00e9nt poz\u00edcion\u00e1lta mag\u00e1t az elektronikus p\u00e1rologtat\u00e1s ter\u00fclet\u00e9n. Term\u00e9keink a vil\u00e1g sz\u00e1mos orsz\u00e1g\u00e1ba eljutottak - ez egy\u00e9rtelm\u0171 bizony\u00edt\u00e9ka a kompromisszumok n\u00e9lk\u00fcli min\u0151s\u00e9gre val\u00f3 t\u00f6rekv\u00e9s\u00fcnknek \u00e9s a v\u00e1s\u00e1rl\u00f3i el\u00e9gedetts\u00e9gre val\u00f3 \u00f6sszpontos\u00edt\u00e1sunknak. Az e-cigaretta forgalmaz\u00e1s tapasztalt specialist\u00e1ik\u00e9nt mind a kis-, mind a nagykereskedelmi ig\u00e9nyeket kiel\u00e9g\u00edtj\u00fck, \u00e9s mindig garant\u00e1ljuk \u00fcgyfeleink sz\u00e1m\u00e1ra a piacon el\u00e9rhet\u0151 legjobb term\u00e9kekhez \u00e9s szolg\u00e1ltat\u00e1sokhoz val\u00f3 hozz\u00e1f\u00e9r\u00e9st.<\/p>\n\n\n\n<h2 class=\"wp-block-heading\">Online aj\u00e1nlatunk<\/h2>\n\n\n\n<p>Platformunk, az apexvape.de k\u00f6zponti kapcsolattart\u00f3 pontk\u00e9nt m\u0171k\u00f6dik a g\u0151zrajong\u00f3k \u00e9s a kezd\u0151k sz\u00e1m\u00e1ra egyar\u00e1nt. Egyszer\u0171 v\u00e1s\u00e1rl\u00e1si \u00e9lm\u00e9nyt k\u00edn\u00e1lunk \u00d6nnek az eldobhat\u00f3 e-cigarett\u00e1k sz\u00e9les v\u00e1laszt\u00e9k\u00e1val. Ak\u00e1r a leg\u00fajabb term\u00e9k\u00fajdons\u00e1gokat, ak\u00e1r a kipr\u00f3b\u00e1lt \u00e9s bev\u00e1lt klasszikusokat keresi, az apexvape-n\u00e9l megtal\u00e1lja, amit keres. \u00dagy tekint\u00fcnk magunkra, mint az \u00d6n megb\u00edzhat\u00f3 t\u00e1rs\u00e1ra a p\u00e1rolg\u00e1s vil\u00e1g\u00e1ban.<\/p>\n\n\n\n<h2 class=\"wp-block-heading\">J\u00f6v\u0151k\u00e9p\u00fcnk a j\u00f6v\u0151re n\u00e9zve<\/h2>\n\n\n\n<p>Legyen r\u00e9szese sikert\u00f6rt\u00e9net\u00fcnknek, mik\u00f6zben tov\u00e1bbra is \u00faj kiv\u00e1l\u00f3s\u00e1gi m\u00e9rc\u00e9t \u00e1ll\u00edtunk fel az eldobhat\u00f3 e-cigarett\u00e1k ipar\u00e1g\u00e1ban. Az apexvape-n\u00e9l megtapasztalhatja a k\u00fcl\u00f6nbs\u00e9get - ahol a legmagasabb min\u0151s\u00e9g, a term\u00e9kek sz\u00e9les v\u00e1laszt\u00e9ka \u00e9s a kiv\u00e1l\u00f3 \u00fcgyf\u00e9lszolg\u00e1lat harmonikus \u00f6sszcsomagg\u00e1 egyes\u00fcl.<\/p>\n\n\n\n<h2 class=\"wp-block-heading\">Kapcsolatfelv\u00e9tel<\/h2>\n\n\n\n<p><strong>E-mail:<\/strong> canliumit3535@gmail.com<\/p>\n\n\n\n<p>L\u00e1togasson el web\u00e1ruh\u00e1zunkba \u00e9s fedezze fel els\u0151 oszt\u00e1ly\u00fa eldobhat\u00f3 e-cigarett\u00e1ink teljes v\u00e1laszt\u00e9k\u00e1t!<\/p>","protected":false},"excerpt":{"rendered":"<p>Az apexvape-r\u0151l Az \u00d6n megb\u00edzhat\u00f3 partnere az eldobhat\u00f3 e-cigarett\u00e1k online nagykereskedelm\u00e9ben \u00dcdv\u00f6z\u00f6lj\u00fck az apexvape-n\u00e9l - az \u00d6n els\u0151 oszt\u00e1ly\u00fa kapcsolattart\u00e1si pontja az interneten a kiv\u00e1l\u00f3 min\u0151s\u00e9g\u0171 e-cigarett\u00e1k\u00e9rt.<\/p>","protected":false},"author":1,"featured_media":0,"parent":0,"menu_order":0,"comment_status":"closed","ping_status":"closed","template":"","meta":{"footnotes":""},"class_list":["post-1570","page","type-page","status-publish","hentry"],"_links":{"self":[{"href":"https:\/\/apexvape.de\/hu\/wp-json\/wp\/v2\/pages\/1570","targetHints":{"allow":["GET"]}}],"collection":[{"href":"https:\/\/apexvape.de\/hu\/wp-json\/wp\/v2\/pages"}],"about":[{"href":"https:\/\/apexvape.de\/hu\/wp-json\/wp\/v2\/types\/page"}],"author":[{"embeddable":true,"href":"https:\/\/apexvape.de\/hu\/wp-json\/wp\/v2\/users\/1"}],"replies":[{"embeddable":true,"href":"https:\/\/apexvape.de\/hu\/wp-json\/wp\/v2\/comments?post=1570"}],"version-history":[{"count":0,"href":"https:\/\/apexvape.de\/hu\/wp-json\/wp\/v2\/pages\/1570\/revisions"}],"wp:attachment":[{"href":"https:\/\/apexvape.de\/hu\/wp-json\/wp\/v2\/media?parent=1570"}],"curies":[{"name":"wp","href":"https:\/\/api.w.org\/{rel}","templated":true}]}}