{"id":1567,"date":"2025-11-18T08:15:29","date_gmt":"2025-11-18T07:15:29","guid":{"rendered":"https:\/\/apexvape.de\/?page_id=1567"},"modified":"2025-11-18T08:15:32","modified_gmt":"2025-11-18T07:15:32","slug":"faqs","status":"publish","type":"page","link":"https:\/\/apexvape.de\/hu\/faqs\/","title":{"rendered":"GYIK"},"content":{"rendered":"<h1 class=\"wp-block-heading\">Gyakran ism\u00e9telt k\u00e9rd\u00e9sek - apexvape<\/h1>\n\n\n\n<h2 class=\"wp-block-heading\">Fizet\u00e9si lehet\u0151s\u00e9gek<\/h2>\n\n\n\n<h3 class=\"wp-block-heading\">Milyen fizet\u00e9si lehet\u0151s\u00e9geket k\u00edn\u00e1l az apexvape?<\/h3>\n\n\n\n<p>Sz\u00e1mos fizet\u00e9si m\u00f3dot elfogadunk, hogy maxim\u00e1lis rugalmass\u00e1got ny\u00fajtsunk \u00d6nnek. Ezek k\u00f6z\u00e9 tartozik a hitelk\u00e1rty\u00e1s fizet\u00e9s, a PayPal, a SEPA-alap\u00fa beszed\u00e9si megb\u00edz\u00e1s \u00e9s egy\u00e9b fizet\u00e9si lehet\u0151s\u00e9gek. A rendel\u00e9si folyamat sor\u00e1n az \u00f6sszes el\u00e9rhet\u0151 fizet\u00e9si lehet\u0151s\u00e9g megjelenik a p\u00e9nzt\u00e1rn\u00e1l.<\/p>\n\n\n\n<h2 class=\"wp-block-heading\">Sz\u00e1ll\u00edt\u00e1s \u00e9s k\u00e9zbes\u00edt\u00e9s<\/h2>\n\n\n\n<h3 class=\"wp-block-heading\">Mit jelent a DDP sz\u00e1ll\u00edt\u00e1s?<\/h3>\n\n\n\n<p>Az apexvape DDP (Delivered Duty Paid) szolg\u00e1ltat\u00e1st k\u00edn\u00e1l a kiv\u00e1lasztott orsz\u00e1gok sz\u00e1m\u00e1ra. Ezzel a sz\u00e1ll\u00edt\u00e1si m\u00f3dszerrel minden v\u00e1malakis\u00e1got elint\u00e9z\u00fcnk \u00d6nnek, \u00edgy nem kell agg\u00f3dnia a v\u00e1mkezel\u00e9s miatt, \u00e9s nem mer\u00fclnek fel tov\u00e1bbi v\u00e1mk\u00f6lts\u00e9gek.<\/p>\n\n\n\n<h3 class=\"wp-block-heading\">Mely orsz\u00e1gok sz\u00e1m\u00e1ra \u00e9rhet\u0151 el a DDP sz\u00e1ll\u00edt\u00e1s?<\/h3>\n\n\n\n<p>DDP sz\u00e1ll\u00edt\u00e1si szolg\u00e1ltat\u00e1sunk a k\u00f6vetkez\u0151 r\u00e9gi\u00f3kban \u00e9rhet\u0151 el:<\/p>\n\n\n\n<p><strong>Egyes\u00fclt Kir\u00e1lys\u00e1g<\/strong><\/p>\n\n\n\n<ul class=\"wp-block-list\">\n<li>Sz\u00e1ll\u00edt\u00e1s helyi DPD Express szolg\u00e1ltat\u00e1ssal<\/li>\n<\/ul>\n\n\n\n<p><strong>Eur\u00f3pai Uni\u00f3<\/strong><\/p>\n\n\n\n<ul class=\"wp-block-list\">\n<li>Sz\u00e1ll\u00edt\u00e1s UPS\/DPD\/DHL Expressen kereszt\u00fcl<\/li>\n\n\n\n<li>El\u00e9rhet\u0151 orsz\u00e1gok: N\u00e9metorsz\u00e1g, Belgium, Luxemburg, Hollandia, Csehorsz\u00e1g, Lengyelorsz\u00e1g, Horv\u00e1torsz\u00e1g, Szlov\u00e1kia, Szlov\u00e9nia, Finnorsz\u00e1g, Sv\u00e9dorsz\u00e1g, Ausztria, Franciaorsz\u00e1g, Olaszorsz\u00e1g, Magyarorsz\u00e1g, Bulg\u00e1ria, Litv\u00e1nia, \u00c9sztorsz\u00e1g, Lettorsz\u00e1g, G\u00f6r\u00f6gorsz\u00e1g, \u00cdrorsz\u00e1g, Portug\u00e1lia \u00e9s Spanyolorsz\u00e1g.<\/li>\n<\/ul>\n\n\n\n<h3 class=\"wp-block-heading\">Mennyi ideig tart a sz\u00e1ll\u00edt\u00e1s?<\/h3>\n\n\n\n<p>A sz\u00e1ll\u00edt\u00e1si id\u0151 a c\u00e9lorsz\u00e1gt\u00f3l f\u00fcgg\u0151en v\u00e1ltozik:<\/p>\n\n\n\n<ul class=\"wp-block-list\">\n<li><strong>Egyes\u00fclt Kir\u00e1lys\u00e1g<\/strong>: 7-12 nap<\/li>\n\n\n\n<li><strong>Eur\u00f3pai Uni\u00f3<\/strong>10-15 nap (a sz\u00e1ll\u00edt\u00e1s N\u00e9metorsz\u00e1gon kereszt\u00fcl t\u00f6rt\u00e9nik)<\/li>\n<\/ul>\n\n\n\n<h3 class=\"wp-block-heading\">Mi vonatkozik a DDP-list\u00e1n k\u00edv\u00fcli orsz\u00e1gokra?<\/h3>\n\n\n\n<p>A DDP-list\u00e1nkon nem szerepl\u0151 orsz\u00e1gokba ir\u00e1nyul\u00f3 megrendel\u00e9sek eset\u00e9ben az \u00fcgyfelek felel\u0151sek a v\u00e1mkezel\u00e9s\u00e9rt. Ezekben az esetekben v\u00e1m- \u00e9s importv\u00e1mok mer\u00fclhetnek fel, amelyeket a c\u00edmzettnek kell viselnie.<\/p>\n\n\n\n<h2 class=\"wp-block-heading\">Visszat\u00e9r\u00edt\u00e9s \u00e9s csere<\/h2>\n\n\n\n<h3 class=\"wp-block-heading\">Mi az apexvape visszat\u00e9r\u00e9si ideje?<\/h3>\n\n\n\n<p>A megrendel\u00e9s k\u00e9zhezv\u00e9tel\u00e9t\u0151l sz\u00e1m\u00edtott 15 napos visszak\u00fcld\u00e9si hat\u00e1rid\u0151t biztos\u00edtunk \u00d6nnek. Ezen id\u0151szakon bel\u00fcl visszak\u00fcldheti a term\u00e9keket, ha nem el\u00e9gedett a v\u00e1s\u00e1rl\u00e1ssal.<\/p>\n\n\n\n<h3 class=\"wp-block-heading\">Milyen felt\u00e9telek vonatkoznak a visszat\u00e9r\u00edt\u00e9sre?<\/h3>\n\n\n\n<p>Ahhoz, hogy elfogadjuk a visszak\u00fcld\u00e9st, a k\u00f6vetkez\u0151 k\u00f6vetelm\u00e9nyeknek kell teljes\u00fclni\u00fck:<\/p>\n\n\n\n<ul class=\"wp-block-list\">\n<li>A term\u00e9knek eredeti, nem haszn\u00e1lt \u00e1llapotban kell lennie.<\/li>\n\n\n\n<li>Minden c\u00edmk\u00e9t tov\u00e1bbra is fel kell ragasztani<\/li>\n\n\n\n<li>Az eredeti csomagol\u00e1snak meg kell lennie<\/li>\n\n\n\n<li>A visszak\u00fcld\u00e9st el\u0151zetesen e-mailben kell k\u00e9rni<\/li>\n<\/ul>\n\n\n\n<h3 class=\"wp-block-heading\">Hogyan kezdem\u00e9nyezhetem a visszat\u00e9r\u00edt\u00e9st?<\/h3>\n\n\n\n<p>K\u00e9rj\u00fck, l\u00e9pjen kapcsolatba vel\u00fcnk e-mailben, hogy visszak\u00fcld\u00e9st k\u00e9rjen. Ezt k\u00f6vet\u0151en t\u00e1j\u00e9koztatni fogjuk \u00d6nt a tov\u00e1bbi l\u00e9p\u00e9sekr\u0151l.<\/p>\n\n\n\n<h2 class=\"wp-block-heading\">Biztons\u00e1g \u00e9s adatv\u00e9delem<\/h2>\n\n\n\n<h3 class=\"wp-block-heading\">Mennyire biztons\u00e1gos a megrendel\u00e9sem az apexvape-n\u00e9l?<\/h3>\n\n\n\n<p>\u00dcgyfeleink biztons\u00e1ga a legf\u0151bb priorit\u00e1sunk. K\u00fcl\u00f6nb\u00f6z\u0151 biztons\u00e1gi int\u00e9zked\u00e9seket vezett\u00fcnk be:<\/p>\n\n\n\n<ul class=\"wp-block-list\">\n<li><strong>Weboldal biztons\u00e1ga<\/strong>Weboldalunkat modern biztons\u00e1gi technol\u00f3gi\u00e1k v\u00e9dik<\/li>\n\n\n\n<li><strong>Adatv\u00e9delem<\/strong>Az \u00d6n szem\u00e9lyes adatait bizalmasan kezelj\u00fck \u00e9s v\u00e9dj\u00fck.<\/li>\n\n\n\n<li><strong>Biztons\u00e1gos fizet\u00e9si feldolgoz\u00e1s<\/strong>Minden fizet\u00e9si tranzakci\u00f3t titkos\u00edtott kapcsolatokon kereszt\u00fcl dolgozunk fel.<\/li>\n\n\n\n<li><strong>Adathal\u00e1szat elleni v\u00e9delem<\/strong>A csal\u00e1s elleni v\u00e9dekez\u00e9s \u00e9rdek\u00e9ben int\u00e9zked\u00e9seket hajtunk v\u00e9gre<\/li>\n<\/ul>\n\n\n\n<hr class=\"wp-block-separator has-alpha-channel-opacity\"\/>\n\n\n\n<p>Van tov\u00e1bbi k\u00e9rd\u00e9se? Forduljon hozz\u00e1nk bizalommal - sz\u00edvesen seg\u00edt\u00fcnk \u00d6nnek!<\/p>","protected":false},"excerpt":{"rendered":"<p>H\u00e4ufig gestellte Fragen &#8211; apexvape Zahlungsoptionen Welche Zahlungsm\u00f6glichkeiten bietet apexvape an? Wir akzeptieren eine Vielzahl von Zahlungsmethoden, um Ihnen maximale<\/p>","protected":false},"author":1,"featured_media":0,"parent":0,"menu_order":0,"comment_status":"closed","ping_status":"closed","template":"","meta":{"footnotes":""},"class_list":["post-1567","page","type-page","status-publish","hentry"],"_links":{"self":[{"href":"https:\/\/apexvape.de\/hu\/wp-json\/wp\/v2\/pages\/1567","targetHints":{"allow":["GET"]}}],"collection":[{"href":"https:\/\/apexvape.de\/hu\/wp-json\/wp\/v2\/pages"}],"about":[{"href":"https:\/\/apexvape.de\/hu\/wp-json\/wp\/v2\/types\/page"}],"author":[{"embeddable":true,"href":"https:\/\/apexvape.de\/hu\/wp-json\/wp\/v2\/users\/1"}],"replies":[{"embeddable":true,"href":"https:\/\/apexvape.de\/hu\/wp-json\/wp\/v2\/comments?post=1567"}],"version-history":[{"count":0,"href":"https:\/\/apexvape.de\/hu\/wp-json\/wp\/v2\/pages\/1567\/revisions"}],"wp:attachment":[{"href":"https:\/\/apexvape.de\/hu\/wp-json\/wp\/v2\/media?parent=1567"}],"curies":[{"name":"wp","href":"https:\/\/api.w.org\/{rel}","templated":true}]}}