{"id":1555,"date":"2025-11-18T07:51:41","date_gmt":"2025-11-18T06:51:41","guid":{"rendered":"https:\/\/apexvape.de\/?page_id=1555"},"modified":"2025-11-18T07:51:43","modified_gmt":"2025-11-18T06:51:43","slug":"datenschutzerklaerung","status":"publish","type":"page","link":"https:\/\/apexvape.de\/hu\/datenschutzerklaerung\/","title":{"rendered":"Adatv\u00e9delmi szab\u00e1lyzat"},"content":{"rendered":"<h1 class=\"wp-block-heading\">Adatv\u00e9delmi szab\u00e1lyzat - apexvape<\/h1>\n\n\n\n<p>Az apexvape sz\u00e1m\u00e1ra a szem\u00e9lyes adatok v\u00e9delme \u00e9s a mag\u00e1n\u00e9let v\u00e9delme els\u0151dleges fontoss\u00e1g\u00fa. Ebben az adatv\u00e9delmi szab\u00e1lyzatban elmagyar\u00e1zzuk, hogyan gy\u0171jtj\u00fck, haszn\u00e1ljuk \u00e9s biztos\u00edtjuk az \u00d6n \u00e1ltal a weboldalunk l\u00e1togat\u00e1sa sor\u00e1n megadott adatokat.<\/p>\n\n\n\n<h2 class=\"wp-block-heading\">Szem\u00e9lyes adatok gy\u0171jt\u00e9se<\/h2>\n\n\n\n<p>A weboldalunk l\u00e1togat\u00e1sa sor\u00e1n k\u00fcl\u00f6nb\u00f6z\u0151 kateg\u00f3ri\u00e1j\u00fa inform\u00e1ci\u00f3kat gy\u0171jthet\u00fcnk:<\/p>\n\n\n\n<ul class=\"wp-block-list\">\n<li><strong>Szem\u00e9lyes adatok<\/strong>Ez mag\u00e1ban foglalja az \u00d6n nev\u00e9t, e-mail c\u00edm\u00e9t \u00e9s egy\u00e9b kapcsolattart\u00e1si adatait, amelyeket v\u00e1s\u00e1rl\u00e1s vagy kapcsolatfelv\u00e9tel sor\u00e1n ad meg nek\u00fcnk.<\/li>\n\n\n\n<li><strong>Haszn\u00e1lati \u00e9s eszk\u00f6zadatok<\/strong>Ezeket az inform\u00e1ci\u00f3kat s\u00fctik \u00e9s hasonl\u00f3 technol\u00f3gi\u00e1k seg\u00edts\u00e9g\u00e9vel gy\u0171jtj\u00fck, \u00e9s tartalmazz\u00e1k az \u00d6n b\u00f6ng\u00e9sz\u00e9si szok\u00e1saira \u00e9s az \u00d6n \u00e1ltal haszn\u00e1lt eszk\u00f6z\u00f6kre vonatkoz\u00f3 adatokat.<\/li>\n\n\n\n<li><strong>Tov\u00e1bbi \u00f6nk\u00e9ntes inform\u00e1ci\u00f3k<\/strong>B\u00e1rmilyen tov\u00e1bbi inform\u00e1ci\u00f3, amelyet \u00f6nk\u00e9ntesen szeretne megosztani vel\u00fcnk<\/li>\n<\/ul>\n\n\n\n<h2 class=\"wp-block-heading\">Az adatfeldolgoz\u00e1s c\u00e9ljai<\/h2>\n\n\n\n<p>Az \u00e1ltalunk gy\u0171jt\u00f6tt adatokat a k\u00f6vetkez\u0151 c\u00e9lokra haszn\u00e1ljuk fel:<\/p>\n\n\n\n<ul class=\"wp-block-list\">\n<li><strong>Megrendel\u00e9s feldolgoz\u00e1sa<\/strong>A weboldalunkon leadott megrendel\u00e9sek feldolgoz\u00e1sa \u00e9s teljes\u00edt\u00e9se<\/li>\n\n\n\n<li><strong>\u00dcgyf\u00e9l-kommunik\u00e1ci\u00f3<\/strong>Az \u00d6nnel val\u00f3 inform\u00e1ci\u00f3csere az \u00d6n megrendel\u00e9seivel, k\u00e9r\u00e9seivel \u00e9s marketingkamp\u00e1nyaival kapcsolatban.<\/li>\n\n\n\n<li><strong>Szolg\u00e1ltat\u00e1saink optimaliz\u00e1l\u00e1sa<\/strong>Weboldalunk \u00e9s szolg\u00e1ltat\u00e1saink jav\u00edt\u00e1sa az \u00d6n interakci\u00f3i \u00e9s visszajelz\u00e9sei alapj\u00e1n<\/li>\n\n\n\n<li><strong>Biztons\u00e1gi garancia<\/strong>Weboldalunk v\u00e9delme \u00e9s a csal\u00e1rd tev\u00e9kenys\u00e9gek megel\u0151z\u00e9se \u00e9rdek\u00e9ben<\/li>\n<\/ul>\n\n\n\n<h2 class=\"wp-block-heading\">Adattov\u00e1bb\u00edt\u00e1s harmadik felek r\u00e9sz\u00e9re<\/h2>\n\n\n\n<p>Az \u00d6n kifejezett beleegyez\u00e9se n\u00e9lk\u00fcl nem adjuk el \u00e9s nem adjuk \u00e1t az \u00d6n szem\u00e9lyes adatait harmadik f\u00e9lnek. Ez al\u00f3l csak akkor van kiv\u00e9tel, ha az \u00e1tad\u00e1s az \u00d6n k\u00edv\u00e1ns\u00e1gainak teljes\u00edt\u00e9s\u00e9hez sz\u00fcks\u00e9ges - p\u00e9ld\u00e1ul logisztikai partnerek sz\u00e1m\u00e1ra a sz\u00e1ll\u00edt\u00e1shoz - vagy ha jogi k\u00f6telezetts\u00e9g \u00e1ll fenn.<\/p>\n\n\n\n<h2 class=\"wp-block-heading\">Adatbiztons\u00e1gi int\u00e9zked\u00e9sek<\/h2>\n\n\n\n<p>K\u00fcl\u00f6nb\u00f6z\u0151 biztons\u00e1gi int\u00e9zked\u00e9seket alkalmazunk az \u00d6n adatainak v\u00e9delme \u00e9rdek\u00e9ben. Ezek k\u00f6z\u00e9 tartoznak a titkos\u00edt\u00e1si technol\u00f3gi\u00e1k, a Secure Socket Layer (SSL) haszn\u00e1lata \u00e9s biztons\u00e1gi rendszereink rendszeres ellen\u0151rz\u00e9se.<\/p>\n\n\n\n<h2 class=\"wp-block-heading\">Az \u00d6n adatv\u00e9delmi jogai<\/h2>\n\n\n\n<p>\u00d6n b\u00e1rmikor jogosult szem\u00e9lyes adataihoz hozz\u00e1f\u00e9rni, azokat helyesb\u00edteni vagy t\u00f6r\u00f6lni. Ezenk\u00edv\u00fcl b\u00e1rmikor leiratkozhat marketingk\u00f6zlem\u00e9nyeinkr\u0151l.<\/p>\n\n\n\n<h2 class=\"wp-block-heading\">Az adatv\u00e9delmi szab\u00e1lyzat m\u00f3dos\u00edt\u00e1sai<\/h2>\n\n\n\n<p>Fenntartjuk a jogot, hogy id\u0151r\u0151l id\u0151re m\u00f3dos\u00edtsuk ezt az Adatv\u00e9delmi szab\u00e1lyzatot, hogy az t\u00fckr\u00f6zze a gyakorlatunkban vagy a jogi k\u00f6vetelm\u00e9nyekben bek\u00f6vetkezett v\u00e1ltoz\u00e1sokat. Javasoljuk, hogy rendszeres id\u0151k\u00f6z\u00f6nk\u00e9nt tekintse \u00e1t ezt a szab\u00e1lyzatot.<\/p>\n\n\n\n<hr class=\"wp-block-separator has-alpha-channel-opacity\"\/>\n\n\n\n<p>Weboldalunk haszn\u00e1lat\u00e1val \u00d6n elfogadja a jelen Adatv\u00e9delmi szab\u00e1lyzatban foglalt felt\u00e9teleket. Ha b\u00e1rmilyen k\u00e9rd\u00e9se vagy agg\u00e1lya van adatv\u00e9delmi gyakorlatunkkal kapcsolatban, k\u00e9rj\u00fck, forduljon hozz\u00e1nk a canliumit3535@gmail.com e-mail c\u00edmen.<\/p>\n\n\n\n<p>K\u00f6sz\u00f6nj\u00fck, hogy megb\u00edzik az apexvape-ben, mint az eldobhat\u00f3 e-cigarett\u00e1k (vapes) sz\u00e1ll\u00edt\u00f3j\u00e1ban.<\/p>","protected":false},"excerpt":{"rendered":"<p>Adatv\u00e9delmi ir\u00e1nyelvek - apexvape Az apexvape sz\u00e1m\u00e1ra a szem\u00e9lyes adatok v\u00e9delme \u00e9s az \u00d6n adatainak v\u00e9delme els\u0151dleges fontoss\u00e1g\u00fa. A  oldalon.<\/p>","protected":false},"author":1,"featured_media":0,"parent":0,"menu_order":0,"comment_status":"closed","ping_status":"closed","template":"","meta":{"footnotes":""},"class_list":["post-1555","page","type-page","status-publish","hentry"],"_links":{"self":[{"href":"https:\/\/apexvape.de\/hu\/wp-json\/wp\/v2\/pages\/1555","targetHints":{"allow":["GET"]}}],"collection":[{"href":"https:\/\/apexvape.de\/hu\/wp-json\/wp\/v2\/pages"}],"about":[{"href":"https:\/\/apexvape.de\/hu\/wp-json\/wp\/v2\/types\/page"}],"author":[{"embeddable":true,"href":"https:\/\/apexvape.de\/hu\/wp-json\/wp\/v2\/users\/1"}],"replies":[{"embeddable":true,"href":"https:\/\/apexvape.de\/hu\/wp-json\/wp\/v2\/comments?post=1555"}],"version-history":[{"count":0,"href":"https:\/\/apexvape.de\/hu\/wp-json\/wp\/v2\/pages\/1555\/revisions"}],"wp:attachment":[{"href":"https:\/\/apexvape.de\/hu\/wp-json\/wp\/v2\/media?parent=1555"}],"curies":[{"name":"wp","href":"https:\/\/api.w.org\/{rel}","templated":true}]}}