{"id":6682,"date":"2026-04-06T10:58:41","date_gmt":"2026-04-06T08:58:41","guid":{"rendered":"https:\/\/apexvape.de\/?post_type=product&#038;p=6682"},"modified":"2026-04-06T10:59:13","modified_gmt":"2026-04-06T08:59:13","slug":"airmez-fox-4-in-1-120k","status":"publish","type":"product","link":"https:\/\/apexvape.de\/fr\/product\/airmez-fox-4-in-1-120k\/","title":{"rendered":"Airmez FOX 4 IN 1 120K bouff\u00e9es Vapo jetable"},"content":{"rendered":"<h1>Airmez FOX 4 IN 1 120K Puffs Vaporisateur jetable | 4 ar\u00f4mes &amp; 120.000 bouff\u00e9es<\/h1>\n<p>L'Airmez FOX 4 IN 1 120K fournit jusqu'\u00e0 120 000 bouff\u00e9es avec un syst\u00e8me d'ar\u00f4me 4 en 1 et 60 ml d'e-liquide pour un plaisir de longue dur\u00e9e. L'\u00e9cran LED permet de surveiller facilement le niveau de la batterie et du e-liquide, tandis que la batterie de 650 mAh \u00e0 charge rapide de type C r\u00e9duit les temps d'arr\u00eat au minimum. Avec 3 niveaux de nicotine % et un coil maill\u00e9 de 1,0 \u03a9 pour une vapeur r\u00e9guli\u00e8re et consistante, c'est un appareil polyvalent de haute performance pour les vapoteurs qui exigent qualit\u00e9 et vari\u00e9t\u00e9.<\/p>\n<h2>Airmez FOX 4 IN 1 120K Puffs - Les points forts les plus importants<\/h2>\n<p>Le FOX 4 IN 1 120K d'Airmez est un vaporisateur puissant avec une capacit\u00e9 impressionnante de 120 000 bouff\u00e9es pour une exp\u00e9rience de vaporisation durable et satisfaisante. Ce qui le distingue particuli\u00e8rement, c'est son syst\u00e8me d'ar\u00f4me 4 en 1, qui permet aux utilisateurs de profiter de quatre ar\u00f4mes uniques dans un seul appareil, pour une vari\u00e9t\u00e9 et un confort incomparables.<\/p>\n<p>Avec 60 ml d'e-liquide g\u00e9n\u00e9reusement pr\u00e9-rempli (15 ml \u00d7 4 r\u00e9servoirs), cet appareil est con\u00e7u pour un plaisir de longue dur\u00e9e avec moins d'interruptions. Un \u00e9cran LED intuitif te tient inform\u00e9 \u00e0 tout moment et permet de surveiller facilement l'\u00e9tat de la batterie et le niveau d'e-liquide, m\u00eame en d\u00e9placement.<\/p>\n<p>Le rechargement est rapide et facile gr\u00e2ce \u00e0 la batterie de 650 mAh \u00e0 charge rapide de type C, de sorte que l'appareil est toujours pr\u00eat quand tu en as besoin. L'Airmez FOX 4 IN 1 120K est disponible avec 3 taux de nicotine % et s'adresse aux utilisateurs qui pr\u00e9f\u00e8rent une exp\u00e9rience de nicotine r\u00e9guli\u00e8re et contr\u00f4l\u00e9e.<\/p>\n<p>Au centre de l'appareil se trouve un coil en maille de 1,0 \u03a9 qui fournit une vapeur lisse et aromatique de mani\u00e8re constante \u00e0 chaque bouff\u00e9e. Cette combinaison de capacit\u00e9, de diversit\u00e9 et de technologie fait de l'Airmez FOX 4 IN 1 120K un appareil polyvalent de haute performance pour les vapoteurs exigeants.<\/p>\n<h2>Donn\u00e9es techniques - Airmez FOX 4 IN 1 120K Puffs<\/h2>\n<table>\n<thead>\n<tr>\n<th>Caract\u00e9ristique<\/th>\n<th>D\u00e9tails<\/th>\n<\/tr>\n<\/thead>\n<tbody>\n<tr>\n<td>Nombre de trains<\/td>\n<td>120 000 trains<\/td>\n<\/tr>\n<tr>\n<td>Capacit\u00e9 en e-liquide<\/td>\n<td>15 ml \u00d7 4 r\u00e9servoirs (60 ml au total)<\/td>\n<\/tr>\n<tr>\n<td>Modes d'ar\u00f4mes<\/td>\n<td>4 ar\u00f4mes r\u00e9glables<\/td>\n<\/tr>\n<tr>\n<td>Capacit\u00e9 de la batterie<\/td>\n<td>650 mAh (rechargeable)<\/td>\n<\/tr>\n<tr>\n<td>bobine<\/td>\n<td>1,0 \u03a9 Bobine maill\u00e9e<\/td>\n<\/tr>\n<tr>\n<td>Prise de charge<\/td>\n<td>USB Type-C<\/td>\n<\/tr>\n<tr>\n<td>Unit\u00e9 d'emballage<\/td>\n<td>10 pi\u00e8ces par paquet<\/td>\n<\/tr>\n<tr>\n<td>Ar\u00f4mes disponibles<\/td>\n<td>10 options<\/td>\n<\/tr>\n<\/tbody>\n<\/table>\n<h2>Airmez FOX 4 IN 1 120K Puffs - Saveurs disponibles<\/h2>\n<ol>\n<li>Fraise Raspberry \/ Fraise Kiwi \/ Fraise Ice \/ P\u00eache Mangue Past\u00e8que<\/li>\n<li>Past\u00e8que Ice \/ Strawberry Watermelon \/ Raspberry Watermelon \/ Blueberry Raspberry<\/li>\n<li>Pink Lemonade \/ Passion Kiss \/ Mixed Berries \/ Triple Berry<\/li>\n<li>Cherry \/ Love 66 \/ Berry Lemonade \/ Grape Ice<\/li>\n<li>Mango Peach \/ Fruit tropical \/ Peach Ice \/ Mango Pineapple Sour<\/li>\n<li>Grape Ice \/ Love 66 \/ Blueberry On Ice \/ Dragon Fruit Ice<\/li>\n<li>Love 66 \/ Cherry \/ Blueberry On Ice \/ Kiwi Passion Fruit Guava<\/li>\n<li>Peach Ice \/ Pink Lemonade \/ Watermelon Ice \/ Dr Blue<\/li>\n<li>Red Mojito \/ Love 66 \/ Mixed Berries \/ Strawberry Watermelon<\/li>\n<li>Peach Mango Watermelon \/ Blueberry Cherry \/ Watermelon Dragon Fruit \/ Passion Kiss<\/li>\n<\/ol>\n<h2>Foire aux questions (FAQ) - Airmez FOX 4 IN 1 120K Puffs<\/h2>\n<p><strong>Q1 : Qu'est-ce qui diff\u00e9rencie l'Airmez FOX 4 IN 1 120K des autres vapeurs jetables ?<\/strong> L'Airmez FOX 4 IN 1 120K se distingue par sa capacit\u00e9 impressionnante de 120 000 bouff\u00e9es, quatre ar\u00f4mes uniques dans un seul appareil et une alimentation en e-liquide de 60 ml - l'une des options les plus polyvalentes et les plus durables du march\u00e9.<\/p>\n<p><strong>Q2 : Combien d'ar\u00f4mes sont disponibles dans un appareil ?<\/strong> Cet appareil innovant dispose d'un syst\u00e8me d'ar\u00f4me 4 en 1 qui permet aux utilisateurs d'acc\u00e9der \u00e0 quatre ar\u00f4mes diff\u00e9rents sans devoir changer d'appareil - id\u00e9al pour les vapoteurs qui appr\u00e9cient la vari\u00e9t\u00e9.<\/p>\n<p><strong>Q3 : Quelle est la dur\u00e9e de vie de la batterie et prend-elle en charge la charge rapide ?<\/strong> L'appareil est aliment\u00e9 par une batterie de 650 mAh \u00e0 charge rapide de type C, ce qui garantit un temps d'arr\u00eat minimal et permet \u00e0 l'appareil d'\u00eatre toujours pr\u00eat \u00e0 l'emploi.<\/p>\n<p><strong>Q4 : Y a-t-il un \u00e9cran pour surveiller l'e-liquide et l'\u00e9tat de la batterie ?<\/strong> Oui, il dispose d'un \u00e9cran LED int\u00e9gr\u00e9 qui permet aux utilisateurs de surveiller facilement \u00e0 la fois l'\u00e9tat de la batterie et le niveau d'e-liquide restant en temps r\u00e9el.<\/p>\n<p><strong>Q5 : Quel taux de nicotine et quel type de coil ce vaporisateur utilise-t-il ?<\/strong> Il est disponible avec 3 taux de nicotine % et dispose d'un coil maill\u00e9 de 1,0 \u03a9 qui fournit une vapeur r\u00e9guli\u00e8re, consistante et aromatique \u00e0 chaque bouff\u00e9e.<\/p>\n<h2>D\u00e9couvrir plus de AIRMEZ VAPE sur Apexvape<\/h2>\n<p>Si tu es \u00e0 la recherche d'autres vaporisateurs de qualit\u00e9, tu trouveras certainement ton bonheur dans notre boutique. Parcours notre <strong><a href=\"https:\/\/apexvape.de\/fr\/\">page d'accueil<\/a><\/strong> par l'ensemble de l'offre ou d\u00e9couvre de mani\u00e8re cibl\u00e9e d'autres mod\u00e8les et nouveaut\u00e9s de la marque dans la <strong><a href=\"https:\/\/apexvape.de\/fr\/product-category\/airmez-vape\/\">Cat\u00e9gorie Airmez Vape<\/a><\/strong>.<\/p>","protected":false},"excerpt":{"rendered":"<p class=\"font-claude-response-body break-words whitespace-normal leading-[1.7]\">Der Airmez FOX 4 IN 1 120K bietet 120.000 Z\u00fcge, 60 ml E-Liquid auf 4 Tanks und ein 4-in-1-Aromasystem. LED-Display f\u00fcr Akku- und F\u00fcllstandskontrolle, 1,0-\u03a9-Mesh-Coil, 650-mAh-Akku mit Type-C-Schnellladung \u2013 mit 3 % Nikotin.<\/p>\n<p class=\"font-claude-response-body break-words whitespace-normal leading-[1.7]\">\n","protected":false},"featured_media":6694,"comment_status":"open","ping_status":"closed","template":"","meta":[],"product_brand":[],"product_cat":[86],"product_tag":[],"class_list":{"0":"post-6682","1":"product","2":"type-product","3":"status-publish","4":"has-post-thumbnail","6":"product_cat-airmez-vape","8":"first","9":"instock","10":"shipping-taxable","11":"purchasable","12":"product-type-variable"},"_links":{"self":[{"href":"https:\/\/apexvape.de\/fr\/wp-json\/wp\/v2\/product\/6682","targetHints":{"allow":["GET"]}}],"collection":[{"href":"https:\/\/apexvape.de\/fr\/wp-json\/wp\/v2\/product"}],"about":[{"href":"https:\/\/apexvape.de\/fr\/wp-json\/wp\/v2\/types\/product"}],"replies":[{"embeddable":true,"href":"https:\/\/apexvape.de\/fr\/wp-json\/wp\/v2\/comments?post=6682"}],"version-history":[{"count":0,"href":"https:\/\/apexvape.de\/fr\/wp-json\/wp\/v2\/product\/6682\/revisions"}],"wp:featuredmedia":[{"embeddable":true,"href":"https:\/\/apexvape.de\/fr\/wp-json\/wp\/v2\/media\/6694"}],"wp:attachment":[{"href":"https:\/\/apexvape.de\/fr\/wp-json\/wp\/v2\/media?parent=6682"}],"wp:term":[{"taxonomy":"product_brand","embeddable":true,"href":"https:\/\/apexvape.de\/fr\/wp-json\/wp\/v2\/product_brand?post=6682"},{"taxonomy":"product_cat","embeddable":true,"href":"https:\/\/apexvape.de\/fr\/wp-json\/wp\/v2\/product_cat?post=6682"},{"taxonomy":"product_tag","embeddable":true,"href":"https:\/\/apexvape.de\/fr\/wp-json\/wp\/v2\/product_tag?post=6682"}],"curies":[{"name":"wp","href":"https:\/\/api.w.org\/{rel}","templated":true}]}}