{"id":6531,"date":"2026-03-15T14:21:33","date_gmt":"2026-03-15T13:21:33","guid":{"rendered":"https:\/\/apexvape.de\/?post_type=product&#038;p=6531"},"modified":"2026-03-15T14:22:48","modified_gmt":"2026-03-15T13:22:48","slug":"airmez-tornado-25000","status":"publish","type":"product","link":"https:\/\/apexvape.de\/fr\/product\/airmez-tornado-25000\/","title":{"rendered":"Airmez Tornado 25000 bouff\u00e9es Vapo jetable"},"content":{"rendered":"<h1>Airmez Tornado 25000 bouff\u00e9es - E-cigarette jetable<\/h1>\n<p>Le <strong>Airmez Tornado 25000<\/strong> est une e-cigarette jetable de haute qualit\u00e9 pour des exp\u00e9riences de vapotage de longue dur\u00e9e et riches en go\u00fbt. Avec jusqu'\u00e0 <strong>25 000 trains<\/strong>, <strong>25 ml d'e-liquide pr\u00e9-rempli<\/strong> et d'une <strong>Concentration de nicotine de 5 %<\/strong> il offre une endurance exceptionnelle. Un <strong>Bobine maill\u00e9e<\/strong> assure un chauffage uniforme, tandis qu'un <strong>\u00e9cran int\u00e9gr\u00e9<\/strong> affiche clairement le niveau de la batterie et de l'e-liquide. Gr\u00e2ce \u00e0 la batterie rechargeable, il n'est plus n\u00e9cessaire de la recharger fr\u00e9quemment - pour un plaisir de vapotage ininterrompu. Le site <strong>technologie d'atomisation automatique<\/strong> fait du vapotage un jeu d'enfant pour tous les niveaux d'exp\u00e9rience.<\/p>\n<p><img decoding=\"async\" class=\"alignnone size-large wp-image-6548\" src=\"https:\/\/spcdn.shortpixel.ai\/spio\/ret_img,q_cdnize,to_webp,s_webp\/apexvape.de\/wp-content\/uploads\/2026\/03\/AIRMEZ-25K-banner-1024x427.png\" alt=\"Airmez Tornado 25000\" width=\"1024\" height=\"427\" srcset=\"https:\/\/spcdn.shortpixel.ai\/spio\/ret_img,q_cdnize,to_webp,s_webp\/apexvape.de\/wp-content\/uploads\/2026\/03\/AIRMEZ-25K-banner-1024x427.png 1024w, https:\/\/spcdn.shortpixel.ai\/spio\/ret_img,q_cdnize,to_webp,s_webp\/apexvape.de\/wp-content\/uploads\/2026\/03\/AIRMEZ-25K-banner-300x125.png 300w, https:\/\/spcdn.shortpixel.ai\/spio\/ret_img,q_cdnize,to_webp,s_webp\/apexvape.de\/wp-content\/uploads\/2026\/03\/AIRMEZ-25K-banner-768x320.png 768w, https:\/\/spcdn.shortpixel.ai\/spio\/ret_img,q_cdnize,to_webp,s_webp\/apexvape.de\/wp-content\/uploads\/2026\/03\/AIRMEZ-25K-banner-1536x640.png 1536w, https:\/\/spcdn.shortpixel.ai\/spio\/ret_img,q_cdnize,to_webp,s_webp\/apexvape.de\/wp-content\/uploads\/2026\/03\/AIRMEZ-25K-banner-18x8.png 18w, https:\/\/spcdn.shortpixel.ai\/spio\/ret_img,q_cdnize,to_webp,s_webp\/apexvape.de\/wp-content\/uploads\/2026\/03\/AIRMEZ-25K-banner-1200x500.png 1200w, https:\/\/spcdn.shortpixel.ai\/spio\/ret_img,q_cdnize,to_webp,s_webp\/apexvape.de\/wp-content\/uploads\/2026\/03\/AIRMEZ-25K-banner-150x63.png 150w, https:\/\/spcdn.shortpixel.ai\/spio\/ret_img,q_cdnize,to_webp,s_webp\/apexvape.de\/wp-content\/uploads\/2026\/03\/AIRMEZ-25K-banner.png 1920w\" sizes=\"(max-width: 1024px) 100vw, 1024px\" \/><\/p>\n<h2>Airmez Tornado 25000 Puffs - Points forts<\/h2>\n<p>Le <strong>Airmez Tornado 25000<\/strong> est un atomiseur automatique haut de gamme - id\u00e9al pour les vapoteurs qui accordent de l'importance \u00e0 une exp\u00e9rience longue et aromatique. La technologie d'atomisation avanc\u00e9e permet de vaper sans inhaler - aussi naturellement et simplement que de respirer.<\/p>\n<p>Avec <strong>25 000 trains<\/strong> et <strong>25 ml d'e-liquide<\/strong> chez <strong>5 % (50 mg) Teneur en nicotine<\/strong> le Tornado 25000 offre un plaisir de la vapeur particuli\u00e8rement long. Le <strong>Bobine maill\u00e9e<\/strong> garantit un chauffage uniforme pour un tirage doux et constant, tandis que le <strong>\u00e9cran int\u00e9gr\u00e9<\/strong> Le niveau de la batterie et le niveau de remplissage sont facilement visibles.<\/p>\n<p>Le puissant, <strong>batterie rechargeable de 850 mAh<\/strong> rend les recharges fr\u00e9quentes superflues et suit le rythme de chaque session de vapotage - du d\u00e9but \u00e0 la fin. Con\u00e7u pour une endurance maximale, il prolonge le temps d'atomisation pour une exp\u00e9rience sans interruption.<\/p>\n<h2>Donn\u00e9es techniques<\/h2>\n<table>\n<thead>\n<tr>\n<th>Caract\u00e9ristique<\/th>\n<th>D\u00e9tails<\/th>\n<\/tr>\n<\/thead>\n<tbody>\n<tr>\n<td>E-liquide<\/td>\n<td>25 ml<\/td>\n<\/tr>\n<tr>\n<td>Nombre de trains<\/td>\n<td>25 000 trains<\/td>\n<\/tr>\n<tr>\n<td>bobine<\/td>\n<td>Bobine \u00e0 double maillage<\/td>\n<\/tr>\n<tr>\n<td>batterie rechargeable<\/td>\n<td>850 mAh, rechargeable<\/td>\n<\/tr>\n<tr>\n<td>Modes de vapeur<\/td>\n<td>Plusieurs modes disponibles<\/td>\n<\/tr>\n<tr>\n<td>\u00c9cran<\/td>\n<td>Indicateur de batterie &amp; d'e-liquide<\/td>\n<\/tr>\n<tr>\n<td>Teneur en nicotine<\/td>\n<td>5 %<\/td>\n<\/tr>\n<tr>\n<td>Port de chargement<\/td>\n<td>USB-C<\/td>\n<\/tr>\n<tr>\n<td>Type<\/td>\n<td>E-cigarette MTL<\/td>\n<\/tr>\n<\/tbody>\n<\/table>\n<h2>Airmez Tornado 25000 - Ar\u00f4mes disponibles<\/h2>\n<ol>\n<li>Fraise Past\u00e8que <em>(fraise &amp; past\u00e8que)<\/em><\/li>\n<li>Kiwi Fruit de la passion Goyave <em>(Kiwi, fruit de la passion &amp; goyave)<\/em><\/li>\n<li>Myrtille sur glace <em>(myrtille sur glace)<\/em><\/li>\n<li>P\u00eache Mangue <em>(P\u00eache &amp; Mangue)<\/em><\/li>\n<li>Glace \u00e0 la fraise <em>(fraise sur glace)<\/em><\/li>\n<li>Fruits rouges m\u00e9lang\u00e9s <em>(baies m\u00e9lang\u00e9es)<\/em><\/li>\n<li>Glace luxuriante <em>(past\u00e8que sur glace)<\/em><\/li>\n<li>Raisin glac\u00e9 <em>(Raisin sur glace)<\/em><\/li>\n<li>Glace \u00e0 la p\u00eache <em>(P\u00eache sur glace)<\/em><\/li>\n<li>Limonade aux baies <em>(limonade aux baies)<\/em><\/li>\n<li>Glace au fruit du dragon <em>(fruit du dragon sur glace)<\/em><\/li>\n<li>Citron et citron vert <em>(Citron &amp; Lime)<\/em><\/li>\n<li>Triple baies <em>(baie triple)<\/em><\/li>\n<li>cerise <em>(cerise)<\/em><\/li>\n<li>Pomme acidul\u00e9e <em>(Pomme acide)<\/em><\/li>\n<\/ol>\n<h2>Foire aux questions (FAQ)<\/h2>\n<p><strong>Q1 : Qu'est-ce que l'Airmez Tornado 25000 et combien de bouff\u00e9es offre-t-il ?<\/strong> L'Airmez Tornado 25000 est une e-cigarette jetable avanc\u00e9e avec jusqu'\u00e0 <strong>25 000 trains<\/strong>, <strong>25 ml d'e-liquide pr\u00e9-rempli<\/strong> et un <strong>Teneur en nicotine de 5 %<\/strong>.<\/p>\n<p><strong>Q2 : Le Tornado 25000 doit-il \u00eatre recharg\u00e9 fr\u00e9quemment ?<\/strong> Non. La puissante batterie rechargeable prolonge consid\u00e9rablement le temps d'atomisation et assure des sessions de vapotage ininterrompues - sans avoir \u00e0 la recharger.<\/p>\n<p><strong>Q3 : Quelle technologie assure une exp\u00e9rience de vapotage agr\u00e9able sur la Tornado 25000 ?<\/strong> Le <strong>Bobine maill\u00e9e<\/strong> permet un chauffage uniforme pour un tirage doux et constant. Le <strong>\u00e9cran int\u00e9gr\u00e9<\/strong> indique clairement et \u00e0 tout moment le niveau de la batterie et de l'e-liquide.<\/p>\n<p><strong>Q4 : La Tornado 25000 est-elle adapt\u00e9e aux d\u00e9butants ?<\/strong> Absolument, tout \u00e0 fait. Gr\u00e2ce \u00e0 la <strong>technologie d'atomisation automatique<\/strong> le vapotage est aussi simple que de respirer - pas besoin d'une configuration compliqu\u00e9e. Parfait pour tous les niveaux d'exp\u00e9rience.<\/p>\n<h2>D\u00e9couvrir maintenant chez Apex Vape<\/h2>\n<p>L'Airmez Tornado 25000 est le choix id\u00e9al pour tous ceux qui recherchent une exp\u00e9rience de vapotage de qualit\u00e9, durable et riche en saveurs. Parcours notre gamme compl\u00e8te sur <strong><a href=\"https:\/\/apexvape.de\/fr\/\">Apex Vape<\/a><\/strong> ou d\u00e9couvre d'autres produits phares dans la <strong><a href=\"https:\/\/apexvape.de\/fr\/product-category\/airmez-vape\/\">Cat\u00e9gorie Airmez Vape<\/a><\/strong> - pour une qualit\u00e9 de premier ordre et un immense choix de saveurs.<\/p>","protected":false},"excerpt":{"rendered":"<p class=\"font-claude-response-body break-words whitespace-normal leading-[1.7]\">Der Airmez Tornado 25000 bietet bis zu 25.000 Z\u00fcge, 25 ml E-Liquid mit 5 % Nikotin und einen Dual-Mesh-Coil f\u00fcr gleichm\u00e4\u00dfigen Dampfgenuss. Mit wiederaufladbarem 850-mAh-Akku, integriertem Display und USB-C-Ladeanschluss \u2013 perfekt f\u00fcr Einsteiger und Profis.<\/p>\n<p class=\"font-claude-response-body break-words whitespace-normal leading-[1.7]\">\n","protected":false},"featured_media":6549,"comment_status":"open","ping_status":"closed","template":"","meta":[],"product_brand":[],"product_cat":[86],"product_tag":[],"class_list":{"0":"post-6531","1":"product","2":"type-product","3":"status-publish","4":"has-post-thumbnail","6":"product_cat-airmez-vape","8":"first","9":"instock","10":"shipping-taxable","11":"purchasable","12":"product-type-variable"},"_links":{"self":[{"href":"https:\/\/apexvape.de\/fr\/wp-json\/wp\/v2\/product\/6531","targetHints":{"allow":["GET"]}}],"collection":[{"href":"https:\/\/apexvape.de\/fr\/wp-json\/wp\/v2\/product"}],"about":[{"href":"https:\/\/apexvape.de\/fr\/wp-json\/wp\/v2\/types\/product"}],"replies":[{"embeddable":true,"href":"https:\/\/apexvape.de\/fr\/wp-json\/wp\/v2\/comments?post=6531"}],"version-history":[{"count":3,"href":"https:\/\/apexvape.de\/fr\/wp-json\/wp\/v2\/product\/6531\/revisions"}],"predecessor-version":[{"id":6562,"href":"https:\/\/apexvape.de\/fr\/wp-json\/wp\/v2\/product\/6531\/revisions\/6562"}],"wp:featuredmedia":[{"embeddable":true,"href":"https:\/\/apexvape.de\/fr\/wp-json\/wp\/v2\/media\/6549"}],"wp:attachment":[{"href":"https:\/\/apexvape.de\/fr\/wp-json\/wp\/v2\/media?parent=6531"}],"wp:term":[{"taxonomy":"product_brand","embeddable":true,"href":"https:\/\/apexvape.de\/fr\/wp-json\/wp\/v2\/product_brand?post=6531"},{"taxonomy":"product_cat","embeddable":true,"href":"https:\/\/apexvape.de\/fr\/wp-json\/wp\/v2\/product_cat?post=6531"},{"taxonomy":"product_tag","embeddable":true,"href":"https:\/\/apexvape.de\/fr\/wp-json\/wp\/v2\/product_tag?post=6531"}],"curies":[{"name":"wp","href":"https:\/\/api.w.org\/{rel}","templated":true}]}}