{"id":6287,"date":"2025-12-20T12:53:02","date_gmt":"2025-12-20T11:53:02","guid":{"rendered":"https:\/\/apexvape.de\/?post_type=product&#038;p=6287"},"modified":"2025-12-20T12:53:42","modified_gmt":"2025-12-20T11:53:42","slug":"lavande-bm18000","status":"publish","type":"product","link":"https:\/\/apexvape.de\/fr\/product\/lavande-bm18000\/","title":{"rendered":"Lavande BM18000 Vape jetable"},"content":{"rendered":"<h1>Lavande BM18000 Puffs \u00c9cran num\u00e9rique 18K Faible teneur en nicotine Vente en gros Cigarette \u00e9lectronique rechargeable et rechargeable<\/h1>\n<p>Le Lavande BM18000 est un appareil de vapotage puissant qui offre 18 000 bouff\u00e9es impressionnantes et permet une utilisation prolong\u00e9e sans remplacement constant. Cette capacit\u00e9 g\u00e9n\u00e9reuse vous permet de profiter de longues sessions de vapotage sans interruption, ce qui le rend id\u00e9al pour une utilisation quotidienne. L'appareil est con\u00e7u pour offrir des performances fiables du d\u00e9but \u00e0 la fin, vous permettant ainsi de vous concentrer sur votre exp\u00e9rience de vapotage sans vous soucier de le voir se vider.<\/p>\n<h2>Lavande BM18000 Puffs Points forts :<\/h2>\n<p>L'appareil est aliment\u00e9 par une batterie rechargeable de 650 mAh avec connecteur de charge rapide de type C, qui permet une recharge rapide et facile. Ce syst\u00e8me de batterie efficace garantit des performances constantes tout au long de vos sessions et \u00e9vite les baisses de puissance ou les pertes de fonctionnalit\u00e9. La recharge rapide signifie moins de temps d'attente et plus de temps de vapotage, de sorte que votre appareil est toujours pr\u00eat \u00e0 l'emploi lorsque vous en avez besoin.<\/p>\n<p>\u00c9quip\u00e9 de la technologie avanc\u00e9e Mesh Coil 1,0 \u03a9, le Lavande BM18000 produit des nuages de vapeur denses et offre un go\u00fbt pur et intense \u00e0 chaque bouff\u00e9e. Le contr\u00f4le du d\u00e9bit d'air r\u00e9glable vous permet d'ajuster la r\u00e9sistance \u00e0 l'aspiration pour une exp\u00e9rience de vapotage direct vers les poumons (DTL) personnalis\u00e9e. Cela signifie que vous pouvez r\u00e9gler votre appareil en fonction de vos pr\u00e9f\u00e9rences, que vous pr\u00e9f\u00e9riez des bouff\u00e9es plus serr\u00e9es ou plus ouvertes pour une satisfaction maximale.<\/p>\n<p>Ce qui rend le Lavande BM18000 si sp\u00e9cial, c'est son syst\u00e8me de recharge d'e-liquide, qui permet \u00e0 la fois de r\u00e9aliser des \u00e9conomies et de pr\u00e9server l'environnement. Vous pouvez facilement recharger l'appareil avec vos e-liquides premium pr\u00e9f\u00e9r\u00e9s, ce qui vous donne la libert\u00e9 d'exp\u00e9rimenter diff\u00e9rentes saveurs et de personnaliser votre exp\u00e9rience. Cette conception rechargeable r\u00e9duit les d\u00e9chets tout en offrant une meilleure valeur \u00e0 long terme, ce qui en fait un excellent choix pour les vapoteurs qui recherchent la qualit\u00e9, la flexibilit\u00e9 et la durabilit\u00e9 dans un seul appareil.<\/p>\n<h2>Caract\u00e9ristiques techniques :<\/h2>\n<p>\u2611 Sel-nicotine : 0,3%<br \/>\n\u2611 Bouff\u00e9es : 18 000 bouff\u00e9es<br \/>\n\u2611 20 saveurs disponibles<br \/>\n\u2611 650 mAh rechargeable<br \/>\n\u2611 Bobine maill\u00e9e<br \/>\n\u2611 Mode normal\/boost<br \/>\n\u2611 Type C<br \/>\n\u2611 D\u00e9bit d'air r\u00e9glable<br \/>\n\u2611 Rechargeable 1 \u00e0 2 fois<\/p>\n<h2>Lavande BM18000 Puffs Liste des saveurs :<\/h2>\n<ol>\n<li>Baies et menthe<\/li>\n<li>Glace au cassis<\/li>\n<li>Glace \u00e0 la myrtille<\/li>\n<li>Myrtille et menthe<\/li>\n<li>Menthe moelleuse<\/li>\n<li>Past\u00e8que moelleuse<\/li>\n<li>Double pomme<\/li>\n<li>Double raisin<\/li>\n<li>Menthe raisin<\/li>\n<li>Menthe citronn\u00e9e<\/li>\n<li>Love66<\/li>\n<li>Mangue Fruit du dragon<\/li>\n<li>Glace \u00e0 la mangue<\/li>\n<li>M. Blue<\/li>\n<li>Glace \u00e0 la p\u00eache<\/li>\n<li>Glace \u00e0 l'ananas<\/li>\n<li>Rainbow Skittz<\/li>\n<li>Glace \u00e0 la fraise<\/li>\n<li>Glace \u00e0 la past\u00e8que<\/li>\n<li>Past\u00e8que Framboise<\/li>\n<\/ol>\n<h2>Lavande BM18000 Puffs Foire aux questions (FAQ)<\/h2>\n<p><strong>1. Combien de mouvements offre le Lavande BM18000 ?<\/strong><br \/>\nL'appareil offre une autonomie impressionnante de 18 000 bouff\u00e9es et fournit des performances durables sans remplacement fr\u00e9quent. Cette capacit\u00e9 g\u00e9n\u00e9reuse le rend parfait pour une utilisation prolong\u00e9e et un vapotage quotidien.<\/p>\n<p><strong>2. Quel type de batterie et de fonction de recharge poss\u00e8de cette cigarette \u00e9lectronique ?<\/strong><br \/>\nIl dispose d'une batterie rechargeable de 650 mAh avec un connecteur de charge rapide de type C. Cela garantit une restauration rapide de l'\u00e9nergie et des performances constantes tout au long de vos sessions de vapotage.<\/p>\n<p><strong>3. Quelle technologie de bobine est utilis\u00e9e dans cet appareil ?<\/strong><br \/>\nLa cigarette \u00e9lectronique utilise une technologie avanc\u00e9e de r\u00e9sistance mesh de 1,0 \u03a9 qui produit des nuages de vapeur denses et un go\u00fbt pur et intense \u00e0 chaque bouff\u00e9e. Cela garantit des performances optimales et un go\u00fbt satisfaisant.<\/p>\n<p><strong>4. Peut-on r\u00e9gler le d\u00e9bit d'air sur cette cigarette \u00e9lectronique ?<\/strong><br \/>\nOui, il dispose d'un contr\u00f4le du d\u00e9bit d'air r\u00e9glable qui vous permet d'ajuster la r\u00e9sistance \u00e0 l'aspiration. Cette fonction vous permet d'ajuster avec pr\u00e9cision votre exp\u00e9rience de vapotage direct vers les poumons (DTL) en fonction de vos pr\u00e9f\u00e9rences personnelles.<\/p>\n<p><strong>5. Le syst\u00e8me e-liquide est-il rechargeable ou jetable ?<\/strong><br \/>\nL'appareil dispose d'un syst\u00e8me de recharge d'e-liquide qui vous permet d'utiliser vos e-liquides premium pr\u00e9f\u00e9r\u00e9s. Cela vous permet de r\u00e9aliser des \u00e9conomies, de r\u00e9duire les d\u00e9chets et vous donne la libert\u00e9 d'exp\u00e9rimenter diff\u00e9rents ar\u00f4mes pour une exp\u00e9rience personnalis\u00e9e.<\/p>\n<h2>D\u00e9couvrez plus de produits LAVANDE VAPE chez Apexvape<\/h2>\n<p>D\u00e9couvrez le Lavande BM18000 et d'autres produits de vapotage haut de gamme dans notre boutique en ligne. Chez <strong><a href=\"https:\/\/apexvape.de\/fr\/\">Apex Vape<\/a><\/strong> vous trouverez un large choix de cigarettes \u00e9lectroniques haut de gamme et d'accessoires pour une exp\u00e9rience de vapotage exceptionnelle. Vous souhaitez d\u00e9couvrir d'autres produits de la gamme Lavande ? Rendez-vous sur notre <strong><a href=\"https:\/\/apexvape.de\/fr\/product-category\/lavande-vape\/\">LAVANDE VAPE Cat\u00e9gorie<\/a><\/strong> et trouvez l'appareil qui r\u00e9pond parfaitement \u00e0 vos besoins. Profitez d'une livraison rapide, de prix de gros attractifs et de conseils comp\u00e9tents.<\/p>","protected":false},"excerpt":{"rendered":"<p class=\"font-claude-response-body break-words whitespace-normal leading-[1.7]\">Der Lavande BM18000 bietet bis zu 18.000 Z\u00fcge mit nachf\u00fcllbarem E-Liquid-System. 650mAh Type-C-Akku, 1.0\u03a9 Mesh-Coil, einstellbarer Airflow und Normal\/Boost-Modus. 1-2x nachf\u00fcllbar mit 0,3% Salznikotin. 20 Geschmacksrichtungen f\u00fcr individuelles, nachhaltiges Dampferlebnis.<\/p>\n","protected":false},"featured_media":6310,"comment_status":"open","ping_status":"closed","template":"","meta":[],"product_brand":[],"product_cat":[85],"product_tag":[],"class_list":{"0":"post-6287","1":"product","2":"type-product","3":"status-publish","4":"has-post-thumbnail","6":"product_cat-lavande-vape","8":"first","9":"instock","10":"shipping-taxable","11":"purchasable","12":"product-type-variable"},"_links":{"self":[{"href":"https:\/\/apexvape.de\/fr\/wp-json\/wp\/v2\/product\/6287","targetHints":{"allow":["GET"]}}],"collection":[{"href":"https:\/\/apexvape.de\/fr\/wp-json\/wp\/v2\/product"}],"about":[{"href":"https:\/\/apexvape.de\/fr\/wp-json\/wp\/v2\/types\/product"}],"replies":[{"embeddable":true,"href":"https:\/\/apexvape.de\/fr\/wp-json\/wp\/v2\/comments?post=6287"}],"version-history":[{"count":0,"href":"https:\/\/apexvape.de\/fr\/wp-json\/wp\/v2\/product\/6287\/revisions"}],"wp:featuredmedia":[{"embeddable":true,"href":"https:\/\/apexvape.de\/fr\/wp-json\/wp\/v2\/media\/6310"}],"wp:attachment":[{"href":"https:\/\/apexvape.de\/fr\/wp-json\/wp\/v2\/media?parent=6287"}],"wp:term":[{"taxonomy":"product_brand","embeddable":true,"href":"https:\/\/apexvape.de\/fr\/wp-json\/wp\/v2\/product_brand?post=6287"},{"taxonomy":"product_cat","embeddable":true,"href":"https:\/\/apexvape.de\/fr\/wp-json\/wp\/v2\/product_cat?post=6287"},{"taxonomy":"product_tag","embeddable":true,"href":"https:\/\/apexvape.de\/fr\/wp-json\/wp\/v2\/product_tag?post=6287"}],"curies":[{"name":"wp","href":"https:\/\/api.w.org\/{rel}","templated":true}]}}