{"id":6255,"date":"2025-12-19T11:49:02","date_gmt":"2025-12-19T10:49:02","guid":{"rendered":"https:\/\/apexvape.de\/?post_type=product&#038;p=6255"},"modified":"2025-12-19T11:52:24","modified_gmt":"2025-12-19T10:52:24","slug":"spaceman-sp40000","status":"publish","type":"product","link":"https:\/\/apexvape.de\/fr\/product\/spaceman-sp40000\/","title":{"rendered":"Spaceman SP40000 bouff\u00e9es Vape jetable"},"content":{"rendered":"<p>&nbsp;<\/p>\n<h1>Spaceman SP40000 Vape jetable \u2013 20 ml d'e-liquide<\/h1>\n<p>Le Spaceman SP40000 est une cigarette \u00e9lectronique jetable puissante dot\u00e9e d'une capacit\u00e9 exceptionnelle, qui offre 40 000 bouff\u00e9es impressionnantes, ce qui en fait l'un des appareils les plus durables du march\u00e9. Avec un r\u00e9servoir d'e-liquide g\u00e9n\u00e9reux de 20 ml et une concentration en nicotine de 2%, cet appareil a \u00e9t\u00e9 con\u00e7u pour une utilisation prolong\u00e9e sans remplacement fr\u00e9quent. Le nombre \u00e9lev\u00e9 de bouff\u00e9es et le grand r\u00e9servoir d'e-liquide garantissent des performances et un go\u00fbt constants sur une longue p\u00e9riode, offrant une valeur et un confort exceptionnels aux utilisateurs quotidiens comme occasionnels.<\/p>\n<h2>Trains Spaceman SP40000 \u2013 Caract\u00e9ristiques principales :<\/h2>\n<p>Le SP40000 est dot\u00e9 d'une technologie avanc\u00e9e \u00e0 double r\u00e9sistance mesh et offre une excellente production de vapeur ainsi qu'un go\u00fbt plus intense \u00e0 chaque bouff\u00e9e. L'appareil offre quatre niveaux de puissance r\u00e9glables de 10 \u00e0 26 watts, permettant aux utilisateurs d'ajuster l'intensit\u00e9 de la vapeur selon leurs pr\u00e9f\u00e9rences personnelles. Ce r\u00e9glage de la puissance vous permet d'affiner votre exp\u00e9rience, que vous pr\u00e9f\u00e9riez une bouff\u00e9e douce et l\u00e9g\u00e8re \u00e0 faible puissance ou une bouff\u00e9e plus forte et plus intense \u00e0 puissance \u00e9lev\u00e9e. Vous \u00eates ainsi assur\u00e9 d'une satisfaction optimale en fonction de votre style de vapotage individuel.<\/p>\n<p>Le SP40000 est \u00e9quip\u00e9 d'un \u00e9cran num\u00e9rique pratique qui affiche des informations en temps r\u00e9el sur l'\u00e9tat du e-liquide et de la batterie. Cela \u00e9limine les incertitudes et vous tient inform\u00e9 \u00e0 tout moment pendant vos sessions de vapotage. La fonction innovante de contr\u00f4le de la nicotine\/du refroidissement ajoute un niveau suppl\u00e9mentaire de personnalisation et vous permet d'ajuster l'effet rafra\u00eechissant et la lib\u00e9ration de nicotine en fonction de votre humeur et de vos pr\u00e9f\u00e9rences. Ces fonctions intelligentes se combinent pour offrir une exp\u00e9rience conviviale qui vous donne un contr\u00f4le total et vous permet de surveiller et d'ajuster facilement votre appareil pour une exp\u00e9rience de vapotage parfaite \u00e0 tout moment.<\/p>\n<p>Aliment\u00e9 par une batterie robuste de 1000 mAh avec fonction de chargement USB-C, l'appareil garantit une recharge rapide et efficace, ce qui minimise les temps d'arr\u00eat entre les sessions. La technologie de chargement USB-C moderne offre des vitesses de chargement plus rapides par rapport aux connecteurs micro-USB traditionnels et vous permet de recommencer \u00e0 vapoter plus rapidement. Cette combinaison d'une batterie puissante, d'une recharge rapide, de r\u00e9glages de puissance personnalisables et d'une capacit\u00e9 d'e-liquide longue dur\u00e9e fait du Spaceman SP40000 un choix polyvalent et pratique pour les vapoteurs qui recherchent \u00e0 la fois puissance et flexibilit\u00e9 dans un seul appareil.<\/p>\n<h2>Caract\u00e9ristiques techniques :<\/h2>\n<ul>\n<li>Capacit\u00e9 du r\u00e9servoir pr\u00e9rempli : 20 ml<\/li>\n<li>Capacit\u00e9 de la batterie : 1000 mAh (rechargeable)<\/li>\n<li>Nombre maximal de coups : jusqu'\u00e0 40 000<\/li>\n<li>Teneur en nicotine : 2% (50 mg)<\/li>\n<li>Commande : activ\u00e9e par traction<\/li>\n<li>Plage de puissance : 10 W \/ 16 W \/ 20 W \/ 26 W<\/li>\n<li>\u00c9l\u00e9ment chauffant : doubles r\u00e9sistances \u00e0 mailles<\/li>\n<li>D\u00e9bit d'air : fixe<\/li>\n<li>\u00c9cran : \u00e9cran num\u00e9rique avec affichages<\/li>\n<li>Charge : charge rapide USB Type-C<\/li>\n<li>Indicateur de niveau de batterie et indicateur de niveau d'e-liquide<\/li>\n<li>Fonction de contr\u00f4le de la glace\/nicotine<\/li>\n<\/ul>\n<h2>Spaceman SP40000 Trains \u2013 Saveurs :<\/h2>\n<ol>\n<li>Banane glac\u00e9e<\/li>\n<li>Limonade aux baies<\/li>\n<li>Mamba noir<\/li>\n<li>Cerise bleue Razz<\/li>\n<li>Limonade bleue au razz<\/li>\n<li>Framboise bleue acidul\u00e9e<\/li>\n<li>Myrtille Grenade<\/li>\n<li>Myrtille Framboise<\/li>\n<li>Cola \u00e0 la cerise<\/li>\n<li>Cerise p\u00e9tillante<\/li>\n<li>Citron vert<\/li>\n<li>Monsieur Bleu<\/li>\n<li>Bonbon \u00e0 la p\u00eache et \u00e0 la myrtille<\/li>\n<li>bi\u00e8re de racine<\/li>\n<li>Raisin fraise<\/li>\n<\/ol>\n<h2>Trains Spaceman SP40000 \u2013 Foire aux questions<\/h2>\n<p><strong>1. Combien de coups cet appareil peut-il effectuer ?<\/strong><\/p>\n<p>Cette cigarette \u00e9lectronique jetable offre une capacit\u00e9 impressionnante de 40 000 bouff\u00e9es avec une capacit\u00e9 de 20 ml d'e-liquide. Le nombre \u00e9lev\u00e9 de bouff\u00e9es en fait l'un des appareils les plus durables disponibles sur le march\u00e9, parfait pour une utilisation prolong\u00e9e sans remplacement fr\u00e9quent.<\/p>\n<p><strong>2. Quels sont les r\u00e9glages de puissance disponibles ?<\/strong><\/p>\n<p>L'appareil dispose de quatre niveaux de puissance r\u00e9glables de 10 \u00e0 26 watts. Cela vous permet d'ajuster l'intensit\u00e9 de la vapeur selon vos pr\u00e9f\u00e9rences, d'une bouff\u00e9e douce et l\u00e9g\u00e8re \u00e0 une bouff\u00e9e plus forte et plus intense.<\/p>\n<p><strong>3. Dispose-t-il d'un indicateur de batterie ?<\/strong><\/p>\n<p>Oui, il dispose d'un \u00e9cran num\u00e9rique qui affiche en temps r\u00e9el le niveau de e-liquide et l'\u00e9tat de la batterie. Cet \u00e9cran pratique vous tient inform\u00e9 pendant vos sessions et \u00e9limine toute incertitude quant au moment o\u00f9 l'appareil doit \u00eatre recharg\u00e9 ou remplac\u00e9.<\/p>\n<p><strong>4. Qu'est-ce que la fonction de contr\u00f4le de la glace\/nicotine ?<\/strong><\/p>\n<p>Cette fonction innovante vous permet d'adapter l'effet rafra\u00eechissant et la lib\u00e9ration de nicotine \u00e0 votre humeur. Elle offre une personnalisation suppl\u00e9mentaire et vous permet d'ajuster finement votre exp\u00e9rience de vapotage \u00e0 tout moment pour une satisfaction optimale.<\/p>\n<p><strong>5. Comment recharger la batterie ?<\/strong><\/p>\n<p>L'appareil est \u00e9quip\u00e9 d'une batterie de 1000 mAh qui se recharge rapidement et efficacement via USB-C. Cette technologie de recharge moderne minimise les temps d'arr\u00eat et vous permet de recommencer rapidement \u00e0 vapoter.<\/p>\n<h2>D\u00e9couvrez plus de SMOK VAPE chez Apexvape<\/h2>\n<p>D\u00e9couvrez le Spaceman SP40000 et d'autres produits de vapotage haut de gamme sur <strong><a href=\"https:\/\/apexvape.de\/fr\/\">Apex Vape<\/a><\/strong>, votre boutique en ligne de confiance pour les cigarettes \u00e9lectroniques et les appareils \u00e0 vapoter haut de gamme. Outre le Spaceman SP40000, nous vous proposons une large s\u00e9lection de grandes marques. D\u00e9couvrez \u00e9galement notre populaire <strong><a href=\"https:\/\/apexvape.de\/fr\/product-category\/smok-vape\/\">Cat\u00e9gorie SMOK VAPE<\/a><\/strong> o\u00f9 vous trouverez des appareils et des accessoires innovants provenant de l'un des principaux fabricants du secteur. Chez Apex Vape, vous b\u00e9n\u00e9ficiez d'une livraison rapide, d'un service client de premier ordre et d'une qualit\u00e9 de produit garantie pour une exp\u00e9rience de vapotage parfaite.<\/p>","protected":false},"excerpt":{"rendered":"<p class=\"font-claude-response-body break-words whitespace-normal leading-[1.7]\">Der Spaceman SP40000 Einweg-Vape bietet beeindruckende 40.000 Z\u00fcge mit 20 ml E-Liquid und 2% Nikotin. Dual-Mesh-Coils und vier Leistungsstufen (10-26W) sorgen f\u00fcr intensiven Geschmack. Mit 1000-mAh-Akku, USB-C-Schnellladung, digitalem Display und Ice\/Nikotin-Kontrolle \u2013 maximale Flexibilit\u00e4t und Leistung.<\/p>\n","protected":false},"featured_media":6272,"comment_status":"open","ping_status":"closed","template":"","meta":[],"product_brand":[],"product_cat":[84],"product_tag":[],"class_list":{"0":"post-6255","1":"product","2":"type-product","3":"status-publish","4":"has-post-thumbnail","6":"product_cat-smok-vape","8":"first","9":"instock","10":"shipping-taxable","11":"purchasable","12":"product-type-variable"},"_links":{"self":[{"href":"https:\/\/apexvape.de\/fr\/wp-json\/wp\/v2\/product\/6255","targetHints":{"allow":["GET"]}}],"collection":[{"href":"https:\/\/apexvape.de\/fr\/wp-json\/wp\/v2\/product"}],"about":[{"href":"https:\/\/apexvape.de\/fr\/wp-json\/wp\/v2\/types\/product"}],"replies":[{"embeddable":true,"href":"https:\/\/apexvape.de\/fr\/wp-json\/wp\/v2\/comments?post=6255"}],"version-history":[{"count":0,"href":"https:\/\/apexvape.de\/fr\/wp-json\/wp\/v2\/product\/6255\/revisions"}],"wp:featuredmedia":[{"embeddable":true,"href":"https:\/\/apexvape.de\/fr\/wp-json\/wp\/v2\/media\/6272"}],"wp:attachment":[{"href":"https:\/\/apexvape.de\/fr\/wp-json\/wp\/v2\/media?parent=6255"}],"wp:term":[{"taxonomy":"product_brand","embeddable":true,"href":"https:\/\/apexvape.de\/fr\/wp-json\/wp\/v2\/product_brand?post=6255"},{"taxonomy":"product_cat","embeddable":true,"href":"https:\/\/apexvape.de\/fr\/wp-json\/wp\/v2\/product_cat?post=6255"},{"taxonomy":"product_tag","embeddable":true,"href":"https:\/\/apexvape.de\/fr\/wp-json\/wp\/v2\/product_tag?post=6255"}],"curies":[{"name":"wp","href":"https:\/\/api.w.org\/{rel}","templated":true}]}}