{"id":6152,"date":"2025-12-16T15:04:49","date_gmt":"2025-12-16T14:04:49","guid":{"rendered":"https:\/\/apexvape.de\/?post_type=product&#038;p=6152"},"modified":"2025-12-16T15:06:50","modified_gmt":"2025-12-16T14:06:50","slug":"fihp-60000","status":"publish","type":"product","link":"https:\/\/apexvape.de\/fr\/product\/fihp-60000\/","title":{"rendered":"FIHP 60000 bouff\u00e9es Vape jetable"},"content":{"rendered":"<h1>FIHP 60000 Triple 3-en-1 | 60000 bouff\u00e9es Triple saveur Vape jetable en gros<\/h1>\n<p>La cigarette \u00e9lectronique FIHP 60000 bouff\u00e9es offre des performances exceptionnelles pour un plaisir durable et s\u00e9duit par sa capacit\u00e9 impressionnante pouvant atteindre 60 000 bouff\u00e9es, ce qui permet de longues sessions de vapotage sans avoir \u00e0 la recharger fr\u00e9quemment. Cet appareil haute performance r\u00e9pond \u00e0 diff\u00e9rentes pr\u00e9f\u00e9rences avec des concentrations de nicotine personnalisables de 2% et 5%, permettant aux utilisateurs de choisir entre une satisfaction douce et mod\u00e9r\u00e9e ou des bouff\u00e9es puissantes et intenses en fonction de leurs besoins individuels.<\/p>\n<h2>FIHP 60000 Trains Points forts :<\/h2>\n<p>Une technologie avanc\u00e9e alimente cet appareil gr\u00e2ce \u00e0 sa capacit\u00e9 massive de 54 ml d'e-liquide, combin\u00e9e \u00e0 un syst\u00e8me sophistiqu\u00e9 \u00e0 double r\u00e9sistance mesh qui produit des nuages de vapeur riches et aromatiques \u00e0 chaque bouff\u00e9e. La technologie \u00e0 double maille garantit une production de vapeur constante et un meilleur d\u00e9veloppement des saveurs, maximisant ainsi la qualit\u00e9 de votre exp\u00e9rience de vapotage de la premi\u00e8re \u00e0 la derni\u00e8re bouff\u00e9e.<\/p>\n<p>Ce qui distingue vraiment cette cigarette \u00e9lectronique, c'est son syst\u00e8me innovant \u00e0 triple saveur qui permet aux utilisateurs de passer facilement d'une saveur \u00e0 l'autre dans un seul et m\u00eame appareil. Avec 10 saveurs passionnantes au choix, cette fonctionnalit\u00e9 rend vos sessions de vapotage dynamiques et excitantes, \u00e9vite la lassitude gustative et offre une vari\u00e9t\u00e9 exceptionnelle sans que vous ayez \u00e0 transporter plusieurs appareils.<\/p>\n<p>La commodit\u00e9 rencontre la fiabilit\u00e9 gr\u00e2ce \u00e0 la batterie rechargeable int\u00e9gr\u00e9e de 650 mAh et \u00e0 la fonction de charge rapide de type C, qui garantissent un temps d'arr\u00eat minimal lorsque vous avez besoin d'un regain d'\u00e9nergie. L'\u00e9cran LED intelligent fournit des informations claires en temps r\u00e9el sur le niveau de la batterie et le niveau de e-liquide, vous permettant ainsi d'\u00eatre toujours parfaitement inform\u00e9 et de garder le contr\u00f4le pour une exp\u00e9rience de vapotage fluide et sans souci, alliant performance, vari\u00e9t\u00e9 et fonctionnalit\u00e9 conviviale.<\/p>\n<h2>Sp\u00e9cifications du produit :<\/h2>\n<ul>\n<li><strong>Trains :<\/strong> Jusqu'\u00e0 60 000 trains<\/li>\n<li><strong>Nicotine :<\/strong> 2%\/5%<\/li>\n<li><strong>Bobine \u00e0 double maillage<\/strong><\/li>\n<li><strong>E-liquide :<\/strong> 54 ml<\/li>\n<li><strong>Batterie :<\/strong> 650 mAh<\/li>\n<li><strong>Rechargeable :<\/strong> Type C<\/li>\n<li><strong>Triple saveur<\/strong><\/li>\n<li><strong>10 saveurs au choix<\/strong><\/li>\n<\/ul>\n<h2>FIHP 60000 bouff\u00e9es Liste des ar\u00f4mes :<\/h2>\n<ol>\n<li>Glace \u00e0 la past\u00e8que\/Red Bull\/Fraise Kiwi<\/li>\n<li>Citron vert\/fraise Past\u00e8que\/myrtille Glace<\/li>\n<li>Fraise Banane\/Double pomme\/Framboise Past\u00e8que<\/li>\n<li>Fraise Kiwi\/Mangue acidul\u00e9e Ananas\/Red Bull<\/li>\n<li>Fruits tropicaux\/Fraise Past\u00e8que\/Citron P\u00eache<\/li>\n<li>Ananas noix de coco\/Blue Razz\/Fraise banane<\/li>\n<li>Fraise Framboise\/Triple melon\/Mangue acidul\u00e9e Ananas<\/li>\n<li>M\u00e9lange de baies\/framboises Past\u00e8que\/mangue P\u00eache<\/li>\n<li>Myrtille Framboise\/Fraise Vanille Cola\/Citron Citron vert<\/li>\n<li>Glace \u00e0 la past\u00e8que\/p\u00eache-baies\/triple melon<\/li>\n<\/ol>\n<h2>FIHP 60000 trajets Foire aux questions<\/h2>\n<p><strong>1. Combien de bouff\u00e9es offre cette cigarette \u00e9lectronique haute performance ?<\/strong><\/p>\n<p>Cet appareil offre jusqu'\u00e0 60 000 bouff\u00e9es, garantissant ainsi de longues sessions de vapotage sans remplacement fr\u00e9quent. La capacit\u00e9 massive de 54 ml d'e-liquide assure des performances durables pour les vapoteurs qui recherchent la fiabilit\u00e9.<\/p>\n<p><strong>2. Qu'est-ce que le syst\u00e8me Triple Flavor ?<\/strong><\/p>\n<p>Le syst\u00e8me innovant Triple Flavor vous permet de passer facilement d'une saveur \u00e0 l'autre dans un seul et m\u00eame appareil. Avec 10 saveurs passionnantes au choix, vous pouvez varier vos sessions et \u00e9viter la lassitude gustative.<\/p>\n<p><strong>3. Quelles concentrations de nicotine puis-je choisir ?<\/strong><\/p>\n<p>Vous pouvez choisir entre une concentration en nicotine de 2% et 5%. Cette flexibilit\u00e9 vous permet de personnaliser votre exp\u00e9rience, que vous pr\u00e9f\u00e9riez une satisfaction douce et mod\u00e9r\u00e9e ou des bouff\u00e9es puissantes et intenses.<\/p>\n<p><strong>4. Comment la bobine \u00e0 double maillage am\u00e9liore-t-elle les performances ?<\/strong><\/p>\n<p>Le syst\u00e8me avanc\u00e9 Dual Mesh Coil g\u00e9n\u00e8re des nuages de vapeur riches et aromatiques avec une production de vapeur constante. Cette technologie am\u00e9liore le d\u00e9veloppement des saveurs et garantit des performances de qualit\u00e9 de la premi\u00e8re \u00e0 la derni\u00e8re bouff\u00e9e.<\/p>\n<p><strong>5. Quelles fonctions aident \u00e0 surveiller l'\u00e9tat de l'appareil ?<\/strong><\/p>\n<p>L'\u00e9cran LED intelligent fournit des informations claires en temps r\u00e9el sur le niveau de la batterie et le niveau de e-liquide. Gr\u00e2ce \u00e0 une batterie rechargeable de 650 mAh et \u00e0 la recharge rapide de type C, vous restez toujours inform\u00e9 et b\u00e9n\u00e9ficiez d'un temps d'arr\u00eat minimal.<\/p>\n<h2>Commandez d\u00e8s maintenant le FIHP 60000 en gros<\/h2>\n<p>D\u00e9couvrez le vaporisateur FIHP 60000 Triple 3-en-1 et profitez de notre offre de gros attractive. Chez <strong><a href=\"https:\/\/apexvape.de\/fr\/\">Apex Vape<\/a><\/strong> vous trouverez un large choix de vapoteuses jetables de haute qualit\u00e9 \u00e0 des prix comp\u00e9titifs. Parcourez notre gamme compl\u00e8te <strong><a href=\"https:\/\/apexvape.de\/fr\/product-category\/fihp-vape\/\">Collection FIHP VAPE<\/a><\/strong> et procurez-vous les derniers mod\u00e8les dot\u00e9s de la technologie innovante Triple Flavor pour votre magasin. B\u00e9n\u00e9ficiez d'une livraison rapide, d'un service fiable et d'une qualit\u00e9 haut de gamme pour vos clients.<\/p>","protected":false},"excerpt":{"rendered":"<div class=\"group relative pb-3\" data-is-streaming=\"false\">\n<div class=\"font-claude-response relative leading-[1.65rem] [&amp;_pre&gt;div]:bg-bg-000\/50 [&amp;_pre&gt;div]:border-0.5 [&amp;_pre&gt;div]:border-border-400 [&amp;_.ignore-pre-bg&gt;div]:bg-transparent [&amp;_.standard-markdown_:is(p,blockquote,h1,h2,h3,h4,h5,h6)]:pl-2 [&amp;_.standard-markdown_:is(p,blockquote,ul,ol,h1,h2,h3,h4,h5,h6)]:pr-8 [&amp;_.progressive-markdown_:is(p,blockquote,h1,h2,h3,h4,h5,h6)]:pl-2 [&amp;_.progressive-markdown_:is(p,blockquote,ul,ol,h1,h2,h3,h4,h5,h6)]:pr-8\">\n<div>\n<div class=\"standard-markdown grid-cols-1 grid gap-4 [&amp;_&gt;_*]:min-w-0 standard-markdown\">\n<p class=\"font-claude-response-body break-words whitespace-normal leading-[1.7]\">Der FIHP 60000 Z\u00fcge \u00fcberzeugt mit revolution\u00e4rem Triple-Flavor-System f\u00fcr drei Geschmacksrichtungen in einem Ger\u00e4t. Mit 54ml E-Liquid-Kapazit\u00e4t, Dual-Mesh-Coil-Technologie und 650mAh Type-C Schnelllade-Akku bietet er maximale Leistung. Das LED-Display zeigt Batterie- und F\u00fcllstand. Erh\u00e4ltlich in 10 Geschmacksrichtungen.<\/p>\n<\/div>\n<\/div>\n<\/div>\n<\/div>\n<div class=\"flex justify-start opacity-0 group-hover:opacity-100 group-focus-within:opacity-100 transition\" role=\"group\" aria-label=\"Message actions\">\n<div class=\"text-text-300\">\n<div class=\"text-text-300 flex items-stretch justify-between\">\n<div class=\"w-fit\" data-state=\"closed\">\n<div class=\"relative text-text-500 group-hover\/btn:text-text-100\">\n<div class=\"flex items-center justify-center transition-all opacity-100 scale-100\"><\/div>\n<div class=\"flex items-center justify-center absolute top-0 left-0 transition-all opacity-0 scale-50\"><\/div>\n<\/div>\n<\/div>\n<div class=\"w-fit\" data-state=\"closed\">\n<div class=\"flex items-center justify-center text-text-500 group-hover\/btn:text-text-100\"><\/div>\n<\/div>\n<div class=\"w-fit\" data-state=\"closed\">\n<div class=\"flex items-center justify-center text-text-500 group-hover\/btn:text-text-100\"><\/div>\n<\/div>\n<div class=\"flex items-center\"><\/div>\n<\/div>\n<\/div>\n<\/div>\n","protected":false},"featured_media":6153,"comment_status":"open","ping_status":"closed","template":"","meta":[],"product_brand":[],"product_cat":[82],"product_tag":[],"class_list":{"0":"post-6152","1":"product","2":"type-product","3":"status-publish","4":"has-post-thumbnail","6":"product_cat-fihp-vape","8":"first","9":"instock","10":"shipping-taxable","11":"purchasable","12":"product-type-variable"},"_links":{"self":[{"href":"https:\/\/apexvape.de\/fr\/wp-json\/wp\/v2\/product\/6152","targetHints":{"allow":["GET"]}}],"collection":[{"href":"https:\/\/apexvape.de\/fr\/wp-json\/wp\/v2\/product"}],"about":[{"href":"https:\/\/apexvape.de\/fr\/wp-json\/wp\/v2\/types\/product"}],"replies":[{"embeddable":true,"href":"https:\/\/apexvape.de\/fr\/wp-json\/wp\/v2\/comments?post=6152"}],"version-history":[{"count":0,"href":"https:\/\/apexvape.de\/fr\/wp-json\/wp\/v2\/product\/6152\/revisions"}],"wp:featuredmedia":[{"embeddable":true,"href":"https:\/\/apexvape.de\/fr\/wp-json\/wp\/v2\/media\/6153"}],"wp:attachment":[{"href":"https:\/\/apexvape.de\/fr\/wp-json\/wp\/v2\/media?parent=6152"}],"wp:term":[{"taxonomy":"product_brand","embeddable":true,"href":"https:\/\/apexvape.de\/fr\/wp-json\/wp\/v2\/product_brand?post=6152"},{"taxonomy":"product_cat","embeddable":true,"href":"https:\/\/apexvape.de\/fr\/wp-json\/wp\/v2\/product_cat?post=6152"},{"taxonomy":"product_tag","embeddable":true,"href":"https:\/\/apexvape.de\/fr\/wp-json\/wp\/v2\/product_tag?post=6152"}],"curies":[{"name":"wp","href":"https:\/\/api.w.org\/{rel}","templated":true}]}}