{"id":5969,"date":"2025-12-15T11:14:16","date_gmt":"2025-12-15T10:14:16","guid":{"rendered":"https:\/\/apexvape.de\/?post_type=product&#038;p=5969"},"modified":"2025-12-15T11:14:34","modified_gmt":"2025-12-15T10:14:34","slug":"okso-shisha-hookah-mega-50000","status":"publish","type":"product","link":"https:\/\/apexvape.de\/fr\/product\/okso-shisha-hookah-mega-50000\/","title":{"rendered":"OKSO Shisha Hookah Mega 50000 bouff\u00e9es Vape jetable"},"content":{"rendered":"<h1>OKSO Shisha Hookah Mega 50000 bouff\u00e9es Cigarette \u00e9lectronique jetable 0% 2% 3% 5% Nicotine 10 saveurs \u00c9cran LED Directement du fabricant<\/h1>\n<p>La cigarette \u00e9lectronique jetable OKSO Shisha Hookah Mega 50000 Puffs est con\u00e7ue pour une utilisation \u00e0 long terme et offre jusqu'\u00e0 50 000 bouff\u00e9es avec un besoin de remplacement r\u00e9duit, pour un rapport qualit\u00e9-prix exceptionnel et un grand confort. Avec une capacit\u00e9 g\u00e9n\u00e9reuse de 40 ml d'e-liquide, cet appareil permet de longues sessions de vapotage sans avoir \u00e0 le recharger fr\u00e9quemment, ce qui le rend parfait pour les utilisateurs intensifs et les vapoteurs toute la journ\u00e9e. Aliment\u00e9 par une batterie robuste de 1100 mAh, il offre une \u00e9nergie stable et fiable tout au long de la journ\u00e9e et garantit des performances constantes du matin au soir. Choisissez parmi 10 saveurs diff\u00e9rentes pour satisfaire toutes les pr\u00e9f\u00e9rences gustatives et varier votre exp\u00e9rience.<\/p>\n<h2>OKSO Shisha Hookah Mega 50000 bouff\u00e9es Points forts :<\/h2>\n<p>La technologie avanc\u00e9e Triple Mesh Coil distingue cet appareil en offrant une production de vapeur dense, un chauffage rapide et une saveur riche et intense pour une exp\u00e9rience de vapotage vraiment haut de gamme. Ce syst\u00e8me innovant \u00e0 trois r\u00e9sistances maximise la surface de contact avec le e-liquide et garantit une extraction optimale des ar\u00f4mes ainsi que des performances constantes tout au long de la dur\u00e9e de vie de l'appareil. La conception triple mesh emp\u00eache les dry hits et pr\u00e9serve une qualit\u00e9 gustative sup\u00e9rieure de la premi\u00e8re \u00e0 la derni\u00e8re bouff\u00e9e.<\/p>\n<p>Personnalisez votre exp\u00e9rience de vapotage gr\u00e2ce \u00e0 la fonction Airflow r\u00e9glable qui vous permet de contr\u00f4ler la r\u00e9sistance \u00e0 l'aspiration selon vos pr\u00e9f\u00e9rences personnelles. Que vous pr\u00e9f\u00e9riez des bouff\u00e9es serr\u00e9es et restrictives pour le vapotage bouche-\u00e0-poumon ou des bouff\u00e9es ouvertes et a\u00e9r\u00e9es pour le vapotage direct \u00e0 poumon, ce syst\u00e8me Airflow polyvalent s'adapte \u00e0 votre style. L'\u00e9cran LED offre une surveillance en temps r\u00e9el des niveaux de batterie et d'e-liquide et vous tient inform\u00e9 afin d'\u00e9viter les surprises pendant vos sessions de vapotage.<\/p>\n<p>La recharge USB Type-C assure une restauration rapide et efficace de l'\u00e9nergie avec un temps d'arr\u00eat minimal entre les utilisations, vous permettant de recommencer \u00e0 vapoter plus rapidement qu'avec les m\u00e9thodes de recharge traditionnelles. Chaque paquet contient 10 pi\u00e8ces et offre des options pratiques pour la vente au d\u00e9tail et en gros. Ce format d'emballage pratique permet aux entreprises de r\u00e9approvisionner facilement leur gamme de produits et aux utilisateurs de disposer d'une grande vari\u00e9t\u00e9 de saveurs.<\/p>\n<h2>Caract\u00e9ristiques techniques :<\/h2>\n<ul>\n<li><strong>Capacit\u00e9 de traction :<\/strong> 50 000 bouff\u00e9es<\/li>\n<li><strong>Teneur en nicotine :<\/strong> 0 %, 2 %, 3 %, 5 %<\/li>\n<li><strong>Capacit\u00e9 du e-liquide :<\/strong> 40 ml<\/li>\n<li><strong>Batterie :<\/strong> 1100 mAh rechargeable<\/li>\n<li><strong>Type de bobine :<\/strong> Triple bobine maill\u00e9e<\/li>\n<li><strong>D\u00e9bit d'air :<\/strong> R\u00e9glable<\/li>\n<li><strong>Connecteur de charge :<\/strong> USB Type-C<\/li>\n<li><strong>\u00c9cran LED :<\/strong> Oui, affiche les niveaux de batterie et d'e-liquide<\/li>\n<li><strong>Emballage :<\/strong> 10 pi\u00e8ces par paquet<\/li>\n<li><strong>Options gustatives :<\/strong> 10 saveurs<\/li>\n<\/ul>\n<h2>OKSO Shisha Hookah Mega 50000 Liste des ar\u00f4mes :<\/h2>\n<ol>\n<li>Glace luxuriante<\/li>\n<li>Deux pommes<\/li>\n<li>Fraise Past\u00e8que Chewing-gum<\/li>\n<li>Glace \u00e0 la p\u00eache<\/li>\n<li>Myrtille Framboise Cerise<\/li>\n<li>Amour 66<\/li>\n<li>Glace \u00e0 la mangue<\/li>\n<li>Fraise Kiwi<\/li>\n<li>Lady Killa<\/li>\n<li>Raisin Ice<\/li>\n<\/ol>\n<h2>Foire aux questions sur la chicha OKSO Hookah Mega 50000<\/h2>\n<p><strong>1. Combien de bouff\u00e9es offre la OKSO Shisha Hookah Mega ?<\/strong><\/p>\n<p>Cet appareil offre jusqu'\u00e0 50 000 bouff\u00e9es gr\u00e2ce \u00e0 sa g\u00e9n\u00e9reuse capacit\u00e9 de 40 ml d'e-liquide. Il est con\u00e7u pour une utilisation \u00e0 long terme avec moins de remplacements et un minimum de recharges.<\/p>\n<p><strong>2. Qu'est-ce que la technologie Triple Mesh Coil ?<\/strong><\/p>\n<p>Le syst\u00e8me avanc\u00e9 \u00e0 trois bobines offre une production de vapeur dense, un chauffage rapide et un go\u00fbt riche et intense en maximisant la surface de contact pour une extraction optimale du e-liquide tout au long de l'utilisation.<\/p>\n<p><strong>3. Cette cigarette \u00e9lectronique dispose-t-elle d'un d\u00e9bit d'air r\u00e9glable ?<\/strong><\/p>\n<p>Oui, il dispose d'un contr\u00f4le du d\u00e9bit d'air r\u00e9glable qui vous permet d'ajuster la r\u00e9sistance \u00e0 l'aspiration, depuis les bouff\u00e9es serr\u00e9es et restrictives bouche-\u00e0-poumon jusqu'aux bouff\u00e9es directes ouvertes et a\u00e9r\u00e9es.<\/p>\n<p><strong>4. Comment surveiller les niveaux de batterie et de e-liquide ?<\/strong><\/p>\n<p>L'appareil dispose d'un \u00e9cran LED qui permet de surveiller en temps r\u00e9el l'\u00e9tat de la batterie et du e-liquide et vous tient inform\u00e9 afin d'\u00e9viter les surprises pendant vos s\u00e9ances de vapotage.<\/p>\n<p><strong>5. Quel type de charge utilise cette cigarette \u00e9lectronique jetable ?<\/strong><\/p>\n<p>Il est aliment\u00e9 par une batterie de 1100 mAh avec charge de type C, pour une recharge rapide et efficace et un temps d'arr\u00eat minimal entre les sessions de vapotage.<\/p>\n<h2>L'ambiance chicha \u00e0 emporter partout avec soi<\/h2>\n<p>D\u00e9couvrez une exp\u00e9rience authentique de narguil\u00e9 dans un format compact avec le narguil\u00e9 OKSO Hookah Mega 50000. La technologie unique Triple Mesh et le d\u00e9bit d'air r\u00e9glable garantissent un plaisir maximal. Commandez d\u00e8s maintenant dans notre <strong><a href=\"https:\/\/apexvape.de\/fr\/\">Magasin sp\u00e9cialis\u00e9 dans la vape<\/a><\/strong> et profitez des meilleurs prix du commerce de gros. Notre <strong><a href=\"https:\/\/apexvape.de\/fr\/product-category\/okso-vape\/\">Collection d'appareils OKSO<\/a><\/strong> vous propose les derni\u00e8res innovations avec une qualit\u00e9 \u00e9prouv\u00e9e. Exp\u00e9dition rapide, prix \u00e9quitables et conseils comp\u00e9tents : voil\u00e0 ce qu'est Apex Vape.<\/p>","protected":false},"excerpt":{"rendered":"<div data-test-render-count=\"1\">\n<div class=\"group\">\n<div class=\"group relative pb-3\" data-is-streaming=\"false\">\n<div class=\"font-claude-response relative leading-[1.65rem] [&amp;_pre&gt;div]:bg-bg-000\/50 [&amp;_pre&gt;div]:border-0.5 [&amp;_pre&gt;div]:border-border-400 [&amp;_.ignore-pre-bg&gt;div]:bg-transparent [&amp;_.standard-markdown_:is(p,blockquote,h1,h2,h3,h4,h5,h6)]:pl-2 [&amp;_.standard-markdown_:is(p,blockquote,ul,ol,h1,h2,h3,h4,h5,h6)]:pr-8 [&amp;_.progressive-markdown_:is(p,blockquote,h1,h2,h3,h4,h5,h6)]:pl-2 [&amp;_.progressive-markdown_:is(p,blockquote,ul,ol,h1,h2,h3,h4,h5,h6)]:pr-8\">\n<div>\n<div class=\"standard-markdown grid-cols-1 grid gap-4 [&amp;_&gt;_*]:min-w-0 standard-markdown\">\n<p class=\"font-claude-response-body break-words whitespace-normal leading-[1.7]\">Die OKSO Shisha Hookah Mega 50000 bietet 50.000 Z\u00fcge mit innovativer Triple Mesh Coil-Technologie f\u00fcr dichten Dampf und intensiven Geschmack. 40ml Tank, leistungsstarker 1100mAh Akku und einstellbarer Airflow garantieren Premium-Erlebnis. LED-Display zeigt Akku &amp; Liquid-Stand. USB-C Schnellladung inklusive.<\/p>\n<\/div>\n<\/div>\n<\/div>\n<\/div>\n<div class=\"flex justify-start\" role=\"group\" aria-label=\"Message actions\">\n<div class=\"text-text-300\">\n<div class=\"text-text-300 flex items-stretch justify-between\">\n<div class=\"w-fit\" data-state=\"closed\">\n<div class=\"relative text-text-500 group-hover\/btn:text-text-100\">\n<div class=\"flex items-center justify-center transition-all opacity-100 scale-100\"><\/div>\n<div class=\"flex items-center justify-center absolute top-0 left-0 transition-all opacity-0 scale-50\"><\/div>\n<\/div>\n<\/div>\n<div class=\"w-fit\" data-state=\"closed\">\n<div class=\"flex items-center justify-center text-text-500 group-hover\/btn:text-text-100\"><\/div>\n<\/div>\n<div class=\"w-fit\" data-state=\"closed\">\n<div class=\"flex items-center justify-center text-text-500 group-hover\/btn:text-text-100\"><\/div>\n<\/div>\n<div class=\"flex items-center\">\n<div class=\"w-fit\" data-state=\"closed\">\n<div class=\"flex items-center justify-center text-text-500 group-hover\/btn:text-text-100\"><\/div>\n<\/div>\n<\/div>\n<\/div>\n<\/div>\n<\/div>\n<\/div>\n<\/div>\n<div class=\"h-px w-full pointer-events-none\" aria-hidden=\"true\"><\/div>\n","protected":false},"featured_media":6023,"comment_status":"open","ping_status":"closed","template":"","meta":[],"product_brand":[],"product_cat":[81],"product_tag":[],"class_list":{"0":"post-5969","1":"product","2":"type-product","3":"status-publish","4":"has-post-thumbnail","6":"product_cat-okso-vape","8":"first","9":"instock","10":"shipping-taxable","11":"purchasable","12":"product-type-variable"},"_links":{"self":[{"href":"https:\/\/apexvape.de\/fr\/wp-json\/wp\/v2\/product\/5969","targetHints":{"allow":["GET"]}}],"collection":[{"href":"https:\/\/apexvape.de\/fr\/wp-json\/wp\/v2\/product"}],"about":[{"href":"https:\/\/apexvape.de\/fr\/wp-json\/wp\/v2\/types\/product"}],"replies":[{"embeddable":true,"href":"https:\/\/apexvape.de\/fr\/wp-json\/wp\/v2\/comments?post=5969"}],"version-history":[{"count":0,"href":"https:\/\/apexvape.de\/fr\/wp-json\/wp\/v2\/product\/5969\/revisions"}],"wp:featuredmedia":[{"embeddable":true,"href":"https:\/\/apexvape.de\/fr\/wp-json\/wp\/v2\/media\/6023"}],"wp:attachment":[{"href":"https:\/\/apexvape.de\/fr\/wp-json\/wp\/v2\/media?parent=5969"}],"wp:term":[{"taxonomy":"product_brand","embeddable":true,"href":"https:\/\/apexvape.de\/fr\/wp-json\/wp\/v2\/product_brand?post=5969"},{"taxonomy":"product_cat","embeddable":true,"href":"https:\/\/apexvape.de\/fr\/wp-json\/wp\/v2\/product_cat?post=5969"},{"taxonomy":"product_tag","embeddable":true,"href":"https:\/\/apexvape.de\/fr\/wp-json\/wp\/v2\/product_tag?post=5969"}],"curies":[{"name":"wp","href":"https:\/\/api.w.org\/{rel}","templated":true}]}}