{"id":5847,"date":"2025-12-15T10:56:01","date_gmt":"2025-12-15T09:56:01","guid":{"rendered":"https:\/\/apexvape.de\/?post_type=product&#038;p=5847"},"modified":"2025-12-15T10:56:47","modified_gmt":"2025-12-15T09:56:47","slug":"okso-double-flavor-60000","status":"publish","type":"product","link":"https:\/\/apexvape.de\/fr\/product\/okso-double-flavor-60000\/","title":{"rendered":"OKSO Double Flavor 60000 bouff\u00e9es Vape jetable"},"content":{"rendered":"<h1>OKSO Double Flavor 60000 60K bouff\u00e9es Cigarette \u00e9lectronique jetable 0% 2% 3% 5% Nicotine 10 saveurs \u00c9cran LED Directement du fabricant<\/h1>\n<p>L'OKSO Double Flavor 60000 offre une autonomie ultra longue avec jusqu'\u00e0 60 000 bouff\u00e9es, r\u00e9duisant ainsi consid\u00e9rablement la n\u00e9cessit\u00e9 de remplacements fr\u00e9quents tout en offrant un excellent rapport qualit\u00e9-prix. Gr\u00e2ce \u00e0 un syst\u00e8me innovant \u00e0 double ar\u00f4me et \u00e0 deux r\u00e9servoirs s\u00e9par\u00e9s de 25 ml, vous pouvez passer facilement d'un ar\u00f4me \u00e0 l'autre sans m\u00e9lange ni contamination. L'impressionnante capacit\u00e9 combin\u00e9e de 50 ml d'e-liquide permet de longues sessions de vapotage et rend l'appareil id\u00e9al pour une utilisation tout au long de la journ\u00e9e. Disponible en options de nicotine 0 %, 2 %, 3 % et 5 %, l'appareil r\u00e9pond \u00e0 une grande vari\u00e9t\u00e9 de pr\u00e9f\u00e9rences, du plaisir sans nicotine aux exp\u00e9riences plus intenses.<\/p>\n<h2>OKSO Double Flavor 60000 bouff\u00e9es Points forts :<\/h2>\n<p>\u00c9quip\u00e9 de deux r\u00e9sistances mesh de 0,8 \u03a9, l'appareil offre un chauffage rapide et une production de vapeur abondante pour un go\u00fbt puissant et intense \u00e0 chaque bouff\u00e9e. Cette technologie de r\u00e9sistance avanc\u00e9e assure une distribution uniforme de la chaleur et une extraction optimale des ar\u00f4mes des deux r\u00e9servoirs, offrant un go\u00fbt excellent et constant, quel que soit l'ar\u00f4me que vous choisissez. La conception en mesh maximise la surface de contact avec le e-liquide pour des performances sup\u00e9rieures tout au long de la dur\u00e9e de vie de l'appareil.<\/p>\n<p>Aliment\u00e9 par une batterie fiable de 650 mAh, l'appareil offre une puissance stable et des performances quotidiennes constantes qui vous permettent de vapoter toute la journ\u00e9e. La fonction de charge rapide de type C permet une recharge rapide et pratique, avec un temps d'arr\u00eat minimal entre les sessions. L'\u00e9cran LED affiche des informations en temps r\u00e9el, notamment l'\u00e9tat de la batterie et les r\u00e9glages du mode, ce qui vous permet de surveiller votre appareil d'un seul coup d'\u0153il et de rester inform\u00e9 de ses performances.<\/p>\n<p>Choisissez parmi 10 combinaisons de deux saveurs passionnantes qui offrent une large gamme d'exp\u00e9riences gustatives pour tous les palais et toutes les pr\u00e9f\u00e9rences. Chaque emballage contient 10 pi\u00e8ces par paquet, ce qui le rend id\u00e9al pour la vente en gros et au d\u00e9tail. Cette option d'emballage polyvalente offre une grande flexibilit\u00e9 aux entreprises tout en garantissant aux clients l'acc\u00e8s \u00e0 plusieurs combinaisons de saveurs.<\/p>\n<h2>Caract\u00e9ristiques techniques :<\/h2>\n<ul>\n<li><strong>Capacit\u00e9 de traction :<\/strong> Jusqu'\u00e0 60 000 bouff\u00e9es<\/li>\n<li><strong>Teneur en nicotine :<\/strong> 0 %, 2 %, 3 %, 5 %<\/li>\n<li><strong>Capacit\u00e9 du e-liquide :<\/strong> 50 ml au total (25 ml + 25 ml)<\/li>\n<li><strong>Batterie :<\/strong> 650 mAh rechargeable<\/li>\n<li><strong>Type de bobine :<\/strong> Double r\u00e9sistance maill\u00e9e de 0,8 \u03a9<\/li>\n<li><strong>Connecteur de charge :<\/strong> Charge rapide USB Type-C<\/li>\n<li><strong>\u00c9cran :<\/strong> \u00c9cran LED avec indicateur de batterie et de mode<\/li>\n<li><strong>Emballage :<\/strong> 10 pi\u00e8ces par paquet<\/li>\n<li><strong>Options gustatives :<\/strong> 10 combinaisons de deux saveurs<\/li>\n<\/ul>\n<h2>OKSO Double Flavor 60000 Liste des ar\u00f4mes :<\/h2>\n<ol>\n<li>Myrtille glac\u00e9e \/ Cassis<\/li>\n<li>Blue Razz Cerise Canneberge \/ Menthe<\/li>\n<li>Fraise Past\u00e8que \/ Deux pommes<\/li>\n<li>Red Energy Ice \/ Raisin Ice<\/li>\n<li>Limonade bleue \u00e0 la framboise \/ Pomme-p\u00eache<\/li>\n<li>Past\u00e8que glac\u00e9e \/ P\u00eache mangue<\/li>\n<li>Fraise Banane \/ Cherry Fiesta<\/li>\n<li>Chewing-gum \u00e0 la past\u00e8que \/ m\u00e9lange de fruits<\/li>\n<li>Blue Razz \/ Love 66<\/li>\n<li>Fraise Cerise \/ Kiwi Fruit de la passion Goyave<\/li>\n<\/ol>\n<h2>Foire aux questions sur l'OKSO Double Flavor 60000<\/h2>\n<p><strong>1. Combien de bouff\u00e9es offre l'OKSO Double Flavor ?<\/strong><\/p>\n<p>Cet appareil offre jusqu'\u00e0 60 000 bouff\u00e9es avec une capacit\u00e9 combin\u00e9e de 50 ml d'e-liquide et offre des performances ultra-longues avec un besoin r\u00e9duit de remplacements fr\u00e9quents.<\/p>\n<p><strong>2. Qu'est-ce que le syst\u00e8me \u00e0 double ar\u00f4me ?<\/strong><\/p>\n<p>La conception innovante \u00e0 double r\u00e9servoir comprend deux r\u00e9servoirs s\u00e9par\u00e9s de 25 ml qui vous permettent de passer facilement d'un ar\u00f4me \u00e0 l'autre sans m\u00e9lange ni contamination.<\/p>\n<p><strong>3. Quelle technologie de r\u00e9sistance utilise cette cigarette \u00e9lectronique ?<\/strong><\/p>\n<p>Il dispose de deux r\u00e9sistances mesh de 0,8 \u03a9 qui offrent un chauffage rapide et une production de vapeur abondante, tout en garantissant un go\u00fbt puissant et intense avec une extraction optimale des deux r\u00e9servoirs.<\/p>\n<p><strong>4. Quelles sont les concentrations de nicotine disponibles ?<\/strong><\/p>\n<p>L'appareil est disponible avec des options de nicotine de 0 %, 2 %, 3 % et 5 %, r\u00e9pondant ainsi \u00e0 une grande vari\u00e9t\u00e9 de pr\u00e9f\u00e9rences, de la consommation sans nicotine \u00e0 des exp\u00e9riences de vapotage plus intenses.<\/p>\n<p><strong>5. Comment recharger cette cigarette \u00e9lectronique jetable ?<\/strong><\/p>\n<p>Il est aliment\u00e9 par une batterie de 650 mAh avec charge rapide de type C, pour une recharge rapide et pratique et des performances quotidiennes stables avec un temps d'arr\u00eat minimal.<\/p>\n<h2>Acheter OKSO Double Flavor 60000 chez Apex Vape<\/h2>\n<p>Vous recherchez un syst\u00e8me double saveur puissant avec une capacit\u00e9 de tirage extr\u00eame ? L'OKSO Double Flavor 60000 est le choix id\u00e9al pour les vapoteurs exigeants. Dans notre <strong><a href=\"https:\/\/apexvape.de\/fr\/\">magasin de cigarettes \u00e9lectroniques<\/a><\/strong> vous pouvez obtenir ce mod\u00e8le haut de gamme \u00e0 des conditions avantageuses de gros. D\u00e9couvrez \u00e9galement l'ensemble de notre <strong><a href=\"https:\/\/apexvape.de\/fr\/product-category\/okso-vape\/\">S\u00e9rie OKSO VAPE<\/a><\/strong> avec des fonctionnalit\u00e9s innovantes et une qualit\u00e9 haut de gamme. Nous livrons rapidement, de mani\u00e8re fiable et offrons une assistance professionnelle pour votre entreprise.<\/p>","protected":false},"excerpt":{"rendered":"<div data-test-render-count=\"1\">\n<div class=\"group\">\n<div class=\"group relative pb-3\" data-is-streaming=\"false\">\n<div class=\"font-claude-response relative leading-[1.65rem] [&amp;_pre&gt;div]:bg-bg-000\/50 [&amp;_pre&gt;div]:border-0.5 [&amp;_pre&gt;div]:border-border-400 [&amp;_.ignore-pre-bg&gt;div]:bg-transparent [&amp;_.standard-markdown_:is(p,blockquote,h1,h2,h3,h4,h5,h6)]:pl-2 [&amp;_.standard-markdown_:is(p,blockquote,ul,ol,h1,h2,h3,h4,h5,h6)]:pr-8 [&amp;_.progressive-markdown_:is(p,blockquote,h1,h2,h3,h4,h5,h6)]:pl-2 [&amp;_.progressive-markdown_:is(p,blockquote,ul,ol,h1,h2,h3,h4,h5,h6)]:pr-8\">\n<div>\n<div class=\"standard-markdown grid-cols-1 grid gap-4 [&amp;_&gt;_*]:min-w-0 standard-markdown\">\n<p class=\"font-claude-response-body break-words whitespace-normal leading-[1.7]\">Die OKSO Double Flavor 60000 bietet 60.000 Z\u00fcge mit innovativem Dual-Tank-System (2\u00d725ml). Wechseln Sie m\u00fchelos zwischen zwei Aromen ohne Vermischung. Duale 0,8\u03a9 Mesh-Coils garantieren intensiven Geschmack, 650mAh USB-C Akku sorgt f\u00fcr Ganztagesleistung. LED-Display zeigt Akkustatus &amp; Modus an.<\/p>\n<\/div>\n<\/div>\n<\/div>\n<\/div>\n<div class=\"flex justify-start\" role=\"group\" aria-label=\"Message actions\">\n<div class=\"text-text-300\">\n<div class=\"text-text-300 flex items-stretch justify-between\">\n<div class=\"w-fit\" data-state=\"closed\">\n<div class=\"relative text-text-500 group-hover\/btn:text-text-100\">\n<div class=\"flex items-center justify-center transition-all opacity-100 scale-100\"><\/div>\n<div class=\"flex items-center justify-center absolute top-0 left-0 transition-all opacity-0 scale-50\"><\/div>\n<\/div>\n<\/div>\n<div class=\"w-fit\" data-state=\"closed\">\n<div class=\"flex items-center justify-center text-text-500 group-hover\/btn:text-text-100\"><\/div>\n<\/div>\n<div class=\"w-fit\" data-state=\"closed\">\n<div class=\"flex items-center justify-center text-text-500 group-hover\/btn:text-text-100\"><\/div>\n<\/div>\n<div class=\"flex items-center\">\n<div class=\"w-fit\" data-state=\"closed\">\n<div class=\"flex items-center justify-center text-text-500 group-hover\/btn:text-text-100\"><\/div>\n<\/div>\n<\/div>\n<\/div>\n<\/div>\n<\/div>\n<\/div>\n<\/div>\n<div class=\"h-px w-full pointer-events-none\" aria-hidden=\"true\"><\/div>\n","protected":false},"featured_media":5858,"comment_status":"open","ping_status":"closed","template":"","meta":[],"product_brand":[],"product_cat":[81],"product_tag":[],"class_list":{"0":"post-5847","1":"product","2":"type-product","3":"status-publish","4":"has-post-thumbnail","6":"product_cat-okso-vape","8":"first","9":"instock","10":"shipping-taxable","11":"purchasable","12":"product-type-variable"},"_links":{"self":[{"href":"https:\/\/apexvape.de\/fr\/wp-json\/wp\/v2\/product\/5847","targetHints":{"allow":["GET"]}}],"collection":[{"href":"https:\/\/apexvape.de\/fr\/wp-json\/wp\/v2\/product"}],"about":[{"href":"https:\/\/apexvape.de\/fr\/wp-json\/wp\/v2\/types\/product"}],"replies":[{"embeddable":true,"href":"https:\/\/apexvape.de\/fr\/wp-json\/wp\/v2\/comments?post=5847"}],"version-history":[{"count":0,"href":"https:\/\/apexvape.de\/fr\/wp-json\/wp\/v2\/product\/5847\/revisions"}],"wp:featuredmedia":[{"embeddable":true,"href":"https:\/\/apexvape.de\/fr\/wp-json\/wp\/v2\/media\/5858"}],"wp:attachment":[{"href":"https:\/\/apexvape.de\/fr\/wp-json\/wp\/v2\/media?parent=5847"}],"wp:term":[{"taxonomy":"product_brand","embeddable":true,"href":"https:\/\/apexvape.de\/fr\/wp-json\/wp\/v2\/product_brand?post=5847"},{"taxonomy":"product_cat","embeddable":true,"href":"https:\/\/apexvape.de\/fr\/wp-json\/wp\/v2\/product_cat?post=5847"},{"taxonomy":"product_tag","embeddable":true,"href":"https:\/\/apexvape.de\/fr\/wp-json\/wp\/v2\/product_tag?post=5847"}],"curies":[{"name":"wp","href":"https:\/\/api.w.org\/{rel}","templated":true}]}}