{"id":5729,"date":"2025-12-15T10:33:57","date_gmt":"2025-12-15T09:33:57","guid":{"rendered":"https:\/\/apexvape.de\/?post_type=product&#038;p=5729"},"modified":"2025-12-15T10:34:39","modified_gmt":"2025-12-15T09:34:39","slug":"okso-3in1-70000","status":"publish","type":"product","link":"https:\/\/apexvape.de\/fr\/product\/okso-3in1-70000\/","title":{"rendered":"OKSO 3IN1 70000 bouff\u00e9es Vape jetable"},"content":{"rendered":"<h1>OKSO 3IN1 70000 bouff\u00e9es Cigarette \u00e9lectronique jetable rechargeable Vente en gros Faible teneur en nicotine<\/h1>\n<p>L'OKSO 3IN1 70000 Puffs offre une capacit\u00e9 de 70 000 bouff\u00e9es \u00e0 partir d'un seul appareil, ce qui est in\u00e9gal\u00e9 dans le secteur et d\u00e9passe largement la dur\u00e9e de vie des cigarettes \u00e9lectroniques jetables classiques. Cette long\u00e9vit\u00e9 exceptionnelle offre un excellent rapport qualit\u00e9-prix et r\u00e9duit la n\u00e9cessit\u00e9 de remplacements fr\u00e9quents, ce qui en fait l'une des options les plus rentables du march\u00e9. Avec des concentrations de nicotine flexibles de 0 %, 2 %, 3 % et 5 %, cet appareil r\u00e9pond aux besoins les plus divers des utilisateurs, du plaisir sans nicotine \u00e0 l'exp\u00e9rience intense de la sensation en gorge.<\/p>\n<h2>OKSO 3IN1 70000 bouff\u00e9es Points forts :<\/h2>\n<p>Le syst\u00e8me innovant de capsules aromatiques 3 en 1 permet de passer d'un profil aromatique \u00e0 l'autre au sein d'un m\u00eame appareil, garantissant ainsi une fra\u00eecheur et une vari\u00e9t\u00e9 durables tout au long de l'exp\u00e9rience de vapotage. Cette conception r\u00e9volutionnaire \u00e0 r\u00e9servoirs multiples vous permet de profiter de diff\u00e9rents ar\u00f4mes sans avoir \u00e0 transporter plusieurs vapoteuses, pour une polyvalence et un confort in\u00e9gal\u00e9s. Chaque ar\u00f4me reste s\u00e9par\u00e9 et frais, ce qui emp\u00eache les m\u00e9langes de saveurs et garantit une qualit\u00e9 gustative optimale.<\/p>\n<p>Avec trois pods ind\u00e9pendants de 16 ml, l'appareil offre une capacit\u00e9 totale g\u00e9n\u00e9reuse en e-liquide, ce qui permet une utilisation prolong\u00e9e et des sessions de vapotage tout au long de la journ\u00e9e. Ce r\u00e9servoir volumineux r\u00e9duit la n\u00e9cessit\u00e9 de recharges ou de remplacements fr\u00e9quents et est donc id\u00e9al pour les utilisateurs intensifs et tous ceux qui appr\u00e9cient le confort. Sa grande capacit\u00e9 vous garantit de disposer d'une quantit\u00e9 suffisante d'e-liquide, quel que soit le profil aromatique choisi.<\/p>\n<p>Aliment\u00e9 par une batterie int\u00e9gr\u00e9e de 650 mAh avec fonction de charge rapide USB Type-C, cet appareil offre une autonomie fiable tout au long de la journ\u00e9e avec un temps d'arr\u00eat minimal. Le syst\u00e8me \u00e9conome en \u00e9nergie permet des cycles de charge rapides, vous n'aurez donc jamais \u00e0 vous passer longtemps de votre cigarette \u00e9lectronique. Cette combinaison entre une capacit\u00e9 de batterie importante et une technologie de charge rapide maximise la facilit\u00e9 d'utilisation et le confort pour les vapoteurs modernes.<\/p>\n<h2>Caract\u00e9ristiques techniques :<\/h2>\n<ul>\n<li><strong>Capacit\u00e9 de liquide :<\/strong> 16 ml \u00d7 3<\/li>\n<li><strong>Trains :<\/strong> 70 000 bouff\u00e9es<\/li>\n<li><strong>Batterie :<\/strong> 650 mAh<\/li>\n<li><strong>Nicotine :<\/strong> 0 %, 2 %, 3 %, 5 %<\/li>\n<li><strong>Bobine :<\/strong> Bobine maill\u00e9e \u00d7 3<\/li>\n<li><strong>Chargeur :<\/strong> Rechargeable via USB Type-C<\/li>\n<li><strong>Conception :<\/strong> \u00e9cran LED<\/li>\n<li><strong>Saveurs :<\/strong> 10 ar\u00f4mes disponibles<\/li>\n<\/ul>\n<h2>OKSO 3IN1 70000 bouff\u00e9es Liste des saveurs :<\/h2>\n<ol>\n<li>Myrtille Framboise \/ M\u00e9lange de baies \/ Pomme P\u00eache<\/li>\n<li>Past\u00e8que glac\u00e9e \/ Mr Blue \/ Raisin vert Past\u00e8que<\/li>\n<li>Fraise glac\u00e9e \/ Jungle Juice \/ Melon dragon<\/li>\n<li>Raisin glac\u00e9 \/ Cassis glac\u00e9 \/ Confiture de baies<\/li>\n<li>Cerise glac\u00e9e \/ Deux pommes \/ Fraise framboise Cerise glac\u00e9e<\/li>\n<li>P\u00eache juteuse \/ Cola \u00e0 la cerise \/ Bonbon \u00e0 la cerise<\/li>\n<li>Fraise Kiwi \/ Chewing-gum \u00e0 la past\u00e8que \/ Triple Mango Ice<\/li>\n<li>Kiwi, fruit de la passion, goyave \/ Cola Ice \/ Fruit de la passion, mangue Ice<\/li>\n<li>Ananas glac\u00e9 \/ Fraise past\u00e8que \/ Fraise raisin<\/li>\n<li>Menthe fra\u00eeche \/ Citron vert \/ Mojito \u00e0 la past\u00e8que<\/li>\n<\/ol>\n<h2>Foire aux questions sur l'OKSO 3IN1 70000 bouff\u00e9es<\/h2>\n<p><strong>1. Combien de mouvements offre l'OKSO 3IN1 ?<\/strong><\/p>\n<p>Cet appareil offre 70 000 bouff\u00e9es \u00e0 partir d'une seule unit\u00e9, ce qui le place en t\u00eate du secteur et le rend nettement sup\u00e9rieur aux cigarettes \u00e9lectroniques jetables traditionnelles. Il offre ainsi un rapport qualit\u00e9-prix exceptionnel et r\u00e9duit la fr\u00e9quence de remplacement.<\/p>\n<p><strong>2. Qu'est-ce que le syst\u00e8me de capsules 3 en 1 ?<\/strong><\/p>\n<p>Le syst\u00e8me innovant Multi-Tank permet de passer d'un profil aromatique \u00e0 l'autre au sein d'un m\u00eame appareil et garantit une fra\u00eecheur et une diversit\u00e9 durables sans avoir \u00e0 transporter plusieurs vapoteuses.<\/p>\n<p><strong>3. Quelle est la capacit\u00e9 en e-liquide de cette cigarette \u00e9lectronique ?<\/strong><\/p>\n<p>Il dispose de trois pods ind\u00e9pendants de 16 ml pour une capacit\u00e9 totale g\u00e9n\u00e9reuse en e-liquide, ce qui permet de vapoter toute la journ\u00e9e et r\u00e9duit la n\u00e9cessit\u00e9 de recharges ou de remplacements fr\u00e9quents.<\/p>\n<p><strong>4. Quelles sont les concentrations de nicotine disponibles ?<\/strong><\/p>\n<p>L'appareil est disponible avec des concentrations de nicotine de 0 %, 2 %, 3 % et 5 %, r\u00e9pondant ainsi \u00e0 une grande vari\u00e9t\u00e9 de pr\u00e9f\u00e9rences, du plaisir sans nicotine \u00e0 des sensations intenses en gorge.<\/p>\n<p><strong>5. Comment recharger cette cigarette \u00e9lectronique jetable ?<\/strong><\/p>\n<p>Aliment\u00e9 par une batterie de 650 mAh avec fonction de charge rapide USB Type-C, il offre des performances fiables tout au long de la journ\u00e9e, avec des cycles de charge rapides et un temps d'arr\u00eat minimal.<\/p>\n<h2>Informations compl\u00e9mentaires et commande<\/h2>\n<p>D\u00e9couvrez l'OKSO 3IN1 70000 Puffs et d'autres cigarettes \u00e9lectroniques haut de gamme dans notre assortiment. Visitez notre <strong><a href=\"https:\/\/apexvape.de\/fr\/\">page d'accueil<\/a><\/strong> pour d\u00e9couvrir notre gamme compl\u00e8te de produits ou explorez notre vaste <strong><a href=\"https:\/\/apexvape.de\/fr\/product-category\/okso-vape\/\">Collection OKSO VAPE<\/a><\/strong> avec tous les mod\u00e8les OKSO disponibles. En tant que grossiste leader dans le domaine des vapoteuses haut de gamme, nous vous offrons une qualit\u00e9 sup\u00e9rieure, une livraison rapide et des conditions attractives pour les clients professionnels.<\/p>","protected":false},"excerpt":{"rendered":"<div data-test-render-count=\"1\">\n<div class=\"group\">\n<div class=\"group relative pb-3\" data-is-streaming=\"false\">\n<div class=\"font-claude-response relative leading-[1.65rem] [&amp;_pre&gt;div]:bg-bg-000\/50 [&amp;_pre&gt;div]:border-0.5 [&amp;_pre&gt;div]:border-border-400 [&amp;_.ignore-pre-bg&gt;div]:bg-transparent [&amp;_.standard-markdown_:is(p,blockquote,h1,h2,h3,h4,h5,h6)]:pl-2 [&amp;_.standard-markdown_:is(p,blockquote,ul,ol,h1,h2,h3,h4,h5,h6)]:pr-8 [&amp;_.progressive-markdown_:is(p,blockquote,h1,h2,h3,h4,h5,h6)]:pl-2 [&amp;_.progressive-markdown_:is(p,blockquote,ul,ol,h1,h2,h3,h4,h5,h6)]:pr-8\">\n<div>\n<div class=\"standard-markdown grid-cols-1 grid gap-4 [&amp;_&gt;_*]:min-w-0 standard-markdown\">\n<p class=\"font-claude-response-body break-words whitespace-normal leading-[1.7]\">Die OKSO 3IN1 70000 revolutioniert das Dampferlebnis mit 70.000 Z\u00fcgen und innovativem 3-Pod-System. Wechseln Sie m\u00fchelos zwischen drei Geschmacksrichtungen in einem Ger\u00e4t. Mit 3\u00d716ml Tanks, 650mAh Schnellladeakku und flexiblen Nikotinst\u00e4rken (0-5%) bietet sie maximale Vielseitigkeit und Kosteneffizienz.<\/p>\n<\/div>\n<\/div>\n<\/div>\n<\/div>\n<div class=\"flex justify-start\" role=\"group\" aria-label=\"Message actions\">\n<div class=\"text-text-300\">\n<div class=\"text-text-300 flex items-stretch justify-between\">\n<div class=\"w-fit\" data-state=\"closed\">\n<div class=\"relative text-text-500 group-hover\/btn:text-text-100\">\n<div class=\"flex items-center justify-center transition-all opacity-100 scale-100\"><\/div>\n<div class=\"flex items-center justify-center absolute top-0 left-0 transition-all opacity-0 scale-50\"><\/div>\n<\/div>\n<\/div>\n<div class=\"w-fit\" data-state=\"closed\">\n<div class=\"flex items-center justify-center text-text-500 group-hover\/btn:text-text-100\"><\/div>\n<\/div>\n<div class=\"w-fit\" data-state=\"closed\">\n<div class=\"flex items-center justify-center text-text-500 group-hover\/btn:text-text-100\"><\/div>\n<\/div>\n<div class=\"flex items-center\">\n<div class=\"w-fit\" data-state=\"closed\">\n<div class=\"flex items-center justify-center text-text-500 group-hover\/btn:text-text-100\"><\/div>\n<\/div>\n<\/div>\n<\/div>\n<\/div>\n<\/div>\n<\/div>\n<\/div>\n<div class=\"h-px w-full pointer-events-none\" aria-hidden=\"true\"><\/div>\n","protected":false},"featured_media":5730,"comment_status":"open","ping_status":"closed","template":"","meta":[],"product_brand":[],"product_cat":[81],"product_tag":[],"class_list":{"0":"post-5729","1":"product","2":"type-product","3":"status-publish","4":"has-post-thumbnail","6":"product_cat-okso-vape","8":"first","9":"instock","10":"shipping-taxable","11":"purchasable","12":"product-type-variable"},"_links":{"self":[{"href":"https:\/\/apexvape.de\/fr\/wp-json\/wp\/v2\/product\/5729","targetHints":{"allow":["GET"]}}],"collection":[{"href":"https:\/\/apexvape.de\/fr\/wp-json\/wp\/v2\/product"}],"about":[{"href":"https:\/\/apexvape.de\/fr\/wp-json\/wp\/v2\/types\/product"}],"replies":[{"embeddable":true,"href":"https:\/\/apexvape.de\/fr\/wp-json\/wp\/v2\/comments?post=5729"}],"version-history":[{"count":0,"href":"https:\/\/apexvape.de\/fr\/wp-json\/wp\/v2\/product\/5729\/revisions"}],"wp:featuredmedia":[{"embeddable":true,"href":"https:\/\/apexvape.de\/fr\/wp-json\/wp\/v2\/media\/5730"}],"wp:attachment":[{"href":"https:\/\/apexvape.de\/fr\/wp-json\/wp\/v2\/media?parent=5729"}],"wp:term":[{"taxonomy":"product_brand","embeddable":true,"href":"https:\/\/apexvape.de\/fr\/wp-json\/wp\/v2\/product_brand?post=5729"},{"taxonomy":"product_cat","embeddable":true,"href":"https:\/\/apexvape.de\/fr\/wp-json\/wp\/v2\/product_cat?post=5729"},{"taxonomy":"product_tag","embeddable":true,"href":"https:\/\/apexvape.de\/fr\/wp-json\/wp\/v2\/product_tag?post=5729"}],"curies":[{"name":"wp","href":"https:\/\/api.w.org\/{rel}","templated":true}]}}