{"id":5508,"date":"2025-12-13T15:19:24","date_gmt":"2025-12-13T14:19:24","guid":{"rendered":"https:\/\/apexvape.de\/?post_type=product&#038;p=5508"},"modified":"2026-02-27T09:27:09","modified_gmt":"2026-02-27T08:27:09","slug":"razz-bar-60000","status":"publish","type":"product","link":"https:\/\/apexvape.de\/fr\/product\/razz-bar-60000\/","title":{"rendered":"Razz Bar 60000 bouff\u00e9es Vape jetable"},"content":{"rendered":"<h1>Razz Bar 60000 bouff\u00e9es Crystal Vape rechargeable vente en gros achat en gros Mesh Coil<\/h1>\n<p>La Razz Bar 60000 offre 60 000 bouff\u00e9es exceptionnelles \u00e0 partir d'un r\u00e9servoir pr\u00e9rempli de 20 ml pour une utilisation prolong\u00e9e. Elle pr\u00e9sente un design cristallin haut de gamme avec un bo\u00eetier transparent et des autocollants sp\u00e9cifiques \u00e0 chaque saveur pour un style sophistiqu\u00e9. La technologie avanc\u00e9e Mesh Coil garantit un go\u00fbt riche et une vapeur douce \u00e0 chaque bouff\u00e9e. Aliment\u00e9 par une batterie rechargeable de 650 mAh avec recharge de type C pour un rechargement pratique. Disponible en concentrations de sel de nicotine 2% (20 mg) ou 5% (50 mg). Choisissez parmi 16 saveurs populaires con\u00e7ues pour une satisfaction durable. Parfait pour les vapoteurs qui recherchent une capacit\u00e9 maximale, un design \u00e9l\u00e9gant et des performances constantes.<\/p>\n<h2>Razz Bar 60000 bouff\u00e9es Points forts<\/h2>\n<p>La Razz Bar 60000 \u00e9tablit une norme in\u00e9gal\u00e9e en mati\u00e8re de vapotage \u00e0 haute capacit\u00e9 et offre 60 000 bouff\u00e9es exceptionnelles gr\u00e2ce \u00e0 son r\u00e9servoir pr\u00e9rempli g\u00e9n\u00e9reux de 20 ml. Cette endurance exceptionnelle garantit une utilisation prolong\u00e9e qui d\u00e9passe de loin celle des appareils jetables classiques, ce qui en fait le choix id\u00e9al pour les vapoteurs qui privil\u00e9gient le confort et souhaitent minimiser la fr\u00e9quence de remplacement des appareils tout en profitant de sessions de vapotage prolong\u00e9es et ininterrompues.<\/p>\n<p>Dot\u00e9 d'un design en cristal haut de gamme, cet appareil pr\u00e9sente un bo\u00eetier transparent uniforme, compl\u00e9t\u00e9 par des autocollants \u00e9l\u00e9gants et sp\u00e9cifiques \u00e0 chaque saveur, qui cr\u00e9ent une esth\u00e9tique sophistiqu\u00e9e et accrocheuse. Sa conception \u00e9l\u00e9gante n'est pas seulement attrayante visuellement, elle permet \u00e9galement aux utilisateurs de surveiller facilement le niveau de leur e-liquide d'un seul coup d'\u0153il. Cette approche moderne du design allie fonctionnalit\u00e9 et commercialisation, et se d\u00e9marque sur un march\u00e9 de la vape de plus en plus concurrentiel.<\/p>\n<p>Gr\u00e2ce \u00e0 la technologie avanc\u00e9e Mesh Coil, l'appareil garantit une saveur riche et une production de vapeur douce \u00e0 chaque bouff\u00e9e, tout en conservant une qualit\u00e9 constante tout au long de sa dur\u00e9e de vie impressionnante. La batterie rechargeable de 650 mAh offre une alimentation fiable et se recharge facilement via le port Type-C, vous permettant d'atteindre les 60 000 bouff\u00e9es sans perte de puissance. Disponible en deux options de nicotine, 2% (20 mg) ou 5% (50 mg) de sel, il r\u00e9pond aux diff\u00e9rentes pr\u00e9f\u00e9rences et niveaux de satisfaction des utilisateurs.<\/p>\n<p>Avec une gamme compl\u00e8te de 16 saveurs populaires et uniques disponibles en permanence, cette cigarette \u00e9lectronique r\u00e9pond \u00e0 une grande vari\u00e9t\u00e9 de besoins du march\u00e9 et de pr\u00e9f\u00e9rences gustatives. Chaque saveur est soigneusement \u00e9labor\u00e9e pour offrir une exp\u00e9rience gustative satisfaisante, qui reste fra\u00eeche et agr\u00e9able de la premi\u00e8re \u00e0 la derni\u00e8re bouff\u00e9e, afin que les vapoteurs puissent toujours trouver leur profil pr\u00e9f\u00e9r\u00e9 tout en explorant de nouvelles options qui rendent leur exp\u00e9rience de vapotage passionnante et personnalis\u00e9e.<\/p>\n<h2>sp\u00e9cifications du produit<\/h2>\n<p><strong>Trains :<\/strong> Jusqu'\u00e0 60 000 trains<br \/>\n<strong>Teneurs en nicotine :<\/strong> 2% et 5%<br \/>\n<strong>Batterie :<\/strong> 650 mAh rechargeable<br \/>\n<strong>Suralimentation :<\/strong> Charge rapide Type-C<br \/>\n<strong>Conception :<\/strong> Cigarette \u00e9lectronique jetable compacte et portable<br \/>\n<strong>Saveurs :<\/strong> 16 options d\u00e9licieuses<br \/>\n<strong>Emballage :<\/strong> 10 pi\u00e8ces par pr\u00e9sentoir<\/p>\n<h2>Razz Bar 60000 bouff\u00e9es Saveurs<\/h2>\n<ol>\n<li>Strawberry Banana (fraise banane)<\/li>\n<li>Juicy Peach Ice (Glace \u00e0 la p\u00eache juteuse)<\/li>\n<li>Coco Loco (Coco Loco)<\/li>\n<li>Blueberry Sour Raspberry (Myrtille Framboise acidul\u00e9e)<\/li>\n<li>Cotton Candy (barbe \u00e0 papa)<\/li>\n<li>Gummy Bear (oursons en g\u00e9latine)<\/li>\n<li>Blueberry Watermelon (myrtille past\u00e8que)<\/li>\n<li>Citron, p\u00eache et fruit de la passion<\/li>\n<li>Black Ice Dragon Fruit Strawberry (Fruit du dragon noir et fraise)<\/li>\n<li>M\u00e9lange de baies<\/li>\n<li>Love 66 (Amour 66)<\/li>\n<li>Strawberry Kiwi (fraise kiwi)<\/li>\n<li>Tropical Fruit (Fruit tropical)<\/li>\n<li>Strawberry Vanilla Coke (cola fraise-vanille)<\/li>\n<li>Citron vert (citron vert)<\/li>\n<li>Summer Dream (R\u00eave d'\u00e9t\u00e9)<\/li>\n<\/ol>\n<h2>Razz Bar 60000 bouff\u00e9es Foire aux questions<\/h2>\n<p><strong>1. Combien de bouff\u00e9es la Razz Bar 60000 fournit-elle ?<\/strong><\/p>\n<p>Cet appareil haute capacit\u00e9 offre 60 000 bouff\u00e9es exceptionnelles gr\u00e2ce \u00e0 son r\u00e9servoir pr\u00e9rempli g\u00e9n\u00e9reux de 20 ml. Son endurance exceptionnelle garantit une utilisation longue dur\u00e9e, ce qui minimise le besoin de remplacements fr\u00e9quents et le rend parfait pour les vapoteurs qui appr\u00e9cient le confort et les sessions de vapotage prolong\u00e9es.<\/p>\n<p><strong>2. Qu'est-ce qui rend ce design si particulier ?<\/strong><\/p>\n<p>L'appareil pr\u00e9sente un design cristallin haut de gamme avec un bo\u00eetier transparent uniforme et des autocollants \u00e9l\u00e9gants sp\u00e9cifiques \u00e0 chaque saveur. Cette conception \u00e9l\u00e9gante lui conf\u00e8re un aspect sophistiqu\u00e9 tout en permettant aux utilisateurs de surveiller facilement le niveau d'e-liquide d'un seul coup d'\u0153il, alliant ainsi esth\u00e9tique et fonctionnalit\u00e9 pratique.<\/p>\n<p><strong>3. Quelles sont les concentrations de nicotine disponibles ?<\/strong><\/p>\n<p>Choisissez parmi deux options de nicotine : 2% (20 mg) ou 5% (50 mg) de sel, selon vos pr\u00e9f\u00e9rences. Ces options flexibles r\u00e9pondent aux diff\u00e9rents besoins des utilisateurs, que vous pr\u00e9f\u00e9riez une exp\u00e9rience plus l\u00e9g\u00e8re ou une teneur en nicotine plus forte pour une satisfaction maximale.<\/p>\n<p><strong>4. Comment fonctionnent la batterie et la recharge ?<\/strong><\/p>\n<p>Aliment\u00e9e par une batterie rechargeable de 650 mAh, cette cigarette \u00e9lectronique se recharge facilement via un port Type-C. La batterie fiable vous garantit un nombre maximal de bouff\u00e9es sans probl\u00e8me de performance et une qualit\u00e9 constante pendant une utilisation prolong\u00e9e.<\/p>\n<p><strong>5. Combien d'options de saveurs sont disponibles ?<\/strong><\/p>\n<p>Avec 16 saveurs populaires et uniques disponibles en permanence, cet appareil r\u00e9pond \u00e0 une grande vari\u00e9t\u00e9 de pr\u00e9f\u00e9rences gustatives. Chaque saveur est soigneusement \u00e9labor\u00e9e pour offrir une exp\u00e9rience satisfaisante, fra\u00eeche et agr\u00e9able de la premi\u00e8re \u00e0 la derni\u00e8re bouff\u00e9e, et offre une grande vari\u00e9t\u00e9 pour tous les vapoteurs.<\/p>\n<h2>Razz Bar Excellence chez ApexVape<\/h2>\n<p>D\u00e9couvrez notre <strong><a href=\"https:\/\/apexvape.de\/fr\/\">page d'accueil<\/a><\/strong> toute la gamme de produits de vapotage innovants pour les plus exigeants. Notre <strong><a href=\"https:\/\/apexvape.de\/fr\/product-category\/razz-bar-vape\/\">RAZZ BAR VAPE Cat\u00e9gorie<\/a><\/strong> vous offre un acc\u00e8s exclusif \u00e0 tous les mod\u00e8les Razz Bar, de l'appareil d'entr\u00e9e de gamme \u00e0 la version haut de gamme avec une capacit\u00e9 maximale. Chez ApexVape, vous b\u00e9n\u00e9ficiez d'un contact direct avec le fabricant, de prix transparents et d'un service client qui r\u00e9pondra \u00e0 vos questions avec comp\u00e9tence.<\/p>","protected":false},"excerpt":{"rendered":"<p class=\"font-claude-response-body break-words whitespace-normal leading-[1.7]\">Die Razz Bar 60000 beeindruckt mit 60.000 Z\u00fcgen aus 20ml Tank und Premium-Kristall-Design. Mit 650mAh wiederaufladbarem Akku, Type-C-Ladung und Mesh-Coil-Technologie. Transparentes Geh\u00e4use mit geschmacksspezifischen Aufklebern. Erh\u00e4ltlich in 2% &amp; 5% Nikotin, 16 Geschmacksrichtungen. Eleganz trifft auf maximale Kapazit\u00e4t.<\/p>\n","protected":false},"featured_media":5509,"comment_status":"open","ping_status":"closed","template":"","meta":[],"product_brand":[],"product_cat":[79],"product_tag":[],"class_list":{"0":"post-5508","1":"product","2":"type-product","3":"status-publish","4":"has-post-thumbnail","6":"product_cat-razz-bar-vape","8":"first","9":"instock","10":"shipping-taxable","11":"purchasable","12":"product-type-variable"},"_links":{"self":[{"href":"https:\/\/apexvape.de\/fr\/wp-json\/wp\/v2\/product\/5508","targetHints":{"allow":["GET"]}}],"collection":[{"href":"https:\/\/apexvape.de\/fr\/wp-json\/wp\/v2\/product"}],"about":[{"href":"https:\/\/apexvape.de\/fr\/wp-json\/wp\/v2\/types\/product"}],"replies":[{"embeddable":true,"href":"https:\/\/apexvape.de\/fr\/wp-json\/wp\/v2\/comments?post=5508"}],"version-history":[{"count":0,"href":"https:\/\/apexvape.de\/fr\/wp-json\/wp\/v2\/product\/5508\/revisions"}],"wp:featuredmedia":[{"embeddable":true,"href":"https:\/\/apexvape.de\/fr\/wp-json\/wp\/v2\/media\/5509"}],"wp:attachment":[{"href":"https:\/\/apexvape.de\/fr\/wp-json\/wp\/v2\/media?parent=5508"}],"wp:term":[{"taxonomy":"product_brand","embeddable":true,"href":"https:\/\/apexvape.de\/fr\/wp-json\/wp\/v2\/product_brand?post=5508"},{"taxonomy":"product_cat","embeddable":true,"href":"https:\/\/apexvape.de\/fr\/wp-json\/wp\/v2\/product_cat?post=5508"},{"taxonomy":"product_tag","embeddable":true,"href":"https:\/\/apexvape.de\/fr\/wp-json\/wp\/v2\/product_tag?post=5508"}],"curies":[{"name":"wp","href":"https:\/\/api.w.org\/{rel}","templated":true}]}}