{"id":5462,"date":"2025-12-13T15:14:23","date_gmt":"2025-12-13T14:14:23","guid":{"rendered":"https:\/\/apexvape.de\/?post_type=product&#038;p=5462"},"modified":"2026-02-27T09:27:23","modified_gmt":"2026-02-27T08:27:23","slug":"razz-bar-50000","status":"publish","type":"product","link":"https:\/\/apexvape.de\/fr\/product\/razz-bar-50000\/","title":{"rendered":"Razz Bar 50000 bouff\u00e9es Vape jetable"},"content":{"rendered":"<h1>Razz Bar 50000 bouff\u00e9es Cigarette \u00e9lectronique jetable<\/h1>\n<p>La Razz Bar 50000 offre 50 000 bouff\u00e9es exceptionnelles gr\u00e2ce \u00e0 une technologie avanc\u00e9e de r\u00e9sistance mesh pour une vapeur plus dense et un go\u00fbt riche. Disponible en concentrations de nicotine 2% et 5%, 5% \u00e9tant l'option la plus populaire. Aliment\u00e9 par une batterie rechargeable de 650 mAh avec recharge rapide de type C pour une utilisation fiable et ininterrompue. L'\u00e9cran intelligent affiche en temps r\u00e9el le niveau de la batterie et du e-liquide pour vous tenir inform\u00e9 \u00e0 tout moment. Les mesh coils offrent une plus grande surface de chauffe pour des bouff\u00e9es plus douces et plus riches. Parfait pour les vapoteurs qui recherchent des performances durables avec un minimum de remplacements et des fonctions de surveillance intelligentes.<\/p>\n<h2>Razz Bar 50000 bouff\u00e9es Points forts<\/h2>\n<p>La Razz Bar 50000 bouff\u00e9es offre des options de nicotine flexibles avec des concentrations de 2% et 5% qui r\u00e9pondent aux divers besoins et pr\u00e9f\u00e9rences des utilisateurs. Que vous souhaitiez r\u00e9duire votre d\u00e9pendance \u00e0 la nicotine ou que vous recherchiez un substitut satisfaisant \u00e0 la cigarette, vous pouvez choisir le niveau qui correspond \u00e0 vos objectifs. L'option de nicotine 5% (20 mg) reste le choix le plus populaire parmi les vapoteurs qui pr\u00e9f\u00e8rent une teneur en nicotine plus \u00e9lev\u00e9e pour une satisfaction maximale.<\/p>\n<p>Avec une capacit\u00e9 exceptionnelle de 50 000 bouff\u00e9es par appareil, cette cigarette \u00e9lectronique \u00e9tablit une nouvelle norme en mati\u00e8re d'utilisation prolong\u00e9e et de confort. Son impressionnante capacit\u00e9 minimise le besoin de remplacements fr\u00e9quents et la rend id\u00e9ale pour les vapoteurs qui appr\u00e9cient les performances durables et souhaitent \u00e9viter d'avoir \u00e0 changer constamment d'appareil ou de se retrouver \u00e0 court de recharge de mani\u00e8re inattendue.<\/p>\n<p>Aliment\u00e9 par une batterie rechargeable robuste de 650 mAh avec recharge rapide de type C, cet appareil garantit une alimentation fiable pour une vape ininterrompue tout au long de la journ\u00e9e. La fonction de recharge rapide offre une solution portable et pratique qui vous permet de vapoter avec un minimum d'interruptions. La technologie avanc\u00e9e de r\u00e9sistance mesh renforce \u00e0 la fois la production de vapeur et l'intensit\u00e9 des saveurs gr\u00e2ce \u00e0 une surface de chauffe plus grande, offrant une exp\u00e9rience plus douce et plus riche \u00e0 chaque bouff\u00e9e.<\/p>\n<p>L'\u00e9cran intelligent ajoute un confort moderne en affichant en temps r\u00e9el les niveaux d'huile et de batterie d'un seul coup d'\u0153il. Cette fonction intuitive vous permet de surveiller sans effort l'\u00e9tat d'\u00e9nergie de votre appareil et la consommation d'e-liquide, et vous garantit de ne jamais \u00eatre pris au d\u00e9pourvu. La combinaison d'une grande capacit\u00e9, d'une surveillance intelligente et d'une technologie de r\u00e9sistance sup\u00e9rieure cr\u00e9e une exp\u00e9rience de vapotage \u00e9clair\u00e9e et satisfaisante du d\u00e9but \u00e0 la fin.<\/p>\n<h2>sp\u00e9cifications<\/h2>\n<p><strong>Trains :<\/strong> 50 000 trains<br \/>\n<strong>Nicotine :<\/strong> 2%\/5%<br \/>\n<strong>Batterie :<\/strong> 650 mAh<br \/>\n<strong>Type C rechargeable<\/strong><br \/>\n<strong>10 pi\u00e8ces par pr\u00e9sentoir<\/strong><\/p>\n<h2>Razz Bar 50000 bouff\u00e9es Saveurs<\/h2>\n<ol>\n<li>Raspberry Watermelon (framboise past\u00e8que)<\/li>\n<li>Strawberry Ice (glace \u00e0 la fraise)<\/li>\n<li>Red Bull Grape (Red Bull raisin)<\/li>\n<li>Tropical Fruit (Fruit tropical)<\/li>\n<li>Banana (banane)<\/li>\n<li>Blueberry Ice (glace \u00e0 la myrtille)<\/li>\n<li>Peach Ice (glace \u00e0 la p\u00eache)<\/li>\n<li>Ananas-noix de coco<\/li>\n<li>Watermelon Ice (Glace \u00e0 la past\u00e8que)<\/li>\n<li>Citron vert (citron vert)<\/li>\n<li>Strawberry Banana (fraise banane)<\/li>\n<li>M. Blue (M. Blue)<\/li>\n<li>Strawberry Watermelon Bubble Gum (fraise past\u00e8que chewing-gum)<\/li>\n<li>Pink Lemonade (Limonade rose)<\/li>\n<li>Cherry Cola (cola \u00e0 la cerise)<\/li>\n<li>Gummy Bear (oursons en g\u00e9latine)<\/li>\n<\/ol>\n<h2>Razz Bar 50000 bouff\u00e9es Foire aux questions<\/h2>\n<p><strong>1. Combien de coups offre le Razz Bar 50000 ?<\/strong><\/p>\n<p>Cette cigarette \u00e9lectronique jetable \u00e0 haute capacit\u00e9 offre 50 000 bouff\u00e9es exceptionnelles par appareil, \u00e9tablissant ainsi une nouvelle norme en mati\u00e8re d'utilisation prolong\u00e9e et de confort. Le nombre impressionnant de bouff\u00e9es minimise le besoin de remplacements fr\u00e9quents et la rend parfaite pour les vapoteurs qui appr\u00e9cient les performances durables et souhaitent \u00e9viter de changer constamment d'appareil ou de se retrouver \u00e0 court de recharge de mani\u00e8re inattendue.<\/p>\n<p><strong>2. Quelles sont les options disponibles en mati\u00e8re de teneur en nicotine ?<\/strong><\/p>\n<p>L'appareil offre des niveaux de nicotine flexibles avec 2% et 5%, qui r\u00e9pondent aux divers besoins et pr\u00e9f\u00e9rences des utilisateurs. Que vous souhaitiez r\u00e9duire votre d\u00e9pendance \u00e0 la nicotine ou que vous recherchiez un substitut satisfaisant \u00e0 la cigarette, vous pouvez choisir la concentration qui correspond \u00e0 vos objectifs. L'option 5% (20 mg) reste le choix le plus populaire parmi les vapoteurs qui pr\u00e9f\u00e8rent une teneur en nicotine plus \u00e9lev\u00e9e.<\/p>\n<p><strong>3. Quel type de batterie et de recharge l'appareil utilise-t-il ?<\/strong><\/p>\n<p>Aliment\u00e9e par une batterie rechargeable robuste de 650 mAh avec une capacit\u00e9 de charge rapide de type C, cette cigarette \u00e9lectronique garantit une alimentation fiable pour une utilisation ininterrompue tout au long de la journ\u00e9e. La fonction de charge rapide offre une solution portable et pratique qui vous permet de vapoter avec un temps d'arr\u00eat minimal et maintient des performances constantes sans compromis.<\/p>\n<p><strong>4. Comment fonctionne la technologie Mesh Coil ?<\/strong><\/p>\n<p>La technologie avanc\u00e9e Mesh Coil augmente \u00e0 la fois la production de vapeur et l'intensit\u00e9 du go\u00fbt en offrant une surface de chauffe plus grande que les r\u00e9sistances traditionnelles. Cette conception innovante offre une exp\u00e9rience de vapotage plus douce et plus riche \u00e0 chaque bouff\u00e9e, garantissant un go\u00fbt constant et des nuages satisfaisants de la premi\u00e8re \u00e0 la derni\u00e8re bouff\u00e9e.<\/p>\n<p><strong>5. Qu'est-ce que la fonction Smart Screen ?<\/strong><\/p>\n<p>L'\u00e9cran intelligent intuitif affiche en un coup d'\u0153il les niveaux d'huile et de batterie en temps r\u00e9el, vous permettant de surveiller facilement l'\u00e9tat d'\u00e9nergie de votre appareil et la consommation d'e-liquide. Cette fonction intelligente vous garantit de ne jamais \u00eatre surpris par une batterie ou un r\u00e9servoir vide, et vous offre une exp\u00e9rience de vapotage plus \u00e9clair\u00e9e et plus satisfaisante tout au long de la dur\u00e9e de vie de l'appareil.<\/p>\n<h2>Produits Premium Razz Bar chez ApexVape<\/h2>\n<p>Parcourez notre <strong><a href=\"https:\/\/apexvape.de\/fr\/\">page d'accueil<\/a><\/strong> gr\u00e2ce \u00e0 notre gamme compl\u00e8te de cigarettes \u00e9lectroniques jetables et d'accessoires pour vapoteurs de haute qualit\u00e9. Vous trouverez les derni\u00e8res innovations Razz Bar avec diff\u00e9rentes capacit\u00e9s d'aspiration et caract\u00e9ristiques techniques clairement pr\u00e9sent\u00e9es dans notre <strong><a href=\"https:\/\/apexvape.de\/fr\/product-category\/razz-bar-vape\/\">RAZZ BAR VAPE Cat\u00e9gorie<\/a><\/strong> \u2013 des mod\u00e8les compacts aux appareils haute capacit\u00e9. ApexVape est synonyme de produits originaux certifi\u00e9s, de remises quantitatives attractives et d'une livraison fiable en Allemagne et en Europe.<\/p>","protected":false},"excerpt":{"rendered":"<p class=\"font-claude-response-body break-words whitespace-normal leading-[1.7]\">Die Razz Bar 50000 beeindruckt mit 50.000 Z\u00fcgen und fortschrittlicher Mesh-Coil-Technologie. Mit 650mAh wiederaufladbarem Akku, Type-C-Schnellladung und Smart-Display f\u00fcr Echtzeit-Status. Erh\u00e4ltlich in 2% &amp; 5% Nikotin. Gr\u00f6\u00dfere Heizfl\u00e4che f\u00fcr sanftere, reichhaltigere Z\u00fcge. Perfekt f\u00fcr langanhaltende Performance mit intelligenter \u00dcberwachung.<\/p>\n","protected":false},"featured_media":5463,"comment_status":"open","ping_status":"closed","template":"","meta":[],"product_brand":[],"product_cat":[79],"product_tag":[],"class_list":{"0":"post-5462","1":"product","2":"type-product","3":"status-publish","4":"has-post-thumbnail","6":"product_cat-razz-bar-vape","8":"first","9":"instock","10":"shipping-taxable","11":"purchasable","12":"product-type-variable"},"_links":{"self":[{"href":"https:\/\/apexvape.de\/fr\/wp-json\/wp\/v2\/product\/5462","targetHints":{"allow":["GET"]}}],"collection":[{"href":"https:\/\/apexvape.de\/fr\/wp-json\/wp\/v2\/product"}],"about":[{"href":"https:\/\/apexvape.de\/fr\/wp-json\/wp\/v2\/types\/product"}],"replies":[{"embeddable":true,"href":"https:\/\/apexvape.de\/fr\/wp-json\/wp\/v2\/comments?post=5462"}],"version-history":[{"count":0,"href":"https:\/\/apexvape.de\/fr\/wp-json\/wp\/v2\/product\/5462\/revisions"}],"wp:featuredmedia":[{"embeddable":true,"href":"https:\/\/apexvape.de\/fr\/wp-json\/wp\/v2\/media\/5463"}],"wp:attachment":[{"href":"https:\/\/apexvape.de\/fr\/wp-json\/wp\/v2\/media?parent=5462"}],"wp:term":[{"taxonomy":"product_brand","embeddable":true,"href":"https:\/\/apexvape.de\/fr\/wp-json\/wp\/v2\/product_brand?post=5462"},{"taxonomy":"product_cat","embeddable":true,"href":"https:\/\/apexvape.de\/fr\/wp-json\/wp\/v2\/product_cat?post=5462"},{"taxonomy":"product_tag","embeddable":true,"href":"https:\/\/apexvape.de\/fr\/wp-json\/wp\/v2\/product_tag?post=5462"}],"curies":[{"name":"wp","href":"https:\/\/api.w.org\/{rel}","templated":true}]}}