{"id":4851,"date":"2025-12-08T16:36:11","date_gmt":"2025-12-08T15:36:11","guid":{"rendered":"https:\/\/apexvape.de\/?post_type=product&#038;p=4851"},"modified":"2025-12-08T16:39:27","modified_gmt":"2025-12-08T15:39:27","slug":"jnr-rage-gorilla-55000","status":"publish","type":"product","link":"https:\/\/apexvape.de\/fr\/product\/jnr-rage-gorilla-55000\/","title":{"rendered":"JNR Rage Gorilla 55000 bouff\u00e9es Vape jetable"},"content":{"rendered":"<h1>JNR Rage Gorilla 55000 bouff\u00e9es 55K \u00c9cran LED num\u00e9rique Vape jetable<\/h1>\n<p>Le JNR Rage Gorilla 55000 est une cigarette \u00e9lectronique jetable exceptionnelle qui offre jusqu'\u00e0 55 000 bouff\u00e9es gr\u00e2ce \u00e0 sa capacit\u00e9 de 42 ml d'e-liquide. Dot\u00e9 de la technologie Dual Mesh Coil pour une vapeur douce et aromatique et d'un \u00e9cran intelligent permettant de surveiller l'autonomie de la batterie et le compteur de bouff\u00e9es, cet appareil allie confort et performance. La batterie rechargeable de 950 mAh prend en charge la charge rapide de type C pour un temps d'arr\u00eat minimal. Avec une concentration en nicotine de 2%, elle offre une exp\u00e9rience satisfaisante mais douce, ce qui en fait l'une des cigarettes \u00e9lectroniques jetables les plus durables et les plus faciles \u00e0 utiliser pour les vapoteurs quotidiens qui recherchent la qualit\u00e9 et la fiabilit\u00e9.<\/p>\n<h2>JNR Rage Gorilla 55000 bouff\u00e9es Points forts<\/h2>\n<p>Le JNR Rage Gorilla 55000 bouff\u00e9es se distingue comme l'une des cigarettes \u00e9lectroniques jetables les plus durables du march\u00e9, offrant un nombre impressionnant de 55 000 bouff\u00e9es gr\u00e2ce \u00e0 sa g\u00e9n\u00e9reuse capacit\u00e9 de 42 ml d'e-liquide haut de gamme. Ce nombre exceptionnel de bouff\u00e9es signifie moins de remplacements et des sessions de vapotage ininterrompues, ce qui en fait le choix id\u00e9al pour les utilisateurs qui appr\u00e9cient le confort et la durabilit\u00e9 dans leur exp\u00e9rience de vapotage.<\/p>\n<p>\u00c9quip\u00e9 d'une technologie avanc\u00e9e \u00e0 double bobine maill\u00e9e, cet appareil garantit une vapeur douce et aromatique \u00e0 chaque bouff\u00e9e. L'\u00e9cran intelligent ajoute une touche de modernit\u00e9 et de confort, permettant aux utilisateurs de surveiller facilement l'autonomie de la batterie et le nombre de bouff\u00e9es restantes, afin que vous ne soyez jamais pris au d\u00e9pourvu lorsqu'il est temps de recharger ou de remplacer votre appareil.<\/p>\n<p>La conception rechargeable comprend une batterie puissante de 950 mAh associ\u00e9e \u00e0 une technologie de charge rapide de type C, qui vous permet de vapoter \u00e0 nouveau rapidement avec un temps d'arr\u00eat minimal. Cette combinaison d'une batterie de grande capacit\u00e9 et d'une charge efficace rend l'appareil \u00e0 la fois pratique et facile \u00e0 utiliser au quotidien.<\/p>\n<p>Avec une teneur en nicotine de 2%, le JNR Rage Gorilla offre une exp\u00e9rience de vapotage satisfaisante mais douce, qui \u00e9quilibre la lib\u00e9ration de nicotine et la qualit\u00e9 du go\u00fbt. Ce niveau de nicotine soigneusement calibr\u00e9 offre aux utilisateurs la satisfaction souhait\u00e9e tout en garantissant une session de vapotage confortable et agr\u00e9able pendant toute la dur\u00e9e de vie impressionnante de l'appareil.<\/p>\n<h2>sp\u00e9cifications du produit<\/h2>\n<ul>\n<li><strong>Type d'appareil :<\/strong> Vape rechargeable \u00e0 usage unique<\/li>\n<li><strong>Capacit\u00e9 de traction :<\/strong> Jusqu'\u00e0 55 000 trains<\/li>\n<li><strong>Teneur en nicotine :<\/strong> 2% (20 mg\/ml)<\/li>\n<li><strong>Capacit\u00e9 du e-liquide :<\/strong> 42 ml pr\u00e9rempli<\/li>\n<li><strong>Batterie :<\/strong> 950 mAh rechargeable<\/li>\n<li><strong>Connecteur de charge :<\/strong> USB Type-C<\/li>\n<li><strong>Syst\u00e8me de bobines :<\/strong> Bobine \u00e0 double maillage<\/li>\n<li><strong>\u00c9cran :<\/strong> \u00c9cran LED intelligent (surveillance de la batterie et du e-liquide)<\/li>\n<li><strong>Nombre de saveurs :<\/strong> 20 options uniques<\/li>\n<li><strong>Emballage :<\/strong> 10 pi\u00e8ces par paquet<\/li>\n<\/ul>\n<h2>saveurs<\/h2>\n<ol>\n<li>Glace \u00e0 la fraise<\/li>\n<li>Cola \u00e0 la cerise<\/li>\n<li>Glace \u00e0 la past\u00e8que<\/li>\n<li>Cerise bleue Razz<\/li>\n<li>Fraise Kiwi<\/li>\n<li>Myrtille Framboise Cerise<\/li>\n<li>Glace fraise-past\u00e8que<\/li>\n<li>Kiwi Past\u00e8que Glac\u00e9e<\/li>\n<li>Fruits rouges m\u00e9lang\u00e9s<\/li>\n<li>P\u00eaches juteuses<\/li>\n<li>Glace \u00e0 la myrtille<\/li>\n<li>Myrtille Framboise acidul\u00e9e<\/li>\n<li>P\u00eache blanche Razz<\/li>\n<li>Mangue Fruit de la passion<\/li>\n<li>P\u00eache Mangue Past\u00e8que<\/li>\n<li>Pastille \u00e0 la past\u00e8que et au chewing-gum<\/li>\n<li>Banane fraise<\/li>\n<li>Double pomme<\/li>\n<li>Kiwi Passion Goyave<\/li>\n<li>Cerise et baies<\/li>\n<\/ol>\n<h2>JNR Rage Gorilla 55000 \u2013 Foire aux questions<\/h2>\n<p><strong>1. Combien de trains propose le JNR Rage Gorilla 55000 ?<\/strong><\/p>\n<p>Cet appareil offre une autonomie impressionnante de 55 000 bouff\u00e9es, ce qui en fait l'une des cigarettes \u00e9lectroniques jetables les plus durables du march\u00e9. Gr\u00e2ce \u00e0 sa g\u00e9n\u00e9reuse capacit\u00e9 de 42 ml d'e-liquide haut de gamme, les utilisateurs peuvent profiter de longues sessions de vapotage sans avoir \u00e0 le remplacer fr\u00e9quemment, ce qui offre un rapport qualit\u00e9-prix et un confort exceptionnels pour les vapoteurs quotidiens.<\/p>\n<p><strong>2. Quelle technologie de r\u00e9sistance utilise cette cigarette \u00e9lectronique ?<\/strong><\/p>\n<p>L'appareil est dot\u00e9 d'une technologie avanc\u00e9e \u00e0 double r\u00e9sistance mesh qui garantit une vapeur douce et aromatique \u00e0 chaque bouff\u00e9e. Cette conception \u00e0 double mesh maximise le contact avec le e-liquide et l'efficacit\u00e9 du chauffage, offrant une qualit\u00e9 de saveur et une production de vapeur sup\u00e9rieures tout au long de sa dur\u00e9e de vie.<\/p>\n<p><strong>3. Le JNR Rage Gorilla 55000 est-il rechargeable ?<\/strong><\/p>\n<p>Oui, ce mod\u00e8le est enti\u00e8rement rechargeable et \u00e9quip\u00e9 d'une batterie puissante de 950 mAh. Il dispose d'une technologie pratique de charge rapide de type C qui permet aux utilisateurs de recharger rapidement avec un temps d'arr\u00eat minimal. La conception rechargeable vous permet de profiter de chaque bouff\u00e9e de la capacit\u00e9 de 42 ml d'e-liquide sans aucune limitation de batterie.<\/p>\n<p><strong>4. Quelle est la teneur en nicotine de cette cigarette \u00e9lectronique jetable ?<\/strong><\/p>\n<p>Le produit contient 2% de nicotine et offre une exp\u00e9rience de vapotage satisfaisante mais douce. Ce niveau de nicotine soigneusement calibr\u00e9 \u00e9quilibre la lib\u00e9ration efficace de nicotine et la qualit\u00e9 du go\u00fbt, ce qui le rend adapt\u00e9 aux utilisateurs qui pr\u00e9f\u00e8rent une concentration mod\u00e9r\u00e9e de nicotine, confortable pour les longues sessions de vapotage.<\/p>\n<p><strong>5. Cet appareil dispose-t-il d'un \u00e9cran d'affichage ?<\/strong><\/p>\n<p>Oui, il dispose d'un \u00e9cran intelligent qui permet aux utilisateurs de surveiller facilement l'autonomie de la batterie et le nombre de bouff\u00e9es restantes. Cette fonction pratique vous offre un meilleur contr\u00f4le sur votre exp\u00e9rience de vapotage et vous permet de toujours savoir quand il est temps de recharger ou de remplacer l'appareil, \u00e9liminant ainsi les interruptions inattendues.<\/p>\n<h2>D\u00e9couvrez d'autres produits JNR chez Apex Vape<\/h2>\n<p>Le JNR Rage Gorilla 55000 incarne l'innovation et la qualit\u00e9 au plus haut niveau. Vous \u00eates int\u00e9ress\u00e9 par d'autres appareils haut de gamme ? Parcourez notre <strong><a href=\"https:\/\/apexvape.de\/fr\/\">page d'accueil<\/a><\/strong> gr\u00e2ce \u00e0 notre large gamme de cigarettes \u00e9lectroniques et d'accessoires. Dans notre boutique sp\u00e9cialis\u00e9e <strong><a href=\"https:\/\/apexvape.de\/fr\/product-category\/jnr-vape\/\">Cat\u00e9gorie JNR VAPE<\/a><\/strong> Nous vous pr\u00e9sentons la gamme compl\u00e8te de produits de la s\u00e9rie JNR tr\u00e8s appr\u00e9ci\u00e9e, avec diff\u00e9rents mod\u00e8les, capacit\u00e9s et saveurs. Laissez-vous convaincre par la qualit\u00e9 haut de gamme, le service fiable et les prix comp\u00e9titifs pour les commandes individuelles et en gros.<\/p>","protected":false},"excerpt":{"rendered":"<p>La JNR Rage Gorilla 55000 bouff\u00e9es est une cigarette \u00e9lectronique jetable haut de gamme offrant une capacit\u00e9 impressionnante de 55 000 bouff\u00e9es et 42 ml d'e-liquide. La technologie Dual Mesh Coil garantit un go\u00fbt intense, tandis que l'\u00e9cran LED intelligent affiche le niveau de la batterie et le nombre de bouff\u00e9es. Avec une batterie rechargeable de 950 mAh et une charge rapide de type C, elle est parfaite pour les vapoteurs exigeants.<\/p>","protected":false},"featured_media":4852,"comment_status":"open","ping_status":"closed","template":"","meta":[],"product_brand":[],"product_cat":[77],"product_tag":[],"class_list":{"0":"post-4851","1":"product","2":"type-product","3":"status-publish","4":"has-post-thumbnail","6":"product_cat-jnr-vape","8":"first","9":"instock","10":"shipping-taxable","11":"purchasable","12":"product-type-variable"},"_links":{"self":[{"href":"https:\/\/apexvape.de\/fr\/wp-json\/wp\/v2\/product\/4851","targetHints":{"allow":["GET"]}}],"collection":[{"href":"https:\/\/apexvape.de\/fr\/wp-json\/wp\/v2\/product"}],"about":[{"href":"https:\/\/apexvape.de\/fr\/wp-json\/wp\/v2\/types\/product"}],"replies":[{"embeddable":true,"href":"https:\/\/apexvape.de\/fr\/wp-json\/wp\/v2\/comments?post=4851"}],"version-history":[{"count":0,"href":"https:\/\/apexvape.de\/fr\/wp-json\/wp\/v2\/product\/4851\/revisions"}],"wp:featuredmedia":[{"embeddable":true,"href":"https:\/\/apexvape.de\/fr\/wp-json\/wp\/v2\/media\/4852"}],"wp:attachment":[{"href":"https:\/\/apexvape.de\/fr\/wp-json\/wp\/v2\/media?parent=4851"}],"wp:term":[{"taxonomy":"product_brand","embeddable":true,"href":"https:\/\/apexvape.de\/fr\/wp-json\/wp\/v2\/product_brand?post=4851"},{"taxonomy":"product_cat","embeddable":true,"href":"https:\/\/apexvape.de\/fr\/wp-json\/wp\/v2\/product_cat?post=4851"},{"taxonomy":"product_tag","embeddable":true,"href":"https:\/\/apexvape.de\/fr\/wp-json\/wp\/v2\/product_tag?post=4851"}],"curies":[{"name":"wp","href":"https:\/\/api.w.org\/{rel}","templated":true}]}}