{"id":4750,"date":"2025-12-05T17:04:09","date_gmt":"2025-12-05T16:04:09","guid":{"rendered":"https:\/\/apexvape.de\/?post_type=product&#038;p=4750"},"modified":"2025-12-08T15:18:04","modified_gmt":"2025-12-08T14:18:04","slug":"jnr-falcon-pro-28000","status":"publish","type":"product","link":"https:\/\/apexvape.de\/fr\/product\/jnr-falcon-pro-28000\/","title":{"rendered":"JNR Falcon Pro 28000 bouff\u00e9es Vape jetable"},"content":{"rendered":"<h1>Cigarette \u00e9lectronique jetable JNR Falcon Pro 28000 | Puissante et au go\u00fbt authentique<\/h1>\n<p>Le JNR Falcon Pro 28000 Puffs est le mod\u00e8le phare original, con\u00e7u pour offrir une vape douce, aromatique et durable. Avec une capacit\u00e9 impressionnante pouvant atteindre 28 000 bouff\u00e9es, cet appareil puissant est id\u00e9al pour les utilisateurs qui appr\u00e9cient l'endurance, la qualit\u00e9 et le style dans un appareil \u00e9l\u00e9gant. \u00c9quip\u00e9 de 30 ml d'e-liquide premium et de nicotine 2 %, le Falcon Pro offre un hit en gorge constant et satisfaisant.<\/p>\n<p>L'appareil est \u00e9quip\u00e9 d'un syst\u00e8me \u00e0 double r\u00e9sistance mesh qui optimise la production de vapeur et la puret\u00e9 du go\u00fbt, rendant chaque bouff\u00e9e aussi intense et onctueuse que la premi\u00e8re. La technologie avanc\u00e9e de la r\u00e9sistance fonctionne en parfaite harmonie avec la g\u00e9n\u00e9reuse capacit\u00e9 d'e-liquide et offre des performances exceptionnelles tout au long de la dur\u00e9e de vie de l'appareil.<\/p>\n<p>Aliment\u00e9 par une batterie rechargeable fiable de 950 mAh, ce vaporisateur offre une autonomie impressionnante avec une seule charge et prend en charge la recharge rapide de type C pour un temps d'arr\u00eat minimal. L'\u00e9cran LED num\u00e9rique vous informe en temps r\u00e9el de l'\u00e9tat de la batterie et du e-liquide, vous offrant s\u00e9curit\u00e9 et contr\u00f4le \u00e0 chaque session, pour que vous ne soyez jamais pris au d\u00e9pourvu.<\/p>\n<p>Avec ses 20 saveurs uniques, le JNR Falcon Pro 28000 Puffs a \u00e9t\u00e9 con\u00e7u pour r\u00e9pondre aux pr\u00e9f\u00e9rences gustatives les plus diverses, que vous recherchiez quelque chose de fruit\u00e9, de glac\u00e9 ou de cors\u00e9. Ce large choix de saveurs garantit que chaque vapoteur y trouvera son compte, ce qui en fait un choix polyvalent tant pour les d\u00e9butants que pour les amateurs exp\u00e9riment\u00e9s.<\/p>\n<h2>Caract\u00e9ristiques techniques :<\/h2>\n<ul>\n<li><strong>E-liquide :<\/strong> 30 ml<\/li>\n<li><strong>Capacit\u00e9 de la batterie :<\/strong> 950 mAh<\/li>\n<li><strong>Coups maximum :<\/strong> 28 000 bouff\u00e9es<\/li>\n<li><strong>Teneur en nicotine :<\/strong> 2 % (20 mg)<\/li>\n<li><strong>Bobine :<\/strong> Double r\u00e9sistance Mesh Coil 1,0 \u03a9 pour des bouff\u00e9es douces et savoureuses<\/li>\n<li><strong>\u00c9cran intelligent :<\/strong> Affichage num\u00e9rique<\/li>\n<li><strong>Technologie Dual Mesh Coil<\/strong><\/li>\n<li><strong>Suralimentation :<\/strong> USB Type-C<\/li>\n<li><strong>Vapotage MTL<\/strong> (bouche-poumon)<\/li>\n<\/ul>\n<h2>Saveurs :<\/h2>\n<ol>\n<li>Strawberry Ice (glace \u00e0 la fraise)<\/li>\n<li>Cherry Cola (cola \u00e0 la cerise)<\/li>\n<li>Watermelon Ice (glace \u00e0 la past\u00e8que)<\/li>\n<li>Blue Razz Cherry (framboise-cerise bleue)<\/li>\n<li>Strawberry Kiwi (fraise-kiwi)<\/li>\n<li>Myrtille, framboise, cerise<\/li>\n<li>Strawberry Watermelon Ice (glace \u00e0 la fraise et \u00e0 la past\u00e8que)<\/li>\n<li>Kiwi Watermelon Ice (glace au kiwi et \u00e0 la past\u00e8que)<\/li>\n<li>M\u00e9lange de baies<\/li>\n<li>Juicy Peaches (P\u00eaches juteuses)<\/li>\n<li>Blueberry Ice (glace \u00e0 la myrtille)<\/li>\n<li>Blueberry Sour Raspberry (myrtille-framboise acidul\u00e9e)<\/li>\n<li>White Peach Razz (P\u00eache blanche-framboise)<\/li>\n<li>Mangue-fruit de la passion<\/li>\n<li>Peach Mango Watermelon (P\u00eache-Mangue-Past\u00e8que)<\/li>\n<li>Watermelon Bubblegum (pastille \u00e0 la past\u00e8que)<\/li>\n<li>Strawberry Banana (fraise-banane)<\/li>\n<li>Double Apple (double pomme)<\/li>\n<li>Kiwi Passion Guava (kiwi, fruit de la passion, goyave)<\/li>\n<li>Cherry Berry (cerise-baie)<\/li>\n<\/ol>\n<h2>Foire aux questions \u2013 JNR Falcon Pro 28000 bouff\u00e9es<\/h2>\n<p><strong>1. Combien de trains la JNR Falcon Pro 28000 propose-t-elle ?<\/strong><\/p>\n<p>Cet appareil offre jusqu'\u00e0 28 000 bouff\u00e9es, ce qui en fait l'une des cigarettes \u00e9lectroniques jetables les plus durables du march\u00e9. Sa capacit\u00e9 massive est id\u00e9ale pour les utilisateurs qui recherchent l'endurance et la valeur sans avoir \u00e0 la remplacer fr\u00e9quemment.<\/p>\n<p><strong>2. Quelle est la capacit\u00e9 en e-liquide et quelle est la teneur en nicotine de l'appareil ?<\/strong><\/p>\n<p>L'appareil est pr\u00e9rempli avec 30 ml d'e-liquide haut de gamme et contient 2 % (20 mg\/ml) de nicotine. Cette capacit\u00e9 g\u00e9n\u00e9reuse, combin\u00e9e \u00e0 une teneur optimale en nicotine, garantit une sensation en gorge constante et satisfaisante tout au long de la dur\u00e9e de vie du produit.<\/p>\n<p><strong>3. Quel syst\u00e8me de bobine utilise le JNR Falcon Pro 28000 ?<\/strong><\/p>\n<p>Il dispose d'un syst\u00e8me avanc\u00e9 \u00e0 double bobine maill\u00e9e qui optimise \u00e0 la fois la production de vapeur et la puret\u00e9 du go\u00fbt. Cette technologie garantit que chaque bouff\u00e9e est aussi intense et douce que la premi\u00e8re et offre des performances exceptionnelles du d\u00e9but \u00e0 la fin.<\/p>\n<p><strong>4. Quelle est l'autonomie de la batterie et quelles sont les options de recharge disponibles ?<\/strong><\/p>\n<p>L'appareil est aliment\u00e9 par une batterie rechargeable fiable de 950 mAh qui offre une autonomie impressionnante avec une seule charge. Il prend en charge la charge rapide de type C pour un temps d'arr\u00eat minimal, et l'\u00e9cran LED num\u00e9rique affiche l'\u00e9tat de la batterie en temps r\u00e9el pour que vous soyez toujours inform\u00e9.<\/p>\n<p><strong>5. Combien de saveurs sont disponibles pour le JNR Falcon Pro 28000 ?<\/strong><\/p>\n<p>Il existe 20 saveurs uniques pour satisfaire les pr\u00e9f\u00e9rences gustatives les plus diverses. Que vous recherchiez quelque chose de fruit\u00e9, de glac\u00e9 ou de cors\u00e9, cette vaste s\u00e9lection de saveurs garantit que chaque vapoteur y trouvera son compte, des d\u00e9butants aux passionn\u00e9s exp\u00e9riment\u00e9s.<\/p>\n<h2>\u00c0 propos d'Apex Vape<\/h2>\n<p>D\u00e9couvrez le JNR Falcon Pro 28000 et d'autres produits haut de gamme sur <strong><a href=\"https:\/\/apexvape.de\/fr\/\">Apex Vape<\/a><\/strong> \u2013 Votre boutique en ligne de confiance pour les cigarettes \u00e9lectroniques et les accessoires de vapotage haut de gamme en Allemagne. Si vous recherchez des cigarettes \u00e9lectroniques jetables innovantes aux performances exceptionnelles, rendez-vous sur notre site <strong><a href=\"https:\/\/apexvape.de\/fr\/product-category\/jnr-vape\/\">Cat\u00e9gorie JNR VAPE<\/a><\/strong> et trouvez l'appareil parfait pour vos besoins individuels. Chez Apex Vape, nous vous proposons une large s\u00e9lection de produits de vapotage haut de gamme, une livraison rapide et un excellent service client pour une exp\u00e9rience d'achat enti\u00e8rement satisfaisante.<\/p>","protected":false},"excerpt":{"rendered":"<p class=\"font-claude-response-body break-words whitespace-normal\">Le JNR Falcon Pro 28000 bouff\u00e9es allie performance et \u00e9l\u00e9gance. Avec 30 ml d'e-liquide, une double r\u00e9sistance mesh et une batterie de 950 mAh, il offre 28 000 bouff\u00e9es au go\u00fbt intense. L'\u00e9cran LED intelligent affiche le niveau de la batterie et du liquide, tandis que la recharge rapide de type C garantit des temps de recharge courts. 20 ar\u00f4mes premium avec 2% de nicotine : la qualit\u00e9 rencontre l'endurance.<\/p>","protected":false},"featured_media":4751,"comment_status":"open","ping_status":"closed","template":"","meta":[],"product_brand":[],"product_cat":[77],"product_tag":[],"class_list":{"0":"post-4750","1":"product","2":"type-product","3":"status-publish","4":"has-post-thumbnail","6":"product_cat-jnr-vape","8":"first","9":"instock","10":"shipping-taxable","11":"purchasable","12":"product-type-variable"},"_links":{"self":[{"href":"https:\/\/apexvape.de\/fr\/wp-json\/wp\/v2\/product\/4750","targetHints":{"allow":["GET"]}}],"collection":[{"href":"https:\/\/apexvape.de\/fr\/wp-json\/wp\/v2\/product"}],"about":[{"href":"https:\/\/apexvape.de\/fr\/wp-json\/wp\/v2\/types\/product"}],"replies":[{"embeddable":true,"href":"https:\/\/apexvape.de\/fr\/wp-json\/wp\/v2\/comments?post=4750"}],"version-history":[{"count":0,"href":"https:\/\/apexvape.de\/fr\/wp-json\/wp\/v2\/product\/4750\/revisions"}],"wp:featuredmedia":[{"embeddable":true,"href":"https:\/\/apexvape.de\/fr\/wp-json\/wp\/v2\/media\/4751"}],"wp:attachment":[{"href":"https:\/\/apexvape.de\/fr\/wp-json\/wp\/v2\/media?parent=4750"}],"wp:term":[{"taxonomy":"product_brand","embeddable":true,"href":"https:\/\/apexvape.de\/fr\/wp-json\/wp\/v2\/product_brand?post=4750"},{"taxonomy":"product_cat","embeddable":true,"href":"https:\/\/apexvape.de\/fr\/wp-json\/wp\/v2\/product_cat?post=4750"},{"taxonomy":"product_tag","embeddable":true,"href":"https:\/\/apexvape.de\/fr\/wp-json\/wp\/v2\/product_tag?post=4750"}],"curies":[{"name":"wp","href":"https:\/\/api.w.org\/{rel}","templated":true}]}}