{"id":4662,"date":"2025-12-05T16:40:01","date_gmt":"2025-12-05T15:40:01","guid":{"rendered":"https:\/\/apexvape.de\/?post_type=product&#038;p=4662"},"modified":"2025-12-05T16:47:42","modified_gmt":"2025-12-05T15:47:42","slug":"jnr-tank-pro-33000","status":"publish","type":"product","link":"https:\/\/apexvape.de\/fr\/product\/jnr-tank-pro-33000\/","title":{"rendered":"JNR Tank Pro 33000 bouff\u00e9es Vape jetable"},"content":{"rendered":"<h1>JNR Tank Pro 33000 33K bouff\u00e9es Cigarette \u00e9lectronique jetable 2% Nicotine 15 saveurs Affichage num\u00e9rique LED Directement du fabricant<\/h1>\n<p>La cigarette \u00e9lectronique jetable JNR Tank Pro 33000 33K offre des performances puissantes avec jusqu'\u00e0 33 000 bouff\u00e9es et une capacit\u00e9 g\u00e9n\u00e9reuse de 28 ml d'e-liquide. \u00c9quip\u00e9e d'une batterie fiable de 850 mAh, d'une double r\u00e9sistance mesh et d'un \u00e9cran num\u00e9rique facile \u00e0 lire, elle offre un go\u00fbt exceptionnel, une vapeur douce et une recharge rapide pratique de type C. Disponible en 15 saveurs d\u00e9licieuses avec une concentration en nicotine de 2%, elle est id\u00e9ale pour les vapoteurs qui recherchent un plaisir durable et une utilisation simple.<\/p>\n<h2>JNR Tank Pro 33000 bouff\u00e9es Caract\u00e9ristiques du produit<\/h2>\n<p>La JNR Tank Pro 33000 est une cigarette \u00e9lectronique jetable \u00e0 haute capacit\u00e9 pour une utilisation prolong\u00e9e, offrant 33 000 bouff\u00e9es impressionnantes avec un minimum de recharge. Sa g\u00e9n\u00e9reuse capacit\u00e9 de 28 ml d'e-liquide garantit un plaisir de vapotage durable, tandis que la concentration en nicotine 2% offre un hit en gorge doux et \u00e9quilibr\u00e9, satisfaisant sans \u00eatre trop intense. Con\u00e7ue pour \u00eatre fiable et pratique, cette cigarette \u00e9lectronique est un excellent choix pour les vapoteurs qui appr\u00e9cient \u00e0 la fois la performance et la facilit\u00e9 d'utilisation.<\/p>\n<p>Au c\u0153ur du Tank Pro 33000 se trouve un syst\u00e8me Dual Mesh Coil qui produit un go\u00fbt sup\u00e9rieur et une vapeur dense, tout en \u00e9vitant le go\u00fbt de coccoline souvent pr\u00e9sent dans les appareils de qualit\u00e9 inf\u00e9rieure. La batterie de 850 mAh offre des performances constantes et fiables tout au long de la journ\u00e9e, et le mode Boost innovant propose des options de puissance personnalisables avec des r\u00e9glages de 15 W et 20 W, permettant aux utilisateurs de personnaliser leur exp\u00e9rience de vapotage en fonction de leurs pr\u00e9f\u00e9rences personnelles. Cette combinaison de technologie de r\u00e9sistance avanc\u00e9e et de puissance r\u00e9glable garantit que chaque bouff\u00e9e est satisfaisante.<\/p>\n<p>L'appareil dispose d'un \u00e9cran num\u00e9rique convivial qui facilite la surveillance du niveau de la batterie et de l'utilisation et vous tient inform\u00e9 en un coup d'\u0153il. Lorsqu'il est temps de recharger, le port de chargement rapide Type-C permet une alimentation pratique et rapide, minimise les temps d'arr\u00eat et vous permet de vapoter sans longues interruptions. Ces fonctionnalit\u00e9s modernes am\u00e9liorent l'exp\u00e9rience utilisateur globale et distinguent le Tank Pro 33000 des vapoteuses jetables traditionnelles.<\/p>\n<p>Avec ses 15 saveurs vari\u00e9es, le JNR Tank Pro 33000 satisfait tous les palais, du tabac classique et du menthol rafra\u00eechissant aux m\u00e9langes fruit\u00e9s et aux cr\u00e9ations inspir\u00e9es des desserts. Ce large choix permet \u00e0 chaque vapoteur de trouver son bonheur, qu'il pr\u00e9f\u00e8re les ar\u00f4mes puissants et intenses ou les notes douces et subtiles. La combinaison d'une capacit\u00e9 exceptionnelle, d'une technologie de pointe et d'une grande vari\u00e9t\u00e9 de saveurs fait du Tank Pro 33000 le choix id\u00e9al pour les vapoteurs exigeants qui recherchent qualit\u00e9 et confort.<\/p>\n<h2>Donn\u00e9es techniques<\/h2>\n<ul>\n<li><strong>Nombre de trains :<\/strong> 33 000 trains<\/li>\n<li><strong>Capacit\u00e9 du e-liquide :<\/strong> 28 ml pr\u00e9rempli<\/li>\n<li><strong>Batterie :<\/strong> 850 mAh rechargeable<\/li>\n<li><strong>Suralimentation :<\/strong> USB Type-C<\/li>\n<li><strong>Technologie des bobines :<\/strong> Bobine double\/triple maill\u00e9e<\/li>\n<li><strong>Puissance :<\/strong> R\u00e9glable entre 15 W et 20 W<\/li>\n<li><strong>\u00c9cran :<\/strong> \u00c9cran num\u00e9rique (batterie\/e-liquide)<\/li>\n<li><strong>Teneur en nicotine :<\/strong> 2% (20 mg\/ml)<\/li>\n<\/ul>\n<h2>saveurs<\/h2>\n<ol>\n<li>Cerise bleue Razz<\/li>\n<li>Glace \u00e0 la myrtille<\/li>\n<li>Myrtille Framboise Cerise<\/li>\n<li>Myrtille Framboise acidul\u00e9e<\/li>\n<li>Cerise et baies<\/li>\n<li>Cola \u00e0 la cerise<\/li>\n<li>Double pomme<\/li>\n<li>Hawa\u00ef<\/li>\n<li>Monsieur Bleu<\/li>\n<li>P\u00eache Mangue Ananas<\/li>\n<li>Banane fraise<\/li>\n<li>Glace \u00e0 la fraise<\/li>\n<li>Fraise Kiwi<\/li>\n<li>Glace \u00e0 la p\u00eache d'\u00e9t\u00e9<\/li>\n<li>Glace \u00e0 la past\u00e8que<\/li>\n<\/ol>\n<h2>JNR Tank Pro 33000 Foire aux questions (FAQ)<\/h2>\n<p><strong>1. Combien de bouff\u00e9es offre le JNR Tank Pro 33000 ?<\/strong><\/p>\n<p>Cet appareil offre une impressionnante capacit\u00e9 de 33 000 bouff\u00e9es, ce qui en fait l'une des cigarettes \u00e9lectroniques jetables les plus durables du march\u00e9. Cette capacit\u00e9 \u00e9lev\u00e9e est soutenue par un r\u00e9servoir d'e-liquide massif de 28 ml, ce qui minimise le besoin de recharges ou de remplacements fr\u00e9quents. Con\u00e7u pour une utilisation prolong\u00e9e, cet appareil offre un rapport qualit\u00e9-prix et un confort exceptionnels aux vapoteurs qui recherchent une option fiable et durable.<\/p>\n<p><strong>2. Qu'est-ce qui rend la technologie Dual Mesh Coil si sp\u00e9ciale dans cet appareil ?<\/strong><\/p>\n<p>La technologie Dual Mesh Coil offre un go\u00fbt et une production de vapeur sup\u00e9rieurs tout en \u00e9liminant compl\u00e8tement le go\u00fbt de coccoline souvent pr\u00e9sent dans les r\u00e9sistances standard. Ce syst\u00e8me de r\u00e9sistance avanc\u00e9 chauffe le e-liquide de mani\u00e8re plus uniforme et plus efficace, garantissant ainsi que chaque bouff\u00e9e, de la premi\u00e8re \u00e0 la derni\u00e8re, soit onctueuse et aromatique. Combin\u00e9 \u00e0 la fonction Boost Mode, qui offre des r\u00e9glages de puissance de 15 W et 20 W, les utilisateurs peuvent personnaliser leur exp\u00e9rience pour des performances optimales.<\/p>\n<p><strong>3. Combien de temps faut-il pour recharger cette cigarette \u00e9lectronique jetable ?<\/strong><\/p>\n<p>Ce mod\u00e8le est \u00e9quip\u00e9 de la technologie de charge rapide Type-C, qui permet une alimentation \u00e9lectrique rapide et pratique. Les temps de charge exacts peuvent varier, mais la charge Type-C est nettement plus rapide que les m\u00e9thodes de charge USB classiques et minimise les temps d'arr\u00eat, vous permettant de recommencer \u00e0 vapoter rapidement. La capacit\u00e9 de la batterie de 850 mAh garantit des performances fiables et constantes tout au long de la journ\u00e9e entre les charges.<\/p>\n<p><strong>4. Quelle est la teneur en nicotine de cette cigarette \u00e9lectronique ?<\/strong><\/p>\n<p>Cette cigarette \u00e9lectronique jetable contient 2% de nicotine (20 mg\/ml), ce qui procure une sensation en gorge douce et \u00e9quilibr\u00e9e qui convient \u00e0 la plupart des vapoteurs. Cette teneur mod\u00e9r\u00e9e en nicotine procure un apport satisfaisant sans \u00eatre trop intense et constitue un excellent choix tant pour les anciens fumeurs qui se convertissent \u00e0 la vape que pour les vapoteurs exp\u00e9riment\u00e9s qui pr\u00e9f\u00e8rent une exp\u00e9rience agr\u00e9able et constante tout au long de la journ\u00e9e.<\/p>\n<p><strong>5. Combien de saveurs sont disponibles pour cet appareil ?<\/strong><\/p>\n<p>Cette cigarette \u00e9lectronique offre une s\u00e9lection impressionnante de 15 saveurs diff\u00e9rentes pour tous les go\u00fbts et toutes les pr\u00e9f\u00e9rences. Cette gamme vari\u00e9e comprend tout, du tabac classique et du menthol rafra\u00eechissant aux m\u00e9langes fruit\u00e9s et aux cr\u00e9ations inspir\u00e9es des desserts, afin que chaque vapoteur puisse trouver son choix id\u00e9al. Que vous pr\u00e9f\u00e9riez des ar\u00f4mes puissants et intenses ou des notes douces et subtiles, le large choix vous permet de d\u00e9couvrir et de profiter facilement de votre exp\u00e9rience de vapotage id\u00e9ale.<\/p>\n<h2>D\u00e9couvrez d'autres cigarettes \u00e9lectroniques haut de gamme chez Apex Vape<\/h2>\n<p>Le JNR Tank Pro 33000 n'est qu'un des nombreux produits haut de gamme de notre gamme. Visitez notre <strong><a href=\"https:\/\/apexvape.de\/fr\/\">page d'accueil<\/a><\/strong> pour d\u00e9couvrir la gamme compl\u00e8te de cigarettes \u00e9lectroniques, d'accessoires de vapotage et de nouveaut\u00e9s. Si vous \u00eates particuli\u00e8rement int\u00e9ress\u00e9 par les produits innovants JNR, vous trouverez dans notre <strong><a href=\"https:\/\/apexvape.de\/fr\/product-category\/jnr-vape\/\">Cat\u00e9gorie JNR VAPE<\/a><\/strong> une large s\u00e9lection de vapoteuses jetables performantes et d'autres appareils JNR. Chez Apex Vape, nous garantissons des produits authentiques provenant directement du fabricant, une exp\u00e9dition rapide et un service client de premier ordre pour une exp\u00e9rience d'achat enti\u00e8rement satisfaisante.<\/p>","protected":false},"excerpt":{"rendered":"<p class=\"font-claude-response-body break-words whitespace-normal\">Le JNR Tank Pro 33000 s\u00e9duit avec ses 33 000 bouff\u00e9es, ses 28 ml d'e-liquide et sa batterie de 850 mAh. Le syst\u00e8me Dual Mesh Coil offre un go\u00fbt intense, tandis que l'\u00e9cran LED affiche le niveau de la batterie et le niveau de remplissage. Avec une charge rapide de type C, un mode Boost (15 W\/20 W) et 15 saveurs avec 2% de nicotine, il est parfait pour un plaisir de vapotage durable.<\/p>","protected":false},"featured_media":4663,"comment_status":"open","ping_status":"closed","template":"","meta":[],"product_brand":[],"product_cat":[77],"product_tag":[],"class_list":{"0":"post-4662","1":"product","2":"type-product","3":"status-publish","4":"has-post-thumbnail","6":"product_cat-jnr-vape","8":"first","9":"instock","10":"shipping-taxable","11":"purchasable","12":"product-type-variable"},"_links":{"self":[{"href":"https:\/\/apexvape.de\/fr\/wp-json\/wp\/v2\/product\/4662","targetHints":{"allow":["GET"]}}],"collection":[{"href":"https:\/\/apexvape.de\/fr\/wp-json\/wp\/v2\/product"}],"about":[{"href":"https:\/\/apexvape.de\/fr\/wp-json\/wp\/v2\/types\/product"}],"replies":[{"embeddable":true,"href":"https:\/\/apexvape.de\/fr\/wp-json\/wp\/v2\/comments?post=4662"}],"version-history":[{"count":0,"href":"https:\/\/apexvape.de\/fr\/wp-json\/wp\/v2\/product\/4662\/revisions"}],"wp:featuredmedia":[{"embeddable":true,"href":"https:\/\/apexvape.de\/fr\/wp-json\/wp\/v2\/media\/4663"}],"wp:attachment":[{"href":"https:\/\/apexvape.de\/fr\/wp-json\/wp\/v2\/media?parent=4662"}],"wp:term":[{"taxonomy":"product_brand","embeddable":true,"href":"https:\/\/apexvape.de\/fr\/wp-json\/wp\/v2\/product_brand?post=4662"},{"taxonomy":"product_cat","embeddable":true,"href":"https:\/\/apexvape.de\/fr\/wp-json\/wp\/v2\/product_cat?post=4662"},{"taxonomy":"product_tag","embeddable":true,"href":"https:\/\/apexvape.de\/fr\/wp-json\/wp\/v2\/product_tag?post=4662"}],"curies":[{"name":"wp","href":"https:\/\/api.w.org\/{rel}","templated":true}]}}