{"id":4326,"date":"2025-11-28T14:11:01","date_gmt":"2025-11-28T13:11:01","guid":{"rendered":"https:\/\/apexvape.de\/?post_type=product&#038;p=4326"},"modified":"2025-11-28T14:11:38","modified_gmt":"2025-11-28T13:11:38","slug":"bang-leader-120k","status":"publish","type":"product","link":"https:\/\/apexvape.de\/fr\/product\/bang-leader-120k\/","title":{"rendered":"Bang Leader 120K bouff\u00e9es Vape jetable"},"content":{"rendered":"<h1>Bang Leader 120K bouff\u00e9es \u2013 Double ar\u00f4me &amp; double r\u00e9sistance mesh E-cigarette jetable<\/h1>\n<p>Le Bang Leader 120K \u00e9tablit de nouvelles normes avec 120 000 bouff\u00e9es incroyables dans un seul appareil, rendant inutiles les achats de remplacement fr\u00e9quents. Aliment\u00e9 par une batterie de 650 mAh avec charge rapide de type C, il offre des performances toute la journ\u00e9e avec un temps d'arr\u00eat minimal. La technologie avanc\u00e9e de r\u00e9sistance mesh de 1,0 \u03a9 garantit un go\u00fbt riche et constant et une vapeur douce de la premi\u00e8re \u00e0 la derni\u00e8re bouff\u00e9e. L'\u00e9cran intelligent permet de surveiller en temps r\u00e9el le niveau de la batterie et le niveau de e-liquide, afin que vous soyez toujours bien inform\u00e9. Le syst\u00e8me Dual Aroma est particuli\u00e8rement int\u00e9ressant : il permet de choisir entre deux saveurs diff\u00e9rentes dans un seul appareil, pour une vari\u00e9t\u00e9 maximale. Avec ses performances fiables et ses fonctionnalit\u00e9s innovantes, il est con\u00e7u pour les vapoteurs qui exigent durabilit\u00e9, confort et flexibilit\u00e9 dans un ensemble haut de gamme.<\/p>\n<h2>Bang Leader 120K bouff\u00e9es \u2013 Caract\u00e9ristiques du produit<\/h2>\n<p>La cigarette \u00e9lectronique jetable Bang Leader 120K offre 120 000 bouff\u00e9es, un chiffre in\u00e9gal\u00e9 dans le secteur, et une dur\u00e9e de vie exceptionnelle qui r\u00e9duit consid\u00e9rablement le besoin de rachat fr\u00e9quent. Cette \u00e9norme capacit\u00e9 garantit des sessions de vapotage ininterrompues et en fait l'un des appareils les plus endurants actuellement disponibles sur le march\u00e9.<\/p>\n<p>\u00c9quip\u00e9 d'une batterie fiable de 650 mAh avec fonction de recharge Type-C moderne, cet appareil vous accompagne tout au long de la journ\u00e9e gr\u00e2ce \u00e0 une recharge rapide et efficace lorsque vous en avez besoin. La technologie avanc\u00e9e de r\u00e9sistance mesh de 1,0 \u03a9 assure une r\u00e9partition uniforme de la chaleur sur une plus grande surface et offre un go\u00fbt intense et constant ainsi qu'une production de vapeur plus douce, qui conserve sa qualit\u00e9 de la premi\u00e8re \u00e0 la derni\u00e8re bouff\u00e9e.<\/p>\n<p>Restez toujours inform\u00e9 gr\u00e2ce \u00e0 l'\u00e9cran intelligent int\u00e9gr\u00e9 qui surveille en temps r\u00e9el le niveau de la batterie et le niveau de e-liquide, vous offrant ainsi un contr\u00f4le total sur votre exp\u00e9rience de vapotage. Vous savez toujours exactement o\u00f9 vous en \u00eates, sans devinettes ni interruptions inattendues.<\/p>\n<p>Le syst\u00e8me innovant Dual Aroma distingue cet appareil en combinant deux saveurs diff\u00e9rentes dans un seul appareil, vous permettant de passer facilement de l'une \u00e0 l'autre \u00e0 tout moment. Cette configuration polyvalente apporte plus de vari\u00e9t\u00e9 \u00e0 votre routine quotidienne et vous permet d'adapter chaque session \u00e0 votre humeur ou \u00e0 vos pr\u00e9f\u00e9rences, sans avoir \u00e0 transporter plusieurs appareils.<\/p>\n<h2>Donn\u00e9es techniques<\/h2>\n<p>\u2611 0% 2% 3% 5% Nicotine<br \/>\n\u2611 Trains : 120 000<br \/>\n\u2611 12 saveurs disponibles<br \/>\n\u2611 650 mAh rechargeable<br \/>\n\u2611 Double bobine maill\u00e9e<br \/>\n\u2611 Connecteur Type-C<br \/>\n\u2611 Contenu de la livraison : 1x appareil<\/p>\n<h2>Bang Leader 120K bouff\u00e9es \u2013 Saveurs<\/h2>\n<ol>\n<li>Blue Razz\/Love66<\/li>\n<li>Fraise Cerise\/Kiwi Fruit de la passion Goyave<\/li>\n<li>Chewing-gum \u00e0 la past\u00e8que\/m\u00e9lange de fruits<\/li>\n<li>Fraise Banane\/Cerise Fiesta<\/li>\n<li>Past\u00e8que glac\u00e9e\/P\u00eache mangue<\/li>\n<li>Myrtille glac\u00e9e\/framboise citron<\/li>\n<li>Red Energy Ice\/Raisin Ice<\/li>\n<li>Fraise Past\u00e8que\/Limonade \u00e0 l'orange<\/li>\n<li>Cola Ice\/Cerise Cranberry<\/li>\n<li>Myrtille glac\u00e9e\/Cassis<\/li>\n<li>Mojito framboise P\u00eache glac\u00e9e\/Lady Killer<\/li>\n<li>Past\u00e8que glac\u00e9e\/Fraise Mamba<\/li>\n<\/ol>\n<h2>Foire aux questions (FAQ)<\/h2>\n<p><strong>Q : Quelle est la dur\u00e9e de vie d'un appareil ?<\/strong><br \/>\nR : Le Bang Leader 120K offre 120 000 bouff\u00e9es et dure g\u00e9n\u00e9ralement plusieurs semaines en cas d'utilisation r\u00e9guli\u00e8re.<\/p>\n<p><strong>Q : Combien de temps dure la recharge ?<\/strong><br \/>\nR : Gr\u00e2ce \u00e0 la recharge rapide Type-C, la batterie de 650 mAh se recharge compl\u00e8tement en environ 60 minutes.<\/p>\n<p><strong>Q : Puis-je utiliser l'appareil pendant le chargement ?<\/strong><br \/>\nR : Pour une sant\u00e9 optimale de la batterie, nous recommandons de ne pas utiliser le Bang Leader 120K pendant le chargement.<\/p>\n<p><strong>Q : L'appareil est-il difficile \u00e0 transporter ?<\/strong><br \/>\nR : Avec ses 105 g, il offre un toucher haut de gamme tout en restant confortable pour le transport et l'utilisation quotidiens.<\/p>\n<h2 class=\"font-claude-response-heading text-text-100 mt-1 -mb-0.5\">D\u00e9couvrez d\u00e8s maintenant le Bang Leader 120K chez Apex Vape<\/h2>\n<p class=\"font-claude-response-body whitespace-normal break-words\">D\u00e9couvrez la Bang Leader 120K et d'autres cigarettes \u00e9lectroniques jetables innovantes dans notre <strong><a class=\"underline\" href=\"https:\/\/apexvape.de\/fr\/\">boutique en ligne<\/a><\/strong>. En tant que fournisseur leader de produits de vapotage haut de gamme, Apex Vape propose une s\u00e9lection soigneusement choisie d'appareils de grande qualit\u00e9 \u00e0 des prix attractifs. D\u00e9couvrez notre gamme compl\u00e8te <strong><a class=\"underline\" href=\"https:\/\/apexvape.de\/fr\/product-category\/bang-vape\/\">Collection BANG VAPE<\/a><\/strong> avec tous les mod\u00e8les actuels et profitez d'une livraison rapide, d'un excellent service client et d'une qualit\u00e9 de produit garantie. Commandez d\u00e8s aujourd'hui et vivez l'exp\u00e9rience ultime de la vape avec le Bang Leader 120K !<\/p>","protected":false},"excerpt":{"rendered":"<p class=\"font-claude-response-body whitespace-normal break-words\">Le Bang Leader 120K s\u00e9duit avec ses 120 000 bouff\u00e9es et son syst\u00e8me innovant \u00e0 double ar\u00f4me : deux saveurs dans un seul appareil. Batterie 650 mAh avec charge rapide de type C, double r\u00e9sistance mesh 1,0 \u03a9 et \u00e9cran intelligent pour afficher le niveau de batterie et de liquide. Teneurs en nicotine 0-5%, 12 ar\u00f4mes : une flexibilit\u00e9 maximale pour les vapoteurs exigeants !<\/p>","protected":false},"featured_media":4327,"comment_status":"open","ping_status":"closed","template":"","meta":[],"product_brand":[],"product_cat":[76],"product_tag":[],"class_list":{"0":"post-4326","1":"product","2":"type-product","3":"status-publish","4":"has-post-thumbnail","6":"product_cat-bang-vape","8":"first","9":"instock","10":"shipping-taxable","11":"purchasable","12":"product-type-variable"},"_links":{"self":[{"href":"https:\/\/apexvape.de\/fr\/wp-json\/wp\/v2\/product\/4326","targetHints":{"allow":["GET"]}}],"collection":[{"href":"https:\/\/apexvape.de\/fr\/wp-json\/wp\/v2\/product"}],"about":[{"href":"https:\/\/apexvape.de\/fr\/wp-json\/wp\/v2\/types\/product"}],"replies":[{"embeddable":true,"href":"https:\/\/apexvape.de\/fr\/wp-json\/wp\/v2\/comments?post=4326"}],"version-history":[{"count":0,"href":"https:\/\/apexvape.de\/fr\/wp-json\/wp\/v2\/product\/4326\/revisions"}],"wp:featuredmedia":[{"embeddable":true,"href":"https:\/\/apexvape.de\/fr\/wp-json\/wp\/v2\/media\/4327"}],"wp:attachment":[{"href":"https:\/\/apexvape.de\/fr\/wp-json\/wp\/v2\/media?parent=4326"}],"wp:term":[{"taxonomy":"product_brand","embeddable":true,"href":"https:\/\/apexvape.de\/fr\/wp-json\/wp\/v2\/product_brand?post=4326"},{"taxonomy":"product_cat","embeddable":true,"href":"https:\/\/apexvape.de\/fr\/wp-json\/wp\/v2\/product_cat?post=4326"},{"taxonomy":"product_tag","embeddable":true,"href":"https:\/\/apexvape.de\/fr\/wp-json\/wp\/v2\/product_tag?post=4326"}],"curies":[{"name":"wp","href":"https:\/\/api.w.org\/{rel}","templated":true}]}}