{"id":4268,"date":"2025-11-28T13:58:44","date_gmt":"2025-11-28T12:58:44","guid":{"rendered":"https:\/\/apexvape.de\/?post_type=product&#038;p=4268"},"modified":"2025-11-28T13:58:59","modified_gmt":"2025-11-28T12:58:59","slug":"bang-leader-110k","status":"publish","type":"product","link":"https:\/\/apexvape.de\/fr\/product\/bang-leader-110k\/","title":{"rendered":"Bang Leader 110K bouff\u00e9es Vape jetable"},"content":{"rendered":"<h1>Bang Leader 110K Vape jetable | 110 000 bouff\u00e9es | Rechargeable avec r\u00e9sistance mesh | 6 saveurs en 1<\/h1>\n<p>La cigarette \u00e9lectronique jetable Bang Leader 110K offre une autonomie impressionnante de 100 000 \u00e0 110 000 bouff\u00e9es. \u00c9quip\u00e9e d'une triple r\u00e9sistance mesh pour un chauffage puissant et de trois r\u00e9servoirs de liquide ind\u00e9pendants, elle offre un go\u00fbt intense et des performances polyvalentes dans un seul appareil. Les utilisateurs peuvent personnaliser leur exp\u00e9rience de vapotage gr\u00e2ce \u00e0 6 modes de saveur (A, B, C, A+B, A+C, B+C) et choisir entre des concentrations de nicotine de 0% \/ 2% \/ 3% \/ 5% pour r\u00e9pondre \u00e0 leurs pr\u00e9f\u00e9rences personnelles. Une batterie rechargeable de 850 mAh, une recharge rapide de type C et un \u00e9cran LED clair garantissent une utilisation efficace et confortable. L'\u00e9cran affiche des informations importantes telles que l'\u00e9tat de la batterie et le compteur de bouff\u00e9es. Disponible en 10 combinaisons de saveurs haut de gamme et conditionn\u00e9e en paquets de 10, cette cigarette \u00e9lectronique est id\u00e9ale pour un usage personnel ainsi que pour la vente en gros et au d\u00e9tail.<\/p>\n<h2>Bang Leader 110K bouff\u00e9es Points forts :<\/h2>\n<p>La cigarette \u00e9lectronique jetable Bang Leader 110K offre des performances r\u00e9volutionnaires avec une capacit\u00e9 \u00e9tonnante pouvant atteindre 110 000 bouff\u00e9es, repoussant ainsi les limites du possible pour un seul appareil. Gr\u00e2ce \u00e0 sa technologie avanc\u00e9e \u00e0 triple r\u00e9sistance mesh, elle garantit une production de vape constante, des bouff\u00e9es exceptionnellement douces et un meilleur rendu des saveurs, de la premi\u00e8re \u00e0 la derni\u00e8re bouff\u00e9e. Disponible en concentrations de nicotine 0%, 2%, 3% ou 5%, elle vous permet de r\u00e9gler pr\u00e9cis\u00e9ment le niveau de satisfaction qui correspond \u00e0 vos pr\u00e9f\u00e9rences.<\/p>\n<p>Le confort rencontre l'innovation gr\u00e2ce \u00e0 l'\u00e9cran LED intelligent int\u00e9gr\u00e9 qui offre un suivi clair en temps r\u00e9el du niveau de la batterie et du liquide, pour que vous ne soyez jamais pris au d\u00e9pourvu. La puissante batterie rechargeable de 850 mAh, associ\u00e9e \u00e0 un port de charge rapide de type C, garantit des performances durables et un temps d'arr\u00eat minimal, tandis que les trois r\u00e9servoirs de liquide s\u00e9par\u00e9s permettent une utilisation prolong\u00e9e et des transitions fluides entre les saveurs sans m\u00e9lange ni perte de go\u00fbt.<\/p>\n<p>Ce qui distingue vraiment les Bang Leader, c'est leur syst\u00e8me r\u00e9volutionnaire de modes de saveur 6 en 1, qui offre des combinaisons de A, B, C, A+B, A+C et B+C pour un total de 10 options de saveur diff\u00e9rentes. Ce syst\u00e8me polyvalent transforme chaque session en une exp\u00e9rience personnalisable et vous permet d'explorer de nouveaux profils de saveurs ou de rester fid\u00e8le \u00e0 vos pr\u00e9f\u00e9r\u00e9s, le tout dans un seul appareil.<\/p>\n<p>Conditionn\u00e9 en paquets pratiques de 10 pi\u00e8ces, le Bang Leader 110K est parfait aussi bien pour un usage personnel que pour la distribution en gros. Que vous soyez un vapoteur passionn\u00e9 \u00e0 la recherche d'une vari\u00e9t\u00e9 maximale ou un distributeur souhaitant proposer un produit leader sur le march\u00e9, cet appareil offre une durabilit\u00e9, une flexibilit\u00e9 et une satisfaction in\u00e9gal\u00e9es dans un emballage haut de gamme.<\/p>\n<h2>Sp\u00e9cifications techniques :<\/h2>\n<ul>\n<li><strong>Teneur en nicotine :<\/strong> 0% \/ 2% \/ 3% \/ 5%<\/li>\n<li><strong>Nombre de trains :<\/strong> Jusqu'\u00e0 110 000 trains<\/li>\n<li><strong>Modes de d\u00e9gustation :<\/strong> A, B, C, A+B, A+C, B+C<\/li>\n<li><strong>R\u00e9servoir de liquide :<\/strong> 3 r\u00e9servoirs<\/li>\n<li><strong>Batterie :<\/strong> 850 mAh rechargeable<\/li>\n<li><strong>Bobine :<\/strong> Bobine triple maillage<\/li>\n<li><strong>\u00c9cran LED :<\/strong> Oui.<\/li>\n<li><strong>Connecteur de charge :<\/strong> Type C<\/li>\n<li><strong>Emballage :<\/strong> 10 pi\u00e8ces\/paquet<\/li>\n<li><strong>Saveurs :<\/strong> 10 options<\/li>\n<\/ul>\n<h2>Bang Leader 110K bouff\u00e9es Liste des saveurs :<\/h2>\n<ol>\n<li>Past\u00e8que Ice \/ Fraise Mamba \/ Fraise Past\u00e8que<\/li>\n<li>Fuji Ice \/ Pomme Raisin \/ Cerise Grenade<\/li>\n<li>Myrtille glac\u00e9e \/ Framboise citron \/ Past\u00e8que chewing-gum<\/li>\n<li>Myrtilles Framboises \/ Ananas acidul\u00e9s Oranges \/ Framboises Past\u00e8ques<\/li>\n<li>Raisin glac\u00e9 \/ Mangue-p\u00eache \/ Myrtille-past\u00e8que<\/li>\n<li>Fraise glac\u00e9e \/ P\u00eache citron \/ Kiwi fruit de la passion Goyave<\/li>\n<li>Ananas noix de coco \/ myrtille Red Bull \/ past\u00e8que glac\u00e9e<\/li>\n<li>Fraise Kiwi \/ Myrtille Noix de coco \/ M\u00e9lange de baies<\/li>\n<li>Romance citronn\u00e9e \/ Myrtille framboise \/ P\u00eache menthol\u00e9e<\/li>\n<li>P\u00eache glac\u00e9e \/ Cassis Ananas glac\u00e9 \/ Pomme verte Kiwi<\/li>\n<\/ol>\n<h2>Foire aux questions sur le Bang Leader 110K<\/h2>\n<p><strong>Q : Qu'est-ce que le Bang Leader 110K ?<\/strong><br \/>\nA : Le Bang Leader 110K est un dispositif de vapotage jetable tr\u00e8s performant. Il est pr\u00e9rempli de liquide et peut fournir jusqu'\u00e0 110 000 bouff\u00e9es, ce qui le rend id\u00e9al pour les utilisateurs qui souhaitent vapoter pendant de longues p\u00e9riodes sans avoir \u00e0 remplacer fr\u00e9quemment le dispositif.<\/p>\n<p><strong>Q : Le Bang Leader 110K dispose-t-il d'une batterie rechargeable ?<\/strong><br \/>\nR : Oui, il est \u00e9quip\u00e9 d'une batterie rechargeable de 850 mAh. Cette batterie est con\u00e7ue pour durer toute la dur\u00e9e de vie du r\u00e9servoir de liquide de l'appareil.<\/p>\n<p><strong>Q : Comment recharger le Bang Leader 110K ?<\/strong><br \/>\nR : Il dispose d'un port de chargement de type C. Vous pouvez utiliser un c\u00e2ble de chargement de type C standard (non fourni dans certains cas) et le connecter \u00e0 une source d'alimentation USB, telle qu'un chargeur mural ou une batterie externe. Pendant le chargement, l'appareil peut afficher l'\u00e9tat de charge via un voyant LED.<\/p>\n<p><strong>Q : Combien de temps faut-il pour recharger compl\u00e8tement la batterie ?<\/strong><br \/>\nR : Le temps de charge peut varier en fonction de la puissance de sortie de la source de charge. En g\u00e9n\u00e9ral, il faut environ 1 \u00e0 2 heures pour recharger compl\u00e8tement la batterie de 850 mAh \u00e0 l'aide d'une source d'alimentation USB 5 V\/1 A classique. Cependant, si vous utilisez un chargeur plus puissant (compatible avec les sp\u00e9cifications de charge de l'appareil), le temps de charge peut \u00eatre plus court.<\/p>\n<h2>D\u00e9couvrez d'autres produits de vapotage haut de gamme<\/h2>\n<p>La Bang Leader 110K fait partie de notre large gamme de cigarettes \u00e9lectroniques jetables de haute qualit\u00e9. Chez <strong><a href=\"https:\/\/apexvape.de\/fr\/\">Apexvape<\/a><\/strong> vous trouverez un large choix d'appareils de vapotage innovants pour tous les go\u00fbts et tous les besoins. D\u00e9couvrez d'autres produits haut de gamme dans notre <strong><a href=\"https:\/\/apexvape.de\/fr\/product-category\/bang-vape\/\">Cat\u00e9gorie BANG VAPE<\/a><\/strong>, o\u00f9 vous trouverez les derniers mod\u00e8les et les meilleures ventes de la s\u00e9rie Bang. Que vous recherchiez un nombre maximal de bouff\u00e9es, des combinaisons de saveurs vari\u00e9es ou une technologie de pointe, nous vous proposons toujours les meilleures solutions de vapotage \u00e0 des conditions attractives pour les particuliers et les grossistes.<\/p>","protected":false},"excerpt":{"rendered":"<p class=\"font-claude-response-body whitespace-normal break-words\">Le Bang Leader 110K offre 110 000 bouff\u00e9es r\u00e9volutionnaires gr\u00e2ce \u00e0 son syst\u00e8me innovant 6 en 1 (A, B, C, A+B, A+C, B+C). 3 r\u00e9servoirs de liquide s\u00e9par\u00e9s, triple mesh coil, batterie 850 mAh avec charge rapide de type C et \u00e9cran LED intelligent. Teneurs en nicotine 0-5%, 10 ar\u00f4mes premium \u2013 personnalisation et durabilit\u00e9 ultimes !<\/p>","protected":false},"featured_media":4269,"comment_status":"open","ping_status":"closed","template":"","meta":[],"product_brand":[],"product_cat":[76],"product_tag":[],"class_list":{"0":"post-4268","1":"product","2":"type-product","3":"status-publish","4":"has-post-thumbnail","6":"product_cat-bang-vape","8":"first","9":"instock","10":"shipping-taxable","11":"purchasable","12":"product-type-variable"},"_links":{"self":[{"href":"https:\/\/apexvape.de\/fr\/wp-json\/wp\/v2\/product\/4268","targetHints":{"allow":["GET"]}}],"collection":[{"href":"https:\/\/apexvape.de\/fr\/wp-json\/wp\/v2\/product"}],"about":[{"href":"https:\/\/apexvape.de\/fr\/wp-json\/wp\/v2\/types\/product"}],"replies":[{"embeddable":true,"href":"https:\/\/apexvape.de\/fr\/wp-json\/wp\/v2\/comments?post=4268"}],"version-history":[{"count":0,"href":"https:\/\/apexvape.de\/fr\/wp-json\/wp\/v2\/product\/4268\/revisions"}],"wp:featuredmedia":[{"embeddable":true,"href":"https:\/\/apexvape.de\/fr\/wp-json\/wp\/v2\/media\/4269"}],"wp:attachment":[{"href":"https:\/\/apexvape.de\/fr\/wp-json\/wp\/v2\/media?parent=4268"}],"wp:term":[{"taxonomy":"product_brand","embeddable":true,"href":"https:\/\/apexvape.de\/fr\/wp-json\/wp\/v2\/product_brand?post=4268"},{"taxonomy":"product_cat","embeddable":true,"href":"https:\/\/apexvape.de\/fr\/wp-json\/wp\/v2\/product_cat?post=4268"},{"taxonomy":"product_tag","embeddable":true,"href":"https:\/\/apexvape.de\/fr\/wp-json\/wp\/v2\/product_tag?post=4268"}],"curies":[{"name":"wp","href":"https:\/\/api.w.org\/{rel}","templated":true}]}}