{"id":4189,"date":"2025-11-28T13:41:38","date_gmt":"2025-11-28T12:41:38","guid":{"rendered":"https:\/\/apexvape.de\/?post_type=product&#038;p=4189"},"modified":"2025-11-28T13:43:20","modified_gmt":"2025-11-28T12:43:20","slug":"bang-leader-85000","status":"publish","type":"product","link":"https:\/\/apexvape.de\/fr\/product\/bang-leader-85000\/","title":{"rendered":"Bang Leader 85000 bouff\u00e9es Vape jetable"},"content":{"rendered":"<h1><strong>Bang Leader 85000 \u2013 E-cigarette avec 85 000 bouff\u00e9es et trois saveurs<\/strong><\/h1>\n<p>La cigarette \u00e9lectronique jetable Bang Leader 85000 offre 85 000 bouff\u00e9es impressionnantes avec 3 ar\u00f4mes r\u00e9glables dans un seul appareil, garantissant une vari\u00e9t\u00e9 et un confort maximum. Choisissez entre 0% \/ 2% \/ 3% \/ 5% de nicotine pour une exp\u00e9rience de vapotage parfaite. \u00c9quip\u00e9e d'une puissante batterie de 850 mAh et d'une triple r\u00e9sistance mesh (1,0 \u03a9), elle produit une vapeur dense et constante et un go\u00fbt intense. L'\u00e9cran LED affiche le niveau de la batterie et l'\u00e9tat du go\u00fbt, tandis que le c\u00e2ble de chargement de type C permet une recharge rapide. Disponible en 15 saveurs premium, conditionn\u00e9 en paquets de 10 pi\u00e8ces pour la vente au d\u00e9tail et en gros.<\/p>\n<h2><strong>Bang Leader 85 000 bouff\u00e9es \u2013 Caract\u00e9ristiques du produit :<\/strong><\/h2>\n<p>Profitez d'une long\u00e9vit\u00e9 exceptionnelle avec jusqu'\u00e0 85 000 bouff\u00e9es par appareil, id\u00e9al pour les utilisateurs intensifs ou tous ceux qui souhaitent minimiser les achats de remplacement. Chaque unit\u00e9 est pr\u00e9remplie d'e-liquide de haute qualit\u00e9 et dispose d'un syst\u00e8me unique \u00e0 triple ar\u00f4me qui vous offre trois profils de saveurs diff\u00e9rents dans un seul appareil. Profitez de la diversit\u00e9 et de la satisfaction \u00e0 chaque bouff\u00e9e, sans avoir \u00e0 recharger ou \u00e0 changer de vapoteuse.<\/p>\n<p>\u00c9quip\u00e9 de r\u00e9sistances Mesh Coils de 1,0 \u03a9, l'appareil produit une vapeur riche et constante ainsi qu'un go\u00fbt authentique du d\u00e9but \u00e0 la fin. Les bouff\u00e9es r\u00e9guli\u00e8res conservent leur saveur tout au long de leur dur\u00e9e de vie prolong\u00e9e. La conception intelligente est compl\u00e9t\u00e9e par un \u00e9cran intelligent int\u00e9gr\u00e9 qui vous informe en temps r\u00e9el sur le niveau de la batterie, le compteur de bouff\u00e9es et le mode de fonctionnement, rendant votre exp\u00e9rience de vapotage plus intuitive et plus conviviale.<\/p>\n<p>Aliment\u00e9 par une batterie robuste de 850 mAh avec fonction de recharge de type C, l'appareil garantit une recharge rapide et efficace, pour que vous ne soyez jamais \u00e0 court de cigarette \u00e9lectronique. La technologie de recharge moderne r\u00e9duit le temps d'attente et vous permet de profiter plus longtemps de votre vapotage.<\/p>\n<p>Disponible en plusieurs concentrations de nicotine (0%, 2%, 3% et 5%), cet appareil r\u00e9pond \u00e0 un large \u00e9ventail de pr\u00e9f\u00e9rences et de besoins, que vous souhaitiez \u00e9viter compl\u00e8tement la nicotine, r\u00e9duire progressivement votre consommation ou rechercher une exp\u00e9rience plus intense. Polyvalence et performance dans un bo\u00eetier puissant.<\/p>\n<h2><strong>Caract\u00e9ristiques techniques :<\/strong><\/h2>\n<ul>\n<li>Capacit\u00e9 du e-liquide : 60 ml<\/li>\n<li>Trains : 85 000 trains<\/li>\n<li>Batterie : 850 mAh<\/li>\n<li>Nicotine : 0% \/ 2% \/ 3% \/ 5%<\/li>\n<li>Bobine : 1,0 ohm \u00d7 3<\/li>\n<li>Design : trois saveurs<\/li>\n<li>Port de chargement : port Type-C<\/li>\n<li>Saveurs : 15 ar\u00f4mes disponibles<\/li>\n<\/ul>\n<h2><strong>Bang Leader 85 000 bouff\u00e9es \u2013 Liste des saveurs :<\/strong><\/h2>\n<ol>\n<li>Raisin \/ Fraise Kiwi \/ Fruit de la passion Goyave<\/li>\n<li>Glace \u00e0 la fraise \/ Citron-orange \/ Chewing-gum \u00e0 la past\u00e8que<\/li>\n<li>Glace \u00e0 la past\u00e8que \/ Mangue-p\u00eache \/ Limonade \u00e0 l'orange<\/li>\n<li>Glace \u00e0 l'ananas \/ Fraise Red Bull \/ M\u00e9lange de baies<\/li>\n<li>Red Bull \/ Myrtille Past\u00e8que \/ Glace \u00e0 la fraise<\/li>\n<li>Glace au cola \/ Pomme-p\u00eache \/ Limonade rose<\/li>\n<li>Banane glace \/ Fraise past\u00e8que \/ Bonbons g\u00e9lifi\u00e9s<\/li>\n<li>Glace aux myrtilles \/ Blue Raz \/ Poire parfum\u00e9e<\/li>\n<li>Fruits m\u00e9lang\u00e9s \/ Mojito p\u00eache \/ myrtille framboise<\/li>\n<li>Black Dragon Glace \/ Guimauve \/ R\u00eave d'\u00e9t\u00e9<\/li>\n<li>Fraise Framboise \/ Cassis \/ Fraise Banane<\/li>\n<li>Fraise past\u00e8que \/ Cerise-cola \/ Cr\u00e8me de fraise<\/li>\n<li>Pomme rouge \/ Framboise Past\u00e8que \/ Aloe Raisin<\/li>\n<li>Cerise-canneberge \/ P\u00eache-mangue \/ Ananas<\/li>\n<li>Love 666 \/ Myrtille Framboise \/ Vimto<\/li>\n<\/ol>\n<h2><strong>Foire aux questions sur le Bang Leader 85000<\/strong><\/h2>\n<p><strong>F1 : Combien de bouff\u00e9es offre le Bang Leader 85K ?<\/strong> R : Chaque appareil offre jusqu'\u00e0 85 000 bouff\u00e9es et garantit une performance ultra longue dur\u00e9e sans remplacement fr\u00e9quent.<\/p>\n<p><strong>Q2 : L'appareil est-il rechargeable ?<\/strong> R : Oui, il dispose d'une batterie rechargeable avec un port de chargement USB-C pour un chargement rapide et pratique.<\/p>\n<p><strong>Q3 : Puis-je r\u00e9gler le d\u00e9bit d'air ou la production de vapeur ?<\/strong> R : Oui, le Bang Leader 85K dispose d'un contr\u00f4le du d\u00e9bit d'air r\u00e9glable qui vous permet d'ajuster individuellement la puissance de la bouff\u00e9e et la production de vapeur.<\/p>\n<p><strong>Q4 : Comment savoir quand le e-liquide est presque vide ?<\/strong> R : L'appareil dispose d'un \u00e9cran intelligent qui affiche en temps r\u00e9el les niveaux d'e-liquide et de batterie.<\/p>\n<p><strong>Q5 : Dois-je recharger le e-liquide ?<\/strong> R : Non, aucun remplissage n'est n\u00e9cessaire : le Bang Leader 85K est pr\u00e9rempli et pr\u00eat \u00e0 l'emploi.<\/p>\n<p><strong>Q6 : Est-elle adapt\u00e9e aux d\u00e9butants ?<\/strong> R : Absolument. Le Bang Leader 85K s'active par aspiration et est donc facile \u00e0 utiliser, tant pour les d\u00e9butants que pour les vapoteurs exp\u00e9riment\u00e9s.<\/p>\n<h2 class=\"font-claude-response-body whitespace-normal break-words\"><strong>Informations compl\u00e9mentaires et produits<\/strong><\/h2>\n<p class=\"font-claude-response-body whitespace-normal break-words\">D\u00e9couvrez la gamme compl\u00e8te de cigarettes \u00e9lectroniques et de produits de vapotage haut de gamme sur <strong><a class=\"underline\" href=\"https:\/\/apexvape.de\/fr\/\">apexvape.de<\/a><\/strong> \u2013 Votre boutique en ligne de confiance pour les accessoires de vapotage haut de gamme. Le Bang Leader 85000 fait partie de notre gamme exclusive. <strong><a class=\"underline\" href=\"https:\/\/apexvape.de\/fr\/product-category\/bang-vape\/\">Collection BANG VAPE<\/a><\/strong>, synonyme d'innovation, de qualit\u00e9 et de performances exceptionnelles. Visitez notre cat\u00e9gorie pour d\u00e9couvrir d'autres cigarettes \u00e9lectroniques et appareils de vapotage jetables haut de gamme, parfaitement adapt\u00e9s \u00e0 vos besoins individuels.<\/p>","protected":false},"excerpt":{"rendered":"<p class=\"font-claude-response-body whitespace-normal break-words\">Le Bang Leader 85000 impressionne avec ses 85 000 bouff\u00e9es et son syst\u00e8me triple ar\u00f4me unique dans un seul appareil. 60 ml d'e-liquide, batterie 850 mAh avec charge de type C, triple mesh coils (1,0 \u03a9) et \u00e9cran intelligent pour le niveau de batterie et le compteur de bouff\u00e9es. Teneurs en nicotine 0-5%, 15 ar\u00f4mes premium \u2013 une vari\u00e9t\u00e9 ultime !<\/p>","protected":false},"featured_media":4254,"comment_status":"open","ping_status":"closed","template":"","meta":[],"product_brand":[],"product_cat":[76],"product_tag":[],"class_list":{"0":"post-4189","1":"product","2":"type-product","3":"status-publish","4":"has-post-thumbnail","6":"product_cat-bang-vape","8":"first","9":"instock","10":"shipping-taxable","11":"purchasable","12":"product-type-variable"},"_links":{"self":[{"href":"https:\/\/apexvape.de\/fr\/wp-json\/wp\/v2\/product\/4189","targetHints":{"allow":["GET"]}}],"collection":[{"href":"https:\/\/apexvape.de\/fr\/wp-json\/wp\/v2\/product"}],"about":[{"href":"https:\/\/apexvape.de\/fr\/wp-json\/wp\/v2\/types\/product"}],"replies":[{"embeddable":true,"href":"https:\/\/apexvape.de\/fr\/wp-json\/wp\/v2\/comments?post=4189"}],"version-history":[{"count":0,"href":"https:\/\/apexvape.de\/fr\/wp-json\/wp\/v2\/product\/4189\/revisions"}],"wp:featuredmedia":[{"embeddable":true,"href":"https:\/\/apexvape.de\/fr\/wp-json\/wp\/v2\/media\/4254"}],"wp:attachment":[{"href":"https:\/\/apexvape.de\/fr\/wp-json\/wp\/v2\/media?parent=4189"}],"wp:term":[{"taxonomy":"product_brand","embeddable":true,"href":"https:\/\/apexvape.de\/fr\/wp-json\/wp\/v2\/product_brand?post=4189"},{"taxonomy":"product_cat","embeddable":true,"href":"https:\/\/apexvape.de\/fr\/wp-json\/wp\/v2\/product_cat?post=4189"},{"taxonomy":"product_tag","embeddable":true,"href":"https:\/\/apexvape.de\/fr\/wp-json\/wp\/v2\/product_tag?post=4189"}],"curies":[{"name":"wp","href":"https:\/\/api.w.org\/{rel}","templated":true}]}}