{"id":4058,"date":"2025-11-28T13:24:36","date_gmt":"2025-11-28T12:24:36","guid":{"rendered":"https:\/\/apexvape.de\/?post_type=product&#038;p=4058"},"modified":"2025-11-28T13:25:35","modified_gmt":"2025-11-28T12:25:35","slug":"bang-leader-18000","status":"publish","type":"product","link":"https:\/\/apexvape.de\/fr\/product\/bang-leader-18000\/","title":{"rendered":"Bang Leader 18000 bouff\u00e9es Vape jetable"},"content":{"rendered":"<h1>Bang Leader 18000 bouff\u00e9es \u2013 Cigarette \u00e9lectronique jetable rechargeable en gros<\/h1>\n<p>Le <strong>Bang Leader 18000<\/strong> \u00e9tablit de nouvelles normes dans le domaine des cigarettes \u00e9lectroniques jetables et s'adresse aux utilisateurs qui appr\u00e9cient une long\u00e9vit\u00e9 exceptionnelle et des exp\u00e9riences gustatives intenses. Sa caract\u00e9ristique remarquable est son impressionnante <strong>Capacit\u00e9 de 18 000 trains<\/strong>, qui permet une dur\u00e9e d'utilisation nettement plus longue que les appareils jetables classiques. Pr\u00e9rempli avec un volume g\u00e9n\u00e9reux d'e-liquide et \u00e9quip\u00e9 d'une batterie int\u00e9gr\u00e9e puissante, cet appareil a \u00e9t\u00e9 con\u00e7u pour une utilisation longue dur\u00e9e et sans complication. Son design souvent fin et ergonomique et son m\u00e9canisme automatique convivial en font le <strong>Bang Leader Vape 18000<\/strong> Le choix id\u00e9al pour les vapoteurs qui recherchent une solution tout-en-un robuste et performante, sans entretien.<\/p>\n<h2>Bang Leader 18000 bouff\u00e9es \u2013 Les principaux avantages<\/h2>\n<p>L'appareil offre des concentrations de nicotine flexibles de 0 %, 2 %, 3 % ou 5 %, ce qui vous permet de personnaliser votre exp\u00e9rience de vapotage, que vous souhaitiez renoncer compl\u00e8tement \u00e0 la nicotine, r\u00e9duire progressivement votre consommation ou passer des cigarettes traditionnelles au vapotage. Chaque option est con\u00e7ue pour vous accompagner exactement l\u00e0 o\u00f9 vous en \u00eates dans votre parcours de vapotage.<\/p>\n<p>Con\u00e7u pour une long\u00e9vit\u00e9 maximale, cet appareil offre des performances impressionnantes. <strong>18 000 trains<\/strong>, ce qui \u00e9vite les achats de remplacement fr\u00e9quents et r\u00e9duit les d\u00e9chets. Vous pouvez compter sur des performances constantes tout au long de leur dur\u00e9e de vie prolong\u00e9e, ce qui est id\u00e9al pour une utilisation quotidienne.<\/p>\n<p>Le <strong>Batterie rechargeable de 650 mAh<\/strong> offre une autonomie d'une journ\u00e9e enti\u00e8re avec une seule charge. Si vous devez tout de m\u00eame recharger votre appareil, le <strong>Connecteur Type-C<\/strong> \u00e0 pleine capacit\u00e9 en seulement 30 minutes. Renforc\u00e9 par <strong>R\u00e9sistances mesh 1,0 ohm<\/strong> L'appareil maximise la production de vapeur et l'intensit\u00e9 des saveurs gr\u00e2ce \u00e0 une surface de chauffe \u00e9largie et produit des nuages onctueux et satisfaisants \u00e0 chaque bouff\u00e9e.<\/p>\n<p>Son design \u00e9l\u00e9gant allie parfaitement forme et fonctionnalit\u00e9 : il tient naturellement dans la main et se glisse facilement dans un sac. Il s'agit d'un objet artisanal bien pens\u00e9, adapt\u00e9 \u00e0 la vie quotidienne, qui allie confort et praticit\u00e9.<\/p>\n<h2>Donn\u00e9es techniques<\/h2>\n<ul>\n<li><strong>Nombre de coups :<\/strong> 18.000<\/li>\n<li><strong>Capacit\u00e9 de la batterie :<\/strong> 650 mAh<\/li>\n<li><strong>R\u00e9sistance de bobine :<\/strong> 1,0 ohm<\/li>\n<li><strong>Connecteur de charge :<\/strong> Type C<\/li>\n<li><strong>Poids :<\/strong> 67 g<\/li>\n<\/ul>\n<h2>saveurs<\/h2>\n<ol>\n<li>Strawberry Kiwi (fraise kiwi)<\/li>\n<li>Strawberry Watermelon (fraise past\u00e8que)<\/li>\n<li>Red Bull<\/li>\n<li>Mixed Fruits (Fruits m\u00e9lang\u00e9s)<\/li>\n<li>Myrtille Framboise (myrtille framboise)<\/li>\n<li>Blueberry Watermelon (myrtille past\u00e8que)<\/li>\n<li>Grape Ice (Glace au raisin)<\/li>\n<li>Raspberry Mojito Peach Ice (Glace \u00e0 la framboise, au mojito et \u00e0 la p\u00eache)<\/li>\n<li>Watermelon Ice (Glace \u00e0 la past\u00e8que)<\/li>\n<li>Raspberry Watermelon (framboise past\u00e8que)<\/li>\n<li>Cola Ice (glace au cola)<\/li>\n<li>Mangue, p\u00eache, past\u00e8que<\/li>\n<\/ol>\n<h2>Foire aux questions (FAQ)<\/h2>\n<p><strong>1. Combien de bouff\u00e9es offre le Bang Leader 18000 ?<\/strong><br \/>\nL'appareil offre jusqu'\u00e0 18 000 bouff\u00e9es, ce qui permet aux utilisateurs de profiter d'une utilisation \u00e0 long terme sans avoir \u00e0 le remplacer fr\u00e9quemment.<\/p>\n<p><strong>2. Le Bang Leader 18000 n\u00e9cessite-t-il une configuration ?<\/strong><br \/>\nNon, aucune configuration n'est n\u00e9cessaire. Il suffit d'ouvrir l'emballage et d'utiliser imm\u00e9diatement l'appareil.<\/p>\n<p><strong>3. La recharge Type-C est-elle prise en charge ?<\/strong><br \/>\nOui. L'appareil dispose d'un port Type-C, ce qui rend le chargement plus rapide et plus pratique.<\/p>\n<p><strong>4. Existe-t-il diff\u00e9rentes concentrations de nicotine ?<\/strong><br \/>\nOui. Le produit est disponible en 0 %, 2 %, 3 % et 5 %, afin que les utilisateurs puissent choisir la concentration qui leur convient le mieux.<\/p>\n<h2 class=\"font-claude-response-heading text-text-100 mt-1 -mb-0.5\">D\u00e9couvrez d'autres cigarettes \u00e9lectroniques haut de gamme<\/h2>\n<p class=\"font-claude-response-body whitespace-normal break-words\">Le Bang Leader 18000 fait partie de notre vaste gamme de produits de vapotage haut de gamme. Visitez notre <strong><a class=\"underline\" href=\"https:\/\/apexvape.de\/fr\/\">page d'accueil<\/a><\/strong>, pour d\u00e9couvrir la gamme compl\u00e8te de cigarettes \u00e9lectroniques, d'accessoires et d'offres sp\u00e9ciales. Pour d\u00e9couvrir d'autres mod\u00e8les innovants de la marque, nous vous recommandons de jeter un \u0153il \u00e0 notre <strong><a class=\"underline\" href=\"https:\/\/apexvape.de\/fr\/product-category\/bang-vape\/\">Cat\u00e9gorie BANG VAPE<\/a><\/strong>, o\u00f9 vous trouverez une large s\u00e9lection de vapoteuses jetables performantes avec diff\u00e9rents nombres de bouff\u00e9es, ar\u00f4mes et teneurs en nicotine. Chez Apexvape.de, nous vous offrons une qualit\u00e9 haut de gamme, une livraison rapide et des conseils comp\u00e9tents pour une exp\u00e9rience de vapotage parfaite.<\/p>","protected":false},"excerpt":{"rendered":"<p class=\"font-claude-response-body whitespace-normal break-words\">Le Bang Leader 18000 offre 18 000 bouff\u00e9es exceptionnelles dans un appareil jetable rechargeable. Avec une batterie de 650 mAh, des r\u00e9sistances mesh de 1,0 ohm et une recharge rapide de type C, vous profiterez d'ar\u00f4mes intenses et d'un plaisir de vapotage longue dur\u00e9e. Design ergonomique, concentrations de nicotine flexibles (0-5%) : le choix parfait pour les vapoteurs exigeants.<\/p>","protected":false},"featured_media":4059,"comment_status":"open","ping_status":"closed","template":"","meta":[],"product_brand":[],"product_cat":[76],"product_tag":[],"class_list":{"0":"post-4058","1":"product","2":"type-product","3":"status-publish","4":"has-post-thumbnail","6":"product_cat-bang-vape","8":"first","9":"instock","10":"shipping-taxable","11":"purchasable","12":"product-type-variable"},"_links":{"self":[{"href":"https:\/\/apexvape.de\/fr\/wp-json\/wp\/v2\/product\/4058","targetHints":{"allow":["GET"]}}],"collection":[{"href":"https:\/\/apexvape.de\/fr\/wp-json\/wp\/v2\/product"}],"about":[{"href":"https:\/\/apexvape.de\/fr\/wp-json\/wp\/v2\/types\/product"}],"replies":[{"embeddable":true,"href":"https:\/\/apexvape.de\/fr\/wp-json\/wp\/v2\/comments?post=4058"}],"version-history":[{"count":0,"href":"https:\/\/apexvape.de\/fr\/wp-json\/wp\/v2\/product\/4058\/revisions"}],"wp:featuredmedia":[{"embeddable":true,"href":"https:\/\/apexvape.de\/fr\/wp-json\/wp\/v2\/media\/4059"}],"wp:attachment":[{"href":"https:\/\/apexvape.de\/fr\/wp-json\/wp\/v2\/media?parent=4058"}],"wp:term":[{"taxonomy":"product_brand","embeddable":true,"href":"https:\/\/apexvape.de\/fr\/wp-json\/wp\/v2\/product_brand?post=4058"},{"taxonomy":"product_cat","embeddable":true,"href":"https:\/\/apexvape.de\/fr\/wp-json\/wp\/v2\/product_cat?post=4058"},{"taxonomy":"product_tag","embeddable":true,"href":"https:\/\/apexvape.de\/fr\/wp-json\/wp\/v2\/product_tag?post=4058"}],"curies":[{"name":"wp","href":"https:\/\/api.w.org\/{rel}","templated":true}]}}