{"id":3990,"date":"2025-11-27T14:22:01","date_gmt":"2025-11-27T13:22:01","guid":{"rendered":"https:\/\/apexvape.de\/?post_type=product&#038;p=3990"},"modified":"2025-11-27T14:22:36","modified_gmt":"2025-11-27T13:22:36","slug":"bang-legend-150k","status":"publish","type":"product","link":"https:\/\/apexvape.de\/fr\/product\/bang-legend-150k\/","title":{"rendered":"Bang Legend 150K bouff\u00e9es Vape jetable"},"content":{"rendered":"<h1>Bang Legend 150K | 150 000 bouff\u00e9es 6 ar\u00f4mes dans 1 cigarette \u00e9lectronique jetable multi-ar\u00f4mes longue dur\u00e9e<\/h1>\n<p>La cigarette \u00e9lectronique jetable Bang Legend 150K avec fonction 6 en 1 \u00e9tablit de nouvelles normes avec jusqu'\u00e0 150 000 bouff\u00e9es et un syst\u00e8me r\u00e9volutionnaire \u00e0 trois r\u00e9servoirs. Avec trois concentrations de nicotine (0%\/2%\/3%\/5%) et six modes d'ar\u00f4mes, elle offre une personnalisation in\u00e9gal\u00e9e. La r\u00e9sistance Mesh Coil offre des exp\u00e9riences gustatives intenses, tandis que l'\u00e9cran LED intelligent et la batterie 850 mAh garantissent contr\u00f4le et long\u00e9vit\u00e9. Parfaite pour les amateurs de vapotage et les revendeurs.<\/p>\n<h2>Bang Legend 150K Caract\u00e9ristiques principales :<\/h2>\n<p>Le Bang Legend 150K repr\u00e9sente la nouvelle g\u00e9n\u00e9ration d'appareils de vapotage haute performance et offre 150 000 bouff\u00e9es sans pr\u00e9c\u00e9dent pour une exp\u00e9rience de vapotage exceptionnellement prolong\u00e9e qui d\u00e9passe toutes les attentes. Con\u00e7u pour les utilisateurs qui exigent des performances, un go\u00fbt et une durabilit\u00e9 exceptionnels, cet appareil offre une personnalisation compl\u00e8te avec des concentrations de nicotine de 0%, 2%, 3% et 5%, vous permettant de contr\u00f4ler enti\u00e8rement l'intensit\u00e9 de votre vape, tandis que son design \u00e9l\u00e9gant et avanc\u00e9 allie un style accrocheur \u00e0 une construction robuste, garantissant une exp\u00e9rience fluide et satisfaisante \u00e0 chaque bouff\u00e9e.<\/p>\n<p>D\u00e9couvrez une vari\u00e9t\u00e9 de saveurs incomparable gr\u00e2ce au syst\u00e8me innovant 6 en 1 qui offre six modes r\u00e9glables (A, B, C, A+B, A+C et B+C) et vous donne la libert\u00e9 d'explorer une infinit\u00e9 de pr\u00e9f\u00e9rences gustatives. Le syst\u00e8me r\u00e9volutionnaire \u00e0 trois r\u00e9servoirs prend en charge des combinaisons multi-ar\u00f4mes dynamiques, vous permettant de profiter d'ar\u00f4mes individuels ou de cr\u00e9er des m\u00e9langes personnalis\u00e9s qui offrent une saveur fra\u00eeche, excitante et satisfaisante \u00e0 chaque bouff\u00e9e, tandis que la bobine maill\u00e9e hautement efficace am\u00e9liore la douceur de la vapeur, augmente la profondeur du go\u00fbt et offre un chauffage instantan\u00e9 pour une bouff\u00e9e cors\u00e9e \u00e0 chaque inhalation.<\/p>\n<p>Aliment\u00e9 par une batterie rechargeable robuste de 850 mAh, le Bang Legend 150K offre des performances fiables tout au long de vos longues sessions, avec une recharge rapide et pratique via le port Type-C moderne qui minimise les temps d'arr\u00eat. L'\u00e9cran LED intelligent affiche clairement les informations en temps r\u00e9el sur le compteur de bouff\u00e9es et le niveau de la batterie, offrant un contr\u00f4le plus intelligent et une transparence totale, vous permettant de surveiller vos habitudes d'utilisation et de planifier en cons\u00e9quence avec confiance et facilit\u00e9.<\/p>\n<p>Disponible en 12 saveurs d\u00e9licieuses, savamment compos\u00e9es pour satisfaire tous les palais et toutes les pr\u00e9f\u00e9rences, le Bang Legend 150K est vendu en paquets pratiques de 10 pi\u00e8ces, ce qui le rend parfait pour les d\u00e9taillants et les grossistes \u00e0 la recherche d'un stock haut de gamme. Cet appareil exceptionnel combine magistralement une technologie de pointe, une gamme de saveurs extraordinaire et une durabilit\u00e9 sans compromis dans une solution de vapotage ultime, ce qui en fait le choix incontournable pour les vapoteurs exigeants qui ne se contentent que d'une exp\u00e9rience de vapotage exceptionnelle, enti\u00e8rement personnalisable et infiniment satisfaisante.<\/p>\n<h2>Caract\u00e9ristiques techniques :<\/h2>\n<p><strong>Teneur en nicotine :<\/strong> 0% \/ 2% \/ 3% \/ 5%<br \/>\n<strong>Nombre de trains :<\/strong> 150 000 trains<br \/>\n<strong>Syst\u00e8me de r\u00e9servoir :<\/strong> 3 r\u00e9servoirs<br \/>\n<strong>Batterie :<\/strong> 850 mAh rechargeable<br \/>\n<strong>Connecteur de charge :<\/strong> Type C<br \/>\n<strong>Bobine :<\/strong> Bobine maill\u00e9e<br \/>\n<strong>\u00c9cran :<\/strong> \u00c9cran LED intelligent (compteur de bouff\u00e9es, batterie, e-liquide)<br \/>\n<strong>Caract\u00e9ristique principale :<\/strong> 6 modes d'ar\u00f4mes (A, B, C, A+B, A+C, B+C)<br \/>\n<strong>Emballage :<\/strong> 10 pi\u00e8ces\/paquet<\/p>\n<h2>Liste des saveurs Bang Legend 150K :<\/h2>\n<ol>\n<li>P\u00eache glac\u00e9e\/Mangue P\u00eache\/Myrtille P\u00eache<\/li>\n<li>Ananas glac\u00e9\/Ananas noix de coco\/Kiwi ananas glac\u00e9<\/li>\n<li>Raisin glac\u00e9\/Chewing-gum au raisin\/Framboise-raisin<\/li>\n<li>Past\u00e8que glac\u00e9e\/Past\u00e8que aux baies\/Fraise past\u00e8que<\/li>\n<li>Myrtille glac\u00e9e\/Myrtille framboise\/Myrtille canneberge cerise<\/li>\n<li>Banane glac\u00e9e\/fraise Banane\/acide citrique Orange<\/li>\n<li>Pomme glac\u00e9e\/Pomme raisin\/Myrtille raisin<\/li>\n<li>Mangue glac\u00e9e\/P\u00eache Mangue Past\u00e8que\/Oursons en g\u00e9latine<\/li>\n<li>Cerise glac\u00e9e\/Fruits rouges\/Cola rouge<\/li>\n<li>Red Bull\/Pastille \u00e0 la past\u00e8que\/Love 66<\/li>\n<li>Fraise glac\u00e9e\/Fraise kiwi\/Fraise litchi<\/li>\n<li>Fruit de la passion\/goyave Citron vert\/fruit de la passion Citron<\/li>\n<\/ol>\n<h2>Foire aux questions sur le Bang Legend 150K<\/h2>\n<p><strong>Q1 : Combien de bouff\u00e9es offre la Bang Legend 150K ?<\/strong><br \/>\nR : La Bang Legend 150K offre jusqu'\u00e0 150 000 bouff\u00e9es, ce qui en fait l'une des exp\u00e9riences de vapotage les plus durables du secteur.<\/p>\n<p><strong>Q2 : Qu'est-ce qui diff\u00e9rencie la Bang Legend 150K des autres cigarettes \u00e9lectroniques jetables ?<\/strong><br \/>\nR : Il dispose d'un syst\u00e8me d'ar\u00f4mes 6 en 1 avec 3 chambres \u00e0 liquide ind\u00e9pendantes, qui vous permet de profiter de six combinaisons de saveurs diff\u00e9rentes dans un seul appareil, ainsi que d'un \u00e9cran LED intelligent, d'un d\u00e9bit d'air r\u00e9glable et d'une recharge de type C.<\/p>\n<p><strong>Q3 : Comment fonctionne le syst\u00e8me 6 en 1 ?<\/strong><br \/>\nR : Chaque chambre \u00e0 liquide contient deux ar\u00f4mes purs qui peuvent \u00eatre chang\u00e9s ou m\u00e9lang\u00e9s, vous offrant ainsi six exp\u00e9riences gustatives diff\u00e9rentes. Il vous suffit de passer d'un mode aromatique \u00e0 l'autre pour profiter de votre saveur pr\u00e9f\u00e9r\u00e9e.<\/p>\n<p><strong>Q4 : Le Bang Legend 150K est-il rechargeable ?<\/strong><br \/>\nR : Oui ! Il est \u00e9quip\u00e9 d'une batterie rechargeable haute capacit\u00e9 et d'une fonction de charge rapide de type C, qui garantissent une performance continue pour les 150 000 bouff\u00e9es.<\/p>\n<p><strong>F5 : L'appareil affiche-t-il les niveaux de batterie et d'e-liquide ?<\/strong><br \/>\nR : Oui, il dispose d'un \u00e9cran HD intelligent qui affiche le pourcentage de batterie, l'\u00e9tat du e-liquide et le nombre de bouff\u00e9es, vous tenant ainsi inform\u00e9 en temps r\u00e9el.<\/p>\n<h2>D\u00e9couvrez d'autres produits de vapotage haut de gamme<\/h2>\n<p>La Bang Legend 150K fait partie de notre large gamme de cigarettes \u00e9lectroniques jetables haut de gamme. Visitez notre <strong><a href=\"https:\/\/apexvape.de\/fr\/\">page d'accueil<\/a><\/strong> pour d\u00e9couvrir notre gamme compl\u00e8te de produits de vapotage haut de gamme et nos offres exclusives. Si vous \u00eates particuli\u00e8rement int\u00e9ress\u00e9 par les appareils innovants Bang Vape, d\u00e9couvrez notre gamme compl\u00e8te <strong><a href=\"https:\/\/apexvape.de\/fr\/product-category\/bang-vape\/\">Collection BANG VAPE<\/a><\/strong> avec les derniers mod\u00e8les et les derni\u00e8res saveurs. Chez Apex Vape, vous trouverez \u00e0 coup s\u00fbr l'appareil de vapotage parfait pour vos besoins individuels, avec une livraison rapide et un service client de premier ordre.<\/p>","protected":false},"excerpt":{"rendered":"<p class=\"font-claude-response-body whitespace-normal break-words\">La cigarette \u00e9lectronique Bang Legend 150K offre un nombre record de 150 000 bouff\u00e9es gr\u00e2ce \u00e0 son syst\u00e8me d'ar\u00f4mes 6 en 1 r\u00e9volutionnaire et \u00e0 sa conception \u00e0 3 r\u00e9servoirs. Avec bobine mesh, batterie 850 mAh, \u00e9cran LED intelligent et chargement USB-C. Teneurs en nicotine 0-5%. 12 saveurs premium pour des combinaisons infinies.<\/p>","protected":false},"featured_media":3991,"comment_status":"open","ping_status":"closed","template":"","meta":[],"product_brand":[],"product_cat":[76],"product_tag":[],"class_list":{"0":"post-3990","1":"product","2":"type-product","3":"status-publish","4":"has-post-thumbnail","6":"product_cat-bang-vape","8":"first","9":"instock","10":"shipping-taxable","11":"purchasable","12":"product-type-variable"},"_links":{"self":[{"href":"https:\/\/apexvape.de\/fr\/wp-json\/wp\/v2\/product\/3990","targetHints":{"allow":["GET"]}}],"collection":[{"href":"https:\/\/apexvape.de\/fr\/wp-json\/wp\/v2\/product"}],"about":[{"href":"https:\/\/apexvape.de\/fr\/wp-json\/wp\/v2\/types\/product"}],"replies":[{"embeddable":true,"href":"https:\/\/apexvape.de\/fr\/wp-json\/wp\/v2\/comments?post=3990"}],"version-history":[{"count":0,"href":"https:\/\/apexvape.de\/fr\/wp-json\/wp\/v2\/product\/3990\/revisions"}],"wp:featuredmedia":[{"embeddable":true,"href":"https:\/\/apexvape.de\/fr\/wp-json\/wp\/v2\/media\/3991"}],"wp:attachment":[{"href":"https:\/\/apexvape.de\/fr\/wp-json\/wp\/v2\/media?parent=3990"}],"wp:term":[{"taxonomy":"product_brand","embeddable":true,"href":"https:\/\/apexvape.de\/fr\/wp-json\/wp\/v2\/product_brand?post=3990"},{"taxonomy":"product_cat","embeddable":true,"href":"https:\/\/apexvape.de\/fr\/wp-json\/wp\/v2\/product_cat?post=3990"},{"taxonomy":"product_tag","embeddable":true,"href":"https:\/\/apexvape.de\/fr\/wp-json\/wp\/v2\/product_tag?post=3990"}],"curies":[{"name":"wp","href":"https:\/\/api.w.org\/{rel}","templated":true}]}}