{"id":3924,"date":"2025-11-27T14:08:12","date_gmt":"2025-11-27T13:08:12","guid":{"rendered":"https:\/\/apexvape.de\/?post_type=product&#038;p=3924"},"modified":"2025-11-27T14:09:10","modified_gmt":"2025-11-27T13:09:10","slug":"bang-legend-120k","status":"publish","type":"product","link":"https:\/\/apexvape.de\/fr\/product\/bang-legend-120k\/","title":{"rendered":"Bang Legend 120K bouff\u00e9es Vape jetable"},"content":{"rendered":"<p>&nbsp;<\/p>\n<h1><strong>Bang Legend 120K 5-en-1 120 000 bouff\u00e9es | E-cigarette en gros \u00e0 saveurs multiples et r\u00e9glable<\/strong><\/h1>\n<p>La cigarette \u00e9lectronique jetable Bang Legend 120K 5-en-1 est un appareil haut de gamme dot\u00e9 d'une capacit\u00e9 \u00e9norme, con\u00e7u pour les amateurs de saveurs et les utilisateurs intensifs. Avec 120 000 bouff\u00e9es, un r\u00e9servoir de 50 ml et un syst\u00e8me de saveurs 5 en 1, elle offre une polyvalence in\u00e9gal\u00e9e et d\u00e9livre jusqu'\u00e0 5 ar\u00f4mes diff\u00e9rents dans un seul appareil. \u00c9quip\u00e9e d'une r\u00e9sistance mesh de 1,0 \u03a9, d'une batterie de 850 mAh et d'un port de chargement rapide de type C, elle garantit une vape douce, des performances durables et un confort maximal. Disponible en concentrations de nicotine r\u00e9glables de 0%, 2%, 3% et 5%.<\/p>\n<p><img decoding=\"async\" class=\"alignnone size-medium wp-image-3988\" src=\"https:\/\/apexvape.de\/wp-content\/uploads\/2025\/11\/\u4ea7\u54c1\u5408\u96c6\u56fe-300x120.jpg\" alt=\"Bang Legend 120K\" width=\"300\" height=\"120\" srcset=\"https:\/\/apexvape.de\/wp-content\/uploads\/2025\/11\/\u4ea7\u54c1\u5408\u96c6\u56fe-300x120.jpg 300w, https:\/\/apexvape.de\/wp-content\/uploads\/2025\/11\/\u4ea7\u54c1\u5408\u96c6\u56fe-1024x409.jpg 1024w, https:\/\/apexvape.de\/wp-content\/uploads\/2025\/11\/\u4ea7\u54c1\u5408\u96c6\u56fe-768x307.jpg 768w, https:\/\/apexvape.de\/wp-content\/uploads\/2025\/11\/\u4ea7\u54c1\u5408\u96c6\u56fe-1536x613.jpg 1536w, https:\/\/apexvape.de\/wp-content\/uploads\/2025\/11\/\u4ea7\u54c1\u5408\u96c6\u56fe-2048x817.jpg 2048w, https:\/\/apexvape.de\/wp-content\/uploads\/2025\/11\/\u4ea7\u54c1\u5408\u96c6\u56fe-18x7.jpg 18w, https:\/\/apexvape.de\/wp-content\/uploads\/2025\/11\/\u4ea7\u54c1\u5408\u96c6\u56fe-1200x479.jpg 1200w, https:\/\/apexvape.de\/wp-content\/uploads\/2025\/11\/\u4ea7\u54c1\u5408\u96c6\u56fe-150x60.jpg 150w\" sizes=\"(max-width: 300px) 100vw, 300px\" \/><\/p>\n<h2><strong>Bang Legend 120K bouff\u00e9es Points forts :<\/strong><\/h2>\n<p>D\u00e9couvrez une endurance exceptionnelle avec la cigarette \u00e9lectronique jetable Bang Legend 120K puissances, qui offre une capacit\u00e9 impressionnante pouvant atteindre 120 000 bouff\u00e9es et \u00e9tablit une nouvelle norme en mati\u00e8re de durabilit\u00e9, sans remplacement fr\u00e9quent. Disponible en concentrations de nicotine de 0%, 2%, 3% et 5%, cet appareil r\u00e9pond \u00e0 une grande vari\u00e9t\u00e9 de pr\u00e9f\u00e9rences. La conception r\u00e9volutionnaire \u00e0 cinq r\u00e9servoirs avec 5 modes de saveur r\u00e9glables permet aux vapoteurs de profiter de plusieurs ar\u00f4mes dans un seul appareil et de vivre une exp\u00e9rience gustative enti\u00e8rement personnalisable qui s'adapte \u00e0 votre humeur et rend chaque session passionnante et originale.<\/p>\n<p>Con\u00e7u pour offrir des performances exceptionnelles, le Bang Legend 120K est \u00e9quip\u00e9 d'un syst\u00e8me avanc\u00e9 \u00e0 5 r\u00e9sistances qui produit une vapeur douce, intense et aromatique avec une excellente efficacit\u00e9 de chauffage et une production de nuages impressionnante. Aliment\u00e9 par une batterie robuste de 850 mAh, cet appareil garantit des performances fiables et durables pendant de longues sessions de vapotage et offre la puissance n\u00e9cessaire pour soutenir une capacit\u00e9 de tirage impressionnante sans compromettre la qualit\u00e9 ou la coh\u00e9rence.<\/p>\n<p>Restez inform\u00e9 et gardez le contr\u00f4le gr\u00e2ce \u00e0 l'\u00e9cran LCD intuitif qui fournit des mises \u00e0 jour en temps r\u00e9el sur l'\u00e9tat de la batterie, le compteur de bouff\u00e9es et le mode de saveur s\u00e9lectionn\u00e9, offrant aux utilisateurs une transparence totale et une gestion optimale de leurs sessions. Ce syst\u00e8me de surveillance intelligent vous garantit de ne jamais avoir de surprise et de pouvoir planifier votre utilisation en toute confiance, ce qui maximise le confort et am\u00e9liore l'exp\u00e9rience utilisateur dans son ensemble.<\/p>\n<p>Parfaite pour un usage personnel et la distribution en gros, la Bang Legend 120K est livr\u00e9e dans un emballage pratique de 10 pi\u00e8ces par paquet et est disponible en 12 saveurs de haute qualit\u00e9, magistralement cr\u00e9\u00e9es pour satisfaire tous les palais. Alliant une polyvalence in\u00e9gal\u00e9e, un confort ultime et des performances de haute qualit\u00e9 dans un emballage \u00e9l\u00e9gant, cette cigarette \u00e9lectronique jetable est le choix id\u00e9al pour les vapoteurs exigeants qui recherchent une satisfaction durable, une vari\u00e9t\u00e9 de saveurs exceptionnelle et une exp\u00e9rience de vapotage vraiment personnalis\u00e9e qui ne se contente jamais de la moyenne.<\/p>\n<h2><strong>Caract\u00e9ristiques techniques :<\/strong><\/h2>\n<ul>\n<li>Nombre de tractions : jusqu'\u00e0 120 000 tractions<\/li>\n<li>Capacit\u00e9 de liquide : 50 ml<\/li>\n<li>Chambres gustatives : syst\u00e8me gustatif 5 en 1<\/li>\n<li>Type de r\u00e9sistance : r\u00e9sistance maill\u00e9e 1,0 \u03a9<\/li>\n<li>Capacit\u00e9 de la batterie : 850 mAh rechargeable<\/li>\n<li>Port de chargement : chargement rapide Type-C<\/li>\n<li>Teneur en nicotine : 0%, 2%, 3% ou 5%<\/li>\n<\/ul>\n<h2><strong>Bang Legend 120K bouff\u00e9es Liste des saveurs :<\/strong><\/h2>\n<ol>\n<li>Boisson \u00e9nergisante\/myrtille cerise\/pomme raisin\/past\u00e8que fruit du dragon\/mamba<\/li>\n<li>Boisson \u00e9nergisante\/P\u00eache glac\u00e9e\/Mangue glac\u00e9e\/Canneberge-raisin\/Cassis<\/li>\n<li>Myrtille Framboise\/P\u00eache Mangue Past\u00e8que\/Cerise Cola\/Raisin M\u00fbre Glac\u00e9e\/Mangue P\u00eache Abricot<\/li>\n<li>Myrtille Framboise\/Black Dragon Ice\/Bonbon arc-en-ciel\/Fuji Ice\/Past\u00e8que P\u00eache acidul\u00e9e<\/li>\n<li>Myrtille glac\u00e9e\/Kiwi Fruit de la passion Goyave\/Triple melon\/P\u00eache Ananas\/Passionate Kiss<\/li>\n<li>Myrtille glac\u00e9e\/Past\u00e8que Chewing-gum\/Pomme acidul\u00e9e Framboise\/Fruit du lotus Mangue Melon\/Fruit de la passion Kiwi Citron vert<\/li>\n<li>Past\u00e8que glac\u00e9e\/M\u00e9lange de baies\/Pomme poire\/Myrtille menthe\/\u00c9t\u00e9<\/li>\n<li>Past\u00e8que glac\u00e9e\/Fraise Mangue\/Cerise de Californie\/Myrtille P\u00eache glac\u00e9e\/Baies fra\u00eeches<\/li>\n<li>Fraise Past\u00e8que\/Raisin Glac\u00e9\/Mojito rouge\/Banane Glac\u00e9\/Citron vert<\/li>\n<li>Fraise Past\u00e8que\/Cantaloup Pomme\/Cola Ice\/Mangue P\u00eache\/Love 66<\/li>\n<li>Fraise Kiwi\/Fraise Banane\/Litchi Glac\u00e9\/Past\u00e8que Baies\/Fruit de la passion Mangue<\/li>\n<li>Fraise Kiwi\/Myrtille Past\u00e8que\/Fudge \u00e0 l'ours\/Chewing-gum \u00e0 la myrtille\/Mangue acidul\u00e9e Ananas<\/li>\n<\/ol>\n<h2><strong>Foire aux questions sur le Bang Legend 120K<\/strong><\/h2>\n<p><strong>Q1 : Qu'est-ce que le Bang Legend 120K ?<\/strong> La Bang Legend 120K est une cigarette \u00e9lectronique jetable \u00e0 haute capacit\u00e9 pouvant offrir jusqu'\u00e0 120 000 bouff\u00e9es. Elle combine plusieurs combinaisons de saveurs dans un seul appareil et offre une exp\u00e9rience de vapotage durable et de premi\u00e8re classe.<\/p>\n<p><strong>Q2 : Comment changer les saveurs ?<\/strong> Il suffit de tourner le s\u00e9lecteur de saveur ou d'utiliser la commande tactile (selon le mod\u00e8le) pour choisir parmi les combinaisons de saveurs pr\u00e9install\u00e9es.<\/p>\n<p><strong>Q3 : Puis-je recharger la Bang Legend 120K ?<\/strong> Oui. L'appareil dispose d'une batterie rechargeable via USB-C pour une performance constante jusqu'\u00e0 ce que tout le liquide soit consomm\u00e9.<\/p>\n<p><strong>Q4 : Comment savoir quand la batterie doit \u00eatre recharg\u00e9e ?<\/strong> Un voyant LED clignote ou change de couleur lorsque la batterie est faible. Rechargez l'appareil \u00e0 l'aide d'un c\u00e2ble USB-C compatible jusqu'\u00e0 ce que le voyant reste allum\u00e9 en continu.<\/p>\n<p><strong>F5 : Est-elle rechargeable ?<\/strong> Non. La Bang Legend 120K est une cigarette \u00e9lectronique jetable pr\u00e9remplie. Une fois le liquide \u00e9puis\u00e9, elle doit \u00eatre remplac\u00e9e par un nouvel appareil.<\/p>\n<h2 class=\"font-claude-response-body whitespace-normal break-words\"><strong>D\u00e9couvrez d'autres produits de vapotage haut de gamme :<\/strong><\/h2>\n<p class=\"font-claude-response-body whitespace-normal break-words\">Visitez notre <strong><a class=\"underline\" href=\"https:\/\/apexvape.de\/fr\/\">page d'accueil<\/a><\/strong> pour d\u00e9couvrir les derni\u00e8res offres en mati\u00e8re de cigarettes \u00e9lectroniques et de vapotage. La Bang Legend 120K fait partie de notre vaste gamme <strong><a class=\"underline\" href=\"https:\/\/apexvape.de\/fr\/product-category\/bang-vape\/\">BANG VAPE<\/a><\/strong> Collection o\u00f9 vous pouvez d\u00e9couvrir d'autres cigarettes \u00e9lectroniques jetables haut de gamme et des appareils \u00e0 vapoter innovants de la marque Bang. Profitez de prix de gros attractifs, d'une livraison rapide et d'un service client de premier ordre pour tous vos besoins en mati\u00e8re de vapotage.<\/p>","protected":false},"excerpt":{"rendered":"<p class=\"font-claude-response-body whitespace-normal break-words\">La cigarette \u00e9lectronique Bang Legend 120K offre 120 000 bouff\u00e9es gr\u00e2ce \u00e0 son syst\u00e8me innovant 5 en 1 et son r\u00e9servoir de 50 ml. Elle est \u00e9quip\u00e9e d'une r\u00e9sistance Mesh de 1,0 \u03a9, d'une batterie de 850 mAh, d'un \u00e9cran LCD et d'une fonction de charge rapide USB-C. Teneurs en nicotine 0-5%. 12 ar\u00f4mes haut de gamme pour une polyvalence maximale et un plaisir de vapotage optimal.<\/p>","protected":false},"featured_media":3925,"comment_status":"open","ping_status":"closed","template":"","meta":[],"product_brand":[],"product_cat":[76],"product_tag":[],"class_list":{"0":"post-3924","1":"product","2":"type-product","3":"status-publish","4":"has-post-thumbnail","6":"product_cat-bang-vape","8":"first","9":"instock","10":"shipping-taxable","11":"purchasable","12":"product-type-variable"},"_links":{"self":[{"href":"https:\/\/apexvape.de\/fr\/wp-json\/wp\/v2\/product\/3924","targetHints":{"allow":["GET"]}}],"collection":[{"href":"https:\/\/apexvape.de\/fr\/wp-json\/wp\/v2\/product"}],"about":[{"href":"https:\/\/apexvape.de\/fr\/wp-json\/wp\/v2\/types\/product"}],"replies":[{"embeddable":true,"href":"https:\/\/apexvape.de\/fr\/wp-json\/wp\/v2\/comments?post=3924"}],"version-history":[{"count":0,"href":"https:\/\/apexvape.de\/fr\/wp-json\/wp\/v2\/product\/3924\/revisions"}],"wp:featuredmedia":[{"embeddable":true,"href":"https:\/\/apexvape.de\/fr\/wp-json\/wp\/v2\/media\/3925"}],"wp:attachment":[{"href":"https:\/\/apexvape.de\/fr\/wp-json\/wp\/v2\/media?parent=3924"}],"wp:term":[{"taxonomy":"product_brand","embeddable":true,"href":"https:\/\/apexvape.de\/fr\/wp-json\/wp\/v2\/product_brand?post=3924"},{"taxonomy":"product_cat","embeddable":true,"href":"https:\/\/apexvape.de\/fr\/wp-json\/wp\/v2\/product_cat?post=3924"},{"taxonomy":"product_tag","embeddable":true,"href":"https:\/\/apexvape.de\/fr\/wp-json\/wp\/v2\/product_tag?post=3924"}],"curies":[{"name":"wp","href":"https:\/\/api.w.org\/{rel}","templated":true}]}}