{"id":3643,"date":"2025-11-26T14:19:30","date_gmt":"2025-11-26T13:19:30","guid":{"rendered":"https:\/\/apexvape.de\/?post_type=product&#038;p=3643"},"modified":"2025-11-26T14:19:56","modified_gmt":"2025-11-26T13:19:56","slug":"bang-king-85000","status":"publish","type":"product","link":"https:\/\/apexvape.de\/fr\/product\/bang-king-85000\/","title":{"rendered":"Bang King 85000 bouff\u00e9es Vape jetable"},"content":{"rendered":"<h1>Bang King 85000 3-en-1 85k bouff\u00e9es | Cigarette \u00e9lectronique triple ar\u00f4me jetable en gros<\/h1>\n<p>La cigarette \u00e9lectronique jetable Bang King 85000 bouff\u00e9es s\u00e9duit par ses performances exceptionnelles et son syst\u00e8me d'ar\u00f4mes 3 en 1 r\u00e9glable qui offre une grande vari\u00e9t\u00e9 \u00e0 chaque session. Profitez de jusqu'\u00e0 85 000 bouff\u00e9es, aliment\u00e9es par une batterie de 600 mAh et renforc\u00e9es par une triple bobine mesh pour un go\u00fbt intense et une vapeur douce. La capacit\u00e9 de 63 ml de liquide garantit une utilisation longue dur\u00e9e, tandis que l'\u00e9cran LED et le chargement de type C offrent un confort moderne. Disponible en 16 saveurs intenses, cet appareil est parfait pour les utilisateurs qui recherchent une cigarette \u00e9lectronique jetable \u00e0 haute capacit\u00e9 et \u00e0 ar\u00f4mes multiples, dot\u00e9e de fonctions intelligentes.<\/p>\n<h2>Bang King 85000 bouff\u00e9es Points forts<\/h2>\n<p>Le Bang King 85000 red\u00e9finit l'excellence en mati\u00e8re de vapeur avec une capacit\u00e9 in\u00e9gal\u00e9e pouvant atteindre 85 000 bouff\u00e9es, id\u00e9ale pour une utilisation intensive \u00e0 long terme sans remplacement fr\u00e9quent. Avec une capacit\u00e9 impressionnante de 63 ml de liquide, r\u00e9partie dans trois r\u00e9servoirs s\u00e9par\u00e9s de 21 ml, cet appareil est con\u00e7u pour une utilisation prolong\u00e9e et offre une polyvalence in\u00e9gal\u00e9e qui vous permet de vapoter plus longtemps et de mani\u00e8re plus satisfaisante que jamais.<\/p>\n<p>D\u00e9couvrez le syst\u00e8me aromatique 3 en 1 r\u00e9volutionnaire avec des saveurs r\u00e9glables, qui vous permet de passer facilement d'une saveur int\u00e9gr\u00e9e \u00e0 l'autre et vous offre une exp\u00e9rience de vapotage dynamique et enti\u00e8rement personnalisable, adapt\u00e9e \u00e0 votre humeur et \u00e0 vos pr\u00e9f\u00e9rences. La technologie avanc\u00e9e Triple Mesh Coil avec une r\u00e9sistance de 1,0 \u03a9 produit des nuages de vapeur denses et une saveur riche et constante avec une efficacit\u00e9 de chauffage rapide, de sorte que chaque bouff\u00e9e est aussi satisfaisante que la premi\u00e8re et que le potentiel de chaque profil aromatique est maximis\u00e9.<\/p>\n<p>Restez inform\u00e9 et gardez le contr\u00f4le gr\u00e2ce \u00e0 l'\u00e9cran LED intuitif qui surveille en temps r\u00e9el le nombre de bouff\u00e9es et le niveau de la batterie, et permet un suivi facile de l'utilisation afin que vous ne soyez jamais pris au d\u00e9pourvu. Aliment\u00e9 par une batterie fiable de 600 mAh et \u00e9quip\u00e9 d'un port de chargement de type C, cet appareil garantit une recharge rapide et pratique ainsi qu'une \u00e9nergie fiable pour de longues sessions de vapotage, minimisant ainsi les temps d'arr\u00eat et maximisant le plaisir.<\/p>\n<p>Disponible en concentrations de nicotine 0%, 2%, 3% et 5% pour r\u00e9pondre \u00e0 diff\u00e9rentes pr\u00e9f\u00e9rences et besoins, le Bang King 85000 offre une s\u00e9lection passionnante de 16 saveurs uniques pour une exp\u00e9rience de vapotage v\u00e9ritablement personnalis\u00e9e. Conditionn\u00e9 de mani\u00e8re pratique en paquets de 10, cet appareil est id\u00e9al pour la vente au d\u00e9tail et en gros, et offre des performances professionnelles et une innovation qui \u00e9l\u00e8veront votre exp\u00e9rience de vapotage vers de nouveaux sommets exceptionnels.<\/p>\n<h2>Donn\u00e9es techniques<\/h2>\n<p><strong>Trains :<\/strong> Jusqu'\u00e0 85 000 trains<br \/>\n<strong>Nicotine :<\/strong> 0% \/ 2% \/ 3% \/ 5%<br \/>\n<strong>Ar\u00f4mes :<\/strong> 3 r\u00e9glable<br \/>\n<strong>E-liquide :<\/strong> 21 ml \u00d7 3 (total 63 ml)<br \/>\n<strong>Batterie :<\/strong> 600 mAh rechargeable<br \/>\n<strong>Bobine :<\/strong> Triple Mesh 1,0 \u03a9 \u00d7 3<br \/>\n<strong>\u00c9cran :<\/strong> \u00e9cran LCD<br \/>\n<strong>Suralimentation :<\/strong> Type C<br \/>\n<strong>Emballage :<\/strong> 10 pi\u00e8ces\/paquet<br \/>\n<strong>Options gustatives :<\/strong> 16 choix possibles<\/p>\n<h2>Bang King 85000 bouff\u00e9es Liste des saveurs<\/h2>\n<ol>\n<li>Past\u00e8que\/Red Bull\/Fraise Kiwi<\/li>\n<li>Citron vert\/fraise Past\u00e8que\/myrtille Glace<\/li>\n<li>Fraise Banane\/Framboise Past\u00e8que\/Limonade rose<\/li>\n<li>Cerise Blue Razz\/Menthe fra\u00eeche\/P\u00eache Mangue<\/li>\n<li>Fruits tropicaux\/Fraise Past\u00e8que\/Citron P\u00eache<\/li>\n<li>Ananas noix de coco\/fraise banane\/blue razz<\/li>\n<li>Fraise Past\u00e8que\/Triple Melon\/Fraise Glac\u00e9e<\/li>\n<li>Fruits m\u00e9lang\u00e9s\/mangue p\u00eache\/raisin glac\u00e9<\/li>\n<li>Fraise Vanille Cola\/P\u00eache Ice\/Black Dragon Ice<\/li>\n<li>Lush Ice\/Kiwi Fruit de la passion Goyave\/Fraise Mangue<\/li>\n<li>Fraise Past\u00e8que\/Past\u00e8que\/Blue Razz Ice<\/li>\n<li>Limonade aux fruits rouges\/Fraise Red Bull\/Fraise Pomp<\/li>\n<li>Double pomme\/Fruity Fusion\/Ananas Ice<\/li>\n<li>Cola Ice\/Mr Blue\/Cola cerise<\/li>\n<li>Beignet \u00e0 la fraise\/Banane glac\u00e9e\/Love66<\/li>\n<li>Th\u00e9 glac\u00e9 citron glac\u00e9\/mangue glac\u00e9e\/litchi glac\u00e9<\/li>\n<\/ol>\n<h2>Foire aux questions sur la cigarette \u00e9lectronique jetable Bang King 85000 3-en-1<\/h2>\n<p><strong>1. Combien de coups offre le Bang King 85000 ?<\/strong><br \/>\nJusqu'\u00e0 85 000 bouff\u00e9es au total, soit environ 28 000 bouff\u00e9es par capsule aromatique, en fonction des habitudes d'utilisation personnelles.<\/p>\n<p><strong>2. Que signifie \u201e Triple 3-en-1 \u201c ?<\/strong><br \/>\nL'appareil contient trois capsules d'ar\u00f4mes distinctes, entre lesquelles vous pouvez passer \u00e0 l'aide d'un s\u00e9lecteur de saveur int\u00e9gr\u00e9 : profitez de trois ar\u00f4mes dans un seul appareil.<\/p>\n<p><strong>3. Cette cigarette \u00e9lectronique est-elle rechargeable ?<\/strong><br \/>\nOui. Il dispose d'un port de chargement rapide de type C et d'une batterie int\u00e9gr\u00e9e de 600 mAh pour une utilisation prolong\u00e9e et un chargement plus rapide.<\/p>\n<p><strong>4. Quelle est la capacit\u00e9 totale de liquidit\u00e9 ?<\/strong><br \/>\nL'appareil peut contenir au total 63 ml d'e-liquide (chaque pod contient 21 ml de son propre ar\u00f4me).<\/p>\n<p><strong>5. Comment changer les ar\u00f4mes ?<\/strong><br \/>\nD\u00e9placez le s\u00e9lecteur d'ar\u00f4mes pour choisir entre les trois dosettes internes. C'est rapide et pratique : aucun bouton ni recharge n'est n\u00e9cessaire.<\/p>\n<p><strong>6. L'appareil convient-il aux d\u00e9butants ?<\/strong><br \/>\nAbsolument. Il est activ\u00e9 par traction, sans boutons ni r\u00e9glages, ce qui le rend id\u00e9al pour les d\u00e9butants comme pour les utilisateurs avanc\u00e9s.<\/p>\n<h2>D\u00e9couvrez d'autres cigarettes \u00e9lectroniques haut de gamme<\/h2>\n<p>La Bang King 85000 fait partie de notre vaste collection de cigarettes \u00e9lectroniques jetables haut de gamme. Visitez notre <strong><a href=\"https:\/\/apexvape.de\/fr\/\">page d'accueil<\/a><\/strong> pour d\u00e9couvrir d'autres produits innovants li\u00e9s \u00e0 la vapeur et des offres exclusives. Si vous \u00eates particuli\u00e8rement int\u00e9ress\u00e9 par les produits Bang, explorez notre gamme compl\u00e8te <strong><a href=\"https:\/\/apexvape.de\/fr\/product-category\/bang-vape\/\">Cat\u00e9gorie BANG VAPE<\/a><\/strong> avec les derniers mod\u00e8les et saveurs. Profitez d'une livraison rapide, d'un service client de premier ordre et de produits authentiques directement aupr\u00e8s de votre revendeur sp\u00e9cialis\u00e9 en cigarettes \u00e9lectroniques de confiance.<\/p>","protected":false},"excerpt":{"rendered":"<p class=\"font-claude-response-body whitespace-normal break-words\">Le Bang King 85000 offre 85 000 bouff\u00e9es r\u00e9volutionnaires avec un changement d'ar\u00f4me 3 en 1 innovant. Trois r\u00e9servoirs de 21 ml (63 ml au total), triples r\u00e9sistances mesh 1,0 \u03a9 pour un go\u00fbt intense. Batterie 600 mAh, type C, \u00e9cran LCD affichant le nombre de bouff\u00e9es et le niveau de batterie. Nicotine 0%-5%, 16 ar\u00f4mes premium. Id\u00e9al pour la vente en gros et les vapoteurs exigeants.<\/p>","protected":false},"featured_media":3644,"comment_status":"open","ping_status":"closed","template":"","meta":[],"product_brand":[],"product_cat":[76],"product_tag":[],"class_list":{"0":"post-3643","1":"product","2":"type-product","3":"status-publish","4":"has-post-thumbnail","6":"product_cat-bang-vape","8":"first","9":"instock","10":"shipping-taxable","11":"purchasable","12":"product-type-variable"},"_links":{"self":[{"href":"https:\/\/apexvape.de\/fr\/wp-json\/wp\/v2\/product\/3643","targetHints":{"allow":["GET"]}}],"collection":[{"href":"https:\/\/apexvape.de\/fr\/wp-json\/wp\/v2\/product"}],"about":[{"href":"https:\/\/apexvape.de\/fr\/wp-json\/wp\/v2\/types\/product"}],"replies":[{"embeddable":true,"href":"https:\/\/apexvape.de\/fr\/wp-json\/wp\/v2\/comments?post=3643"}],"version-history":[{"count":0,"href":"https:\/\/apexvape.de\/fr\/wp-json\/wp\/v2\/product\/3643\/revisions"}],"wp:featuredmedia":[{"embeddable":true,"href":"https:\/\/apexvape.de\/fr\/wp-json\/wp\/v2\/media\/3644"}],"wp:attachment":[{"href":"https:\/\/apexvape.de\/fr\/wp-json\/wp\/v2\/media?parent=3643"}],"wp:term":[{"taxonomy":"product_brand","embeddable":true,"href":"https:\/\/apexvape.de\/fr\/wp-json\/wp\/v2\/product_brand?post=3643"},{"taxonomy":"product_cat","embeddable":true,"href":"https:\/\/apexvape.de\/fr\/wp-json\/wp\/v2\/product_cat?post=3643"},{"taxonomy":"product_tag","embeddable":true,"href":"https:\/\/apexvape.de\/fr\/wp-json\/wp\/v2\/product_tag?post=3643"}],"curies":[{"name":"wp","href":"https:\/\/api.w.org\/{rel}","templated":true}]}}