{"id":3335,"date":"2025-11-26T13:34:53","date_gmt":"2025-11-26T12:34:53","guid":{"rendered":"https:\/\/apexvape.de\/?post_type=product&#038;p=3335"},"modified":"2025-11-26T13:35:14","modified_gmt":"2025-11-26T12:35:14","slug":"bang-king-25000","status":"publish","type":"product","link":"https:\/\/apexvape.de\/fr\/product\/bang-king-25000\/","title":{"rendered":"Bang King 25000 bouff\u00e9es Vape jetable"},"content":{"rendered":"<h1>Bang King 25 000 bouff\u00e9es | Double pods 0%-5% nicotine, 46 ml 650 mAh Vape jetable en gros<\/h1>\n<p>Le Bang King 25000 bouff\u00e9es est un dispositif de vapotage jetable \u00e0 haute capacit\u00e9, con\u00e7u pour offrir une exp\u00e9rience de vapotage in\u00e9gal\u00e9e avec jusqu'\u00e0 25 000 bouff\u00e9es. Con\u00e7u pour les amateurs de vapotage et les d\u00e9taillants, ce dispositif allie confort, performance et durabilit\u00e9. Sa g\u00e9n\u00e9reuse capacit\u00e9 de 46 ml d'e-liquide (r\u00e9partie dans 2 pods de 23 ml) minimise le besoin de recharges, tandis que sa puissante batterie rechargeable de 650 mAh garantit une utilisation durable. Disponible en concentrations de nicotine de 0%, 2%, 3% et 5%, il r\u00e9pond \u00e0 une grande vari\u00e9t\u00e9 de pr\u00e9f\u00e9rences.<\/p>\n<h2>Bang King 25000 bouff\u00e9es Points forts :<\/h2>\n<p>Vivez une exp\u00e9rience de vapotage exceptionnelle avec une capacit\u00e9 impressionnante pouvant atteindre 25 000 bouff\u00e9es, aliment\u00e9e par deux pods pr\u00e9remplis de 23 ml d'e-liquide pour un volume total g\u00e9n\u00e9reux de 46 ml. Cette capacit\u00e9 accrue garantit un plaisir durable sans avoir \u00e0 remplacer constamment les pods et convient parfaitement aussi bien aux utilisateurs occasionnels qu'aux amateurs de vapotage.<\/p>\n<p>Personnalisez votre exp\u00e9rience gr\u00e2ce \u00e0 des options flexibles de teneur en nicotine, disponibles dans les concentrations 0%, 2%, 3% et 5%, afin de r\u00e9pondre \u00e0 vos pr\u00e9f\u00e9rences et besoins individuels. Que vous souhaitiez r\u00e9duire votre consommation de nicotine ou que vous pr\u00e9f\u00e9riez un hit plus fort, il existe une option sp\u00e9cialement con\u00e7ue pour vous.<\/p>\n<p>L'appareil est dot\u00e9 d'une technologie avanc\u00e9e avec une r\u00e9sistance mesh de 1,0 ohm qui offre des profils gustatifs am\u00e9lior\u00e9s et une production de vapeur impressionnante \u00e0 chaque bouff\u00e9e. Aliment\u00e9 par une batterie rechargeable fiable de 650 mAh, vous pouvez compter sur des performances constantes tout au long de la journ\u00e9e, tandis que le pratique port de chargement de type C permet une recharge rapide et efficace lorsque cela est n\u00e9cessaire.<\/p>\n<p>Faites votre choix parmi une s\u00e9lection all\u00e9chante de 12 saveurs d\u00e9licieuses, soigneusement \u00e9labor\u00e9es pour satisfaire tous les palais et toutes les pr\u00e9f\u00e9rences. Des saveurs classiques aux m\u00e9langes uniques, cette gamme vari\u00e9e vous permettra de trouver la saveur parfaite qui correspond \u00e0 votre humeur et enrichira votre exp\u00e9rience de vapotage.<\/p>\n<h2>Sp\u00e9cifications du produit :<\/h2>\n<ul>\n<li><strong>Trains :<\/strong> Jusqu'\u00e0 25 000 trains<\/li>\n<li><strong>Liquide :<\/strong> 46 ml d'e-liquide pr\u00e9rempli (2 PODS, 23 ml + 23 ml)<\/li>\n<li><strong>Nicotine :<\/strong> 0%, 2%, 3%, 5%<\/li>\n<li><strong>Type :<\/strong> jetable<\/li>\n<li><strong>Batterie :<\/strong> Batterie rechargeable 650 mAh<\/li>\n<li><strong>D\u00e9bit d'air r\u00e9glable<\/strong><\/li>\n<li><strong>Recharge de type C<\/strong><\/li>\n<li><strong>12 saveurs disponibles<\/strong><\/li>\n<\/ul>\n<h2>Liste des saveurs :<\/h2>\n<ol>\n<li>Glace bleue \u00e0 la framboise<\/li>\n<li>Glace \u00e0 la p\u00eache juteuse<\/li>\n<li>Fraise Past\u00e8que<\/li>\n<li>Glace \u00e0 la past\u00e8que<\/li>\n<li>Banane fraise<\/li>\n<li>Pomme verte glac\u00e9e<\/li>\n<li>Triple baies glac\u00e9es<\/li>\n<li>Fruit tropical<\/li>\n<li>Bombe cerise<\/li>\n<li>Raisin glac\u00e9<\/li>\n<li>P\u00eache Mangue<\/li>\n<li>Fraise Mangue<\/li>\n<\/ol>\n<h2>Foire aux questions (FAQ)<\/h2>\n<p><strong>1. Combien de temps dure le Bang King 25000 bouff\u00e9es ?<\/strong><\/p>\n<p>Le Bang King 25000 bouff\u00e9es est con\u00e7u pour offrir jusqu'\u00e0 25 000 bouff\u00e9es, en fonction de votre utilisation. C'est nettement plus long que la plupart des vapoteuses jetables, ce qui le rend id\u00e9al pour les vapoteurs intensifs.<\/p>\n<p><strong>2. Quels ar\u00f4mes sont disponibles pour le Bang King 25000 bouff\u00e9es ?<\/strong><\/p>\n<p>Le Bang King 25000 bouff\u00e9es est disponible dans une large gamme de saveurs, notamment des saveurs fruit\u00e9es, menthol\u00e9es et dessert. Parmi les saveurs les plus populaires, on trouve la myrtille-menthe, la mangue glac\u00e9e et la fraise-banane.<\/p>\n<p><strong>3. Comment puis-je \u00e9liminer mon Bang King 25000 bouff\u00e9es usag\u00e9 ?<\/strong><\/p>\n<p>Nous encourageons tous nos clients \u00e0 \u00e9liminer les cigarettes \u00e9lectroniques jetables usag\u00e9es de mani\u00e8re responsable. Renseignez-vous aupr\u00e8s des programmes de recyclage locaux pour conna\u00eetre les m\u00e9thodes d'\u00e9limination appropri\u00e9es, d'autant plus que de nombreux composants des cigarettes \u00e9lectroniques jetables sont recyclables.<\/p>\n<h2 class=\"font-claude-response-heading text-text-100 mt-1 -mb-0.5\">D\u00e9couvrez-en davantage chez Apex Vape<\/h2>\n<p class=\"font-claude-response-body whitespace-normal break-words\">Vous recherchez d'autres produits de vapotage haut de gamme ? Visitez notre <strong><a class=\"underline\" href=\"https:\/\/apexvape.de\/fr\/\">page d'accueil<\/a><\/strong>, pour d\u00e9couvrir notre gamme compl\u00e8te de vapoteuses jetables et de produits de vapotage de haute qualit\u00e9. La Bang King 25000 bouff\u00e9es fait partie de notre gamme exclusive <strong><a class=\"underline\" href=\"https:\/\/apexvape.de\/fr\/product-category\/bang-vape\/\">Collection BANG VAPE<\/a><\/strong>, qui propose une large gamme d'appareils innovants offrant des performances exceptionnelles et une grande vari\u00e9t\u00e9 de saveurs. Chez Apex Vape, nous misons sur la qualit\u00e9, la fiabilit\u00e9 et la satisfaction de nos clients. Nous sommes votre partenaire de confiance pour des produits de vapotage haut de gamme en Allemagne.<\/p>","protected":false},"excerpt":{"rendered":"<p class=\"font-claude-response-body whitespace-normal break-words\">Le Bang King 25000 offre 25 000 bouff\u00e9es exceptionnelles gr\u00e2ce \u00e0 son syst\u00e8me innovant \u00e0 double pod (2x23 ml). \u00c9quip\u00e9 d'une batterie de 650 mAh, d'un chargement de type C, d'une r\u00e9sistance mesh de 1,0 \u03a9 et d'un d\u00e9bit d'air r\u00e9glable. Disponible en 0%-5% nicotine et 12 saveurs premium. Id\u00e9al pour les grossistes et les vapoteurs exigeants.<\/p>","protected":false},"featured_media":3336,"comment_status":"open","ping_status":"closed","template":"","meta":[],"product_brand":[],"product_cat":[76],"product_tag":[],"class_list":{"0":"post-3335","1":"product","2":"type-product","3":"status-publish","4":"has-post-thumbnail","6":"product_cat-bang-vape","8":"first","9":"instock","10":"shipping-taxable","11":"purchasable","12":"product-type-variable"},"_links":{"self":[{"href":"https:\/\/apexvape.de\/fr\/wp-json\/wp\/v2\/product\/3335","targetHints":{"allow":["GET"]}}],"collection":[{"href":"https:\/\/apexvape.de\/fr\/wp-json\/wp\/v2\/product"}],"about":[{"href":"https:\/\/apexvape.de\/fr\/wp-json\/wp\/v2\/types\/product"}],"replies":[{"embeddable":true,"href":"https:\/\/apexvape.de\/fr\/wp-json\/wp\/v2\/comments?post=3335"}],"version-history":[{"count":0,"href":"https:\/\/apexvape.de\/fr\/wp-json\/wp\/v2\/product\/3335\/revisions"}],"wp:featuredmedia":[{"embeddable":true,"href":"https:\/\/apexvape.de\/fr\/wp-json\/wp\/v2\/media\/3336"}],"wp:attachment":[{"href":"https:\/\/apexvape.de\/fr\/wp-json\/wp\/v2\/media?parent=3335"}],"wp:term":[{"taxonomy":"product_brand","embeddable":true,"href":"https:\/\/apexvape.de\/fr\/wp-json\/wp\/v2\/product_brand?post=3335"},{"taxonomy":"product_cat","embeddable":true,"href":"https:\/\/apexvape.de\/fr\/wp-json\/wp\/v2\/product_cat?post=3335"},{"taxonomy":"product_tag","embeddable":true,"href":"https:\/\/apexvape.de\/fr\/wp-json\/wp\/v2\/product_tag?post=3335"}],"curies":[{"name":"wp","href":"https:\/\/api.w.org\/{rel}","templated":true}]}}