{"id":2934,"date":"2025-11-25T13:33:07","date_gmt":"2025-11-25T12:33:07","guid":{"rendered":"https:\/\/apexvape.de\/?post_type=product&#038;p=2934"},"modified":"2025-11-25T14:00:08","modified_gmt":"2025-11-25T13:00:08","slug":"bang-blaze-40000","status":"publish","type":"product","link":"https:\/\/apexvape.de\/fr\/product\/bang-blaze-40000\/","title":{"rendered":"Bang Blaze 40000 bouff\u00e9es Vape jetable"},"content":{"rendered":"<h1>Bang Blaze 40000 Vape jetable double saveur | 40 000 bouff\u00e9es | 40 ml d'e-liquide | Double r\u00e9sistance mesh | Rechargeable via Type-C<\/h1>\n<p>La cigarette \u00e9lectronique jetable Bang Blaze 40000 bouff\u00e9es double saveur offre jusqu'\u00e0 40 000 bouff\u00e9es, une capacit\u00e9 de 40 ml d'e-liquide et une batterie rechargeable de 650 mAh pour un plaisir de vapotage longue dur\u00e9e. Gr\u00e2ce au syst\u00e8me innovant de curseur double saveur, vous pouvez facilement passer d'une saveur \u00e0 l'autre et varier chaque session. \u00c9quip\u00e9 d'une double r\u00e9sistance mesh (1,2 \u03a9) pour un go\u00fbt plus intense et une vapeur douce, disponible en 32 saveurs et 4 concentrations de nicotine (0%, 2%, 3%, 5%), cet appareil est le choix id\u00e9al pour tous les vapoteurs. La charge rapide de type C assure une recharge rapide et vous permet d'\u00eatre toujours pr\u00eat \u00e0 l'emploi.<\/p>\n<h2>Bang Blaze 40000 bouff\u00e9es Points forts :<\/h2>\n<p>La cigarette \u00e9lectronique Bang Blaze 40000 bouff\u00e9es red\u00e9finit la performance longue dur\u00e9e et offre 40 000 bouff\u00e9es exceptionnelles pour un plaisir durable sans remplacement fr\u00e9quent. Pr\u00e9rempli avec une impressionnante quantit\u00e9 de 40 ml de e-liquide double saveur, chaque appareil offre une exp\u00e9rience gustative triple unique : savourez la saveur A, la saveur B ou m\u00e9langez les deux pour obtenir un troisi\u00e8me profil aromatique combin\u00e9. Cette conception innovante permet de profiter de trois exp\u00e9riences de vapotage diff\u00e9rentes dans un appareil \u00e9l\u00e9gant, parfait pour les utilisateurs qui appr\u00e9cient la diversit\u00e9 et la flexibilit\u00e9 dans leur routine quotidienne.<\/p>\n<p>Con\u00e7u pour offrir des performances optimales, le Bang Blaze est \u00e9quip\u00e9 d'une batterie rechargeable fiable de 650 mAh avec charge rapide de type C, qui garantit un temps d'arr\u00eat minimal et un plaisir de vapotage maximal. Le syst\u00e8me avanc\u00e9 \u00e0 double r\u00e9sistance mesh de 0,6 \u03a9 renforce la production de vapeur et l'intensit\u00e9 des saveurs, et produit des nuages de vapeur denses et r\u00e9guliers \u00e0 chaque bouff\u00e9e. Malgr\u00e9 son design compact et \u00e9l\u00e9gant, cet appareil offre des performances et des fonctionnalit\u00e9s remarquables, \u00e0 la hauteur des alternatives plus grandes.<\/p>\n<p>Disponible en diff\u00e9rentes concentrations de nicotine (0%, 2%, 3% et 5%), le Bang Blaze 40000 convient aussi bien aux vapoteurs occasionnels qu'aux vapoteurs exp\u00e9riment\u00e9s \u00e0 la recherche d'une exp\u00e9rience personnalisable. Que vous souhaitiez explorer de nouvelles combinaisons de saveurs ou que vous pr\u00e9f\u00e9riez un plaisir constant tout au long de la journ\u00e9e, cet appareil combine une endurance exceptionnelle, une technologie de saveur innovante et une production de vapeur douce dans un ensemble puissant destin\u00e9 aux vapoteurs modernes.<\/p>\n<h2>Caract\u00e9ristiques techniques :<\/h2>\n<p><strong>Nombre de coups :<\/strong> Jusqu'\u00e0 40 000 trains<br \/>\n<strong>Capacit\u00e9 du e-liquide :<\/strong> 40 ml<br \/>\n<strong>Teneurs en nicotine :<\/strong> 0%, 2%, 3%, 5%<br \/>\n<strong>Capacit\u00e9 de la batterie :<\/strong> 650 mAh (rechargeable)<br \/>\n<strong>Connecteur de charge :<\/strong> Type C<br \/>\n<strong>Type de bobine :<\/strong> Double r\u00e9sistance mesh (1,2 \u03a9)<br \/>\n<strong>Syst\u00e8me gustatif :<\/strong> Commutateur \u00e0 glissi\u00e8re \u00e0 double saveur<br \/>\n<strong>Poids de l'appareil :<\/strong> Environ 120 g<\/p>\n<h2>Bang Blaze 40 000 bouff\u00e9es Saveurs :<\/h2>\n<ol>\n<li>Past\u00e8que\/Fraise-Past\u00e8que<\/li>\n<li>Myrtille glac\u00e9e\/myrtille-framboise<\/li>\n<li>Glace \u00e0 la mangue\/fraise-mangue<\/li>\n<li>Past\u00e8que\/Chewing-gum \u00e0 la past\u00e8que<\/li>\n<li>Ananas Ice\/Ananas-Noix de coco<\/li>\n<li>M\u00e9lange de fruits\/Triple Berry<\/li>\n<li>P\u00eache glac\u00e9e\/Mangue-P\u00eache<\/li>\n<li>Cerise\/cerise-cola<\/li>\n<li>Raisin\/myrtille-raisin<\/li>\n<li>Menthe\/menthe-myrtille<\/li>\n<li>Black Dragon Ice\/Red Bull<\/li>\n<li>Fraise glac\u00e9e\/fraise-kiwi<\/li>\n<li>Fruits tropicaux\/Triple past\u00e8que<\/li>\n<li>Mangue acidul\u00e9e-ananas\/citron-citron vert<\/li>\n<li>Summer Time\/Pomme glac\u00e9e<\/li>\n<li>Bonbons arc-en-ciel\/Arctic Freezing<\/li>\n<li>Framboise-past\u00e8que\/Jieshuang<\/li>\n<li>Romance citronn\u00e9e\/Cerise californienne<\/li>\n<li>Gommes blanches \u00e0 la mangue, \u00e0 la p\u00eache et \u00e0 l'abricot<\/li>\n<li>Mary's Dream\/Aloe-Mangue-Melon Ice<\/li>\n<li>Kiwi-fruit de la passion-goyave\/myrtille-cerise<\/li>\n<li>Glace ananas-mangue\/ananas-noix de coco<\/li>\n<li>Framboise-past\u00e8que\/alo\u00e8s-raisin<\/li>\n<li>Litchi glac\u00e9\/fraise-litchi<\/li>\n<li>Beach Sex\/Framboise-Past\u00e8que<\/li>\n<li>Bonbons g\u00e9lifi\u00e9s\/framboise-paillettes noires<\/li>\n<li>Baies Cool Past\u00e8que\/P\u00eache acidul\u00e9e<\/li>\n<li>Fraise-banane\/fruit de la passion-kiwi<\/li>\n<li>Acai Storm Ice\/Love 66<\/li>\n<li>Limonade rose\/myrtille-cerise-citron<\/li>\n<li>Glace \u00e0 la fraise\/fraise-vanille<\/li>\n<li>Myrtille-canneberge-cerise\/past\u00e8que-cerise<\/li>\n<\/ol>\n<h2>Foire aux questions (FAQ)<\/h2>\n<p><strong>1. Combien de coups offre le Bang Blaze 40K ?<\/strong><br \/>\nLa Bang Blaze 40K offre au total jusqu'\u00e0 40 000 bouff\u00e9es, soit environ 20 000 bouff\u00e9es par r\u00e9servoir d'ar\u00f4me.<\/p>\n<p><strong>2. Puis-je changer de saveur ?<\/strong><br \/>\nOui ! Cet appareil est \u00e9quip\u00e9 d'un syst\u00e8me \u00e0 double saveur. Vous pouvez passer instantan\u00e9ment d'un r\u00e9servoir \u00e0 l'autre en le faisant glisser.<\/p>\n<p><strong>3. L'appareil est-il rechargeable ?<\/strong><br \/>\nOui, il dispose d'une batterie rechargeable de 650 mAh et prend en charge la charge rapide de type C pour une recharge rapide et efficace.<\/p>\n<p><strong>4. Quelles sont les concentrations de nicotine disponibles ?<\/strong><br \/>\nLes concentrations de nicotine disponibles sont 0%, 2%, 3%, 5%, selon votre r\u00e9gion ou votre revendeur.<\/p>\n<p><strong>5. Le Bang Blaze 40K est-il rechargeable ou r\u00e9utilisable ?<\/strong><br \/>\nNon, il s'agit d'une cigarette \u00e9lectronique jetable. Une fois les deux r\u00e9servoirs de saveur vides, l'appareil doit \u00eatre \u00e9limin\u00e9 de mani\u00e8re responsable.<\/p>\n<p><strong>6. Combien de temps dure une recharge compl\u00e8te ?<\/strong><br \/>\nIl faut g\u00e9n\u00e9ralement entre 45 et 60 minutes pour recharger compl\u00e8tement l'appareil \u00e0 l'aide d'un c\u00e2ble de type C.<\/p>\n<h2 class=\"font-claude-response-heading text-text-100 mt-1 -mb-0.5\">D\u00e9couvrez-en davantage chez Apex Vape<\/h2>\n<p class=\"font-claude-response-body whitespace-normal break-words\">Vous recherchez des cigarettes \u00e9lectroniques jetables de haute qualit\u00e9 et des produits de vapotage innovants ? Rendez-vous sur <strong><a class=\"underline\" href=\"https:\/\/apexvape.de\/fr\/\">Apex Vape<\/a><\/strong>, votre boutique en ligne de confiance pour les produits de vapotage haut de gamme en Allemagne. Le Bang Blaze 40000 fait partie de notre vaste gamme <strong><a class=\"underline\" href=\"https:\/\/apexvape.de\/fr\/product-category\/bang-vape\/\">Collection BANG VAPE<\/a><\/strong>, qui propose une large gamme de vapoteuses jetables performantes, dot\u00e9es d'une technologie innovante et offrant un go\u00fbt exceptionnel. D\u00e9couvrez d'autres mod\u00e8les, comparez les caract\u00e9ristiques techniques et trouvez l'appareil qui r\u00e9pondra parfaitement \u00e0 vos besoins individuels. Chez Apex Vape, nous garantissons des produits authentiques, une livraison rapide et un service client de premier ordre pour tous les amateurs de vapotage.<\/p>","protected":false},"excerpt":{"rendered":"<p class=\"font-claude-response-body whitespace-normal break-words\">Le Bang Blaze 40000 r\u00e9volutionne votre exp\u00e9rience de vapotage avec jusqu'\u00e0 40 000 bouff\u00e9es et un syst\u00e8me unique \u00e0 double saveur. Passez facilement d'une saveur \u00e0 l'autre ou m\u00e9langez les deux pour obtenir un troisi\u00e8me profil aromatique. 40 ml d'e-liquide, batterie Type-C 650 mAh, double r\u00e9sistance mesh et 32 saveurs disponibles en 4 concentrations de nicotine.<\/p>","protected":false},"featured_media":2935,"comment_status":"open","ping_status":"closed","template":"","meta":[],"product_brand":[],"product_cat":[76],"product_tag":[],"class_list":{"0":"post-2934","1":"product","2":"type-product","3":"status-publish","4":"has-post-thumbnail","6":"product_cat-bang-vape","8":"first","9":"instock","10":"shipping-taxable","11":"purchasable","12":"product-type-variable"},"_links":{"self":[{"href":"https:\/\/apexvape.de\/fr\/wp-json\/wp\/v2\/product\/2934","targetHints":{"allow":["GET"]}}],"collection":[{"href":"https:\/\/apexvape.de\/fr\/wp-json\/wp\/v2\/product"}],"about":[{"href":"https:\/\/apexvape.de\/fr\/wp-json\/wp\/v2\/types\/product"}],"replies":[{"embeddable":true,"href":"https:\/\/apexvape.de\/fr\/wp-json\/wp\/v2\/comments?post=2934"}],"version-history":[{"count":0,"href":"https:\/\/apexvape.de\/fr\/wp-json\/wp\/v2\/product\/2934\/revisions"}],"wp:featuredmedia":[{"embeddable":true,"href":"https:\/\/apexvape.de\/fr\/wp-json\/wp\/v2\/media\/2935"}],"wp:attachment":[{"href":"https:\/\/apexvape.de\/fr\/wp-json\/wp\/v2\/media?parent=2934"}],"wp:term":[{"taxonomy":"product_brand","embeddable":true,"href":"https:\/\/apexvape.de\/fr\/wp-json\/wp\/v2\/product_brand?post=2934"},{"taxonomy":"product_cat","embeddable":true,"href":"https:\/\/apexvape.de\/fr\/wp-json\/wp\/v2\/product_cat?post=2934"},{"taxonomy":"product_tag","embeddable":true,"href":"https:\/\/apexvape.de\/fr\/wp-json\/wp\/v2\/product_tag?post=2934"}],"curies":[{"name":"wp","href":"https:\/\/api.w.org\/{rel}","templated":true}]}}