{"id":2849,"date":"2025-11-23T10:54:44","date_gmt":"2025-11-23T09:54:44","guid":{"rendered":"https:\/\/apexvape.de\/?post_type=product&#038;p=2849"},"modified":"2025-11-23T10:56:16","modified_gmt":"2025-11-23T09:56:16","slug":"waspe-6-in-1-150000","status":"publish","type":"product","link":"https:\/\/apexvape.de\/fr\/product\/waspe-6-in-1-150000\/","title":{"rendered":"WASPE 6-en-1 150 000 bouff\u00e9es Vape jetable"},"content":{"rendered":"<h2>WASPE 6-en-1 150 000 bouff\u00e9es | 6 saveurs dans une cigarette \u00e9lectronique jetable 150K 64 ml \u00e0 effet longue dur\u00e9e<\/h2>\n<p>Le WASPE 6-en-1 150000 offre 150 000 bouff\u00e9es in\u00e9gal\u00e9es, soit la plus grande capacit\u00e9 du march\u00e9. Le syst\u00e8me innovant de changement de saveur 6-en-1 permet d'utiliser des ar\u00f4mes individuels ou m\u00e9lang\u00e9s. Les r\u00e9sistances Triple Mesh garantissent un go\u00fbt et un d\u00e9bit de vapeur exceptionnels. Grande capacit\u00e9 de 64 ml avec batterie rechargeable de 650 mAh de type C. \u00c9cran LED intelligent pour surveiller le niveau de la batterie, le niveau de e-liquide et les param\u00e8tres. Disponible en 0 %, 2 % ou 5 % de nicotine. L\u00e9ger avec ses 140 g et son design \u00e9l\u00e9gant repr\u00e9sentant un singe. Parfait pour une vape longue dur\u00e9e et sans complication.<\/p>\n<h3>WASPE 6-en-1 150 000 bouff\u00e9es Points forts :<\/h3>\n<p>La cigarette \u00e9lectronique jetable WASPE 6-en-1 150000 offre 150 000 bouff\u00e9es impressionnantes et procure une exp\u00e9rience de vapotage durable et in\u00e9gal\u00e9e dans le secteur, surpassant de loin les produits jetables traditionnels. Le syst\u00e8me innovant six-en-un permet de passer de six profils aromatiques diff\u00e9rents dans un seul appareil, offrant une vari\u00e9t\u00e9 maximale et \u00e9liminant le besoin de plusieurs vapoteuses. Avec une \u00e9norme capacit\u00e9 pr\u00e9remplie de 64 ml d'e-liquide, vous pouvez profiter de longues sessions de vapotage sans vous soucier d'une consommation rapide.<\/p>\n<p>Aliment\u00e9 par une batterie rechargeable fiable de 650 mAh, cet appareil offre des performances constantes tout au long de la journ\u00e9e et se recharge rapidement et facilement gr\u00e2ce \u00e0 une connexion Type-C moderne. L'\u00e9cran LED intelligent vous tient inform\u00e9 en temps r\u00e9el du niveau de la batterie et du e-liquide, afin que vous sachiez toujours quand il est temps de recharger et que vous ne soyez jamais pris au d\u00e9pourvu.<\/p>\n<p>Le syst\u00e8me Triple Mesh Coil (3 x 1,0 \u03a9) de haute qualit\u00e9 est con\u00e7u pour offrir un go\u00fbt exceptionnel et produit \u00e0 chaque bouff\u00e9e une vapeur douce, intense et r\u00e9guli\u00e8re pour une exp\u00e9rience de vapotage de premi\u00e8re classe. Disponible en concentrations de nicotine 0 %, 2 % ou 5 %, le WASPE 150000 r\u00e9pond \u00e0 toutes les pr\u00e9f\u00e9rences, que ce soit pour une vape sans nicotine ou un hit plus fort.<\/p>\n<h3>Sp\u00e9cifications du produit :<\/h3>\n<ul>\n<li>Trains : 150 000<\/li>\n<li>Bobine maill\u00e9e : 3 x 1,0 ohm<\/li>\n<li>Capacit\u00e9 du e-liquide : 64 ml<\/li>\n<li>Teneurs en nicotine : 0 % \/ 2 % \/ 5 %<\/li>\n<li>Capacit\u00e9 de la batterie : 650 mAh<\/li>\n<li>Charge : Type-C (rechargeable)<\/li>\n<li>Caract\u00e9ristique particuli\u00e8re : \u00e9cran LED<\/li>\n<li>Poids du produit : 140 g\/pi\u00e8ce<\/li>\n<li>Dimensions du produit : 53 x 46 x 138 mm<\/li>\n<\/ul>\n<h3>WASPE 6-en-1 150 000 bouff\u00e9es Liste des saveurs :<\/h3>\n<ol>\n<li>Past\u00e8que glac\u00e9e \/ Citron vert \/ Citron P\u00eache<\/li>\n<li>Myrtille glac\u00e9e \/ Fraise kiwi \/ Cerise fraise glac\u00e9e<\/li>\n<li>Red Bull Ice \/ Framboise Grenade \/ Mangue acidul\u00e9e Fraise<\/li>\n<li>Fraise Past\u00e8que \/ P\u00eache juteuse glac\u00e9e \/ Triple baies glac\u00e9es<\/li>\n<li>Cerise Cola Ice \/ Fraise Red Bull Ice \/ Past\u00e8que Framboise<\/li>\n<li>Raisin glac\u00e9 \/ Cerise bleue glac\u00e9e \/ Fraise glac\u00e9e<\/li>\n<li>M\u00e9lange de baies \/ Dragon noir glac\u00e9 \/ Fraise-cerise-cola<\/li>\n<li>Cola Ice p\u00e9tillante \/ Boisson \u00e9nergisante \/ Cerise Ice<\/li>\n<li>Fraise Banane \/ Kiwi Past\u00e8que \/ Noix de coco Fraise<\/li>\n<li>Red Bull Cola Ice \/ Fraise Framboise Cerise \/ M\u00fbre Fruit du dragon<\/li>\n<li>Chewing-gum fraise-past\u00e8que \/ Mangue acidul\u00e9e glac\u00e9e \/ Fraise-raisin glac\u00e9e<\/li>\n<li>Melon-fruit de la passion \/ Glace \u00e0 la m\u00fbre \/ Pomme-kiwi<\/li>\n<\/ol>\n<h3>Foire aux questions sur le WASPE Aiviou 6 en 1 150K<\/h3>\n<p><strong>Quelle est la dur\u00e9e de vie du WASPE 6-en-1 150000 ?<\/strong><\/p>\n<p>Le WASPE Aiviou 150K est con\u00e7u pour un nombre impressionnant de 150 000 bouff\u00e9es. La dur\u00e9e d'utilisation r\u00e9elle d\u00e9pend fortement de votre consommation personnelle, mais gr\u00e2ce \u00e0 sa capacit\u00e9 de 64 ml d'e-liquide et \u00e0 son nombre \u00e9lev\u00e9 de bouff\u00e9es, il offre une dur\u00e9e d'utilisation exceptionnellement longue.<\/p>\n<p><strong>Puis-je recharger le WASPE Aiviou ?<\/strong><\/p>\n<p>Oui, c'est possible ! Bien que la WASPE Aiviou soit une cigarette \u00e9lectronique jetable, elle dispose d'une batterie rechargeable de 650 mAh. Vous pouvez facilement recharger l'appareil via le port Type-C afin de pouvoir utiliser la totalit\u00e9 des 64 ml de e-liquide.<\/p>\n<p><strong>Comment fonctionne le changement de go\u00fbt 6 en 1 ?<\/strong><\/p>\n<p>Le WASPE Aiviou 6 en 1 a \u00e9t\u00e9 con\u00e7u pour vous offrir une polyvalence maximale. Le changement de mode s'effectue g\u00e9n\u00e9ralement \u00e0 l'aide d'un m\u00e9canisme intuitif ou d'un interrupteur situ\u00e9 sur l'appareil lui-m\u00eame, qui vous permet de passer rapidement d'un des six modes pr\u00e9r\u00e9gl\u00e9s \u00e0 l'autre.<\/p>\n<h3 class=\"font-claude-response-heading text-text-100 mt-1 -mb-0.5\">D\u00e9couvrez-en davantage chez Apex Vape<\/h3>\n<p class=\"font-claude-response-body whitespace-normal break-words\">Vous recherchez d'autres cigarettes \u00e9lectroniques et produits de vapotage de haute qualit\u00e9 ? Visitez notre <strong><a class=\"underline\" href=\"https:\/\/apexvape.de\/fr\/\">page d'accueil<\/a><\/strong>, pour d\u00e9couvrir notre gamme compl\u00e8te. Pour tous les amateurs de WASPE, notre <strong><a class=\"underline\" href=\"https:\/\/apexvape.de\/fr\/product-category\/waspe-vape\/\">Cat\u00e9gorie WASPE VAPE<\/a><\/strong> une large s\u00e9lection d'appareils innovants dot\u00e9s d'une technologie de pointe et proposant une grande vari\u00e9t\u00e9 de saveurs. D\u00e9couvrez la qualit\u00e9 haut de gamme et le service fiable d'Apex Vape, votre partenaire de confiance pour des exp\u00e9riences de vapotage exceptionnelles.<\/p>","protected":false},"excerpt":{"rendered":"<p class=\"font-claude-response-body whitespace-normal break-words\">La cigarette \u00e9lectronique jetable WASPE 6-en-1 150 000 bouff\u00e9es offre une capacit\u00e9 leader sur le march\u00e9 avec un syst\u00e8me de changement de saveur 6-en-1. Triple mesh coils (3\u00d71,0\u03a9), 64 ml d'e-liquide, batterie 650 mAh avec charge de type C et \u00e9cran LED. Disponible en 0%, 2% ou 5% nicotine. Design \u00e9l\u00e9gant en forme de singe, poids plume de seulement 140 g.<\/p>","protected":false},"featured_media":2850,"comment_status":"open","ping_status":"closed","template":"","meta":[],"product_brand":[],"product_cat":[75],"product_tag":[],"class_list":{"0":"post-2849","1":"product","2":"type-product","3":"status-publish","4":"has-post-thumbnail","6":"product_cat-waspe-vape","8":"first","9":"instock","10":"shipping-taxable","11":"purchasable","12":"product-type-variable"},"_links":{"self":[{"href":"https:\/\/apexvape.de\/fr\/wp-json\/wp\/v2\/product\/2849","targetHints":{"allow":["GET"]}}],"collection":[{"href":"https:\/\/apexvape.de\/fr\/wp-json\/wp\/v2\/product"}],"about":[{"href":"https:\/\/apexvape.de\/fr\/wp-json\/wp\/v2\/types\/product"}],"replies":[{"embeddable":true,"href":"https:\/\/apexvape.de\/fr\/wp-json\/wp\/v2\/comments?post=2849"}],"version-history":[{"count":0,"href":"https:\/\/apexvape.de\/fr\/wp-json\/wp\/v2\/product\/2849\/revisions"}],"wp:featuredmedia":[{"embeddable":true,"href":"https:\/\/apexvape.de\/fr\/wp-json\/wp\/v2\/media\/2850"}],"wp:attachment":[{"href":"https:\/\/apexvape.de\/fr\/wp-json\/wp\/v2\/media?parent=2849"}],"wp:term":[{"taxonomy":"product_brand","embeddable":true,"href":"https:\/\/apexvape.de\/fr\/wp-json\/wp\/v2\/product_brand?post=2849"},{"taxonomy":"product_cat","embeddable":true,"href":"https:\/\/apexvape.de\/fr\/wp-json\/wp\/v2\/product_cat?post=2849"},{"taxonomy":"product_tag","embeddable":true,"href":"https:\/\/apexvape.de\/fr\/wp-json\/wp\/v2\/product_tag?post=2849"}],"curies":[{"name":"wp","href":"https:\/\/api.w.org\/{rel}","templated":true}]}}