{"id":2796,"date":"2025-11-23T10:45:46","date_gmt":"2025-11-23T09:45:46","guid":{"rendered":"https:\/\/apexvape.de\/?post_type=product&#038;p=2796"},"modified":"2025-11-23T10:46:04","modified_gmt":"2025-11-23T09:46:04","slug":"waspe-4-in-1-100000","status":"publish","type":"product","link":"https:\/\/apexvape.de\/fr\/product\/waspe-4-in-1-100000\/","title":{"rendered":"WASPE 4-en-1 100 000 bouff\u00e9es Vape jetable"},"content":{"rendered":"<h2>WASPE 4-en-1 100 000 bouff\u00e9es | 100K bouff\u00e9es Quad-flavour Vape jetable en gros<\/h2>\n<p>Les <strong>WASPE 4 en 1 100 000<\/strong> dispose d'un syst\u00e8me innovant 4 en 1 qui vous offre une exp\u00e9rience de vapotage diff\u00e9rente \u00e0 chaque bouff\u00e9e. \u00c9quip\u00e9 d'une batterie puissante de 650 mAh et d'une capacit\u00e9 g\u00e9n\u00e9reuse de 56 ml, il est id\u00e9al pour tous ceux qui souhaitent vivre une exp\u00e9rience de vapotage intense et douce. Le kit WASPE 4-en-1 offre jusqu'\u00e0 100 000 bouff\u00e9es, soit une dur\u00e9e d'utilisation incroyablement longue. L'appareil dispose \u00e9galement d'un \u00e9cran LED qui affiche des informations sur les saveurs, le niveau de batterie et d'autres d\u00e9tails. D\u00e9couvrez une nouvelle exp\u00e9rience de vapotage avec le kit WASPE 4-en-1 100000 Vape.<\/p>\n<h3>WASPE 4-en-1 100 000 bouff\u00e9es Points forts :<\/h3>\n<p>Les <strong>WASPE 100000 100K bouff\u00e9es Vape jetable<\/strong> offre une impressionnante capacit\u00e9 de 100 000 bouff\u00e9es dans un seul appareil et garantit des performances durables sans remplacement constant. Disponible dans les concentrations de nicotine 0%, 2% et 5%, elle est parfaite pour les personnes qui souhaitent arr\u00eater de fumer ou contr\u00f4ler leur consommation de nicotine. Le syst\u00e8me de saveurs 4 en 1 permet de passer d'une saveur \u00e0 l'autre dans un seul appareil, pour varier les plaisirs \u00e0 volont\u00e9.<\/p>\n<p>Avec <strong>Bobines quadruples maill\u00e9es de 1,0 \u03a9<\/strong> cet appareil d\u00e9livre une vapeur onctueuse et un ar\u00f4me intense \u00e0 chaque bouff\u00e9e. La grande capacit\u00e9 de 56 ml d'e-liquide permet de r\u00e9duire les recharges et de prolonger les sessions de vapotage. La batterie de 650 mAh tient toute la journ\u00e9e et se recharge compl\u00e8tement en seulement 30 minutes gr\u00e2ce \u00e0 son connecteur de type C. Vous ne serez jamais longtemps sans votre vapoteuse.<\/p>\n<p>L'\u00e9cran LED intelligent affiche en temps r\u00e9el le niveau de la batterie et le niveau de e-liquide, vous permettant ainsi de garder un \u0153il sur votre appareil \u00e0 tout moment. Son design compact est portable et pratique : il se glisse facilement dans votre poche ou votre sac \u00e0 dos lorsque vous \u00eates en d\u00e9placement.<\/p>\n<p>Choisissez le WASPE 100000 pour une exp\u00e9rience de vapotage fiable et savoureuse qui allie confort et performance. Avec son nombre impressionnant de bouff\u00e9es, ses nombreuses options de saveurs et ses fonctions conviviales, cet appareil vous satisfera \u00e0 chaque fois.<\/p>\n<h3>Caract\u00e9ristiques techniques :<\/h3>\n<ul>\n<li><strong>Trains :<\/strong> 100 000 trains<\/li>\n<li><strong>Quatre saveurs<\/strong><\/li>\n<li><strong>Bobine maill\u00e9e :<\/strong> 1,0 ohm x 4<\/li>\n<li><strong>E-liquide :<\/strong> 56 ml<\/li>\n<li><strong>Batterie :<\/strong> 650 mAh<\/li>\n<li><strong>Nicotine :<\/strong> 0% \/ 2% \/ 5%<\/li>\n<li><strong>Rechargeable :<\/strong> Type C<\/li>\n<li><strong>\u00e9cran LED<\/strong><\/li>\n<\/ul>\n<h3>WASPE 4-en-1 100 000 bouff\u00e9es Liste des saveurs :<\/h3>\n<ol>\n<li>Past\u00e8que-glace \/ Fraise-kiwi \/ Framboise-past\u00e8que \/ Citron-citron vert<\/li>\n<li>Fraise Past\u00e8que \/ Mr. Blue \/ Raisin Glac\u00e9 \/ Bonbon arc-en-ciel<\/li>\n<li>Glace Red Bull \/ Glace banane \/ Glace ananas-noix de coco \/ Glace triple mangue<\/li>\n<li>Fraise Framboise Cerise \/ Glace Crazy Cherry \/ Glace Cerise bleue \/ Glace Cola<\/li>\n<li>Fraise banane \/ Fraise Red Bull \/ Fraise mangue \/ Limonade rose<\/li>\n<li>Glace \u00e0 la myrtille \/ Black Knight \/ Glace \u00e0 la fraise \/ Fraise past\u00e8que<\/li>\n<li>Glace cerise-cola \/ Glace fraise-cerise \/ Glace fraise-cola \/ Glace fraise-past\u00e8que-chewing-gum<\/li>\n<li>Glace \u00e0 la p\u00eache juteuse \/ Fruits tropicaux \/ Explosion fruit\u00e9e \/ P\u00eache et baies<\/li>\n<li>Raisin \/ Fraise Kiwi \/ Fraise Framboise Cerise \/ Black Knight<\/li>\n<li>M\u00e9lange de baies \/ Double glace \u00e0 la pomme \/ Myrtille-framboise \/ Myrtille-miel<\/li>\n<li>Fraise Red Bull \/ Fraise Past\u00e8que Chewing-gum \/ Red Bull Glace \/ Cerise Cola Glace<\/li>\n<li>Myrtille framboise \/ Limonade \u00e0 la myrtille \/ M\u00e9lange de baies \/ Glace au miel et au raisin<\/li>\n<\/ol>\n<h3>Foire aux questions (FAQ)<\/h3>\n<p><strong>Q : Combien de saveurs cet appareil propose-t-il ?<\/strong><br \/>\nA : Cet appareil innovant offre quatre saveurs diff\u00e9rentes dans un seul appareil, entre lesquelles vous pouvez alterner pour varier vos exp\u00e9riences de vapotage.<\/p>\n<p><strong>Q : Le WASPE 100K 4-en-1 est-il rechargeable ?<\/strong><br \/>\nR : Oui, il dispose d'une batterie de 650 mAh rechargeable via un port Type-C.<\/p>\n<p><strong>Q : Quelles sont les concentrations de nicotine disponibles ?<\/strong><br \/>\nR : Le WASPE 100K 4-en-1 est disponible dans les concentrations de nicotine suivantes : 0%, 2% et 5%.<\/p>\n<p><strong>Q : Dispose-t-il d'un \u00e9cran ?<\/strong><br \/>\nR : Oui, elle dispose d'un \u00e9cran LED qui affiche des informations importantes telles que le nombre de tractions et le niveau de la batterie.<\/p>\n<p><strong>Q : Quel type de bobines utilise-t-elle ?<\/strong><br \/>\nR : Il utilise quatre r\u00e9sistances mesh de 1,0 ohm pour un go\u00fbt et une production de vapeur optimaux.<\/p>\n<h3 class=\"font-claude-response-heading text-text-100 mt-1 -mb-0.5\">D\u00e9couvrez-en davantage chez ApexVape<\/h3>\n<p class=\"font-claude-response-body whitespace-normal break-words\">Vous recherchez des produits de vapotage haut de gamme et des solutions innovantes ? Rendez-vous sur <strong><a class=\"underline\" href=\"https:\/\/apexvape.de\/fr\/\">ApexVape<\/a><\/strong>, votre boutique en ligne de confiance pour les cigarettes \u00e9lectroniques et accessoires haut de gamme. Dans notre vaste <strong><a class=\"underline\" href=\"https:\/\/apexvape.de\/fr\/product-category\/waspe-vape\/\">Cat\u00e9gorie WASPE VAPE<\/a><\/strong> vous trouverez un large choix de produits WASPE, dont les derniers mod\u00e8les dot\u00e9s de fonctionnalit\u00e9s innovantes et disponibles dans une grande vari\u00e9t\u00e9 de saveurs. Profitez d'une livraison rapide, d'un excellent service client et de prix comp\u00e9titifs. D\u00e9couvrez d\u00e8s maintenant l'univers de la vape chez ApexVape et trouvez l'appareil qui r\u00e9pondra parfaitement \u00e0 vos besoins.<\/p>","protected":false},"excerpt":{"rendered":"<p class=\"font-claude-response-body whitespace-normal break-words\">La WASPE 4-en-1 100 000 bouff\u00e9es jetable offre un syst\u00e8me r\u00e9volutionnaire \u00e0 quatre saveurs interchangeables. Bobines quadruples (1,0 \u03a9), 56 ml d'e-liquide, batterie 650 mAh avec recharge rapide en 30 minutes et \u00e9cran LED. Disponible en 0%, 2% ou 5% nicotine pour un plaisir de vapotage longue dur\u00e9e.<\/p>","protected":false},"featured_media":2836,"comment_status":"open","ping_status":"closed","template":"","meta":[],"product_brand":[],"product_cat":[75],"product_tag":[],"class_list":{"0":"post-2796","1":"product","2":"type-product","3":"status-publish","4":"has-post-thumbnail","6":"product_cat-waspe-vape","8":"first","9":"instock","10":"shipping-taxable","11":"purchasable","12":"product-type-variable"},"_links":{"self":[{"href":"https:\/\/apexvape.de\/fr\/wp-json\/wp\/v2\/product\/2796","targetHints":{"allow":["GET"]}}],"collection":[{"href":"https:\/\/apexvape.de\/fr\/wp-json\/wp\/v2\/product"}],"about":[{"href":"https:\/\/apexvape.de\/fr\/wp-json\/wp\/v2\/types\/product"}],"replies":[{"embeddable":true,"href":"https:\/\/apexvape.de\/fr\/wp-json\/wp\/v2\/comments?post=2796"}],"version-history":[{"count":0,"href":"https:\/\/apexvape.de\/fr\/wp-json\/wp\/v2\/product\/2796\/revisions"}],"wp:featuredmedia":[{"embeddable":true,"href":"https:\/\/apexvape.de\/fr\/wp-json\/wp\/v2\/media\/2836"}],"wp:attachment":[{"href":"https:\/\/apexvape.de\/fr\/wp-json\/wp\/v2\/media?parent=2796"}],"wp:term":[{"taxonomy":"product_brand","embeddable":true,"href":"https:\/\/apexvape.de\/fr\/wp-json\/wp\/v2\/product_brand?post=2796"},{"taxonomy":"product_cat","embeddable":true,"href":"https:\/\/apexvape.de\/fr\/wp-json\/wp\/v2\/product_cat?post=2796"},{"taxonomy":"product_tag","embeddable":true,"href":"https:\/\/apexvape.de\/fr\/wp-json\/wp\/v2\/product_tag?post=2796"}],"curies":[{"name":"wp","href":"https:\/\/api.w.org\/{rel}","templated":true}]}}