{"id":2743,"date":"2025-11-23T10:35:05","date_gmt":"2025-11-23T09:35:05","guid":{"rendered":"https:\/\/apexvape.de\/?post_type=product&#038;p=2743"},"modified":"2025-11-23T10:36:18","modified_gmt":"2025-11-23T09:36:18","slug":"waspe-crystal-40000","status":"publish","type":"product","link":"https:\/\/apexvape.de\/fr\/product\/waspe-crystal-40000\/","title":{"rendered":"Waspe Crystal 40000 bouff\u00e9es Vape jetable"},"content":{"rendered":"<h2>Waspe Crystal 40000 bouff\u00e9es | E-cigarette jetable rechargeable \u00e0 double saveur en gros<\/h2>\n<p>Les <strong>Waspe Crystal 40000 40K bouff\u00e9es Double saveur Cigarette \u00e9lectronique jetable<\/strong> offre 40 000 bouff\u00e9es, 32 ml d'e-liquide et un syst\u00e8me \u00e0 double r\u00e9sistance mesh (0,9 \u03a9) pour un go\u00fbt intense et une vapeur douce. Avec une batterie rechargeable de 850 mAh, une charge rapide de type C et un syst\u00e8me innovant \u00e0 double saveur, elle offre une exp\u00e9rience de vapotage agr\u00e9able et personnalisable. L'\u00e9cran LED intelligent affiche le niveau de la batterie et le niveau de e-liquide en temps r\u00e9el, tandis que son design compact le rend parfait pour les d\u00e9placements. Choisissez parmi 12 saveurs uniques pour une exp\u00e9rience de vapotage personnalis\u00e9e.<\/p>\n<h3>Waspe Crystal 40000 bouff\u00e9es Caract\u00e9ristiques du produit :<\/h3>\n<p>La cigarette \u00e9lectronique jetable Waspe Crystal 40000 40K Puffs s\u00e9duit par son extraordinaire polyvalence, avec des options de nicotine de 0 %, 2 % ou 5 %, vous permettant ainsi de choisir votre concentration id\u00e9ale. Avec jusqu'\u00e0 40 000 bouff\u00e9es, cet appareil garantit un plaisir extr\u00eamement durable gr\u00e2ce \u00e0 son syst\u00e8me innovant \u00e0 double saveur qui vous permet de passer d'une saveur \u00e0 l'autre pour plus de vari\u00e9t\u00e9 et de plaisir.<\/p>\n<p>Gr\u00e2ce \u00e0 la technologie avanc\u00e9e \u00e0 double r\u00e9sistance mesh de 0,9 \u03a9, le Waspe Crystal 40000 produit une vapeur douce et un go\u00fbt intense \u00e0 chaque bouff\u00e9e. Sa g\u00e9n\u00e9reuse capacit\u00e9 de 32 ml d'e-liquide minimise les recharges fr\u00e9quentes, tandis que la batterie rechargeable de 850 mAh offre des performances constantes pendant les longues sessions. La recharge rapide de type C garantit une recharge rapide et efficace lorsque cela est n\u00e9cessaire.<\/p>\n<p>L'\u00e9cran LED intelligent permet de surveiller en temps r\u00e9el le niveau de la batterie et du e-liquide pour un contr\u00f4le pratique, tandis que 12 d\u00e9licieuses options de saveurs r\u00e9pondent aux pr\u00e9f\u00e9rences gustatives les plus diverses. L\u00e9ger et portable, il est parfait pour vapoter en d\u00e9placement et se glisse facilement dans votre poche.<\/p>\n<p>Conditionn\u00e9 dans des bo\u00eetes pratiques de 10 pi\u00e8ces, le Waspe Crystal 40000 est id\u00e9al pour les achats en gros et la distribution au d\u00e9tail. Choisissez cet appareil innovant pour une exp\u00e9rience de vapotage savoureuse, personnalisable et simple, alliant performance, confort et style.<\/p>\n<h3>Caract\u00e9ristiques techniques :<\/h3>\n<ul>\n<li><strong>Nicotine :<\/strong> 0 % \/ 2 % \/ 5 %<\/li>\n<li><strong>Trains :<\/strong> 40 000 bouff\u00e9es<\/li>\n<li><strong>Capacit\u00e9 du e-liquide :<\/strong> 32 ml<\/li>\n<li>Double r\u00e9sistance mesh de 0,9 ohm pour des bouff\u00e9es douces et riches en saveur<\/li>\n<li>Type-C rechargeable pour une recharge rapide<\/li>\n<li>Batterie rechargeable de 850 mAh<\/li>\n<li>\u00c9cran LED intelligent indiquant le niveau de batterie et le niveau de e-liquide<\/li>\n<li>Une exp\u00e9rience double saveur<\/li>\n<li>12 saveurs au choix<\/li>\n<\/ul>\n<h3>Waspe Crystal 40000 bouff\u00e9es Liste des saveurs :<\/h3>\n<ol>\n<li>Past\u00e8que glac\u00e9e \/ Citron-citron vert<\/li>\n<li>Red Bull Ice \/ Fraise-Mangue<\/li>\n<li>Fraise Red Bull \/ Myrtille-Cerise<\/li>\n<li>Bonbon aux myrtilles \/ Fraise-past\u00e8que<\/li>\n<li>Fraise-kiwi \/ Fraise-cerise<\/li>\n<li>Myrtille-framboise \/ P\u00eache-baies Ice<\/li>\n<li>Fraise-framboise-cerise \/ Love 666<\/li>\n<li>P\u00eache glac\u00e9e \/ Past\u00e8que-mangue-p\u00eache<\/li>\n<li>Fraise-banane \/ Ananas-noix de coco Ice<\/li>\n<li>Raisin Ice \/ Dragon noir Ice<\/li>\n<li>M\u00e9lange de baies \/ Limonade \u00e0 la framboise<\/li>\n<li>Bleuets glac\u00e9s \/ Cerises-cola glac\u00e9es<\/li>\n<\/ol>\n<h3>Foire aux questions :<\/h3>\n<p><strong>Q : Qu'est-ce que le syst\u00e8me Dual Flavor et comment fonctionne-t-il ?<\/strong><br \/>\nR : Le syst\u00e8me Dual Flavor vous permet de passer d'un ar\u00f4me pr\u00e9rempli \u00e0 un autre au sein du m\u00eame appareil, offrant ainsi une exp\u00e9rience de vapotage personnalis\u00e9e et vari\u00e9e sans avoir besoin d'un deuxi\u00e8me appareil.<\/p>\n<p><strong>Q : Pourquoi les r\u00e9sistances \u00e0 double maille sont-elles meilleures pour le go\u00fbt ?<\/strong><br \/>\nR : Les r\u00e9sistances doubles en mesh de 0,9 \u03a9 offrent une plus grande surface pour chauffer le e-liquide. Cela permet d'obtenir une vapeur plus douce, un go\u00fbt plus intense et une plus grande coh\u00e9rence, tout en \u00e9liminant le go\u00fbt sec ou br\u00fbl\u00e9 souvent associ\u00e9 aux r\u00e9sistances standard.<\/p>\n<p><strong>Q : Quelle est la dur\u00e9e de vie du WASPE Crystal 40000 ?<\/strong><br \/>\nR : L'appareil est con\u00e7u pour jusqu'\u00e0 40 000 bouff\u00e9es. La dur\u00e9e de vie r\u00e9elle varie en fonction des habitudes individuelles, mais elle est con\u00e7ue pour durer beaucoup plus longtemps que les cigarettes \u00e9lectroniques jetables classiques.<\/p>\n<h3 class=\"font-claude-response-body whitespace-normal break-words\"><strong>\u00c0 propos d'Apex Vape \u2013 Votre partenaire fiable pour les cigarettes \u00e9lectroniques haut de gamme :<\/strong><\/h3>\n<p class=\"font-claude-response-body whitespace-normal break-words\">D\u00e9couvrez le Waspe Crystal 40000 et d'autres produits de vapotage haut de gamme sur <strong><a class=\"underline\" href=\"https:\/\/apexvape.de\/fr\/\">Apex Vape<\/a><\/strong>, votre boutique en ligne leader en Allemagne pour les cigarettes \u00e9lectroniques et les accessoires pour vapoteurs. Dans notre vaste <strong><a class=\"underline\" href=\"https:\/\/apexvape.de\/fr\/product-category\/waspe-vape\/\">Cat\u00e9gorie WASPE VAPE<\/a><\/strong> vous trouverez les derniers mod\u00e8les et appareils innovants de la marque WASPE \u00e0 des prix de gros attractifs. Profitez d'une livraison rapide, d'un service client de premier ordre et d'un large choix de produits haut de gamme pour tous les go\u00fbts. Commandez d\u00e8s aujourd'hui votre Waspe Crystal 40000 et d\u00e9couvrez le plaisir de vapoter au plus haut niveau !<\/p>","protected":false},"excerpt":{"rendered":"<p class=\"font-claude-response-body whitespace-normal break-words\">La cigarette \u00e9lectronique jetable Waspe Crystal 40000 bouff\u00e9es s\u00e9duit par son syst\u00e8me Dual Flavor qui permet de choisir entre deux saveurs. Double r\u00e9sistance mesh (0,9 \u03a9), 32 ml d'e-liquide, batterie 850 mAh avec charge rapide de type C et \u00e9cran LED. Disponible en 0%, 2% ou 5% de nicotine avec 12 ar\u00f4mes au choix.<\/p>","protected":false},"featured_media":2783,"comment_status":"open","ping_status":"closed","template":"","meta":[],"product_brand":[],"product_cat":[75],"product_tag":[],"class_list":{"0":"post-2743","1":"product","2":"type-product","3":"status-publish","4":"has-post-thumbnail","6":"product_cat-waspe-vape","8":"first","9":"instock","10":"shipping-taxable","11":"purchasable","12":"product-type-variable"},"_links":{"self":[{"href":"https:\/\/apexvape.de\/fr\/wp-json\/wp\/v2\/product\/2743","targetHints":{"allow":["GET"]}}],"collection":[{"href":"https:\/\/apexvape.de\/fr\/wp-json\/wp\/v2\/product"}],"about":[{"href":"https:\/\/apexvape.de\/fr\/wp-json\/wp\/v2\/types\/product"}],"replies":[{"embeddable":true,"href":"https:\/\/apexvape.de\/fr\/wp-json\/wp\/v2\/comments?post=2743"}],"version-history":[{"count":0,"href":"https:\/\/apexvape.de\/fr\/wp-json\/wp\/v2\/product\/2743\/revisions"}],"wp:featuredmedia":[{"embeddable":true,"href":"https:\/\/apexvape.de\/fr\/wp-json\/wp\/v2\/media\/2783"}],"wp:attachment":[{"href":"https:\/\/apexvape.de\/fr\/wp-json\/wp\/v2\/media?parent=2743"}],"wp:term":[{"taxonomy":"product_brand","embeddable":true,"href":"https:\/\/apexvape.de\/fr\/wp-json\/wp\/v2\/product_brand?post=2743"},{"taxonomy":"product_cat","embeddable":true,"href":"https:\/\/apexvape.de\/fr\/wp-json\/wp\/v2\/product_cat?post=2743"},{"taxonomy":"product_tag","embeddable":true,"href":"https:\/\/apexvape.de\/fr\/wp-json\/wp\/v2\/product_tag?post=2743"}],"curies":[{"name":"wp","href":"https:\/\/api.w.org\/{rel}","templated":true}]}}