{"id":2612,"date":"2025-11-23T10:13:15","date_gmt":"2025-11-23T09:13:15","guid":{"rendered":"https:\/\/apexvape.de\/?post_type=product&#038;p=2612"},"modified":"2025-11-23T10:13:40","modified_gmt":"2025-11-23T09:13:40","slug":"waspe-aiviou-40000","status":"publish","type":"product","link":"https:\/\/apexvape.de\/fr\/product\/waspe-aiviou-40000\/","title":{"rendered":"WASPE AIVIOU 40000 bouff\u00e9es Vape jetable"},"content":{"rendered":"<h2>WASPE AIVIOU 40 000 bouff\u00e9es | 36 ml, double maille, 0%-5% nicotine, double ar\u00f4me, cigarette \u00e9lectronique jetable<\/h2>\n<p>La cigarette \u00e9lectronique jetable WASPE AIVIOU 40000 bouff\u00e9es \u00e0 double ar\u00f4me offre une capacit\u00e9 de pointe de 40 000 bouff\u00e9es. Le syst\u00e8me innovant \u00e0 double ar\u00f4me permet de passer instantan\u00e9ment d'une saveur \u00e0 l'autre parmi 20 options d'ar\u00f4mes. L'\u00e9cran LCD intelligent fournit des informations en temps r\u00e9el sur le niveau de la batterie et le niveau de e-liquide, tandis que les doubles r\u00e9sistances mesh assurent un d\u00e9veloppement intense des saveurs. Aliment\u00e9e par une batterie rechargeable de 850 mAh avec charge de type C, elle est disponible en concentrations de nicotine 0%\/2%\/5%.<\/p>\n<h3>WASPE AIVIOU 40000 bouff\u00e9es Points forts :<\/h3>\n<p>La cigarette \u00e9lectronique jetable WASPE 40000 40K est un appareil ultramoderne destin\u00e9 aux vapoteurs \u00e0 la recherche d'innovation et de performances exceptionnelles. Avec jusqu'\u00e0 40 000 bouff\u00e9es et deux r\u00e9sistances mesh de 0,9 ohm, elle garantit une production de vapeur douce et aromatique avec un hit en gorge satisfaisant. Les doubles r\u00e9sistances garantissent que chaque bouff\u00e9e est riche et cors\u00e9e, am\u00e9liorant ainsi votre exp\u00e9rience de vapotage.<\/p>\n<p>Avec une capacit\u00e9 g\u00e9n\u00e9reuse de 36 ml d'e-liquide et une batterie rechargeable de 850 mAh, cette cigarette \u00e9lectronique offre de longues sessions de vapotage sans avoir \u00e0 la recharger ou \u00e0 l'interrompre fr\u00e9quemment. La charge rapide de type C garantit une recharge rapide et pratique, pour que vous soyez toujours pr\u00eat \u00e0 l'emploi. L'\u00e9cran LED intelligent fournit des informations en temps r\u00e9el sur le niveau de la batterie et le niveau de e-liquide, afin que vous soyez toujours inform\u00e9 de l'\u00e9tat de votre appareil.<\/p>\n<p>La fonction Dual Aroma vous permet de passer d'un ar\u00f4me \u00e0 l'autre et offre une exp\u00e9rience de vapotage personnalisable avec des possibilit\u00e9s infinies. Disponible en concentrations de nicotine 0%, 2% et 5%, le WASPE 40000 s'adresse aussi bien aux vapoteurs occasionnels qu'aux utilisateurs exp\u00e9riment\u00e9s, avec 20 saveurs diff\u00e9rentes pour tous les go\u00fbts.<\/p>\n<h3>Caract\u00e9ristiques techniques :<\/h3>\n<ul>\n<li><strong>Nicotine :<\/strong> 0%\/2%\/5%<\/li>\n<li><strong>Trains :<\/strong> 40 000 trains<\/li>\n<li><strong>Capacit\u00e9 du e-liquide :<\/strong> 36 ml<\/li>\n<li>Double r\u00e9sistance Mesh de 0,9 ohm pour des bouff\u00e9es douces et aromatiques<\/li>\n<li>Type-C rechargeable pour une recharge rapide<\/li>\n<li>Batterie rechargeable 850 mAh<\/li>\n<li>\u00c9cran LED intelligent indiquant le niveau de batterie et le niveau de e-liquide<\/li>\n<li>Double exp\u00e9rience aromatique<\/li>\n<li>20 saveurs au choix<\/li>\n<\/ul>\n<h3>WASPE AIVIOU 40000 bouff\u00e9es Liste des ar\u00f4mes :<\/h3>\n<ol>\n<li>Glace \u00e0 la past\u00e8que\/citron vert<\/li>\n<li>Glace cerise p\u00e9tillante\/barbe \u00e0 papa myrtille<\/li>\n<li>Fraise Past\u00e8que\/Myrtille Framboise<\/li>\n<li>Red Bull glace\/fraise mangue<\/li>\n<li>Glace \u00e0 la p\u00eache\/ananas Mangue-p\u00eache<\/li>\n<li>Raisin glace\/fraise kiwi<\/li>\n<li>M\u00e9lange de baies\/double pomme glac\u00e9e<\/li>\n<li>Blue Razz Limonade\/Past\u00e8que Chewing-gum<\/li>\n<li>Fraise Framboise Cerise\/Love 666<\/li>\n<li>Fraise Banane\/ananas Noix de coco Glace<\/li>\n<li>Fraise Past\u00e8que Chewing-gum\/Fruits m\u00e9lang\u00e9s<\/li>\n<li>Glace cerise-cola\/fraise-framboise bonbon<\/li>\n<li>Pomme acidul\u00e9e framboise\/fraise Big Bang<\/li>\n<li>P\u00eache Baie\/Past\u00e8que Mangue P\u00eache<\/li>\n<li>Glace \u00e0 la myrtille\/Glace Black Dragon<\/li>\n<li>Fraise Cerise\/Kiwi Fruit de la passion<\/li>\n<li>Bonbons g\u00e9lifi\u00e9s\/fraise cola<\/li>\n<li>Banane, glace \u00e0 l'ananas\/glace au Red Bull<\/li>\n<li>Glace Red Bull fraise\/cassis<\/li>\n<li>Triple melon glace\/framboise past\u00e8que<\/li>\n<\/ol>\n<h3>Foire aux questions (FAQ)<\/h3>\n<p><strong>Q : Comment passer d'un ar\u00f4me \u00e0 l'autre avec le WASPE 40000 ?<\/strong><\/p>\n<p>R : L'embout sup\u00e9rieur peut \u00eatre d\u00e9plac\u00e9 vers la gauche et vers la droite. Le c\u00f4t\u00e9 gauche correspond au premier ar\u00f4me et le c\u00f4t\u00e9 droit au deuxi\u00e8me ar\u00f4me. Vous pouvez changer d'ar\u00f4me \u00e0 tout moment en d\u00e9pla\u00e7ant l'embout sup\u00e9rieur vers la gauche ou vers la droite.<\/p>\n<p><strong>Q : Quelle est l'autonomie de la batterie 850 mAh de la cigarette \u00e9lectronique WASPE 40K ?<\/strong><\/p>\n<p>R : L'autonomie de la batterie varie en fonction de l'utilisation. La batterie rechargeable de type C permet plusieurs recharges et garantit une autonomie suffisante pour toute la capacit\u00e9 de 36 ml d'e-liquide.<\/p>\n<p><strong>Q : Que montre l'\u00e9cran LED de la cigarette \u00e9lectronique jetable WASPE 40K bouff\u00e9es ?<\/strong><\/p>\n<p>A : L'\u00e9cran LED affiche clairement le niveau de batterie restant et lequel des deux ar\u00f4mes est actuellement s\u00e9lectionn\u00e9 pour \u00eatre vapot\u00e9.<\/p>\n<h3>D\u00e9couvrez-en davantage chez Apex Vape<\/h3>\n<p>Vous recherchez des cigarettes \u00e9lectroniques et des produits de vapotage de haute qualit\u00e9 ? Rendez-vous sur <strong><a href=\"https:\/\/apexvape.de\/fr\/\">Apex Vape<\/a><\/strong>, votre boutique en ligne de confiance pour les produits de vapotage haut de gamme en Allemagne. Le WASPE AIVIOU 40000 bouff\u00e9es fait partie de notre vaste gamme <strong><a href=\"https:\/\/apexvape.de\/fr\/product-category\/waspe-vape\/\">Collection WASPE VAPE<\/a><\/strong>, qui propose des cigarettes \u00e9lectroniques jetables innovantes dot\u00e9es d'une technologie de pointe. D\u00e9couvrez d'autres mod\u00e8les WASPE et profitez d'une livraison rapide, de produits authentiques et d'un service client de premier ordre. Que vous soyez d\u00e9butant ou vapoteur exp\u00e9riment\u00e9, vous trouverez chez Apex Vape la cigarette \u00e9lectronique parfaite pour vos besoins.<\/p>","protected":false},"excerpt":{"rendered":"<p class=\"font-claude-response-body whitespace-normal break-words\">La cigarette \u00e9lectronique jetable WASPE AIVIOU 40000 bouff\u00e9es impressionne par son syst\u00e8me innovant \u00e0 double ar\u00f4me permettant de choisir entre 20 saveurs diff\u00e9rentes. Double r\u00e9sistance mesh, 36 ml d'e-liquide, batterie 850 mAh avec chargeur Type-C et \u00e9cran LCD indiquant le niveau de batterie et de liquide. Disponible en 0%, 2% ou 5% de nicotine.<\/p>","protected":false},"featured_media":2676,"comment_status":"open","ping_status":"closed","template":"","meta":[],"product_brand":[],"product_cat":[75],"product_tag":[],"class_list":{"0":"post-2612","1":"product","2":"type-product","3":"status-publish","4":"has-post-thumbnail","6":"product_cat-waspe-vape","8":"first","9":"instock","10":"shipping-taxable","11":"purchasable","12":"product-type-variable"},"_links":{"self":[{"href":"https:\/\/apexvape.de\/fr\/wp-json\/wp\/v2\/product\/2612","targetHints":{"allow":["GET"]}}],"collection":[{"href":"https:\/\/apexvape.de\/fr\/wp-json\/wp\/v2\/product"}],"about":[{"href":"https:\/\/apexvape.de\/fr\/wp-json\/wp\/v2\/types\/product"}],"replies":[{"embeddable":true,"href":"https:\/\/apexvape.de\/fr\/wp-json\/wp\/v2\/comments?post=2612"}],"version-history":[{"count":0,"href":"https:\/\/apexvape.de\/fr\/wp-json\/wp\/v2\/product\/2612\/revisions"}],"wp:featuredmedia":[{"embeddable":true,"href":"https:\/\/apexvape.de\/fr\/wp-json\/wp\/v2\/media\/2676"}],"wp:attachment":[{"href":"https:\/\/apexvape.de\/fr\/wp-json\/wp\/v2\/media?parent=2612"}],"wp:term":[{"taxonomy":"product_brand","embeddable":true,"href":"https:\/\/apexvape.de\/fr\/wp-json\/wp\/v2\/product_brand?post=2612"},{"taxonomy":"product_cat","embeddable":true,"href":"https:\/\/apexvape.de\/fr\/wp-json\/wp\/v2\/product_cat?post=2612"},{"taxonomy":"product_tag","embeddable":true,"href":"https:\/\/apexvape.de\/fr\/wp-json\/wp\/v2\/product_tag?post=2612"}],"curies":[{"name":"wp","href":"https:\/\/api.w.org\/{rel}","templated":true}]}}