{"id":2424,"date":"2025-11-22T14:49:42","date_gmt":"2025-11-22T13:49:42","guid":{"rendered":"https:\/\/apexvape.de\/?post_type=product&#038;p=2424"},"modified":"2025-11-22T15:04:39","modified_gmt":"2025-11-22T14:04:39","slug":"fumot-tornado-25000","status":"publish","type":"product","link":"https:\/\/apexvape.de\/fr\/product\/fumot-tornado-25000\/","title":{"rendered":"Fumot Tornado 25000 bouff\u00e9es Vape jetable"},"content":{"rendered":"<h2>Fumot Tornado 25000 bouff\u00e9es 2% 3% 5% Faible teneur en nicotine Achat en gros Cigarette \u00e9lectronique rechargeable avec affichage num\u00e9rique<\/h2>\n<p>Le <strong>Fumot Tornado 25000<\/strong> est une cigarette \u00e9lectronique jetable dot\u00e9e d'un double syst\u00e8me de r\u00e9sistance mesh et d'un \u00e9cran tactile intelligent. L'appareil contient 20 ml de e-liquide et permet jusqu'\u00e0 25 000 bouff\u00e9es. La Tornado 25000 est disponible en 4 concentrations de nicotine : 0%, 2%, 3% et 5%, ainsi qu'en 26 saveurs diff\u00e9rentes. Gr\u00e2ce \u00e0 un port Type-C \u00e0 chargement rapide situ\u00e9 sur la face inf\u00e9rieure, vous \u00eates s\u00fbr de pouvoir utiliser tout le e-liquide.<\/p>\n<h3>Fumot Tornado 25000 bouff\u00e9es \u2013 Caract\u00e9ristiques du produit :<\/h3>\n<p>Avec ses 25 000 bouff\u00e9es impressionnantes, la Fumot Tornado 25000 est l'une des cigarettes \u00e9lectroniques les plus durables du march\u00e9. Disponible dans des saveurs d\u00e9licieuses telles que myrtille-framboise et fraise-menthe, elle offre un go\u00fbt intense \u00e0 chaque bouff\u00e9e. Le syst\u00e8me \u00e0 double r\u00e9sistance mesh produit une vapeur douce et aromatique avec une excellente production de vapeur pour une exp\u00e9rience toujours satisfaisante.<\/p>\n<p>L'appareil dispose d'une batterie rechargeable de 700 mAh avec un port de chargement de type C pour un chargement rapide et pratique. La particularit\u00e9 de cette cigarette \u00e9lectronique r\u00e9side dans son \u00e9cran tactile de 1,77 pouce qui affiche des informations importantes telles que le niveau de la batterie, le compteur de bouff\u00e9es et les r\u00e9glages de puissance. Cet \u00e9cran facile \u00e0 lire vous permet de surveiller et d'ajuster votre exp\u00e9rience de vapotage en quelques touches.<\/p>\n<p>Une caract\u00e9ristique remarquable est le mode jeu int\u00e9gr\u00e9, qui ajoute un \u00e9l\u00e9ment interactif divertissant \u00e0 vos sessions de vapotage. Vous pouvez profiter de petits jeux pendant les pauses, ce qui fait du Fumot Tornado 25000 bien plus qu'une simple cigarette \u00e9lectronique. L'\u00e9l\u00e9gante commande tactile permet de naviguer facilement parmi tous les r\u00e9glages et toutes les fonctions.<\/p>\n<p>La puissance r\u00e9glable va de 24 W \u00e0 80 W et vous permet d'adapter votre style de vapotage. Choisissez des puissances plus faibles pour des bouff\u00e9es douces et l\u00e9g\u00e8res ou augmentez jusqu'\u00e0 80 W pour un vapotage puissant et intense. Cette flexibilit\u00e9 rend le Fumot Tornado 25000 adapt\u00e9 \u00e0 tous, que vous soyez novice en mati\u00e8re de vapotage ou utilisateur exp\u00e9riment\u00e9 \u00e0 la recherche d'un appareil riche en fonctionnalit\u00e9s.<\/p>\n<h3>Caract\u00e9ristiques techniques :<\/h3>\n<ul>\n<li>Teneur en nicotine : 2% \/ 3% \/ 5%<\/li>\n<li>Batterie rechargeable de 700 mAh<\/li>\n<li>Trains : 25 000 trains<\/li>\n<li>Capacit\u00e9 du r\u00e9servoir : 20 ml<\/li>\n<li>interrupteur tactile<\/li>\n<li>\u00c9cran TFT 1,77 pouces<\/li>\n<li>R\u00e9glage de la puissance en appuyant trois fois sur l'\u00e9cran tactile<\/li>\n<li>Affichage avec indicateur de niveau et indicateur de batterie<\/li>\n<li>Connecteur Type-C<\/li>\n<li>26 saveurs disponibles<\/li>\n<li>Syst\u00e8me \u00e0 double bobine maill\u00e9e<\/li>\n<\/ul>\n<h3>Saveurs :<\/h3>\n<ol>\n<li>Banana Ice (Banane glace)<\/li>\n<li>Strawberry Watermelon (fraise past\u00e8que)<\/li>\n<li>Miami Mint (menthe de Miami)<\/li>\n<li>Myrtille Framboise (myrtille framboise)<\/li>\n<li>Black Ice (Glace noire)<\/li>\n<li>White Gummy Ice (Glace aux bonbons g\u00e9lifi\u00e9s blancs)<\/li>\n<li>Watermelon Ice (Glace \u00e0 la past\u00e8que)<\/li>\n<li>Juicy Peach Ice (Glace \u00e0 la p\u00eache juteuse)<\/li>\n<li>Pink Lemonade (Limonade rose)<\/li>\n<li>Strawberry Mango (fraise mangue)<\/li>\n<li>Peach Mango Watermelon (P\u00eache Mangue Past\u00e8que)<\/li>\n<li>Grape Lemon (raisin citron)<\/li>\n<li>Tropical Rainbow Blast (Arc-en-ciel tropical)<\/li>\n<li>Cherry Bomb (Bombe cerise)<\/li>\n<li>Bonbon \u00e0 la fraise et \u00e0 la menthe<\/li>\n<li>Double Apple (Double pomme)<\/li>\n<li>Blueberry On Ice (Myrtille sur glace)<\/li>\n<li>Strawberry Ice (glace \u00e0 la fraise)<\/li>\n<li>Lush Ice (Glace luxuriante)<\/li>\n<li>Pineapple Ice (glace \u00e0 l'ananas)<\/li>\n<li>Grape Ice (Glace au raisin)<\/li>\n<li>Dr Blue (Dr Bleu)<\/li>\n<li>Kiwi, fruit de la passion et goyave<\/li>\n<li>Cherry Cola (cola \u00e0 la cerise)<\/li>\n<li>Cool Mint (menthe fra\u00eeche)<\/li>\n<li>Strawberry Red Bull (Red Bull \u00e0 la fraise)<\/li>\n<\/ol>\n<h3>Foire aux questions (FAQ)<\/h3>\n<p><strong>1. Combien de bouff\u00e9es offre le Fumot Tornado 25k ?<\/strong> Avec sa capacit\u00e9 de 20 ml d'e-liquide, le Fumot Tornado 25000 offre jusqu'\u00e0 25 000 bouff\u00e9es.<\/p>\n<p><strong>2. Quelles sont les concentrations de nicotine disponibles ?<\/strong> Vous pouvez choisir entre les options de nicotine 0%, 2%, 3% ou 5%.<\/p>\n<p><strong>3. L'appareil dispose-t-il d'une batterie rechargeable ?<\/strong> Oui, il dispose d'une batterie de 700 mAh qui peut \u00eatre recharg\u00e9e rapidement et efficacement via un port de chargement de type C.<\/p>\n<p><strong>4. Qu'est-ce que le \u201e mode jeu \u201c ?<\/strong> Le mode jeu permet aux utilisateurs de lancer des cyber-d\u00e9s et ajoute un \u00e9l\u00e9ment interactif et divertissant au vapotage.<\/p>\n<p><strong>5. Comment fonctionne l'\u00e9cran tactile ?<\/strong> Le Tornado 25k dispose d'un interrupteur tactile intelligent qui permet de r\u00e9gler facilement la puissance et d'activer le mode jeu en touchant simplement l'\u00e9cran.<\/p>\n<h3 class=\"font-claude-response-heading text-text-100 mt-1 -mb-0.5\">Informations compl\u00e9mentaires et produits<\/h3>\n<p class=\"font-claude-response-body whitespace-normal break-words\">D\u00e9couvrez la Fumot Tornado 25000 et d'autres cigarettes \u00e9lectroniques haut de gamme dans notre boutique en ligne. Visitez notre <strong><a class=\"underline\" href=\"https:\/\/apexvape.de\/fr\/\">page d'accueil<\/a><\/strong> pour d\u00e9couvrir notre gamme compl\u00e8te de produits de vapotage haut de gamme et nos offres attractives. Si vous \u00eates particuli\u00e8rement int\u00e9ress\u00e9 par les produits Fumot, vous trouverez dans notre <strong><a class=\"underline\" href=\"https:\/\/apexvape.de\/fr\/product-category\/fumot-vape\/\">Cat\u00e9gorie FUMOT VAPE<\/a><\/strong> Une gamme compl\u00e8te de cigarettes \u00e9lectroniques jetables innovantes dot\u00e9es d'une technologie de pointe. Profitez de notre exp\u00e9dition rapide, de notre service client comp\u00e9tent et de nos prix de gros attractifs pour les clients professionnels.<\/p>","protected":false},"excerpt":{"rendered":"<p class=\"font-claude-response-body whitespace-normal break-words\">Le Fumot Tornado 25000 offre jusqu'\u00e0 25 000 bouff\u00e9es avec 20 ml d'e-liquide et un syst\u00e8me \u00e0 double r\u00e9sistance mesh. L'\u00e9cran tactile de 1,77 pouces affiche la batterie, les bouff\u00e9es et la puissance (24-80 W). Avec mode jeu, batterie 700 mAh, charge rapide de type C et 26 saveurs. Innovant et puissant.<\/p>","protected":false},"featured_media":2506,"comment_status":"open","ping_status":"closed","template":"","meta":[],"product_brand":[],"product_cat":[74],"product_tag":[],"class_list":{"0":"post-2424","1":"product","2":"type-product","3":"status-publish","4":"has-post-thumbnail","6":"product_cat-fumot-vape","8":"first","9":"instock","10":"shipping-taxable","11":"purchasable","12":"product-type-variable"},"_links":{"self":[{"href":"https:\/\/apexvape.de\/fr\/wp-json\/wp\/v2\/product\/2424","targetHints":{"allow":["GET"]}}],"collection":[{"href":"https:\/\/apexvape.de\/fr\/wp-json\/wp\/v2\/product"}],"about":[{"href":"https:\/\/apexvape.de\/fr\/wp-json\/wp\/v2\/types\/product"}],"replies":[{"embeddable":true,"href":"https:\/\/apexvape.de\/fr\/wp-json\/wp\/v2\/comments?post=2424"}],"version-history":[{"count":0,"href":"https:\/\/apexvape.de\/fr\/wp-json\/wp\/v2\/product\/2424\/revisions"}],"wp:featuredmedia":[{"embeddable":true,"href":"https:\/\/apexvape.de\/fr\/wp-json\/wp\/v2\/media\/2506"}],"wp:attachment":[{"href":"https:\/\/apexvape.de\/fr\/wp-json\/wp\/v2\/media?parent=2424"}],"wp:term":[{"taxonomy":"product_brand","embeddable":true,"href":"https:\/\/apexvape.de\/fr\/wp-json\/wp\/v2\/product_brand?post=2424"},{"taxonomy":"product_cat","embeddable":true,"href":"https:\/\/apexvape.de\/fr\/wp-json\/wp\/v2\/product_cat?post=2424"},{"taxonomy":"product_tag","embeddable":true,"href":"https:\/\/apexvape.de\/fr\/wp-json\/wp\/v2\/product_tag?post=2424"}],"curies":[{"name":"wp","href":"https:\/\/api.w.org\/{rel}","templated":true}]}}