{"id":2235,"date":"2025-11-22T14:32:22","date_gmt":"2025-11-22T13:32:22","guid":{"rendered":"https:\/\/apexvape.de\/?post_type=product&#038;p=2235"},"modified":"2025-11-22T14:38:09","modified_gmt":"2025-11-22T13:38:09","slug":"fumot-tornado-20000","status":"publish","type":"product","link":"https:\/\/apexvape.de\/fr\/product\/fumot-tornado-20000\/","title":{"rendered":"Fumot Tornado 20000 bouff\u00e9es Vape jetable"},"content":{"rendered":"<h2>Fumot Tornado 20000 | E-cigarette \u00e0 double maillage pour 20 000 bouff\u00e9es, pour achat en gros<\/h2>\n<p>Les <strong>Cigarette \u00e9lectronique jetable Fumot Tornado 20000<\/strong> est un appareil de vapotage \u00e0 double r\u00e9sistance mesh avec \u00e9cran LED intelligent. Gr\u00e2ce aux deux r\u00e9sistances mesh, vous profitez d'un go\u00fbt plus intense et plus riche \u00e0 chaque bouff\u00e9e. L'\u00e9cran LED intelligent fournit des informations en temps r\u00e9el et affiche en un coup d'\u0153il des d\u00e9tails importants tels que le niveau de la batterie et le niveau de e-liquide. L'appareil est rempli de 20 ml d'e-liquide et permet jusqu'\u00e0 20 000 bouff\u00e9es. Disponible dans les concentrations de nicotine 0 %, 2 %, 3 % et 5 %, ainsi que dans 59 saveurs diff\u00e9rentes au choix. \u00c9quip\u00e9e d'une batterie rechargeable de 850 mAh, cette batterie puissante garantit une longue dur\u00e9e d'utilisation et se recharge facilement via le port de type C. Fini les vapoteuses jetables dont la batterie se vide trop vite !<\/p>\n<h3>Fumot Tornado 20000 bouff\u00e9es \u2013 Les points forts :<\/h3>\n<p>Le Fumot Tornado 20000 s\u00e9duit par sa technologie innovante \u00e0 double r\u00e9sistance mesh, qui permet de passer du mode simple au mode double puissance. Le mode simple fournit une vapeur r\u00e9guli\u00e8re et douce pour une exp\u00e9rience de vapotage d\u00e9tendue, tandis que le mode double produit des nuages de vapeur plus intenses et un go\u00fbt plus prononc\u00e9. Cette flexibilit\u00e9 vous permet d'adapter le vapotage \u00e0 votre humeur et \u00e0 vos pr\u00e9f\u00e9rences \u00e0 tout moment.<\/p>\n<p>Avec une capacit\u00e9 impressionnante pouvant atteindre 20 000 bouff\u00e9es, la Fumot Tornado 20000 est l'une des cigarettes \u00e9lectroniques jetables les plus durables du march\u00e9. Ce nombre exceptionnel de bouff\u00e9es garantit un plaisir prolong\u00e9 sans remplacement fr\u00e9quent, ce qui est id\u00e9al pour les vapoteurs occasionnels comme pour les utilisateurs quotidiens. L'appareil est \u00e9quip\u00e9 d'un \u00e9cran LED intelligent qui affiche en temps r\u00e9el des informations sur le niveau de la batterie et la quantit\u00e9 de liquide restante, afin que vous sachiez toujours quand il est n\u00e9cessaire de recharger l'appareil ou que le e-liquide est sur le point de s'\u00e9puiser.<\/p>\n<p>L'appareil est aliment\u00e9 par une batterie rechargeable de 850 mAh qui peut \u00eatre recharg\u00e9e plusieurs fois, vous permettant ainsi de profiter pleinement du potentiel de votre e-liquide sans craindre de tomber en panne d'\u00e9nergie. Cette capacit\u00e9 de batterie plus importante, associ\u00e9e \u00e0 la technologie Dual Mesh et aux modes de puissance r\u00e9glables, garantit une exp\u00e9rience de vapotage flexible et durable qui s'adapte \u00e0 vos habitudes d'utilisation tout au long de la journ\u00e9e.<\/p>\n<p>Le Fumot Tornado 20000 offre une large gamme de saveurs pour tous les go\u00fbts, qu'elles soient fruit\u00e9es, sucr\u00e9es ou rafra\u00eechissantes. Chaque saveur offre une qualit\u00e9 constante de la premi\u00e8re \u00e0 la derni\u00e8re bouff\u00e9e et garantit une exp\u00e9rience satisfaisante pendant toute la dur\u00e9e de vie impressionnante de l'appareil.<\/p>\n<h3>Caract\u00e9ristiques techniques :<\/h3>\n<ul>\n<li><strong>Nombre de trains :<\/strong> Jusqu'\u00e0 20 000<\/li>\n<li><strong>Teneur en nicotine :<\/strong> 0 % \/ 2 % \/ 3 % \/ 5 %<\/li>\n<li><strong>Batterie :<\/strong> 850 mAh (rechargeable)<\/li>\n<li><strong>Capacit\u00e9 du e-liquide :<\/strong> 20 ml<\/li>\n<li><strong>Poids :<\/strong> 120 g<\/li>\n<li><strong>R\u00e9sistance de bobine :<\/strong> 0,9 \u03a9<\/li>\n<li><strong>\u00c9cran :<\/strong> Indicateur du niveau d'e-liquide et de batterie<\/li>\n<\/ul>\n<h3>Saveurs :<\/h3>\n<ol>\n<li>Bonbons durs \u00e0 la myrtille et \u00e0 la framboise<\/li>\n<li>Blue Razz<\/li>\n<li>Fraise Kiwi<\/li>\n<li>P\u00eache Ananas Orange<\/li>\n<li>Skittles<\/li>\n<li>P\u00eache Mangue Past\u00e8que<\/li>\n<li>Glace \u00e0 la fraise<\/li>\n<li>Glace \u00e0 la poire<\/li>\n<li>Barbe \u00e0 papa<\/li>\n<li>bonbons<\/li>\n<li>Limonade au concombre<\/li>\n<li>Pina Colada<\/li>\n<li>myrtille sauvage<\/li>\n<li>Glace \u00e0 la past\u00e8que<\/li>\n<li>Fraise Past\u00e8que<\/li>\n<li>M\u00e9lange de baies<\/li>\n<li>Litchi Melon Hami<\/li>\n<li>Cerise-citron vert<\/li>\n<li>Ananas Citron Pomme verte<\/li>\n<li>G\u00e2teau \u00e0 la banane<\/li>\n<li>Monsieur Bleu<\/li>\n<li>cerise<\/li>\n<li>Myrtille Framboise<\/li>\n<li>Cola \u00e0 la cerise<\/li>\n<li>Kiwi Fruit de la passion Goyave<\/li>\n<li>Glace \u00e0 la fraise<\/li>\n<li>Glace fraise-framboise-cerise<\/li>\n<li>Cerise et baies<\/li>\n<li>Myrtille Framboise acidul\u00e9e<\/li>\n<li>Baie de p\u00eache<\/li>\n<li>Oursons g\u00e9lifi\u00e9s Blue Razz<\/li>\n<li>Menthe fra\u00eeche<\/li>\n<li>Myrtille sur glace<\/li>\n<li>Glace au cactus<\/li>\n<li>Raisin rouge et citron vert<\/li>\n<li>Cola citron<\/li>\n<li>Cassis Pomme<\/li>\n<li>Cactus Kiwi<\/li>\n<li>Cola glac\u00e9<\/li>\n<li>Pamplemousse Apeg<\/li>\n<li>Cactus glac\u00e9 \u00e0 la myrtille<\/li>\n<li>Glace mangue-raisin<\/li>\n<li>Raisin Kiwi<\/li>\n<\/ol>\n<h3>Foire aux questions (FAQ) :<\/h3>\n<p><strong>Q1 : Quelle est l'autonomie de la cigarette \u00e9lectronique Fumot Tornado 20000 bouff\u00e9es ?<\/strong> A1 : Elle fournit jusqu'\u00e0 20 000 bouff\u00e9es, ce qui permet une longue dur\u00e9e d'utilisation en fonction des habitudes individuelles de vapotage.<\/p>\n<p><strong>Q2 : La Fumot Tornado 20k est-elle rechargeable ?<\/strong> A2 : Oui, il dispose d'une batterie int\u00e9gr\u00e9e de 850 mAh qui peut \u00eatre recharg\u00e9e \u00e0 l'aide d'un c\u00e2ble de type C.<\/p>\n<p><strong>Q3 : Quelles sont les concentrations de nicotine disponibles ?<\/strong> A3 : Cet appareil est disponible en quatre versions : 0 %, 2 %, 3 % et 5 % de nicotine, afin de r\u00e9pondre \u00e0 diff\u00e9rentes pr\u00e9f\u00e9rences.<\/p>\n<p><strong>Q4 : Comment savoir quand je dois recharger ou remplacer ma cigarette \u00e9lectronique ?<\/strong> A4 : La cigarette \u00e9lectronique dispose d'un \u00e9cran num\u00e9rique qui affiche clairement le niveau d'e-liquide et de batterie.<\/p>\n<h3 class=\"font-claude-response-heading text-text-100 mt-1 -mb-0.5\">Informations compl\u00e9mentaires et produits<\/h3>\n<p class=\"font-claude-response-body whitespace-normal break-words\">D\u00e9couvrez la Fumot Tornado 20000 et d'autres cigarettes \u00e9lectroniques haut de gamme dans notre vaste assortiment. Chez <strong><a class=\"underline\" href=\"https:\/\/apexvape.de\/fr\/\">Apex Vape<\/a><\/strong> vous trouverez un large choix de cigarettes \u00e9lectroniques jetables, de liquides haut de gamme et d'accessoires pour vapoteuses \u00e0 des prix attractifs. Visitez notre <strong><a class=\"underline\" href=\"https:\/\/apexvape.de\/fr\/product-category\/fumot-vape\/\">Cat\u00e9gorie FUMOT VAPE<\/a><\/strong>, pour d\u00e9couvrir toute la gamme de produits de la marque Fumot et trouver l'appareil qui correspond parfaitement \u00e0 vos besoins. Profitez d'une livraison rapide, d'un paiement s\u00e9curis\u00e9 et d'un service client de premier ordre.<\/p>","protected":false},"excerpt":{"rendered":"<p class=\"font-claude-response-body whitespace-normal break-words\">Le Fumot Tornado 20000 s\u00e9duit par sa technologie Dual Mesh Coil et ses 20 000 bouff\u00e9es \u00e0 partir de 20 ml d'e-liquide. Passez du mode simple au mode double puissance pour un plaisir personnalis\u00e9. L'\u00e9cran LED affiche le niveau de la batterie et du liquide, la batterie de 850 mAh se recharge via un port Type-C. 59 saveurs disponibles.<\/p>","protected":false},"featured_media":2236,"comment_status":"open","ping_status":"closed","template":"","meta":[],"product_brand":[],"product_cat":[74],"product_tag":[],"class_list":{"0":"post-2235","1":"product","2":"type-product","3":"status-publish","4":"has-post-thumbnail","6":"product_cat-fumot-vape","8":"first","9":"instock","10":"shipping-taxable","11":"purchasable","12":"product-type-variable"},"_links":{"self":[{"href":"https:\/\/apexvape.de\/fr\/wp-json\/wp\/v2\/product\/2235","targetHints":{"allow":["GET"]}}],"collection":[{"href":"https:\/\/apexvape.de\/fr\/wp-json\/wp\/v2\/product"}],"about":[{"href":"https:\/\/apexvape.de\/fr\/wp-json\/wp\/v2\/types\/product"}],"replies":[{"embeddable":true,"href":"https:\/\/apexvape.de\/fr\/wp-json\/wp\/v2\/comments?post=2235"}],"version-history":[{"count":0,"href":"https:\/\/apexvape.de\/fr\/wp-json\/wp\/v2\/product\/2235\/revisions"}],"wp:featuredmedia":[{"embeddable":true,"href":"https:\/\/apexvape.de\/fr\/wp-json\/wp\/v2\/media\/2236"}],"wp:attachment":[{"href":"https:\/\/apexvape.de\/fr\/wp-json\/wp\/v2\/media?parent=2235"}],"wp:term":[{"taxonomy":"product_brand","embeddable":true,"href":"https:\/\/apexvape.de\/fr\/wp-json\/wp\/v2\/product_brand?post=2235"},{"taxonomy":"product_cat","embeddable":true,"href":"https:\/\/apexvape.de\/fr\/wp-json\/wp\/v2\/product_cat?post=2235"},{"taxonomy":"product_tag","embeddable":true,"href":"https:\/\/apexvape.de\/fr\/wp-json\/wp\/v2\/product_tag?post=2235"}],"curies":[{"name":"wp","href":"https:\/\/api.w.org\/{rel}","templated":true}]}}