{"id":1975,"date":"2025-11-22T14:11:46","date_gmt":"2025-11-22T13:11:46","guid":{"rendered":"https:\/\/apexvape.de\/?post_type=product&#038;p=1975"},"modified":"2025-11-22T14:22:28","modified_gmt":"2025-11-22T13:22:28","slug":"fumot-tornado-15000","status":"publish","type":"product","link":"https:\/\/apexvape.de\/fr\/product\/fumot-tornado-15000\/","title":{"rendered":"Fumot Tornado 15000 bouff\u00e9es Vape jetable"},"content":{"rendered":"<h2>Fumot Tornado 15 000 bouff\u00e9es | 0%-5% nicotine, 25 ml, cigarette \u00e9lectronique jetable en gros<\/h2>\n<p>Le Fumot Tornado 15000 offre jusqu'\u00e0 15 000 bouff\u00e9es avec une capacit\u00e9 de 25 ml d'e-liquide pr\u00e9rempli et des concentrations de nicotine de 0%\/2%\/3%\/5%. Aliment\u00e9 par une batterie rechargeable de 850 mAh, l'appareil est \u00e9quip\u00e9 d'une r\u00e9sistance mesh pour un chauffage uniforme et d'un \u00e9cran permettant de surveiller le niveau de la batterie et du liquide. Disponible en plusieurs saveurs telles que Peach Ice, Blue Razz Lemonade et Kiwi Passion Fruit Guava.<\/p>\n<h3>Fumot Tornado 15000 bouff\u00e9es Points forts<\/h3>\n<p>La Fumot Tornado 15000 est r\u00e9put\u00e9e pour son impressionnante capacit\u00e9 de 15 000 bouff\u00e9es et ses performances exceptionnelles. Cette cigarette \u00e9lectronique rechargeable et pr\u00e9remplie est dot\u00e9e d'un \u00e9cran pratique qui affiche \u00e0 la fois le niveau de la batterie et le niveau de liquide, afin que vous sachiez toujours quand il est temps de la recharger. L'appareil utilise une technologie avanc\u00e9e pour offrir des saveurs exceptionnelles et une production de vapeur satisfaisante \u00e0 chaque bouff\u00e9e.<\/p>\n<p>Gr\u00e2ce \u00e0 son design activ\u00e9 par aspiration, le Fumot Tornado 15000 est extr\u00eamement simple \u00e0 utiliser. Il n'y a pas de r\u00e9glages ou de boutons compliqu\u00e9s : il suffit d'inhaler et de profiter. Cette approche simple rend l'appareil parfait pour les nouveaux vapoteurs comme pour les utilisateurs exp\u00e9riment\u00e9s qui souhaitent une exp\u00e9rience de vapotage sans tracas.<\/p>\n<p>L'appareil est aliment\u00e9 par une puissante batterie rechargeable de 850 mAh qui se recharge facilement \u00e0 l'aide d'un c\u00e2ble USB de type C. Lorsque la batterie est faible, il suffit de la brancher pour la recharger et poursuivre vos sessions de vapotage. La combinaison d'une batterie rechargeable et d'une capacit\u00e9 de 15 000 bouff\u00e9es vous permet de vapoter pendant de longues p\u00e9riodes sans interruption.<\/p>\n<p>Gr\u00e2ce \u00e0 son design compact et facile \u00e0 glisser dans une poche, le Fumot Tornado 15000 est facile \u00e0 transporter. Que ce soit au travail, entre amis ou en voyage, vous pouvez glisser cet appareil dans votre poche et vapoter confortablement tout au long de la journ\u00e9e.<\/p>\n<h3>Donn\u00e9es techniques<\/h3>\n<ul>\n<li><strong>Trains :<\/strong> 15 000 trains<\/li>\n<li><strong>Capacit\u00e9 de liquide :<\/strong> Cartouche pr\u00e9remplie de 25 ml<\/li>\n<li><strong>Type :<\/strong> Cigarette \u00e9lectronique jetable<\/li>\n<li><strong>R\u00e9sistance :<\/strong> 0,9 ohm<\/li>\n<li><strong>Batterie :<\/strong> Batterie int\u00e9gr\u00e9e de 850 mAh<\/li>\n<li><strong>Bobine :<\/strong> Bobine maill\u00e9e<\/li>\n<li><strong>Suralimentation :<\/strong> C\u00e2ble USB Type-C<\/li>\n<li><strong>\u00c9cran :<\/strong> \u00e9cran LCD<\/li>\n<\/ul>\n<h3>saveurs<\/h3>\n<ol>\n<li>Limonade bleue au razz<\/li>\n<li>Glace \u00e0 la p\u00eache<\/li>\n<li>Pomme acidul\u00e9e<\/li>\n<li>Glace \u00e0 la past\u00e8que<\/li>\n<li>Myrtille sur glace<\/li>\n<li>Myrtille Framboise<\/li>\n<li>Glace \u00e0 l'ananas<\/li>\n<li>cerise<\/li>\n<li>Glace \u00e0 la fraise<\/li>\n<li>Vimto<\/li>\n<li>Raisin glac\u00e9<\/li>\n<li>Cola glac\u00e9<\/li>\n<li>Fraise Past\u00e8que<\/li>\n<li>Limonade rose<\/li>\n<li>M\u00e9lange de baies<\/li>\n<li>P\u00eache Mangue<\/li>\n<li>Fruit du dragon<\/li>\n<li>Raisin fraise<\/li>\n<li>Monsieur Bleu<\/li>\n<li>Glace luxuriante<\/li>\n<li>Glace \u00e0 l'eau<\/li>\n<li>Fraise Kiwi<\/li>\n<li>Kiwi Fruit de la passion Goyave<\/li>\n<li>Triple baies<\/li>\n<li>Banane glac\u00e9e<\/li>\n<li>Bonbon \u00e0 la p\u00eache et \u00e0 la myrtille<\/li>\n<li>Pomme P\u00eache Poire<\/li>\n<li>Limonade aux baies<\/li>\n<li>Cerise bleue Razz<\/li>\n<li>Bubble-gum \u00e0 la myrtille<\/li>\n<li>Myrtille Cerise Canneberge<\/li>\n<li>Myrtille Grenade<\/li>\n<li>Bluesour Framboise<\/li>\n<li>Cola \u00e0 la cerise<\/li>\n<li>Ourson en g\u00e9latine<\/li>\n<li>Citron et citron vert<\/li>\n<li>Mangue sur glace<\/li>\n<li>Glace Red Energy<\/li>\n<li>Banane fraise<\/li>\n<li>Red Bull \u00e0 la fraise<\/li>\n<li>Limonade fraise-past\u00e8que<\/li>\n<li>Th\u00e9 glac\u00e9 citron glac\u00e9<\/li>\n<li>Th\u00e9 glac\u00e9 \u00e0 la p\u00eache<\/li>\n<li>Cerise p\u00e9tillante<\/li>\n<li>Skittles<\/li>\n<li>Menthe fra\u00eeche<\/li>\n<li>Pina Colada<\/li>\n<li>myrtille sauvage<\/li>\n<li>Glace \u00e0 la myrtille et \u00e0 la p\u00eache<\/li>\n<li>Raisin citron<\/li>\n<li>Fanta<\/li>\n<li>Mojito menthol\u00e9 frais<\/li>\n<li>Aloe citron et baies<\/li>\n<li>Pomme verte, agrumes et menthol<\/li>\n<li>Melon vert raisin<\/li>\n<li>Cactus Kiwi<\/li>\n<li>Cola citron<\/li>\n<li>Glace au cactus<\/li>\n<li>Oursons g\u00e9lifi\u00e9s Blue Razz<\/li>\n<\/ol>\n<h3>Foire aux questions (FAQ)<\/h3>\n<p><strong>Q : Comment utiliser le Fumot 15000 ?<\/strong><\/p>\n<p>R : Lorsque vous recevez l'emballage Fumot, vous trouverez l'appareil TORNADO 15000 dans un sachet en plastique scell\u00e9 avec une fermeture facile \u00e0 ouvrir. Il suffit de retirer le stylo vaporisateur Fumot 15000 de son emballage et de prendre votre premi\u00e8re bouff\u00e9e. Il n'y a pas de boutons ni de menus, ce qui rend la configuration tr\u00e8s simple.<\/p>\n<p><strong>Q : Quelle est la cigarette \u00e9lectronique la plus puissante ?<\/strong><\/p>\n<p>R : La force de la sensation de tirage d'une cigarette \u00e9lectronique peut varier en fonction de facteurs tels que la concentration en nicotine, la conception de la r\u00e9sistance et le d\u00e9bit d'air. Certaines cigarettes \u00e9lectroniques sont con\u00e7ues pour offrir un hit en gorge plus fort que d'autres. Il est donc recommand\u00e9 de consulter les sp\u00e9cifications du produit ou les avis des utilisateurs pour obtenir des recommandations sp\u00e9cifiques.<\/p>\n<p><strong>Q : Les cigarettes \u00e9lectroniques pr\u00e9remplies permettent-elles vraiment de prendre 15 000 bouff\u00e9es ?<\/strong><\/p>\n<p>R : Les cigarettes \u00e9lectroniques pr\u00e9remplies ont g\u00e9n\u00e9ralement un nombre de bouff\u00e9es pr\u00e9d\u00e9fini, mais le nombre r\u00e9el de bouff\u00e9es peut varier en fonction des habitudes d'utilisation individuelles, de la dur\u00e9e d'inhalation et d'autres facteurs. Alors que certaines cigarettes \u00e9lectroniques annoncent environ 15 000 bouff\u00e9es, l'utilisation r\u00e9elle peut varier.<\/p>\n<h3>D\u00e9couvrez d'autres cigarettes \u00e9lectroniques haut de gamme chez ApexVape<\/h3>\n<p>Le Fumot Tornado 15000 n'est qu'un des nombreux produits haut de gamme de notre gamme. Chez <strong><a href=\"https:\/\/apexvape.de\/fr\/\">Apex Vape<\/a><\/strong> vous trouverez une large s\u00e9lection de cigarettes \u00e9lectroniques et d'accessoires de vapotage haut de gamme pour tous les besoins. Si vous \u00eates particuli\u00e8rement int\u00e9ress\u00e9 par d'autres produits innovants de Fumot, rendez-vous sur notre <strong><a href=\"https:\/\/apexvape.de\/fr\/product-category\/fumot-vape\/\">Cat\u00e9gorie FUMOT VAPE<\/a><\/strong>, o\u00f9 vous pourrez d\u00e9couvrir la gamme compl\u00e8te de produits de cette marque tr\u00e8s appr\u00e9ci\u00e9e. Profitez de nos prix de gros comp\u00e9titifs, de notre exp\u00e9dition rapide et de notre excellent service client. Commandez d\u00e8s aujourd'hui et d\u00e9couvrez la qualit\u00e9 qui caract\u00e9rise Apex Vape.<\/p>","protected":false},"excerpt":{"rendered":"<p>Le Fumot Tornado 15000 offre jusqu'\u00e0 15 000 bouff\u00e9es gr\u00e2ce \u00e0 son r\u00e9servoir de 25 ml d'e-liquide. Avec \u00e9cran LCD pour l'affichage de la batterie et du niveau de liquide, batterie rechargeable de 850 mAh et charge de type C. La r\u00e9sistance Mesh Coil de 0,9 \u03a9 garantit un go\u00fbt intense. Activ\u00e9 par bouff\u00e9e, compact et disponible en plusieurs vari\u00e9t\u00e9s. Id\u00e9al pour les d\u00e9placements.<\/p>","protected":false},"featured_media":1976,"comment_status":"open","ping_status":"closed","template":"","meta":[],"product_brand":[],"product_cat":[74],"product_tag":[],"class_list":{"0":"post-1975","1":"product","2":"type-product","3":"status-publish","4":"has-post-thumbnail","6":"product_cat-fumot-vape","8":"first","9":"instock","10":"shipping-taxable","11":"purchasable","12":"product-type-variable"},"_links":{"self":[{"href":"https:\/\/apexvape.de\/fr\/wp-json\/wp\/v2\/product\/1975","targetHints":{"allow":["GET"]}}],"collection":[{"href":"https:\/\/apexvape.de\/fr\/wp-json\/wp\/v2\/product"}],"about":[{"href":"https:\/\/apexvape.de\/fr\/wp-json\/wp\/v2\/types\/product"}],"replies":[{"embeddable":true,"href":"https:\/\/apexvape.de\/fr\/wp-json\/wp\/v2\/comments?post=1975"}],"version-history":[{"count":0,"href":"https:\/\/apexvape.de\/fr\/wp-json\/wp\/v2\/product\/1975\/revisions"}],"wp:featuredmedia":[{"embeddable":true,"href":"https:\/\/apexvape.de\/fr\/wp-json\/wp\/v2\/media\/1976"}],"wp:attachment":[{"href":"https:\/\/apexvape.de\/fr\/wp-json\/wp\/v2\/media?parent=1975"}],"wp:term":[{"taxonomy":"product_brand","embeddable":true,"href":"https:\/\/apexvape.de\/fr\/wp-json\/wp\/v2\/product_brand?post=1975"},{"taxonomy":"product_cat","embeddable":true,"href":"https:\/\/apexvape.de\/fr\/wp-json\/wp\/v2\/product_cat?post=1975"},{"taxonomy":"product_tag","embeddable":true,"href":"https:\/\/apexvape.de\/fr\/wp-json\/wp\/v2\/product_tag?post=1975"}],"curies":[{"name":"wp","href":"https:\/\/api.w.org\/{rel}","templated":true}]}}