{"id":1752,"date":"2025-11-22T13:57:43","date_gmt":"2025-11-22T12:57:43","guid":{"rendered":"https:\/\/apexvape.de\/?post_type=product&#038;p=1752"},"modified":"2025-11-22T14:02:19","modified_gmt":"2025-11-22T13:02:19","slug":"fumot-digital-box-12000","status":"publish","type":"product","link":"https:\/\/apexvape.de\/fr\/product\/fumot-digital-box-12000\/","title":{"rendered":"Fumot Digital Box 12000 bouff\u00e9es Vape jetable"},"content":{"rendered":"<h2>Fumot Digital Box 12 000 bouff\u00e9es | 20 ml d'e-liquide, batterie 550 mAh, \u00e9cran LCD, vapoteuse jetable<\/h2>\n<p>La Fumot Digital Box 12000 est une cigarette \u00e9lectronique jetable haut de gamme offrant pas moins de 12 000 bouff\u00e9es gr\u00e2ce \u00e0 son r\u00e9servoir de 20 ml. Elle dispose d'un \u00e9cran LED indiquant le niveau de la batterie et le niveau de e-liquide, d'une batterie rechargeable de 550-850 mAh avec fonction de charge rapide de type C (30-45 minutes) et d'une r\u00e9sistance mesh de 0,8 \u03a9 pour un go\u00fbt intense. Disponible en 0-5% de nicotine et dans plus de 15 saveurs, elle offre un d\u00e9bit d'air MTL, des circuits de s\u00e9curit\u00e9 et un bo\u00eetier en aluminium durable ne pesant que 67 g. Des indicateurs de couleur et des fonctions de protection int\u00e9gr\u00e9es garantissent une vape fiable et confortable tout au long de la journ\u00e9e.<\/p>\n<h3>Fumot Digital Box 12000 bouff\u00e9es \u2013 Caract\u00e9ristiques particuli\u00e8res :<\/h3>\n<p>La Fumot Digital Box 12000 s\u00e9duit par sa capacit\u00e9 exceptionnelle de 20 millilitres d'e-liquide, qui permet de longues sessions de vapotage sans avoir \u00e0 la recharger constamment. Cette capacit\u00e9 g\u00e9n\u00e9reuse s'accompagne de 12 000 bouff\u00e9es par appareil, offrant une exp\u00e9rience de vapotage longue dur\u00e9e qui satisfera aussi bien les utilisateurs occasionnels que les vapoteurs passionn\u00e9s.<\/p>\n<p>L'une des fonctionnalit\u00e9s les plus innovantes est l'affichage int\u00e9gr\u00e9 de la batterie et du e-liquide, qui vous permet de rester inform\u00e9 et de contr\u00f4ler votre exp\u00e9rience de vapotage. Ce double syst\u00e8me de surveillance vous permet de suivre en temps r\u00e9el la puissance de votre batterie et le niveau restant de e-liquide, afin que vous ne soyez jamais pris au d\u00e9pourvu pendant vos sessions.<\/p>\n<p>L'appareil est aliment\u00e9 par une batterie int\u00e9gr\u00e9e de 550 mAh qui fournit une alimentation \u00e9lectrique fiable et constante tout au long de votre exp\u00e9rience de vapotage. Bien que la Fumot Digital Box 12000 offre d\u00e9j\u00e0 une autonomie impressionnante, la batterie est rechargeable si n\u00e9cessaire, ce qui prolonge encore davantage la dur\u00e9e d'utilisation de l'appareil.<\/p>\n<p>Cette fonction de recharge vous permet non seulement de profiter de votre cigarette \u00e9lectronique pendant plus longtemps, mais constitue \u00e9galement un choix plus respectueux de l'environnement, car elle permet de r\u00e9utiliser l'appareil et de r\u00e9duire les d\u00e9chets. La combinaison d'une grande capacit\u00e9, d'un nombre de bouff\u00e9es prolong\u00e9 et d'une rechargeabilit\u00e9 fait de la Fumot Digital Box 12000 une option pratique et durable pour les vapoteurs qui recherchent des performances durables.<\/p>\n<h3>Caract\u00e9ristiques techniques :<\/h3>\n<ul>\n<li><strong>Sel de nicotine :<\/strong> 0% \/ 2% \/ 3% \/ 5%<\/li>\n<li><strong>E-liquide :<\/strong> 20 ml<\/li>\n<li><strong>Trains :<\/strong> jusqu'\u00e0 12 000<\/li>\n<li><strong>\u00c9cran :<\/strong> Indicateur de batterie et de e-liquide<\/li>\n<li><strong>Batterie :<\/strong> Rechargeable, 550 mAh<\/li>\n<li><strong>Saveurs :<\/strong> 53 variantes<\/li>\n<li><strong>Emballage :<\/strong> 10 pi\u00e8ces par bo\u00eete pr\u00e9sentoir<\/li>\n<\/ul>\n<h3>Liste des saveurs :<\/h3>\n<ol>\n<li>Menthe fra\u00eeche<\/li>\n<li>Glace \u00e0 la past\u00e8que<\/li>\n<li>Raisin glac\u00e9<\/li>\n<li>Myrtille Framboise<\/li>\n<li>Fraise Past\u00e8que<\/li>\n<li>Banane fraise<\/li>\n<li>Glace luxuriante<\/li>\n<li>cerise<\/li>\n<li>Glace \u00e0 la fraise<\/li>\n<li>Glace \u00e0 l'eau<\/li>\n<li>Limonade rose<\/li>\n<li>Mangue sur glace<\/li>\n<li>Fruits rouges m\u00e9lang\u00e9s<\/li>\n<li>Beignet \u00e0 la fraise<\/li>\n<li>Raisin fraise<\/li>\n<li>Cola \u00e0 la cerise<\/li>\n<li>Dr Blue<\/li>\n<li>Myrtille sur glace<\/li>\n<li>Kiwi Fruit de la passion Goyave<\/li>\n<li>Fraise Kiwi<\/li>\n<li>P\u00eache Mangue<\/li>\n<li>Glace \u00e0 la p\u00eache<\/li>\n<li>Pomme rouge glac\u00e9e<\/li>\n<li>Bubble-gum \u00e0 la myrtille<\/li>\n<li>Limonade aux baies<\/li>\n<li>Limonade bleue au razz<\/li>\n<li>Bluesour Framboise<\/li>\n<li>Red Bull \u00e0 la fraise<\/li>\n<li>Explosion de baies et de pomme<\/li>\n<li>Bubble-gum \u00e0 la past\u00e8que<\/li>\n<li>Framboise Past\u00e8que<\/li>\n<li>Glace noire<\/li>\n<li>Myrtille Cerise Canneberge<\/li>\n<li>Strawberry Pomp (grenade)<\/li>\n<li>Vimto<\/li>\n<li>Cerise et baies<\/li>\n<li>Citron et citron vert<\/li>\n<li>Bingo Crush<\/li>\n<li>Myrtille Kiwi<\/li>\n<li>Banane glac\u00e9e<\/li>\n<li>Glace au fruit du dragon<\/li>\n<li>Fusion fruit\u00e9e<\/li>\n<li>Menthe raisin<\/li>\n<li>Amour 66<\/li>\n<li>Glace \u00e0 l'ananas<\/li>\n<li>Glace Red Energy<\/li>\n<li>Deux pommes<\/li>\n<li>Cola glac\u00e9<\/li>\n<li>Th\u00e9 glac\u00e9 citron glac\u00e9<\/li>\n<li>Th\u00e9 glac\u00e9 \u00e0 la p\u00eache<\/li>\n<li>Oursons g\u00e9lifi\u00e9s Blue Razz<\/li>\n<\/ol>\n<h3>Foire aux questions :<\/h3>\n<p><strong>Q1 : Combien de mouvements offre la Fumot Digital Box 12K ?<\/strong> Elle offre jusqu'\u00e0 12 000 trajets par appareil.<\/p>\n<p><strong>Q2 : Qu'est-ce qui rend la version Digital Box si sp\u00e9ciale ?<\/strong> Elle dispose d'un \u00e9cran num\u00e9rique qui affiche \u00e0 la fois la puissance de la batterie et le niveau d'e-liquide.<\/p>\n<p><strong>Q3 : L'appareil est-il rechargeable ?<\/strong> Oui, il dispose d'une batterie rechargeable et d'une fonction de chargement de type C.<\/p>\n<h3>Informations compl\u00e9mentaires et produits<\/h3>\n<p>D\u00e9couvrez la gamme compl\u00e8te de cigarettes \u00e9lectroniques et de produits de vapotage haut de gamme sur notre <strong><a href=\"https:\/\/apexvape.de\/fr\/\">page d'accueil<\/a><\/strong>. La Fumot Digital Box 12000 fait partie de notre vaste gamme <strong>FUMOT VAPE<\/strong> Collection dans laquelle vous trouverez d'autres appareils \u00e0 vapeur innovants et cigarettes \u00e9lectroniques jetables de Fumot. Visitez notre <strong><a href=\"https:\/\/apexvape.de\/fr\/product-category\/fumot-vape\/\">Cat\u00e9gorie FUMOT VAPE<\/a><\/strong>, pour comparer tous les mod\u00e8les, saveurs et concentrations en nicotine disponibles et trouver le produit qui r\u00e9pondra parfaitement \u00e0 vos besoins.<\/p>","protected":false},"excerpt":{"rendered":"<p class=\"font-claude-response-body whitespace-normal break-words\">La Fumot Digital Box 12000 offre jusqu'\u00e0 12 000 bouff\u00e9es avec une capacit\u00e9 de 20 ml d'e-liquide. L'\u00e9cran LCD affiche le niveau de la batterie et le niveau de remplissage, tandis que la batterie rechargeable de 550 mAh permet une recharge rapide de type C. La r\u00e9sistance Mesh Coil de 0,8 \u03a9 offre un go\u00fbt intense dans plus de 15 vari\u00e9t\u00e9s. Compacte et fiable.<\/p>","protected":false},"featured_media":1753,"comment_status":"open","ping_status":"closed","template":"","meta":[],"product_brand":[],"product_cat":[74],"product_tag":[],"class_list":{"0":"post-1752","1":"product","2":"type-product","3":"status-publish","4":"has-post-thumbnail","6":"product_cat-fumot-vape","8":"first","9":"instock","10":"shipping-taxable","11":"purchasable","12":"product-type-variable"},"_links":{"self":[{"href":"https:\/\/apexvape.de\/fr\/wp-json\/wp\/v2\/product\/1752","targetHints":{"allow":["GET"]}}],"collection":[{"href":"https:\/\/apexvape.de\/fr\/wp-json\/wp\/v2\/product"}],"about":[{"href":"https:\/\/apexvape.de\/fr\/wp-json\/wp\/v2\/types\/product"}],"replies":[{"embeddable":true,"href":"https:\/\/apexvape.de\/fr\/wp-json\/wp\/v2\/comments?post=1752"}],"version-history":[{"count":0,"href":"https:\/\/apexvape.de\/fr\/wp-json\/wp\/v2\/product\/1752\/revisions"}],"wp:featuredmedia":[{"embeddable":true,"href":"https:\/\/apexvape.de\/fr\/wp-json\/wp\/v2\/media\/1753"}],"wp:attachment":[{"href":"https:\/\/apexvape.de\/fr\/wp-json\/wp\/v2\/media?parent=1752"}],"wp:term":[{"taxonomy":"product_brand","embeddable":true,"href":"https:\/\/apexvape.de\/fr\/wp-json\/wp\/v2\/product_brand?post=1752"},{"taxonomy":"product_cat","embeddable":true,"href":"https:\/\/apexvape.de\/fr\/wp-json\/wp\/v2\/product_cat?post=1752"},{"taxonomy":"product_tag","embeddable":true,"href":"https:\/\/apexvape.de\/fr\/wp-json\/wp\/v2\/product_tag?post=1752"}],"curies":[{"name":"wp","href":"https:\/\/api.w.org\/{rel}","templated":true}]}}