{"id":1710,"date":"2025-11-22T04:26:30","date_gmt":"2025-11-22T03:26:30","guid":{"rendered":"https:\/\/apexvape.de\/?post_type=product&#038;p=1710"},"modified":"2025-11-22T04:28:53","modified_gmt":"2025-11-22T03:28:53","slug":"vozol-vista-40000","status":"publish","type":"product","link":"https:\/\/apexvape.de\/fr\/product\/vozol-vista-40000\/","title":{"rendered":"Vozol Vista 40000 Vape jetable"},"content":{"rendered":"<h2 class=\"font-claude-response-title mt-1 text-text-100\">Vozol Vista 40000 Z\u00fcge Wiederaufladbare E-Zigarette mit 20ml E-Liquid, 1000mAh, LED &amp; Verstellbarem Airflow\/Wattage<\/h2>\n<p>Die Vozol Vista 40000 Einweg-E-Zigarette bietet 20 ml vorbef\u00fclltes E-Liquid und einen leistungsstarken 1000mAh wiederaufladbaren Akku. Die gro\u00dfz\u00fcgige E-Liquid-Menge erm\u00f6glicht eine au\u00dfergew\u00f6hnlich hohe Anzahl an Z\u00fcgen, w\u00e4hrend der kraftvolle 1000mAh Akku das Ger\u00e4t jederzeit einsatzbereit h\u00e4lt. Das Ger\u00e4t verf\u00fcgt \u00fcber 2 Airflow-Einstellungen und bietet vier verschiedene Leistungsstufen: Soft, Norm, Surge und Turbo. Der seitliche Drehregler ist einfach zu bedienen und hilft Ihnen, innerhalb von Sekunden die optimalen Einstellungen zu finden.<\/p>\n<h3>Vozol Vista 40000 Z\u00fcge &#8211; Vorteile:<\/h3>\n<p>Die Vozol Vista 40000 revolutioniert die Dampf-Ausdauer mit ihrer beeindruckenden Kapazit\u00e4t von 40.000 Z\u00fcgen, erm\u00f6glicht durch eine 15% effizientere Nutzung des E-Liquid-Tankvolumens. Diese au\u00dfergew\u00f6hnliche Langlebigkeit wird durch einen 1000mAh Akku erg\u00e4nzt, der \u00fcber USB-C Schnellladung in unter 30 Minuten vollst\u00e4ndig aufgeladen ist \u2013 keine langen Wartezeiten mehr. Das Ger\u00e4t ist ausschlie\u00dflich f\u00fcr erwachsene Nutzer (18+) konzipiert, die ein Premium-Nikotin-Erlebnis suchen.<\/p>\n<p>Individuelle Anpassung steht im Mittelpunkt des Vozol Vista 40000 Erlebnisses mit seiner 4-stufigen Leistungsregelung und dem 2-stufigen verstellbaren Airflow-System. Nutzer k\u00f6nnen ihr Dampferlebnis durch Anpassung der Leistungsstufen pr\u00e4zise steuern \u2013 f\u00fcr optimale Dampfdichte, Throat Hit und Geschmacksintensit\u00e4t. W\u00e4hlen Sie zwischen einem engen MTL-Zugverhalten f\u00fcr ein zigaretten\u00e4hnliches Gef\u00fchl oder einer lockereren RDL-Einstellung f\u00fcr gr\u00f6\u00dfere Wolken und volleren Geschmack.<\/p>\n<p>Leistung trifft auf Innovation durch Vozols fortschrittliche S.i.L.C Dual Mesh Coil Technologie, die eine gleichm\u00e4\u00dfige, konstante Erhitzung f\u00fcr \u00fcberlegene Dampfqualit\u00e4t und kr\u00e4ftige, reine Aromen bei jedem Zug liefert. Die Dual-Mesh-Coils der n\u00e4chsten Generation stellen sicher, dass die erh\u00f6hte E-Liquid-Kapazit\u00e4t w\u00e4hrend der gesamten Lebensdauer des Ger\u00e4ts in ein au\u00dfergew\u00f6hnliches Geschmackserlebnis umgesetzt wird.<\/p>\n<p>Die visuelle Attraktivit\u00e4t entspricht den Leistungsmerkmalen mit einem beeindruckenden 270\u00b0 LED-Display, das auf Z\u00fcge reagiert und sich um das Ger\u00e4t erstreckt. Es liefert Echtzeitinformationen zu Leistung und E-Liquid-F\u00fcllstand und pulsiert im Rhythmus Ihrer Z\u00fcge. Getreu dem Erbe der VISTA-Serie bietet das charakteristische Rolling-Gear-Design eine seidig-glatte, stressabbauende Interaktion, die sowohl haptische Zufriedenheit als auch visuelle Freude beim Navigieren durch die Benutzeroberfl\u00e4che bietet.<\/p>\n<h3>Technische Spezifikationen:<\/h3>\n<ul>\n<li>40.000+ Z\u00fcge<\/li>\n<li>4-stufige Leistungsanpassung<\/li>\n<li>270\u00b0 LED-Display mit Beat-Response<\/li>\n<li>Wiederaufladbares Pod-Kit<\/li>\n<li>2-stufiger verstellbarer Airflow<\/li>\n<li>5% Nikotinsalz<\/li>\n<li>Wiederaufladbarer 1000mAh Akku<\/li>\n<li>Wiederaufladbares Ger\u00e4t + nachf\u00fcllbare Pod-Container<\/li>\n<li>S.i.L.C. Tech Dual Mesh Coil<\/li>\n<li>Zugaktiviert<\/li>\n<li>MTL-Dampfen<\/li>\n<li>Anf\u00e4ngerfreundlich<\/li>\n<\/ul>\n<h3>Geschmacksrichtungen:<\/h3>\n<ol>\n<li>Blue Razz Ice<\/li>\n<li>Blueberry Ice<\/li>\n<li>Cherry Cola<\/li>\n<li>Double Apple<\/li>\n<li>Frozen Strawberry Kiwi<\/li>\n<li>Grape Ice<\/li>\n<li>Juicy Peach<\/li>\n<li>Love 777<\/li>\n<li>Lychee Orange Passion Fruit<\/li>\n<li>Mango Ice<\/li>\n<li>Mango Passion Fruit<\/li>\n<li>Mango Peach<\/li>\n<li>Melon Gum<\/li>\n<li>Miami Mint<\/li>\n<li>Passion Fruit Raspberry Tangerine<\/li>\n<li>Peach Berry<\/li>\n<li>Strawberry Banana<\/li>\n<li>Strawberry Watermelon<\/li>\n<li>Watermelon Bubble Gum<\/li>\n<li>Watermelon Ice<\/li>\n<li>Cool Mint<\/li>\n<li>Strawberry Ice<\/li>\n<li>Strawberry Mango<\/li>\n<\/ol>\n<h3>H\u00e4ufig gestellte Fragen (FAQ)<\/h3>\n<p><strong>1. Wie viele Z\u00fcge bietet die Vozol Vista 40K?<\/strong><\/p>\n<p>Die Vozol Vista 40000 liefert bis zu 40.000 Z\u00fcge pro Ger\u00e4t und bietet damit ein besonders langlebiges Dampferlebnis. Sie geh\u00f6rt zu den Vozol E-Zigaretten mit der h\u00f6chsten Zuganzahl.<\/p>\n<p><strong>2. Ist die Vozol Vista 40000 wiederaufladbar?<\/strong><\/p>\n<p>Ja, die Vozol Vista 40000 verf\u00fcgt \u00fcber einen wiederaufladbaren 1000mAh Akku, der sicherstellt, dass Sie vom ersten bis zum letzten Zug genie\u00dfen k\u00f6nnen. Die gro\u00dfe Kapazit\u00e4t reduziert zudem die Ladeh\u00e4ufigkeit und spart Ihnen Wartezeit.<\/p>\n<p><strong>3. Enth\u00e4lt die Vozol Vista 40000 Nikotin?<\/strong><\/p>\n<p>Ja, die Vozol Vista 40000 enth\u00e4lt Nikotin (50 mg\/ml) und ist daher ausschlie\u00dflich f\u00fcr erwachsene Nutzer (18+) bestimmt.<\/p>\n<p><strong>4. Ist die Vozol Vista 40000 f\u00fcr Anf\u00e4nger geeignet?<\/strong><\/p>\n<p>Absolut. Sie ist zugaktiviert und erfordert keine Einrichtung oder Wartung.<\/p>\n<h3 data-content=\"[{&quot;type&quot;:&quot;block&quot;,&quot;id&quot;:&quot;m52b-1758854808839&quot;,&quot;name&quot;:&quot;paragraph&quot;,&quot;data&quot;:{&quot;version&quot;:1},&quot;nodes&quot;:[{&quot;type&quot;:&quot;text&quot;,&quot;id&quot;:&quot;3pe7-1758854808838&quot;,&quot;leaves&quot;:[{&quot;text&quot;:&quot;Mehr\u00a0VOZOL\u00a0VAPE\u00a0\u00a0bei\u00a0Apexvape\u00a0entdecken&quot;,&quot;marks&quot;:[]}]}],&quot;state&quot;:{}}]\">Mehr VOZOL VAPE bei Apexvape entdecken<\/h3>\n<p>Entdecken Sie die Vozol Vista 40000 und weitere Premium-E-Zigaretten in unserem <strong><a href=\"https:\/\/apexvape.de\/\">Online-Shop f\u00fcr E-Zigaretten<\/a><\/strong>. Bei Apex Vape finden Sie eine gro\u00dfe Auswahl an hochwertigen Vape-Produkten f\u00fcr jeden Geschmack. Interessieren Sie sich f\u00fcr weitere Produkte dieser Marke? Besuchen Sie unsere <strong><a href=\"https:\/\/apexvape.de\/product-category\/vozol-vape\/\">VOZOL VAPE Kategorie<\/a><\/strong> und erkunden Sie das komplette Sortiment an innovativen VOZOL E-Zigaretten mit verschiedenen Modellen, Geschmacksrichtungen und Funktionen.<\/p>\n","protected":false},"excerpt":{"rendered":"<p class=\"font-claude-response-body whitespace-normal break-words\">Le Vozol Vista 40000 allie innovation et performance : plus de 40 000 bouff\u00e9es, 20 ml d'e-liquide, batterie 1000 mAh avec recharge rapide USB-C. R\u00e9glage de la puissance \u00e0 4 niveaux, 2 modes d'airflow et double r\u00e9sistance S.i.L.C Dual Mesh Coil pour un go\u00fbt intense. L'\u00e9cran LED \u00e0 270\u00b0 r\u00e9agit \u00e0 chaque bouff\u00e9e. Parfait pour le vapotage MTL.<\/p>","protected":false},"featured_media":1735,"comment_status":"open","ping_status":"closed","template":"","meta":[],"product_brand":[],"product_cat":[73],"product_tag":[],"class_list":{"0":"post-1710","1":"product","2":"type-product","3":"status-publish","4":"has-post-thumbnail","6":"product_cat-vozol-vape","8":"first","9":"instock","10":"shipping-taxable","11":"purchasable","12":"product-type-variable"},"_links":{"self":[{"href":"https:\/\/apexvape.de\/fr\/wp-json\/wp\/v2\/product\/1710","targetHints":{"allow":["GET"]}}],"collection":[{"href":"https:\/\/apexvape.de\/fr\/wp-json\/wp\/v2\/product"}],"about":[{"href":"https:\/\/apexvape.de\/fr\/wp-json\/wp\/v2\/types\/product"}],"replies":[{"embeddable":true,"href":"https:\/\/apexvape.de\/fr\/wp-json\/wp\/v2\/comments?post=1710"}],"version-history":[{"count":0,"href":"https:\/\/apexvape.de\/fr\/wp-json\/wp\/v2\/product\/1710\/revisions"}],"wp:featuredmedia":[{"embeddable":true,"href":"https:\/\/apexvape.de\/fr\/wp-json\/wp\/v2\/media\/1735"}],"wp:attachment":[{"href":"https:\/\/apexvape.de\/fr\/wp-json\/wp\/v2\/media?parent=1710"}],"wp:term":[{"taxonomy":"product_brand","embeddable":true,"href":"https:\/\/apexvape.de\/fr\/wp-json\/wp\/v2\/product_brand?post=1710"},{"taxonomy":"product_cat","embeddable":true,"href":"https:\/\/apexvape.de\/fr\/wp-json\/wp\/v2\/product_cat?post=1710"},{"taxonomy":"product_tag","embeddable":true,"href":"https:\/\/apexvape.de\/fr\/wp-json\/wp\/v2\/product_tag?post=1710"}],"curies":[{"name":"wp","href":"https:\/\/api.w.org\/{rel}","templated":true}]}}