{"id":1674,"date":"2025-11-22T03:51:36","date_gmt":"2025-11-22T02:51:36","guid":{"rendered":"https:\/\/apexvape.de\/?post_type=product&#038;p=1674"},"modified":"2025-11-22T03:53:41","modified_gmt":"2025-11-22T02:53:41","slug":"vozol-star-40000","status":"publish","type":"product","link":"https:\/\/apexvape.de\/fr\/product\/vozol-star-40000\/","title":{"rendered":"Vozol Star 40000 bouff\u00e9es Vape jetable"},"content":{"rendered":"<h2>Vozol Star 40000 bouff\u00e9es | E-cigarette \u00e0 double mode avec 40 000 bouff\u00e9es et \u00e9cran tactile<\/h2>\n<p>La Vozol Star 40000 est une cigarette \u00e9lectronique rechargeable \u00e0 usage unique qui offre une vape ininterrompue et un excellent rendu des saveurs. Aliment\u00e9e par une batterie longue dur\u00e9e de 1000 mAh avec recharge rapide de type C, l'appareil offre jusqu'\u00e0 40 000 bouff\u00e9es en mode normal. Le mode Boost double l'intensit\u00e9 pour ceux qui souhaitent une plus grande puissance de vape. La Vozol Star 40K dispose d'un \u00e9cran lat\u00e9ral incurv\u00e9 qui affiche le niveau de e-liquide et de batterie pour un aper\u00e7u pratique.<\/p>\n<h3>Vozol Star 40000 bouff\u00e9es Points forts<\/h3>\n<p>La cigarette \u00e9lectronique jetable Vozol Star 40000 bouff\u00e9es impressionne par sa capacit\u00e9 exceptionnelle pouvant atteindre 40 000 bouff\u00e9es. Cet appareil \u00e9vite d'avoir \u00e0 racheter fr\u00e9quemment et offre \u00e0 chaque fois des bouff\u00e9es douces et satisfaisantes. Avec des fonctions avanc\u00e9es telles que les modes Boost et Norm, un syst\u00e8me de d\u00e9bit d'air r\u00e9glable et un \u00e9cran moderne, la Vozol Star 40000 se distingue comme un produit puissant dans le monde des cigarettes \u00e9lectroniques jetables.<\/p>\n<p>\u00c9quip\u00e9 d'une batterie de 1000 mAh et d'une fonction de recharge rapide USB Type-C, il minimise les temps d'arr\u00eat. La capacit\u00e9 de 18 ml d'e-liquide garantit un plaisir durable, tandis que la technologie Mesh Coil assure une production constante de saveurs et un d\u00e9bit de vapeur accru. Qu'il s'agisse de m\u00e9langes fruit\u00e9s ou d'ar\u00f4mes glac\u00e9s, le Vozol Star 40000 offre une exp\u00e9rience de vapotage haut de gamme pour tous les go\u00fbts.<\/p>\n<p>Son design compact et ergonomique le rend id\u00e9al pour une utilisation \u00e0 la maison et en d\u00e9placement. Si vous recherchez une cigarette \u00e9lectronique jetable \u00e0 haute capacit\u00e9, la VOZOL STAR 40000 offre l'\u00e9quilibre parfait entre go\u00fbt, performance et style.<\/p>\n<h3>Donn\u00e9es techniques<\/h3>\n<ul>\n<li><strong>Nombre de coups :<\/strong> 40 000 (normal), 25 000 (boost)<\/li>\n<li><strong>Teneur en nicotine :<\/strong> 5% (50 mg)<\/li>\n<li><strong>Batterie :<\/strong> Prise en charge du type C, charge rapide<\/li>\n<li><strong>Bobine :<\/strong> Double bobine maill\u00e9e<\/li>\n<li><strong>\u00c9cran :<\/strong> Instrument d'affichage \u00e0 LED<\/li>\n<li><strong>Capacit\u00e9 de la batterie :<\/strong> 1000 mAh (rechargeable)<\/li>\n<\/ul>\n<h3>saveurs<\/h3>\n<ol>\n<li>Glace bleue \u00e0 la framboise<\/li>\n<li>Glace \u00e0 la myrtille<\/li>\n<li>Myrtille et menthe<\/li>\n<li>Myrtille Past\u00e8que<\/li>\n<li>Baies de ch\u00e9rimole et de pamplemousse<\/li>\n<li>Cola \u00e0 la cerise<\/li>\n<li>Menthe fra\u00eeche<\/li>\n<li>Raisin glac\u00e9<\/li>\n<li>Glace \u00e0 la mangue<\/li>\n<li>Mangue-P\u00eache<\/li>\n<li>Gomme au melon<\/li>\n<li>Melon glac\u00e9<\/li>\n<li>Glace \u00e0 la p\u00eache<\/li>\n<li>Pomme verte glac\u00e9e<\/li>\n<li>Glace \u00e0 la fraise<\/li>\n<li>Fraise Kiwi<\/li>\n<li>Fraise Past\u00e8que<\/li>\n<li>P\u00eache melon<\/li>\n<li>Tabac<\/li>\n<li>Vzbull<\/li>\n<li>Bubble-gum \u00e0 la past\u00e8que<\/li>\n<li>Past\u00e8que Raisin M\u00fbre de Boysen<\/li>\n<li>Glace \u00e0 la past\u00e8que<\/li>\n<li>Past\u00e8que-p\u00eache acidul\u00e9e<\/li>\n<li>P\u00eache blanche et framboise<\/li>\n<\/ol>\n<h3>Foire aux questions (FAQ)<\/h3>\n<p><strong>Q1 : Combien de mouvements offre le VOZOL Star 40000 ?<\/strong><br \/>\nR : Le VOZOL Star offre jusqu'\u00e0 40 000 bouff\u00e9es.<\/p>\n<p><strong>Q2 : Le VOZOL Star 40k est-il rechargeable ?<\/strong><br \/>\nR : Oui ! Il dispose d'une batterie rechargeable et d'une fonction de charge rapide de type C, afin que vous puissiez profiter pleinement de chaque goutte d'e-liquide.<\/p>\n<p><strong>Q3 : Quelle est la teneur en nicotine du VOZOL Star 40000 bouff\u00e9es ?<\/strong><br \/>\nR : La plupart des appareils VOZOL Star 40000 sont disponibles avec une concentration en nicotine de 5% (50 mg) et procurent une sensation douce et satisfaisante en gorge.<\/p>\n<p><strong>Q4 : Quelle est la dur\u00e9e de vie du VOZOL Star 40k ?<\/strong><br \/>\nR : Selon l'utilisation, le VOZOL Star 40000 bouff\u00e9es peut durer plusieurs semaines.<\/p>\n<h3 class=\"font-claude-response-heading text-text-100 mt-1 -mb-0.5\">Commandez d\u00e8s maintenant chez Apex Vape<\/h3>\n<p class=\"font-claude-response-body whitespace-normal break-words\">D\u00e9couvrez la Vozol Star 40k et de nombreuses autres cigarettes \u00e9lectroniques haut de gamme dans notre boutique en ligne. Chez <strong><a class=\"underline\" href=\"https:\/\/apexvape.de\/fr\/\">Apex Vape<\/a><\/strong> vous trouverez un large choix de produits de vapotage de haute qualit\u00e9 \u00e0 des prix raisonnables. Parcourez notre vaste <strong><a class=\"underline\" href=\"https:\/\/apexvape.de\/fr\/product-category\/vozol-vape\/\">Cat\u00e9gorie VOZOL VAPE<\/a><\/strong> et d\u00e9couvrez les derniers mod\u00e8les et saveurs. Profitez d'une livraison rapide, d'un service client de premier ordre et de produits de marque authentiques. Commandez d\u00e8s maintenant votre Vozol Star 40k et d\u00e9couvrez le plaisir de vapoter avec un produit haut de gamme !<\/p>","protected":false},"excerpt":{"rendered":"<p class=\"font-claude-response-body whitespace-normal break-words\">La Vozol Star 40000 offre jusqu'\u00e0 40 000 bouff\u00e9es dans une cigarette \u00e9lectronique jetable rechargeable. Avec une batterie de 1 000 mAh, une technologie \u00e0 double r\u00e9sistance mesh et un \u00e9cran ondul\u00e9 pour afficher le niveau de e-liquide et de batterie. Double mode (normal\/boost), capacit\u00e9 de 18 ml de e-liquide et recharge rapide USB Type-C pour un plaisir de vapotage maximal.<\/p>","protected":false},"featured_media":1675,"comment_status":"open","ping_status":"closed","template":"","meta":[],"product_brand":[],"product_cat":[73],"product_tag":[],"class_list":{"0":"post-1674","1":"product","2":"type-product","3":"status-publish","4":"has-post-thumbnail","6":"product_cat-vozol-vape","8":"first","9":"instock","10":"shipping-taxable","11":"purchasable","12":"product-type-variable"},"_links":{"self":[{"href":"https:\/\/apexvape.de\/fr\/wp-json\/wp\/v2\/product\/1674","targetHints":{"allow":["GET"]}}],"collection":[{"href":"https:\/\/apexvape.de\/fr\/wp-json\/wp\/v2\/product"}],"about":[{"href":"https:\/\/apexvape.de\/fr\/wp-json\/wp\/v2\/types\/product"}],"replies":[{"embeddable":true,"href":"https:\/\/apexvape.de\/fr\/wp-json\/wp\/v2\/comments?post=1674"}],"version-history":[{"count":0,"href":"https:\/\/apexvape.de\/fr\/wp-json\/wp\/v2\/product\/1674\/revisions"}],"wp:featuredmedia":[{"embeddable":true,"href":"https:\/\/apexvape.de\/fr\/wp-json\/wp\/v2\/media\/1675"}],"wp:attachment":[{"href":"https:\/\/apexvape.de\/fr\/wp-json\/wp\/v2\/media?parent=1674"}],"wp:term":[{"taxonomy":"product_brand","embeddable":true,"href":"https:\/\/apexvape.de\/fr\/wp-json\/wp\/v2\/product_brand?post=1674"},{"taxonomy":"product_cat","embeddable":true,"href":"https:\/\/apexvape.de\/fr\/wp-json\/wp\/v2\/product_cat?post=1674"},{"taxonomy":"product_tag","embeddable":true,"href":"https:\/\/apexvape.de\/fr\/wp-json\/wp\/v2\/product_tag?post=1674"}],"curies":[{"name":"wp","href":"https:\/\/api.w.org\/{rel}","templated":true}]}}