{"id":1637,"date":"2025-11-21T16:36:43","date_gmt":"2025-11-21T15:36:43","guid":{"rendered":"https:\/\/apexvape.de\/?post_type=product&#038;p=1637"},"modified":"2025-11-21T16:36:43","modified_gmt":"2025-11-21T15:36:43","slug":"vozol-rave-40000","status":"publish","type":"product","link":"https:\/\/apexvape.de\/fr\/product\/vozol-rave-40000\/","title":{"rendered":"Vozol Rave 40000 Vape jetable"},"content":{"rendered":"<h2>Vozol Rave 40000 bouff\u00e9es | Vape jetable double mode grand format<\/h2>\n<p>La cigarette \u00e9lectronique jetable Vozol Rave 40000 offre une capacit\u00e9 impressionnante pouvant atteindre 40 000 bouff\u00e9es. La batterie rechargeable de 1000 mAh et le r\u00e9servoir de liquide de 20 ml garantissent une longue dur\u00e9e de vie et un fonctionnement fiable. Avec son \u00e9cran Beat \u00e0 270\u00b0 et son \u00e9cran incurv\u00e9 en 3D, l'appareil offre une exp\u00e9rience visuellement attrayante et interactive. Les utilisateurs peuvent choisir entre deux modes de puissance pour personnaliser leur exp\u00e9rience de vapotage.<\/p>\n<h3>Vozol Rave 40000 bouff\u00e9es \u2013 Points forts<\/h3>\n<p>La Vozol Rave 40000 s\u00e9duit par sa capacit\u00e9 exceptionnelle : un r\u00e9servoir de liquide g\u00e9n\u00e9reux de 20 ml et une batterie de 1000 mAh avec fonction de chargement USB-C font de cet appareil un v\u00e9ritable concentr\u00e9 de puissance. En mode normal, il offre environ 40 000 bouff\u00e9es, en mode Surge environ 25 000 bouff\u00e9es, ce qui en fait l'une des cigarettes \u00e9lectroniques jetables les plus durables du march\u00e9. Avec une teneur en nicotine de 5 % (50 mg), il offre aux vapoteurs exp\u00e9riment\u00e9s un hit en gorge intense.<\/p>\n<p>La technologie avanc\u00e9e S.i.L.C utilise deux puces MCU et des r\u00e9sistances Mesh de haute qualit\u00e9 pour produire une vapeur constante et savoureuse \u00e0 chaque bouff\u00e9e. Le syst\u00e8me innovant \u00e0 double mode permet de passer du mode normal, pour des bouff\u00e9es douces et \u00e9quilibr\u00e9es, au mode Surge, pour une puissance et une production de vapeur accrues, ce qui est parfait pour r\u00e9pondre \u00e0 diff\u00e9rentes pr\u00e9f\u00e9rences et situations.<\/p>\n<p>Le Vozol Rave dispose d'un \u00e9cran innovant \u00e0 d\u00e9tection de rythme \u00e0 270\u00b0 qui fournit un retour d'information dynamique en temps r\u00e9el pendant l'utilisation et cr\u00e9e une exp\u00e9rience de vapotage interactive. L'\u00e9cran num\u00e9rique int\u00e9gr\u00e9 affiche clairement le niveau de la batterie et le niveau de liquide, pour que vous ne soyez jamais pris au d\u00e9pourvu. Cette combinaison de technologies visuelles transforme la surveillance fonctionnelle en une fonctionnalit\u00e9 fascinante.<\/p>\n<p>La personnalisation est au c\u0153ur de cet appareil : le d\u00e9bit d'air r\u00e9glable vous permet d'ajuster la r\u00e9sistance \u00e0 l'aspiration exactement selon vos pr\u00e9f\u00e9rences, que vous pr\u00e9f\u00e9riez des bouff\u00e9es fermes et restrictives ou des bouff\u00e9es a\u00e9r\u00e9es et ouvertes. Le syst\u00e8me de recharge USB-C permet une recharge rapide en cas de besoin, tandis que son design grand format en fait le choix id\u00e9al pour les revendeurs qui souhaitent proposer des appareils \u00e0 haute capacit\u00e9, ainsi que pour les utilisateurs intensifs qui recherchent de longues sessions de vapotage sans avoir \u00e0 remplacer constamment leur appareil.<\/p>\n<h3>Donn\u00e9es techniques<\/h3>\n<ul>\n<li><strong>Teneur en nicotine :<\/strong> 5 %<\/li>\n<li><strong>Capacit\u00e9 de liquide :<\/strong> 20 ml<\/li>\n<li><strong>Style de traction :<\/strong> MTL (bouche-poumon)<\/li>\n<li><strong>Batterie :<\/strong> 1000 mAh rechargeable<\/li>\n<li><strong>Mode :<\/strong> mode double<\/li>\n<li><strong>Type de bobine :<\/strong> Double bobine maill\u00e9e<\/li>\n<li><strong>Particularit\u00e9 :<\/strong> Conception Vibrant Glow \u00e0 270\u00b0<\/li>\n<li><strong>D\u00e9bit d'air :<\/strong> D\u00e9bit d'air r\u00e9glable<\/li>\n<li><strong>\u00c9cran :<\/strong> Indicateur intelligent de batterie et de liquide<\/li>\n<\/ul>\n<h3>saveurs<\/h3>\n<ol>\n<li>Glace bleue \u00e0 la framboise<\/li>\n<li>Glace \u00e0 la myrtille<\/li>\n<li>Myrtille Past\u00e8que<\/li>\n<li>Cola \u00e0 la cerise<\/li>\n<li>Cerise Fraise<\/li>\n<li>Menthe fra\u00eeche<\/li>\n<li>Double pomme<\/li>\n<li>Banane et fruit du dragon<\/li>\n<li>Raisin glac\u00e9<\/li>\n<li>Kiwi Fruit des passions<\/li>\n<li>Amour 777<\/li>\n<li>Glace \u00e0 la mangue<\/li>\n<li>Mangue-P\u00eache<\/li>\n<li>Glace \u00e0 la p\u00eache<\/li>\n<li>Limonade p\u00eache framboise<\/li>\n<li>Glace \u00e0 la fraise<\/li>\n<li>Fraise Kiwi<\/li>\n<li>Fraise Mangue<\/li>\n<li>Fraise Past\u00e8que<\/li>\n<li>P\u00eache melon<\/li>\n<li>Pastille \u00e0 la past\u00e8que et au chewing-gum<\/li>\n<li>Glace \u00e0 la past\u00e8que<\/li>\n<li>Past\u00e8que Razz Rancher<\/li>\n<\/ol>\n<h3>Foire aux questions (FAQ)<\/h3>\n<p><strong>Q1 : Combien de bouff\u00e9es offre la Vozol Rave 40000 ?<\/strong><\/p>\n<p>A1 : Selon le mode utilis\u00e9, jusqu'\u00e0 40 000 bouff\u00e9es en mode normal ou 25 000 bouff\u00e9es en mode Surge sont possibles. \u00c0 raison de 500 \u00e0 1 000 bouff\u00e9es par jour, l'appareil dure souvent plusieurs semaines, selon les avis des utilisateurs sur les forums et les tests.<\/p>\n<p><strong>Q2 : Le Vozol Rave 40000 est-il rechargeable ?<\/strong><\/p>\n<p>A2 : Oui, il dispose d'une batterie de 1 000 mAh et prend en charge la recharge rapide pratique via USB-C.<\/p>\n<p><strong>Q3 : Qu'est-ce qui diff\u00e9rencie la Vozol Rave 40000 des autres cigarettes \u00e9lectroniques ?<\/strong><\/p>\n<p>A3 : Il offre un mode double alimentation, un \u00e9cran intelligent et un mode f\u00eate synchronis\u00e9 avec le rythme \u2013 performances et divertissement r\u00e9unis dans un seul appareil.<\/p>\n<p><strong>Q4 : Quels sont les parfums disponibles ?<\/strong><\/p>\n<p>A4 : Vous avez le choix entre plus de 20 saveurs uniques, dont Blue Razz Ice, Peach Ice et Watermelon Bubblegum.<\/p>\n<h3>D\u00e9couvrez-en davantage chez Apex Vape<\/h3>\n<p>Le Vozol Rave 40000 n'est qu'un des nombreux produits haut de gamme de notre assortiment. <strong><a href=\"https:\/\/apexvape.de\/fr\/\">Apex Vape<\/a><\/strong> vous trouverez une large s\u00e9lection de cigarettes \u00e9lectroniques haut de gamme et d'accessoires de vapotage pour tous les go\u00fbts et tous les besoins. Si vous \u00eates enthousiasm\u00e9 par la Vozol Rave, ne manquez pas notre gamme compl\u00e8te <strong><a href=\"https:\/\/apexvape.de\/fr\/product-category\/vozol-vape\/\">Collection VOZOL VAPE<\/a><\/strong> D\u00e9couvrez o\u00f9 vous pouvez trouver d'autres appareils innovants et des saveurs passionnantes de cette marque populaire. Profitez d'une livraison rapide, de conseils comp\u00e9tents et d'offres attrayantes : votre exp\u00e9rience de vapotage parfaite vous attend !<\/p>","protected":false},"excerpt":{"rendered":"<p class=\"font-claude-response-body whitespace-normal break-words\">Vozol Rave 40000 offre jusqu'\u00e0 40 000 bouff\u00e9es en mode normal. Avec 20 ml de liquide, une batterie de 1000 mAh, une double r\u00e9sistance mesh, un \u00e9cran Beat \u00e0 270\u00b0 et deux modes de puissance, vous profiterez d'un plaisir haut de gamme durable. D\u00e9bit d'air r\u00e9glable et recharge rapide USB-C pour une flexibilit\u00e9 maximale.<\/p>","protected":false},"featured_media":1662,"comment_status":"open","ping_status":"closed","template":"","meta":[],"product_brand":[],"product_cat":[73],"product_tag":[],"class_list":{"0":"post-1637","1":"product","2":"type-product","3":"status-publish","4":"has-post-thumbnail","6":"product_cat-vozol-vape","8":"first","9":"instock","10":"shipping-taxable","11":"purchasable","12":"product-type-variable"},"_links":{"self":[{"href":"https:\/\/apexvape.de\/fr\/wp-json\/wp\/v2\/product\/1637","targetHints":{"allow":["GET"]}}],"collection":[{"href":"https:\/\/apexvape.de\/fr\/wp-json\/wp\/v2\/product"}],"about":[{"href":"https:\/\/apexvape.de\/fr\/wp-json\/wp\/v2\/types\/product"}],"replies":[{"embeddable":true,"href":"https:\/\/apexvape.de\/fr\/wp-json\/wp\/v2\/comments?post=1637"}],"version-history":[{"count":0,"href":"https:\/\/apexvape.de\/fr\/wp-json\/wp\/v2\/product\/1637\/revisions"}],"wp:featuredmedia":[{"embeddable":true,"href":"https:\/\/apexvape.de\/fr\/wp-json\/wp\/v2\/media\/1662"}],"wp:attachment":[{"href":"https:\/\/apexvape.de\/fr\/wp-json\/wp\/v2\/media?parent=1637"}],"wp:term":[{"taxonomy":"product_brand","embeddable":true,"href":"https:\/\/apexvape.de\/fr\/wp-json\/wp\/v2\/product_brand?post=1637"},{"taxonomy":"product_cat","embeddable":true,"href":"https:\/\/apexvape.de\/fr\/wp-json\/wp\/v2\/product_cat?post=1637"},{"taxonomy":"product_tag","embeddable":true,"href":"https:\/\/apexvape.de\/fr\/wp-json\/wp\/v2\/product_tag?post=1637"}],"curies":[{"name":"wp","href":"https:\/\/api.w.org\/{rel}","templated":true}]}}