{"id":1579,"date":"2025-11-19T15:05:39","date_gmt":"2025-11-19T14:05:39","guid":{"rendered":"https:\/\/apexvape.de\/?post_type=product&#038;p=1579"},"modified":"2025-11-21T16:39:58","modified_gmt":"2025-11-21T15:39:58","slug":"vozol-gear-shisha-25000","status":"publish","type":"product","link":"https:\/\/apexvape.de\/fr\/product\/vozol-gear-shisha-25000\/","title":{"rendered":"Vozol Gear Shisha 25000 Vape jetable"},"content":{"rendered":"<h2>Vozol Gear Shisha 25000 | Cigarette \u00e9lectronique double mode 25k avec 25 000 bouff\u00e9es, \u00e9cran intelligent et vente en gros<\/h2>\n<p>Les <strong>Vozol Gear Shisha 25000<\/strong> a \u00e9t\u00e9 con\u00e7u pour vous offrir une exp\u00e9rience de narguil\u00e9 authentique avec des effets de bulles simul\u00e9s. Avec jusqu'\u00e0 <strong>25 000 trajets en mode Eco<\/strong> permet des sessions de vapotage prolong\u00e9es sans interruption. Le mode Power, quant \u00e0 lui, offre une exp\u00e9rience de vapotage plus intense gr\u00e2ce aux doubles r\u00e9sistances mesh. La conception Airway, bas\u00e9e sur la dynamique des fluides, r\u00e9pond aux exigences de la plupart des vapoteurs DTL et garantit une bouff\u00e9e imm\u00e9diate et douce. Avec une batterie de 1000 mAh, un r\u00e9servoir de liquide g\u00e9n\u00e9reux de 24 ml et un \u00e9cran m\u00e9ga de 2,1 pouces, la Vozol Gear Shisha 25000 offre l'\u00e9quilibre parfait entre durabilit\u00e9, fonctionnalit\u00e9 et confort.<\/p>\n<h3>Vozol Gear Shisha 25000 bouff\u00e9es \u2013 Points forts :<\/h3>\n<p>L'appareil offre une autonomie impressionnante de 25 000 bouff\u00e9es pour une utilisation prolong\u00e9e sans recharge r\u00e9p\u00e9t\u00e9e et contient 5% de nicotine, offrant un go\u00fbt puissant et cors\u00e9 \u00e0 chaque bouff\u00e9e. Con\u00e7u pour le vapotage direct vers les poumons (DTL), il offre des profils de saveur plus riches et des nuages de vapeur plus importants, compl\u00e9t\u00e9s par une vaste s\u00e9lection d'excellentes saveurs d'e-liquide, allant des fruits et de la menthe aux variantes de desserts, pour satisfaire tous les go\u00fbts.<\/p>\n<p>La cigarette \u00e9lectronique s\u00e9duit par son design fin et l\u00e9ger, id\u00e9al pour les d\u00e9placements, tandis que la batterie int\u00e9gr\u00e9e garantit une performance durable tout au long de la dur\u00e9e de vie de l'appareil. Enti\u00e8rement jetable, elle est livr\u00e9e pr\u00e9remplie et pr\u00eate \u00e0 l'emploi, sans recharge ni remplissage fastidieux et sans aucun entretien.<\/p>\n<p>Avec son nombre \u00e9lev\u00e9 de bouff\u00e9es, son fort taux de nicotine et ses fonctions pratiques et conviviales, cet appareil offre une exp\u00e9rience de vapotage exceptionnelle, de la premi\u00e8re \u00e0 la derni\u00e8re des 25 000 bouff\u00e9es remarquables.<\/p>\n<h3>Caract\u00e9ristiques techniques :<\/h3>\n<ul>\n<li>Premi\u00e8re cigarette \u00e9lectronique jetable DTL interactive au monde avec effet narguil\u00e9<\/li>\n<li>Puce intelligente avec technologie S.i.L.C.<\/li>\n<li>Batterie rechargeable de 1000 mAh<\/li>\n<li>Syst\u00e8me \u00e0 double bobine maill\u00e9e<\/li>\n<li>Deux modes : Eco (25 000 bouff\u00e9es) \/ Power (18 000 bouff\u00e9es)<\/li>\n<li>Capacit\u00e9 du e-liquide : 24 ml<\/li>\n<li>\u00c9cran couleur 2,1 pouces<\/li>\n<li>D\u00e9bit d'air r\u00e9glable<\/li>\n<li>Syst\u00e8me de circulation d'air \u00e0 dynamique des fluides : vitesse de r\u00e9action de 0,1 s<\/li>\n<\/ul>\n<h3>Saveurs :<\/h3>\n<ol>\n<li>Deux pommes<\/li>\n<li>Glace \u00e0 la past\u00e8que<\/li>\n<li>Mangue glac\u00e9e<\/li>\n<li>Glace au cassis<\/li>\n<li>Mangue-P\u00eache<\/li>\n<li>Myrtille et menthe<\/li>\n<li>Glace \u00e0 la myrtille<\/li>\n<li>Parfum Citron<\/li>\n<li>Menthe citronn\u00e9e<\/li>\n<li>Glace bleue \u00e0 la framboise<\/li>\n<li>Raisin glac\u00e9<\/li>\n<li>Fraise Kiwi<\/li>\n<li>Myrtille Past\u00e8que<\/li>\n<li>Cola \u00e0 la cerise<\/li>\n<li>Mojito bleu<\/li>\n<li>Baies et menthe<\/li>\n<li>Menthe raisin<\/li>\n<li>Amour 777<\/li>\n<li>Les soir\u00e9es moscovites<\/li>\n<li>Tueur de jeunes filles<\/li>\n<li>Glace \u00e0 la cerise<\/li>\n<li>Glace aux baies<\/li>\n<li>Glace \u00e0 la p\u00eache<\/li>\n<li>Margarita \u00e0 la fraise<\/li>\n<li>Past\u00e8que Menthe<\/li>\n<li>Glace \u00e0 la m\u00fbre<\/li>\n<li>Fruit de la passion sucr\u00e9<\/li>\n<li>Fraise glac\u00e9e au kiwi<\/li>\n<li>Fruit de la passion, litchi, orange<\/li>\n<li>Fruit du dragon Banane Cerise<\/li>\n<\/ol>\n<h3>Foire aux questions (FAQ)<\/h3>\n<p><strong>1. Qu'est-ce que la Vozol Gear Shisha 25000 bouff\u00e9es ?<\/strong> La Vozol Gear Shisha 25000 est une cigarette \u00e9lectronique jetable intelligente et rechargeable, dot\u00e9e de deux r\u00e9sistances mesh, d'un mode double puissance et d'une grande capacit\u00e9 de 24 ml d'e-liquide pour des performances durables.<\/p>\n<p><strong>2. Comment fonctionne le mode Dual Power ?<\/strong> Le mode Dual Power permet de basculer entre le mode ECO (jusqu'\u00e0 25 000 bouff\u00e9es) et le mode Power (jusqu'\u00e0 18 000 bouff\u00e9es), ce qui vous permet de contr\u00f4ler l'intensit\u00e9 de la vapeur et le nombre de bouff\u00e9es.<\/p>\n<p><strong>3. La Vozol Gear Shisha 25k est-elle rechargeable ?<\/strong> Oui, il dispose d'une batterie de 1000 mAh et d'un port de chargement de type C pour un chargement rapide et pratique.<\/p>\n<h3 class=\"font-claude-response-heading text-text-100 mt-1 -mb-0.5\">Acheter maintenant chez Apex Vape<\/h3>\n<p class=\"font-claude-response-body whitespace-normal break-words\">D\u00e9couvrez la Vozol Gear Shisha 25000 et profitez d'une innovation et d'une qualit\u00e9 haut de gamme. Chez <strong><a class=\"underline\" href=\"https:\/\/apexvape.de\/fr\/\">Apex Vape<\/a><\/strong> vous trouverez non seulement cet appareil haut de gamme, mais aussi un large choix de cigarettes \u00e9lectroniques et de produits de vapotage de grande qualit\u00e9 pour tous les besoins. Visitez notre <strong><a class=\"underline\" href=\"https:\/\/apexvape.de\/fr\/product-category\/vozol-vape\/\">Cat\u00e9gorie VOZOL VAPE<\/a><\/strong>, pour d\u00e9couvrir la gamme compl\u00e8te de produits et trouver l'exp\u00e9rience de vapotage qui vous convient le mieux. Profitez d'une livraison rapide, de prix de gros attractifs et d'un service client de premier ordre.<\/p>","protected":false},"excerpt":{"rendered":"<p>La Vozol Gear Shisha 25000 r\u00e9volutionne le vapotage avec une sensation authentique de narguil\u00e9 et un effet bulle. Jusqu'\u00e0 25 000 bouff\u00e9es en mode Eco, un syst\u00e8me \u00e0 double r\u00e9sistance mesh et un \u00e9cran de 2,1 pouces offrent un confort maximal. Le r\u00e9servoir de 24 ml et la batterie de 1000 mAh garantissent un plaisir durable pour les vapoteurs DTL. R\u00e9essayer<\/p>","protected":false},"featured_media":1580,"comment_status":"open","ping_status":"closed","template":"","meta":[],"product_brand":[],"product_cat":[73],"product_tag":[],"class_list":{"0":"post-1579","1":"product","2":"type-product","3":"status-publish","4":"has-post-thumbnail","6":"product_cat-vozol-vape","8":"first","9":"instock","10":"shipping-taxable","11":"purchasable","12":"product-type-variable"},"_links":{"self":[{"href":"https:\/\/apexvape.de\/fr\/wp-json\/wp\/v2\/product\/1579","targetHints":{"allow":["GET"]}}],"collection":[{"href":"https:\/\/apexvape.de\/fr\/wp-json\/wp\/v2\/product"}],"about":[{"href":"https:\/\/apexvape.de\/fr\/wp-json\/wp\/v2\/types\/product"}],"replies":[{"embeddable":true,"href":"https:\/\/apexvape.de\/fr\/wp-json\/wp\/v2\/comments?post=1579"}],"version-history":[{"count":0,"href":"https:\/\/apexvape.de\/fr\/wp-json\/wp\/v2\/product\/1579\/revisions"}],"wp:featuredmedia":[{"embeddable":true,"href":"https:\/\/apexvape.de\/fr\/wp-json\/wp\/v2\/media\/1580"}],"wp:attachment":[{"href":"https:\/\/apexvape.de\/fr\/wp-json\/wp\/v2\/media?parent=1579"}],"wp:term":[{"taxonomy":"product_brand","embeddable":true,"href":"https:\/\/apexvape.de\/fr\/wp-json\/wp\/v2\/product_brand?post=1579"},{"taxonomy":"product_cat","embeddable":true,"href":"https:\/\/apexvape.de\/fr\/wp-json\/wp\/v2\/product_cat?post=1579"},{"taxonomy":"product_tag","embeddable":true,"href":"https:\/\/apexvape.de\/fr\/wp-json\/wp\/v2\/product_tag?post=1579"}],"curies":[{"name":"wp","href":"https:\/\/api.w.org\/{rel}","templated":true}]}}