{"id":1570,"date":"2025-11-18T08:19:45","date_gmt":"2025-11-18T07:19:45","guid":{"rendered":"https:\/\/apexvape.de\/?page_id=1570"},"modified":"2025-11-18T08:19:48","modified_gmt":"2025-11-18T07:19:48","slug":"ueber-uns","status":"publish","type":"page","link":"https:\/\/apexvape.de\/fr\/ueber-uns\/","title":{"rendered":"\u00e0 propos de nous"},"content":{"rendered":"<h1 class=\"wp-block-heading\">\u00c0 propos de apexvape<\/h1>\n\n\n\n<h2 class=\"wp-block-heading\">Votre partenaire fiable pour les e-cigarettes jetables en gros en ligne<\/h2>\n\n\n\n<p>Bienvenue chez apexvape, votre point de vente en ligne de cigarettes \u00e9lectroniques jetables de qualit\u00e9. Avec plus de cinq ans d'exp\u00e9rience dans le secteur, nous nous sommes \u00e9tablis comme un fournisseur de confiance et vous proposons un vaste assortiment de marques renomm\u00e9es. Notre portefeuille de produits comprend entre autres Bang King, Al Fakher Vape, Vapeme, Waspe, RandM Tornado, Bang Box ainsi que de nombreuses autres marques haut de gamme.<\/p>\n\n\n\n<h2 class=\"wp-block-heading\">Notre mission et notre port\u00e9e<\/h2>\n\n\n\n<p>apexvape s'est positionn\u00e9 comme leader dans le domaine de la vaporisation \u00e9lectronique. Nos produits ont trouv\u00e9 leur chemin dans de nombreux pays \u00e0 travers le monde, ce qui t\u00e9moigne clairement de notre recherche intransigeante de la qualit\u00e9 et de notre focalisation sur la satisfaction du client. En tant que sp\u00e9cialistes exp\u00e9riment\u00e9s de la distribution de cigarettes \u00e9lectroniques, nous couvrons les besoins des d\u00e9taillants et des grossistes et garantissons \u00e0 nos clients un acc\u00e8s permanent aux meilleurs produits et services disponibles sur le march\u00e9.<\/p>\n\n\n\n<h2 class=\"wp-block-heading\">Notre offre en ligne<\/h2>\n\n\n\n<p>Notre plateforme apexvape.fr est un point de contact central pour les passionn\u00e9s de vapotage et les d\u00e9butants. Nous vous proposons une exp\u00e9rience d'achat simple avec un large choix d'e-cigarettes jetables. Que vous soyez \u00e0 la recherche des derni\u00e8res innovations en mati\u00e8re de produits ou des classiques qui ont fait leurs preuves, vous trouverez ce que vous cherchez chez apexvape. Nous nous consid\u00e9rons comme votre compagnon de confiance dans le monde du vapotage.<\/p>\n\n\n\n<h2 class=\"wp-block-heading\">Notre vision de l'avenir<\/h2>\n\n\n\n<p>Rejoignez l'histoire de notre succ\u00e8s alors que nous travaillons continuellement \u00e0 \u00e9tablir de nouvelles normes d'excellence dans le secteur de l'e-cigarette jetable. Chez apexvape, vous ferez l'exp\u00e9rience de la diff\u00e9rence - ici, la qualit\u00e9 la plus \u00e9lev\u00e9e, une offre de produits vari\u00e9e et un excellent service client\u00e8le se fondent en un ensemble harmonieux.<\/p>\n\n\n\n<h2 class=\"wp-block-heading\">Contact<\/h2>\n\n\n\n<p><strong>Courrier \u00e9lectronique :<\/strong> canliumit3535@gmail.com<\/p>\n\n\n\n<p>Visitez notre boutique en ligne et d\u00e9couvrez notre gamme compl\u00e8te d'e-cigarettes jetables de premi\u00e8re qualit\u00e9 !<\/p>","protected":false},"excerpt":{"rendered":"<p>\u00dcber apexvape Ihr zuverl\u00e4ssiger Partner f\u00fcr Einweg-E-Zigaretten im Online-Gro\u00dfhandel Herzlich willkommen bei apexvape\u2013 Ihrer erstklassigen Anlaufstelle im Internet f\u00fcr hochwertige<\/p>","protected":false},"author":1,"featured_media":0,"parent":0,"menu_order":0,"comment_status":"closed","ping_status":"closed","template":"","meta":{"footnotes":""},"class_list":["post-1570","page","type-page","status-publish","hentry"],"_links":{"self":[{"href":"https:\/\/apexvape.de\/fr\/wp-json\/wp\/v2\/pages\/1570","targetHints":{"allow":["GET"]}}],"collection":[{"href":"https:\/\/apexvape.de\/fr\/wp-json\/wp\/v2\/pages"}],"about":[{"href":"https:\/\/apexvape.de\/fr\/wp-json\/wp\/v2\/types\/page"}],"author":[{"embeddable":true,"href":"https:\/\/apexvape.de\/fr\/wp-json\/wp\/v2\/users\/1"}],"replies":[{"embeddable":true,"href":"https:\/\/apexvape.de\/fr\/wp-json\/wp\/v2\/comments?post=1570"}],"version-history":[{"count":0,"href":"https:\/\/apexvape.de\/fr\/wp-json\/wp\/v2\/pages\/1570\/revisions"}],"wp:attachment":[{"href":"https:\/\/apexvape.de\/fr\/wp-json\/wp\/v2\/media?parent=1570"}],"curies":[{"name":"wp","href":"https:\/\/api.w.org\/{rel}","templated":true}]}}