{"id":1567,"date":"2025-11-18T08:15:29","date_gmt":"2025-11-18T07:15:29","guid":{"rendered":"https:\/\/apexvape.de\/?page_id=1567"},"modified":"2025-11-18T08:15:32","modified_gmt":"2025-11-18T07:15:32","slug":"faqs","status":"publish","type":"page","link":"https:\/\/apexvape.de\/fr\/faqs\/","title":{"rendered":"FAQS"},"content":{"rendered":"<h1 class=\"wp-block-heading\">Foire aux questions - apexvape<\/h1>\n\n\n\n<h2 class=\"wp-block-heading\">Options de paiement<\/h2>\n\n\n\n<h3 class=\"wp-block-heading\">Quels sont les moyens de paiement propos\u00e9s par apexvape ?<\/h3>\n\n\n\n<p>Nous acceptons un grand nombre de m\u00e9thodes de paiement afin de vous offrir un maximum de flexibilit\u00e9. Il s'agit entre autres des paiements par carte de cr\u00e9dit, PayPal, pr\u00e9l\u00e8vement SEPA ainsi que d'autres options de paiement. Tous les modes de paiement disponibles sont affich\u00e9s dans la zone de paiement pendant le processus de commande.<\/p>\n\n\n\n<h2 class=\"wp-block-heading\">Exp\u00e9dition et livraison<\/h2>\n\n\n\n<h3 class=\"wp-block-heading\">Que signifie l'exp\u00e9dition DDP ?<\/h3>\n\n\n\n<p>apexvape met \u00e0 votre disposition un service DDP (Delivered Duty Paid) pour certains pays. Avec ce mode d'exp\u00e9dition, nous nous chargeons de toutes les formalit\u00e9s douani\u00e8res pour vous, vous n'avez donc pas \u00e0 vous soucier des formalit\u00e9s douani\u00e8res et vous n'avez pas \u00e0 payer de frais de douane suppl\u00e9mentaires.<\/p>\n\n\n\n<h3 class=\"wp-block-heading\">Pour quels pays l'envoi DDP est-il disponible ?<\/h3>\n\n\n\n<p>Notre service d'exp\u00e9dition DDP est disponible pour les r\u00e9gions suivantes :<\/p>\n\n\n\n<p><strong>Royaume-Uni<\/strong><\/p>\n\n\n\n<ul class=\"wp-block-list\">\n<li>Exp\u00e9dition via le service local DPD Express<\/li>\n<\/ul>\n\n\n\n<p><strong>Union europ\u00e9enne<\/strong><\/p>\n\n\n\n<ul class=\"wp-block-list\">\n<li>Exp\u00e9dition via UPS\/DPD\/DHL Express<\/li>\n\n\n\n<li>Pays disponibles : Allemagne, Belgique, Luxembourg, Pays-Bas, R\u00e9publique tch\u00e8que, Pologne, Croatie, Slovaquie, Slov\u00e9nie, Finlande, Su\u00e8de, Autriche, France, Italie, Hongrie, Bulgarie, Lituanie, Estonie, Lettonie, Gr\u00e8ce, Irlande, Portugal et Espagne.<\/li>\n<\/ul>\n\n\n\n<h3 class=\"wp-block-heading\">Quel est le d\u00e9lai de livraison ?<\/h3>\n\n\n\n<p>Les d\u00e9lais de livraison varient en fonction du pays de destination :<\/p>\n\n\n\n<ul class=\"wp-block-list\">\n<li><strong>Royaume-Uni<\/strong>7 \u00e0 12 jours<\/li>\n\n\n\n<li><strong>Union europ\u00e9enne<\/strong>10 \u00e0 15 jours (l'exp\u00e9dition se fait via l'Allemagne)<\/li>\n<\/ul>\n\n\n\n<h3 class=\"wp-block-heading\">Qu'en est-il des pays ne figurant pas sur la liste DDP ?<\/h3>\n\n\n\n<p>Pour les commandes \u00e0 destination de pays qui ne figurent pas sur notre liste DDP, les clients sont eux-m\u00eames responsables du d\u00e9douanement. Dans ces cas, des frais de douane et des taxes d'importation peuvent s'appliquer et \u00eatre \u00e0 la charge du destinataire.<\/p>\n\n\n\n<h2 class=\"wp-block-heading\">Retours et \u00e9changes<\/h2>\n\n\n\n<h3 class=\"wp-block-heading\">Quel est le d\u00e9lai de retour applicable chez apexvape ?<\/h3>\n\n\n\n<p>Nous vous accordons une p\u00e9riode de retour de 15 jours \u00e0 compter de la r\u00e9ception de votre commande. Pendant cette p\u00e9riode, vous pouvez renvoyer les articles si vous n'\u00eates pas satisfait de votre achat.<\/p>\n\n\n\n<h3 class=\"wp-block-heading\">Quelles sont les conditions applicables aux retours ?<\/h3>\n\n\n\n<p>Pour que nous puissions accepter votre retour, les conditions suivantes doivent \u00eatre remplies :<\/p>\n\n\n\n<ul class=\"wp-block-list\">\n<li>L'article doit \u00eatre dans son \u00e9tat d'origine, non utilis\u00e9.<\/li>\n\n\n\n<li>Toutes les \u00e9tiquettes doivent encore \u00eatre appos\u00e9es<\/li>\n\n\n\n<li>L'emballage d'origine doit \u00eatre pr\u00e9sent<\/li>\n\n\n\n<li>Le retour doit faire l'objet d'une demande pr\u00e9alable par e-mail<\/li>\n<\/ul>\n\n\n\n<h3 class=\"wp-block-heading\">Comment initier un retour ?<\/h3>\n\n\n\n<p>Veuillez nous contacter par e-mail pour demander un retour. Nous vous indiquerons ensuite la marche \u00e0 suivre.<\/p>\n\n\n\n<h2 class=\"wp-block-heading\">S\u00e9curit\u00e9 et protection des donn\u00e9es<\/h2>\n\n\n\n<h3 class=\"wp-block-heading\">Dans quelle mesure ma commande chez apexvape est-elle s\u00e9curis\u00e9e ?<\/h3>\n\n\n\n<p>La s\u00e9curit\u00e9 de nos clients est notre priorit\u00e9 absolue. Nous avons mis en place diff\u00e9rentes mesures de s\u00e9curit\u00e9 :<\/p>\n\n\n\n<ul class=\"wp-block-list\">\n<li><strong>S\u00e9curit\u00e9 du site web<\/strong>notre site web est prot\u00e9g\u00e9 par des technologies de s\u00e9curit\u00e9 modernes<\/li>\n\n\n\n<li><strong>Protection des donn\u00e9es<\/strong>Vos informations personnelles sont trait\u00e9es et prot\u00e9g\u00e9es de mani\u00e8re confidentielle.<\/li>\n\n\n\n<li><strong>Traitement s\u00e9curis\u00e9 des paiements<\/strong>Toutes les op\u00e9rations de paiement sont effectu\u00e9es via des connexions crypt\u00e9es.<\/li>\n\n\n\n<li><strong>Protection anti-phishing<\/strong>Nous mettons en place des mesures de protection contre les activit\u00e9s frauduleuses.<\/li>\n<\/ul>\n\n\n\n<hr class=\"wp-block-separator has-alpha-channel-opacity\"\/>\n\n\n\n<p>Vous avez d'autres questions ? N'h\u00e9sitez pas \u00e0 nous contacter, nous nous ferons un plaisir de vous aider !<\/p>","protected":false},"excerpt":{"rendered":"<p>Foire aux questions - Options de paiement d'apexvape Quels sont les modes de paiement propos\u00e9s par apexvape ? Nous acceptons un grand nombre de m\u00e9thodes de paiement afin de vous garantir un maximum de s\u00e9curit\u00e9.<\/p>","protected":false},"author":1,"featured_media":0,"parent":0,"menu_order":0,"comment_status":"closed","ping_status":"closed","template":"","meta":{"footnotes":""},"class_list":["post-1567","page","type-page","status-publish","hentry"],"_links":{"self":[{"href":"https:\/\/apexvape.de\/fr\/wp-json\/wp\/v2\/pages\/1567","targetHints":{"allow":["GET"]}}],"collection":[{"href":"https:\/\/apexvape.de\/fr\/wp-json\/wp\/v2\/pages"}],"about":[{"href":"https:\/\/apexvape.de\/fr\/wp-json\/wp\/v2\/types\/page"}],"author":[{"embeddable":true,"href":"https:\/\/apexvape.de\/fr\/wp-json\/wp\/v2\/users\/1"}],"replies":[{"embeddable":true,"href":"https:\/\/apexvape.de\/fr\/wp-json\/wp\/v2\/comments?post=1567"}],"version-history":[{"count":0,"href":"https:\/\/apexvape.de\/fr\/wp-json\/wp\/v2\/pages\/1567\/revisions"}],"wp:attachment":[{"href":"https:\/\/apexvape.de\/fr\/wp-json\/wp\/v2\/media?parent=1567"}],"curies":[{"name":"wp","href":"https:\/\/api.w.org\/{rel}","templated":true}]}}