{"id":1560,"date":"2025-11-18T08:11:28","date_gmt":"2025-11-18T07:11:28","guid":{"rendered":"https:\/\/apexvape.de\/?page_id=1560"},"modified":"2025-11-18T08:11:30","modified_gmt":"2025-11-18T07:11:30","slug":"versand-und-lieferung","status":"publish","type":"page","link":"https:\/\/apexvape.de\/fr\/versand-und-lieferung\/","title":{"rendered":"Exp\u00e9dition et livraison"},"content":{"rendered":"<h1 class=\"wp-block-heading\">Politique d'exp\u00e9dition et de livraison - apexvape<\/h1>\n\n\n\n<h2 class=\"wp-block-heading\">D\u00e9lais de traitement et de livraison<\/h2>\n\n\n\n<p>Nous traitons vos commandes et les exp\u00e9dions dans un d\u00e9lai d'un \u00e0 trois jours ouvrables. Apr\u00e8s l'exp\u00e9dition, vous pouvez compter sur un d\u00e9lai de livraison de dix \u00e0 quinze jours ouvrables en g\u00e9n\u00e9ral. Veuillez noter qu'aucune exp\u00e9dition n'est effectu\u00e9e le week-end.<\/p>\n\n\n\n<h2 class=\"wp-block-heading\">Suivi de votre commande<\/h2>\n\n\n\n<p>D\u00e8s que votre commande a quitt\u00e9 notre entrep\u00f4t, nous vous envoyons une notification par e-mail avec les informations de suivi correspondantes. Veuillez noter qu'il peut s'\u00e9couler un \u00e0 deux jours avant que les informations de suivi soient mises \u00e0 jour sur le site de suivi du prestataire de services d'exp\u00e9dition.<\/p>\n\n\n\n<h2 class=\"wp-block-heading\">Annulation et changement d'adresse de livraison<\/h2>\n\n\n\n<p>Vous avez la possibilit\u00e9 d'annuler votre commande ou de modifier l'adresse de livraison tant que l'envoi n'a pas encore eu lieu. Une fois l'envoi effectu\u00e9, nous ne pouvons malheureusement pas proc\u00e9der \u00e0 des remboursements ni \u00e0 des changements d'adresse.<\/p>\n\n\n\n<h2 class=\"wp-block-heading\">Service d'exp\u00e9dition DDP (Delivered Duty Paid)<\/h2>\n\n\n\n<p>Pour certains pays, nous proposons un service d'exp\u00e9dition DDP. Avec ce mode d'exp\u00e9dition, vous n'avez pas \u00e0 vous soucier des proc\u00e9dures de d\u00e9douanement ni des frais de douane :<\/p>\n\n\n\n<h3 class=\"wp-block-heading\">Royaume-Uni<\/h3>\n\n\n\n<ul class=\"wp-block-list\">\n<li><strong>Partenaire d'exp\u00e9dition<\/strong>: Local DPD Express<\/li>\n\n\n\n<li><strong>P\u00e9riode de livraison<\/strong>7 \u00e0 12 jours<\/li>\n<\/ul>\n\n\n\n<h3 class=\"wp-block-heading\">Union europ\u00e9enne<\/h3>\n\n\n\n<ul class=\"wp-block-list\">\n<li><strong>Partenaire d'exp\u00e9dition<\/strong>: UPS\/DPD\/DHL Express<\/li>\n\n\n\n<li><strong>P\u00e9riode de livraison<\/strong>10 \u00e0 15 jours<\/li>\n<\/ul>\n\n\n\n<h2 class=\"wp-block-heading\">Envoi DDP dans les pays europ\u00e9ens<\/h2>\n\n\n\n<p>Les pays europ\u00e9ens suivants b\u00e9n\u00e9ficient de notre service d'exp\u00e9dition DDP :<\/p>\n\n\n\n<p>Allemagne, Belgique, Luxembourg, Pays-Bas, R\u00e9publique tch\u00e8que, Pologne, Croatie, Slovaquie, Slov\u00e9nie, Finlande, Danemark, Su\u00e8de, Autriche, France, Italie, Hongrie, Bulgarie, Lituanie, Estonie, Lettonie, Gr\u00e8ce, Irlande, Portugal et Espagne.<\/p>\n\n\n\n<h2 class=\"wp-block-heading\">Remarques sur les d\u00e9lais d'exp\u00e9dition<\/h2>\n\n\n\n<p>Les d\u00e9lais de livraison r\u00e9els peuvent varier en fonction du pays de destination et de la m\u00e9thode d'exp\u00e9dition choisie. Pour les livraisons dans les pays europ\u00e9ens, le d\u00e9lai de livraison standard est de huit \u00e0 treize jours.<\/p>","protected":false},"excerpt":{"rendered":"<p>Politique d'exp\u00e9dition et de livraison - apexvape D\u00e9lais de traitement et de livraison Nous traitons vos commandes dans un d\u00e9lai de un \u00e0 trois jours ouvrables.<\/p>","protected":false},"author":1,"featured_media":0,"parent":0,"menu_order":0,"comment_status":"closed","ping_status":"closed","template":"","meta":{"footnotes":""},"class_list":["post-1560","page","type-page","status-publish","hentry"],"_links":{"self":[{"href":"https:\/\/apexvape.de\/fr\/wp-json\/wp\/v2\/pages\/1560","targetHints":{"allow":["GET"]}}],"collection":[{"href":"https:\/\/apexvape.de\/fr\/wp-json\/wp\/v2\/pages"}],"about":[{"href":"https:\/\/apexvape.de\/fr\/wp-json\/wp\/v2\/types\/page"}],"author":[{"embeddable":true,"href":"https:\/\/apexvape.de\/fr\/wp-json\/wp\/v2\/users\/1"}],"replies":[{"embeddable":true,"href":"https:\/\/apexvape.de\/fr\/wp-json\/wp\/v2\/comments?post=1560"}],"version-history":[{"count":0,"href":"https:\/\/apexvape.de\/fr\/wp-json\/wp\/v2\/pages\/1560\/revisions"}],"wp:attachment":[{"href":"https:\/\/apexvape.de\/fr\/wp-json\/wp\/v2\/media?parent=1560"}],"curies":[{"name":"wp","href":"https:\/\/api.w.org\/{rel}","templated":true}]}}