{"id":1555,"date":"2025-11-18T07:51:41","date_gmt":"2025-11-18T06:51:41","guid":{"rendered":"https:\/\/apexvape.de\/?page_id=1555"},"modified":"2025-11-18T07:51:43","modified_gmt":"2025-11-18T06:51:43","slug":"datenschutzerklaerung","status":"publish","type":"page","link":"https:\/\/apexvape.de\/fr\/datenschutzerklaerung\/","title":{"rendered":"D\u00e9claration de confidentialit\u00e9"},"content":{"rendered":"<h1 class=\"wp-block-heading\">Politique de confidentialit\u00e9 - apexvape<\/h1>\n\n\n\n<p>La protection de vos informations personnelles et de votre vie priv\u00e9e est une priorit\u00e9 pour apexvape. Dans cette politique de confidentialit\u00e9, nous expliquons comment nous collectons, utilisons et s\u00e9curisons les informations que vous nous fournissez lorsque vous visitez notre site web.<\/p>\n\n\n\n<h2 class=\"wp-block-heading\">Collecte de donn\u00e9es \u00e0 caract\u00e8re personnel<\/h2>\n\n\n\n<p>Lorsque vous visitez notre site web, nous pouvons collecter diff\u00e9rentes cat\u00e9gories d'informations :<\/p>\n\n\n\n<ul class=\"wp-block-list\">\n<li><strong>Informations personnelles<\/strong>Votre nom, votre adresse \u00e9lectronique et toute autre information de contact que vous nous fournissez lors d'un achat ou d'une prise de contact.<\/li>\n\n\n\n<li><strong>Donn\u00e9es relatives \u00e0 l'utilisation et aux appareils<\/strong>Ces informations sont collect\u00e9es via des cookies et des technologies similaires et comprennent des d\u00e9tails sur votre comportement de navigation et les appareils que vous utilisez.<\/li>\n\n\n\n<li><strong>Autres informations facultatives<\/strong>Toute information suppl\u00e9mentaire que vous choisissez de nous communiquer.<\/li>\n<\/ul>\n\n\n\n<h2 class=\"wp-block-heading\">Finalit\u00e9s du traitement des donn\u00e9es<\/h2>\n\n\n\n<p>Nous utilisons les donn\u00e9es que nous collectons aux fins d\u00e9crites ci-dessous :<\/p>\n\n\n\n<ul class=\"wp-block-list\">\n<li><strong>Traitement des commandes<\/strong>Pour traiter et ex\u00e9cuter les commandes que vous avez pass\u00e9es sur notre site web.<\/li>\n\n\n\n<li><strong>Communication avec les clients<\/strong>Pour \u00e9changer avec vous sur vos commandes, vos demandes et vos actions marketing.<\/li>\n\n\n\n<li><strong>Optimisation de nos services<\/strong>Pour am\u00e9liorer notre site et nos services en fonction de vos interactions et de vos commentaires.<\/li>\n\n\n\n<li><strong>Garantie de s\u00e9curit\u00e9<\/strong>Pour la protection de notre site web et la pr\u00e9vention d'actes frauduleux.<\/li>\n<\/ul>\n\n\n\n<h2 class=\"wp-block-heading\">Transmission de donn\u00e9es \u00e0 des tiers<\/h2>\n\n\n\n<p>Nous ne vendons ni ne transmettons vos informations personnelles \u00e0 des tiers sans votre consentement explicite. Les seules exceptions sont lorsque la transmission est n\u00e9cessaire pour r\u00e9pondre \u00e0 vos souhaits - par exemple \u00e0 des partenaires logistiques pour l'exp\u00e9dition - ou lorsqu'il existe une obligation l\u00e9gale.<\/p>\n\n\n\n<h2 class=\"wp-block-heading\">Mesures de s\u00e9curit\u00e9 des donn\u00e9es<\/h2>\n\n\n\n<p>Pour prot\u00e9ger vos informations, nous mettons en \u0153uvre diff\u00e9rentes mesures de s\u00e9curit\u00e9. Il s'agit notamment de technologies de cryptage, de l'utilisation de Secure Socket Layer (SSL) et de contr\u00f4les r\u00e9guliers de nos syst\u00e8mes de s\u00e9curit\u00e9.<\/p>\n\n\n\n<h2 class=\"wp-block-heading\">Vos droits en mati\u00e8re de protection des donn\u00e9es<\/h2>\n\n\n\n<p>Vous avez le droit d'acc\u00e9der \u00e0 vos donn\u00e9es personnelles, de les corriger ou de les faire supprimer \u00e0 tout moment. En outre, vous pouvez \u00e0 tout moment vous d\u00e9sinscrire de nos communications marketing.<\/p>\n\n\n\n<h2 class=\"wp-block-heading\">Modifications de la pr\u00e9sente politique de confidentialit\u00e9<\/h2>\n\n\n\n<p>Nous nous r\u00e9servons le droit de modifier la pr\u00e9sente politique de confidentialit\u00e9 de temps \u00e0 autre afin de tenir compte de l'\u00e9volution de nos pratiques ou des exigences l\u00e9gales. Nous vous conseillons de consulter cette politique \u00e0 intervalles r\u00e9guliers.<\/p>\n\n\n\n<hr class=\"wp-block-separator has-alpha-channel-opacity\"\/>\n\n\n\n<p>En utilisant notre site web, vous acceptez les conditions \u00e9nonc\u00e9es dans la pr\u00e9sente politique de confidentialit\u00e9. Si vous avez des questions ou des pr\u00e9occupations concernant nos pratiques en mati\u00e8re de protection des donn\u00e9es, n'h\u00e9sitez pas \u00e0 nous contacter \u00e0 l'adresse canliumit3535@gmail.com.<\/p>\n\n\n\n<p>Nous vous remercions de la confiance que vous accordez \u00e0 apexvape en tant que votre fournisseur d'e-cigarettes jetables (vapes).<\/p>","protected":false},"excerpt":{"rendered":"<p>Politique de confidentialit\u00e9 - apexvape La protection de vos informations personnelles et de votre vie priv\u00e9e est une priorit\u00e9 pour apexvape. Dans<\/p>","protected":false},"author":1,"featured_media":0,"parent":0,"menu_order":0,"comment_status":"closed","ping_status":"closed","template":"","meta":{"footnotes":""},"class_list":["post-1555","page","type-page","status-publish","hentry"],"_links":{"self":[{"href":"https:\/\/apexvape.de\/fr\/wp-json\/wp\/v2\/pages\/1555","targetHints":{"allow":["GET"]}}],"collection":[{"href":"https:\/\/apexvape.de\/fr\/wp-json\/wp\/v2\/pages"}],"about":[{"href":"https:\/\/apexvape.de\/fr\/wp-json\/wp\/v2\/types\/page"}],"author":[{"embeddable":true,"href":"https:\/\/apexvape.de\/fr\/wp-json\/wp\/v2\/users\/1"}],"replies":[{"embeddable":true,"href":"https:\/\/apexvape.de\/fr\/wp-json\/wp\/v2\/comments?post=1555"}],"version-history":[{"count":0,"href":"https:\/\/apexvape.de\/fr\/wp-json\/wp\/v2\/pages\/1555\/revisions"}],"wp:attachment":[{"href":"https:\/\/apexvape.de\/fr\/wp-json\/wp\/v2\/media?parent=1555"}],"curies":[{"name":"wp","href":"https:\/\/api.w.org\/{rel}","templated":true}]}}