{"id":1550,"date":"2025-11-18T05:13:18","date_gmt":"2025-11-18T04:13:18","guid":{"rendered":"https:\/\/apexvape.de\/?page_id=1550"},"modified":"2025-11-18T05:13:20","modified_gmt":"2025-11-18T04:13:20","slug":"nutzungsbedingungen","status":"publish","type":"page","link":"https:\/\/apexvape.de\/fr\/nutzungsbedingungen\/","title":{"rendered":"Conditions d'utilisation"},"content":{"rendered":"<h1 class=\"wp-block-heading\">Conditions g\u00e9n\u00e9rales de vente - apexvape<\/h1>\n\n\n\n<p>Bienvenue sur le site web d'apexvape ! Nous vous prions de lire attentivement les conditions g\u00e9n\u00e9rales suivantes avant d'utiliser notre plate-forme. En visitant et en utilisant notre site web, vous acceptez les r\u00e8gles d\u00e9finies ici ainsi que toutes les dispositions l\u00e9gales applicables. Si vous n'acceptez pas ces conditions, nous vous prions de ne pas continuer \u00e0 utiliser notre site web. En effectuant un achat, vous acceptez automatiquement les pr\u00e9sentes conditions g\u00e9n\u00e9rales ainsi que nos directives concernant l'exp\u00e9dition, les retours et la garantie.<\/p>\n\n\n\n<h2 class=\"wp-block-heading\">Envoi dans le monde entier<\/h2>\n\n\n\n<p>Notre entreprise apexvape est active au niveau international et son si\u00e8ge social se trouve \u00e0 Hong Kong. Tous les acheteurs en dehors de Hong Kong seront trait\u00e9s comme des clients internationaux. Nous vous recommandons vivement de vous familiariser avec les dispositions l\u00e9gales en vigueur dans votre pays d'origine avant de passer une commande, notamment en ce qui concerne la possession, l'importation et l'utilisation d'articles de vapotage. Certains pays peuvent avoir des r\u00e8gles particuli\u00e8res, qui sont expliqu\u00e9es plus en d\u00e9tail dans nos politiques distinctes d'exp\u00e9dition, de retour et de garantie.<\/p>\n\n\n\n<h2 class=\"wp-block-heading\">Propri\u00e9t\u00e9 intellectuelle et droit d'auteur<\/h2>\n\n\n\n<p>Tous les contenus publi\u00e9s sur ce site web - y compris les textes, les images, les graphiques et le code de programmation - sont soumis \u00e0 la protection des droits d'auteur et sont la propri\u00e9t\u00e9 d'apexvape en tant qu'\u0153uvre compl\u00e8te. Copyright 2022, apexvape. Tous les droits sont r\u00e9serv\u00e9s. Vous avez le droit de copier ou d'imprimer des parties du site web sous forme \u00e9lectronique, \u00e0 condition que cela soit fait dans le but de traiter une commande ou d'acheter un produit chez apexvape. Toute autre utilisation, notamment la reproduction, la transmission ou le transfert du contenu du site, est interdite sans l'autorisation expresse d'apexvape Inc.<\/p>\n\n\n\n<h2 class=\"wp-block-heading\">Protection des marques<\/h2>\n\n\n\n<p>Toutes les marques commerciales, marques de service et noms commerciaux utilis\u00e9s sur notre site sont la propri\u00e9t\u00e9 d'apexvape.<\/p>\n\n\n\n<h2 class=\"wp-block-heading\">Exclusion de garanties<\/h2>\n\n\n\n<p>Le site web ainsi que tous les mat\u00e9riaux et produits qui y sont fournis sont mis \u00e0 disposition en l'\u00e9tat (\u201een l'\u00e9tat\u201c), sans aucune garantie, expresse ou implicite, de notre part. apexvape d\u00e9cline toute garantie, y compris toute garantie de qualit\u00e9 marchande, d'ad\u00e9quation \u00e0 un usage particulier ou de vices juridiques. Nous ne garantissons pas que les fonctionnalit\u00e9s du site web seront disponibles en continu et sans interruption ou qu'elles fonctionneront sans erreur. De m\u00eame, nous ne garantissons pas que les \u00e9ventuelles erreurs seront corrig\u00e9es ou que le site web sera exempt de virus ou d'autres \u00e9l\u00e9ments nuisibles. Nous ne garantissons pas l'exactitude, l'exhaustivit\u00e9 ou la fiabilit\u00e9 des informations fournies.<\/p>\n\n\n\n<h2 class=\"wp-block-heading\">Limitation de la responsabilit\u00e9<\/h2>\n\n\n\n<p>apexvape n'assume aucune responsabilit\u00e9 pour les dommages particuliers ou cons\u00e9cutifs r\u00e9sultant de l'utilisation ou de l'impossibilit\u00e9 d'utiliser le mat\u00e9riel fourni sur ce site ou de la performance du produit - m\u00eame si nous avons \u00e9t\u00e9 inform\u00e9s de la possibilit\u00e9 de tels dommages. Certaines juridictions n'autorisent pas l'exclusion ou la limitation de responsabilit\u00e9 pour les dommages cons\u00e9cutifs ou accessoires ; dans ces cas, les limitations mentionn\u00e9es ici peuvent ne pas s'appliquer.<\/p>\n\n\n\n<h2 class=\"wp-block-heading\">Fin de l'accord<\/h2>\n\n\n\n<p>Ces conditions s'appliquent \u00e0 tous les utilisateurs lors de l'acc\u00e8s au site, de l'enregistrement ou de l'achat. apexvape se r\u00e9serve le droit de mettre fin \u00e0 tout ou partie de ces conditions \u00e0 tout moment et sans pr\u00e9avis. Les dispositions relatives aux droits d'auteur, aux droits des marques, aux exclusions de garantie, aux limitations de responsabilit\u00e9, aux exon\u00e9rations et autres restent valables m\u00eame apr\u00e8s la r\u00e9siliation.<\/p>\n\n\n\n<h2 class=\"wp-block-heading\">Communication et notifications<\/h2>\n\n\n\n<p>apexvape peut vous envoyer des notifications par e-mail, publier des avis g\u00e9n\u00e9raux sur le site ou utiliser d'autres moyens de communication fiables en utilisant les coordonn\u00e9es que vous avez fournies.<\/p>\n\n\n\n<h2 class=\"wp-block-heading\">Autres dispositions<\/h2>\n\n\n\n<p>Les pr\u00e9sentes conditions g\u00e9n\u00e9rales seront interpr\u00e9t\u00e9es conform\u00e9ment aux lois de Hong Kong, sans tenir compte des dispositions relatives aux conflits de lois. Tout litige d\u00e9coulant des pr\u00e9sentes conditions g\u00e9n\u00e9rales sera port\u00e9 devant les tribunaux comp\u00e9tents de Hong Kong. Les r\u00e9clamations doivent \u00eatre faites dans les douze mois suivant leur naissance. Si apexvape d\u00e9cide de ne pas faire appliquer une partie de ces conditions, cela ne signifie pas qu'elle renonce \u00e0 ses droits. Nous avons le droit de c\u00e9der nos droits et obligations en vertu des pr\u00e9sentes conditions sans pr\u00e9avis.<\/p>\n\n\n\n<h2 class=\"wp-block-heading\">R\u00e8gles de conduite lors de l'utilisation du site web<\/h2>\n\n\n\n<p>Tout comportement harcelant ou inappropri\u00e9 sur notre site est interdit. Les utilisateurs ne doivent pas t\u00e9l\u00e9charger de contenu offensant ou choquant, ni solliciter d'autres utilisateurs pour des services commerciaux. apexvape se r\u00e9serve le droit de bloquer ou de supprimer tout contenu qui enfreint ces conditions.<\/p>\n\n\n\n<h2 class=\"wp-block-heading\">Clause de non-responsabilit\u00e9 concernant le contenu des utilisateurs<\/h2>\n\n\n\n<p>apexvape n'est pas responsable des contenus cr\u00e9\u00e9s ou t\u00e9l\u00e9charg\u00e9s par les utilisateurs sur le site. Nous agissons uniquement en tant que plateforme de distribution et nous nous r\u00e9servons le droit de supprimer tout contenu r\u00e9pr\u00e9hensible ou inappropri\u00e9, \u00e0 notre seule discr\u00e9tion.<\/p>\n\n\n\n<h2 class=\"wp-block-heading\">Utilisation du produit<\/h2>\n\n\n\n<p>apexvape ne fait aucune d\u00e9claration sur l'efficacit\u00e9 ou l'ad\u00e9quation des produits \u00e0 des fins d'utilisation sp\u00e9cifiques. Tous les produits sont utilis\u00e9s sous la responsabilit\u00e9 de l'acheteur. Les produits contenant de la nicotine sont exclusivement destin\u00e9s \u00e0 des personnes adultes. Nous vous recommandons vivement de consulter un m\u00e9decin avant d'utiliser des produits \u00e0 base de nicotine.<\/p>\n\n\n\n<h2 class=\"wp-block-heading\">Exemption<\/h2>\n\n\n\n<p>En utilisant notre site, vous vous engagez \u00e0 indemniser apexvape ainsi que ses prestataires de services de toutes les pertes, dommages, co\u00fbts et d\u00e9penses r\u00e9sultant de la violation de ces conditions ou d'activit\u00e9s men\u00e9es en relation avec votre compte.<\/p>\n\n\n\n<h2 class=\"wp-block-heading\">Liens externes<\/h2>\n\n\n\n<p>apexvape peut proposer des liens vers des sites externes pour le b\u00e9n\u00e9fice de nos visiteurs. Nous ne contr\u00f4lons pas ces sites externes et nous ne sommes pas responsables de leur contenu ou de leurs pratiques.<\/p>\n\n\n\n<h2 class=\"wp-block-heading\">Exclusions sp\u00e9cifiques aux produits<\/h2>\n\n\n\n<p>Certains produits peuvent \u00eatre soumis \u00e0 des clauses d'exclusion sp\u00e9cifiques concernant les retours ou les \u00e9changes. Veuillez v\u00e9rifier attentivement toutes les exclusions sp\u00e9cifiques aux produits avant d'acheter. En acceptant nos conditions g\u00e9n\u00e9rales de vente lors du passage en caisse, vous confirmez que vous avez compris toutes les exclusions applicables.<\/p>\n\n\n\n<hr class=\"wp-block-separator has-alpha-channel-opacity\"\/>\n\n\n\n<p>Nous vous remercions chaleureusement de la confiance que vous accordez \u00e0 apexvape !<\/p>","protected":false},"excerpt":{"rendered":"<p>Conditions g\u00e9n\u00e9rales de vente - apexvape Bienvenue sur le site web d'apexvape ! Nous vous prions de lire attentivement les conditions g\u00e9n\u00e9rales de vente suivantes avant de<\/p>","protected":false},"author":1,"featured_media":0,"parent":0,"menu_order":0,"comment_status":"closed","ping_status":"closed","template":"","meta":{"footnotes":""},"class_list":["post-1550","page","type-page","status-publish","hentry"],"_links":{"self":[{"href":"https:\/\/apexvape.de\/fr\/wp-json\/wp\/v2\/pages\/1550","targetHints":{"allow":["GET"]}}],"collection":[{"href":"https:\/\/apexvape.de\/fr\/wp-json\/wp\/v2\/pages"}],"about":[{"href":"https:\/\/apexvape.de\/fr\/wp-json\/wp\/v2\/types\/page"}],"author":[{"embeddable":true,"href":"https:\/\/apexvape.de\/fr\/wp-json\/wp\/v2\/users\/1"}],"replies":[{"embeddable":true,"href":"https:\/\/apexvape.de\/fr\/wp-json\/wp\/v2\/comments?post=1550"}],"version-history":[{"count":0,"href":"https:\/\/apexvape.de\/fr\/wp-json\/wp\/v2\/pages\/1550\/revisions"}],"wp:attachment":[{"href":"https:\/\/apexvape.de\/fr\/wp-json\/wp\/v2\/media?parent=1550"}],"curies":[{"name":"wp","href":"https:\/\/api.w.org\/{rel}","templated":true}]}}