{"id":6655,"date":"2026-04-06T10:51:52","date_gmt":"2026-04-06T08:51:52","guid":{"rendered":"https:\/\/apexvape.de\/?post_type=product&#038;p=6655"},"modified":"2026-04-06T10:52:28","modified_gmt":"2026-04-06T08:52:28","slug":"airmez-fox-6-in-1-140k","status":"publish","type":"product","link":"https:\/\/apexvape.de\/es\/product\/airmez-fox-6-in-1-140k\/","title":{"rendered":"Airmez FOX 6 en 1 140K puffs vape desechable"},"content":{"rendered":"<h1>Airmez FOX 6 EN 1 140K Puffs Vape desechable | 6 sabores en un solo dispositivo<\/h1>\n<p>El Airmez FOX 6 en 1 140K ofrece seis experiencias de sabor en un solo dispositivo, con el apoyo de una capacidad total de e-l\u00edquido de 45 ml a trav\u00e9s de tres tanques para el tiempo de uso extra-largo. Una avanzada bobina de malla garantiza un calentamiento uniforme y un vapor suave y sabroso en cada calada. La bater\u00eda de 650 mAh con carga r\u00e1pida Type-C garantiza un rendimiento estable y un tiempo de inactividad m\u00ednimo. No requiere botones ni configuraci\u00f3n gracias al sencillo sistema de activaci\u00f3n de calada. Con 3 niveles de nicotina %, ofrece una experiencia satisfactoria desde el primer momento.<\/p>\n<p><img decoding=\"async\" class=\"alignnone size-large wp-image-6678\" src=\"https:\/\/spcdn.shortpixel.ai\/spio\/ret_img,q_cdnize,to_webp,s_webp\/apexvape.de\/wp-content\/uploads\/2026\/04\/banner-1024x320.png\" alt=\"Airmez FOX 6 IN 1 140K\" width=\"1024\" height=\"320\" srcset=\"https:\/\/spcdn.shortpixel.ai\/spio\/ret_img,q_cdnize,to_webp,s_webp\/apexvape.de\/wp-content\/uploads\/2026\/04\/banner-1024x320.png 1024w, https:\/\/spcdn.shortpixel.ai\/spio\/ret_img,q_cdnize,to_webp,s_webp\/apexvape.de\/wp-content\/uploads\/2026\/04\/banner-300x94.png 300w, https:\/\/spcdn.shortpixel.ai\/spio\/ret_img,q_cdnize,to_webp,s_webp\/apexvape.de\/wp-content\/uploads\/2026\/04\/banner-768x240.png 768w, https:\/\/spcdn.shortpixel.ai\/spio\/ret_img,q_cdnize,to_webp,s_webp\/apexvape.de\/wp-content\/uploads\/2026\/04\/banner-1536x480.png 1536w, https:\/\/spcdn.shortpixel.ai\/spio\/ret_img,q_cdnize,to_webp,s_webp\/apexvape.de\/wp-content\/uploads\/2026\/04\/banner-2048x640.png 2048w, https:\/\/spcdn.shortpixel.ai\/spio\/ret_img,q_cdnize,to_webp,s_webp\/apexvape.de\/wp-content\/uploads\/2026\/04\/banner-18x6.png 18w, https:\/\/spcdn.shortpixel.ai\/spio\/ret_img,q_cdnize,to_webp,s_webp\/apexvape.de\/wp-content\/uploads\/2026\/04\/banner-1200x375.png 1200w, https:\/\/spcdn.shortpixel.ai\/spio\/ret_img,q_cdnize,to_webp,s_webp\/apexvape.de\/wp-content\/uploads\/2026\/04\/banner-150x47.png 150w\" sizes=\"(max-width: 1024px) 100vw, 1024px\" \/><\/p>\n<h2>Airmez FOX 6 IN 1 140K Puffs - Lo m\u00e1s destacado<\/h2>\n<p>El Airmez FOX 6 IN 1 140K ha sido desarrollado para los vapeadores que buscan variedad sin compromisos. El sistema de sabor 6 en 1 ofrece seis experiencias de sabor diferentes en un solo dispositivo, mientras que la generosa capacidad de e-l\u00edquido de 15 ml \u00d7 3 tanques asegura un uso duradero sin reemplazo frecuente.<\/p>\n<p>El rendimiento est\u00e1 impulsado por una avanzada bobina de malla que proporciona un calentamiento uniforme, una mayor claridad de sabor y un vapor suave y uniforme. Una bater\u00eda de 650 mAh con puerto de carga Type-C mantiene el dispositivo en funcionamiento con una salida de energ\u00eda estable y la comodidad de todos los d\u00edas.<\/p>\n<p>El dispositivo est\u00e1 dise\u00f1ado para la simplicidad - sin botones, sin configuraci\u00f3n, s\u00f3lo tirar para activar. Con una potencia de nicotina estandarizada de 3 %, ofrece una experiencia satisfactoria y c\u00f3moda, apta para una amplia gama de usuarios nada m\u00e1s sacarlo de la caja.<\/p>\n<h2>Datos t\u00e9cnicos - Airmez FOX 6 IN 1 140K Puffs<\/h2>\n<table>\n<thead>\n<tr>\n<th>Caracter\u00edstica<\/th>\n<th>detalles<\/th>\n<\/tr>\n<\/thead>\n<tbody>\n<tr>\n<td>N\u00famero m\u00e1ximo de trenes<\/td>\n<td>140.000 trenes<\/td>\n<\/tr>\n<tr>\n<td>Potencia de nicotina<\/td>\n<td>3 %<\/td>\n<\/tr>\n<tr>\n<td>Capacidad precargada<\/td>\n<td>15 ml \u00d7 3 dep\u00f3sitos (45 ml en total)<\/td>\n<\/tr>\n<tr>\n<td>Capacidad de la bater\u00eda<\/td>\n<td>650 mAh<\/td>\n<\/tr>\n<tr>\n<td>Conexi\u00f3n de carga<\/td>\n<td>USB tipo C<\/td>\n<\/tr>\n<tr>\n<td>Unidad de envasado<\/td>\n<td>1 caja = 10 unidades<\/td>\n<\/tr>\n<tr>\n<td>Operaci\u00f3n<\/td>\n<td>Activaci\u00f3n del tren<\/td>\n<\/tr>\n<\/tbody>\n<\/table>\n<h2>Airmez FOX 6 en 1 140K Puffs - Sabores disponibles<\/h2>\n<ol>\n<li>Love 66 \/ Berry Lemonade \/ Fizzy Cherry<\/li>\n<li>Mezcla de bayas \/ Limonada Blue Razz \/ Bayas de cereza<\/li>\n<li>Dragonfruit Ice \/ Fruity Fusion \/ Sand\u00eda Frambuesa<\/li>\n<li>Cereza \/ Cola Ice \/ Mango Ice<\/li>\n<li>Melocot\u00f3n Ice \/ Mango Ice \/ Dr Blue<\/li>\n<li>Fresa Pl\u00e1tano \/ Vimto \/ Ar\u00e1ndano Cereza Ar\u00e1ndano rojo<\/li>\n<li>Fresa Helada \/ Limonada Rosa \/ Bingo Crush<\/li>\n<li>Love 66 \/ Fresa Kiwi \/ Melocot\u00f3n Mango<\/li>\n<li>Sand\u00eda fresa \/ Triple mel\u00f3n \/ Blue Razz Ice<\/li>\n<li>Sand\u00eda helada \/ Bingo Crush \/ Mezcla de bayas<\/li>\n<\/ol>\n<h2>Preguntas frecuentes (FAQ) - Airmez FOX 6 en 1 140K Puffs<\/h2>\n<p><strong>P1: \u00bfQu\u00e9 distingue al Airmez FOX 6 en 1 140K de otros vaporizadores desechables?<\/strong> El Airmez FOX 6 IN 1 140K destaca por su sistema de sabor 6 en 1, que ofrece seis experiencias de sabor diferentes en un solo dispositivo, combinado con una gran capacidad total de e-l\u00edquido de 45 ml para una vida \u00fatil especialmente larga.<\/p>\n<p><strong>P2: \u00bfCu\u00e1nto e-l\u00edquido admite este dispositivo?<\/strong> El dispositivo tiene tres dep\u00f3sitos separados de 15 ml con una capacidad total de 45 ml de e-l\u00edquido, dise\u00f1ados para reducir las sustituciones frecuentes y permitir una sesi\u00f3n de vapor m\u00e1s larga.<\/p>\n<p><strong>P3: \u00bfQu\u00e9 tipo de bobina utiliza este vaporizador?<\/strong> Est\u00e1 equipado con una avanzada bobina de malla que garantiza un calentamiento uniforme, una mayor claridad del sabor y un vapor uniforme en cada calada.<\/p>\n<p><strong>P4: \u00bfC\u00f3mo funciona la bater\u00eda y la carga?<\/strong> El dispositivo est\u00e1 alimentado por una bater\u00eda de 650 mAh con conexi\u00f3n de carga Type-C y ofrece una salida de energ\u00eda estable, as\u00ed como una carga r\u00e1pida y c\u00f3moda en todo momento.<\/p>\n<p><strong>P5: \u00bfEste aparato es adecuado para principiantes?<\/strong> Absolutamente. El dispositivo no requiere botones ni configuraci\u00f3n - simplemente aprieta para activarlo. Con una potencia de nicotina sencilla de 3 %, es una opci\u00f3n sin complicaciones para todos los niveles de experiencia.<\/p>\n<h2>Descubre m\u00e1s AIRMEZ VAPE en Apexvape<\/h2>\n<p>El Airmez FOX 6 IN 1 140K es s\u00f3lo una de las muchas opciones interesantes de nuestra gama. Encontrar\u00e1 un resumen completo de todos los productos disponibles en nuestra <strong><a href=\"https:\/\/apexvape.de\/es\/\">p\u00e1gina web<\/a><\/strong>. Todos los modelos de la marca Airmez -incluidos los \u00faltimos lanzamientos- se enumeran claramente en el <strong><a href=\"https:\/\/apexvape.de\/es\/product-category\/airmez-vape\/\">Categor\u00eda Airmez Vape<\/a><\/strong> resumido.<\/p>","protected":false},"excerpt":{"rendered":"<p class=\"font-claude-response-body break-words whitespace-normal leading-[1.7]\">Der Airmez FOX 6 IN 1 140K bietet 140.000 Z\u00fcge, 45 ml E-Liquid auf 3 Tanks und ein 6-in-1-Aromasystem. Advanced Mesh Coil, zugaktiviert ohne Kn\u00f6pfe, 650-mAh-Akku mit Type-C-Schnellladung \u2013 mit 3 % Nikotin direkt einsatzbereit.<\/p>\n<p class=\"font-claude-response-body break-words whitespace-normal leading-[1.7]\">\n","protected":false},"featured_media":6667,"comment_status":"open","ping_status":"closed","template":"","meta":[],"product_brand":[],"product_cat":[86],"product_tag":[],"class_list":{"0":"post-6655","1":"product","2":"type-product","3":"status-publish","4":"has-post-thumbnail","6":"product_cat-airmez-vape","8":"first","9":"instock","10":"shipping-taxable","11":"purchasable","12":"product-type-variable"},"_links":{"self":[{"href":"https:\/\/apexvape.de\/es\/wp-json\/wp\/v2\/product\/6655","targetHints":{"allow":["GET"]}}],"collection":[{"href":"https:\/\/apexvape.de\/es\/wp-json\/wp\/v2\/product"}],"about":[{"href":"https:\/\/apexvape.de\/es\/wp-json\/wp\/v2\/types\/product"}],"replies":[{"embeddable":true,"href":"https:\/\/apexvape.de\/es\/wp-json\/wp\/v2\/comments?post=6655"}],"version-history":[{"count":0,"href":"https:\/\/apexvape.de\/es\/wp-json\/wp\/v2\/product\/6655\/revisions"}],"wp:featuredmedia":[{"embeddable":true,"href":"https:\/\/apexvape.de\/es\/wp-json\/wp\/v2\/media\/6667"}],"wp:attachment":[{"href":"https:\/\/apexvape.de\/es\/wp-json\/wp\/v2\/media?parent=6655"}],"wp:term":[{"taxonomy":"product_brand","embeddable":true,"href":"https:\/\/apexvape.de\/es\/wp-json\/wp\/v2\/product_brand?post=6655"},{"taxonomy":"product_cat","embeddable":true,"href":"https:\/\/apexvape.de\/es\/wp-json\/wp\/v2\/product_cat?post=6655"},{"taxonomy":"product_tag","embeddable":true,"href":"https:\/\/apexvape.de\/es\/wp-json\/wp\/v2\/product_tag?post=6655"}],"curies":[{"name":"wp","href":"https:\/\/api.w.org\/{rel}","templated":true}]}}