{"id":6531,"date":"2026-03-15T14:21:33","date_gmt":"2026-03-15T13:21:33","guid":{"rendered":"https:\/\/apexvape.de\/?post_type=product&#038;p=6531"},"modified":"2026-03-15T14:22:48","modified_gmt":"2026-03-15T13:22:48","slug":"airmez-tornado-25000","status":"publish","type":"product","link":"https:\/\/apexvape.de\/es\/product\/airmez-tornado-25000\/","title":{"rendered":"Vapeador desechable Airmez Tornado 25000 puffs"},"content":{"rendered":"<h1>Airmez Tornado 25000 caladas - e-cigarrillo desechable<\/h1>\n<p>El <strong>Airmez Tornado 25000<\/strong> es un cigarrillo electr\u00f3nico desechable de alta calidad para experiencias de vapeo duraderas y llenas de sabor. Con hasta <strong>25.000 trenes<\/strong>, <strong>25 ml de e-l\u00edquido precargado<\/strong> y una <strong>Concentraci\u00f3n de nicotina de 5 %<\/strong> ofrece una resistencia excepcional. A <strong>Bobina de malla<\/strong> garantiza un calentamiento uniforme, mientras que un <strong>Pantalla integrada<\/strong> Los niveles de bater\u00eda y e-l\u00edquido se muestran claramente. Gracias a la bater\u00eda recargable, no es necesario recargarla con frecuencia para disfrutar del vapor sin interrupciones. El <strong>Tecnolog\u00eda de atomizaci\u00f3n autom\u00e1tica<\/strong> hace que vapear sea un juego de ni\u00f1os para todos los niveles de experiencia.<\/p>\n<p><img decoding=\"async\" class=\"alignnone size-large wp-image-6548\" src=\"https:\/\/spcdn.shortpixel.ai\/spio\/ret_img,q_cdnize,to_webp,s_webp\/apexvape.de\/wp-content\/uploads\/2026\/03\/AIRMEZ-25K-banner-1024x427.png\" alt=\"Airmez Tornado 25000\" width=\"1024\" height=\"427\" srcset=\"https:\/\/spcdn.shortpixel.ai\/spio\/ret_img,q_cdnize,to_webp,s_webp\/apexvape.de\/wp-content\/uploads\/2026\/03\/AIRMEZ-25K-banner-1024x427.png 1024w, https:\/\/spcdn.shortpixel.ai\/spio\/ret_img,q_cdnize,to_webp,s_webp\/apexvape.de\/wp-content\/uploads\/2026\/03\/AIRMEZ-25K-banner-300x125.png 300w, https:\/\/spcdn.shortpixel.ai\/spio\/ret_img,q_cdnize,to_webp,s_webp\/apexvape.de\/wp-content\/uploads\/2026\/03\/AIRMEZ-25K-banner-768x320.png 768w, https:\/\/spcdn.shortpixel.ai\/spio\/ret_img,q_cdnize,to_webp,s_webp\/apexvape.de\/wp-content\/uploads\/2026\/03\/AIRMEZ-25K-banner-1536x640.png 1536w, https:\/\/spcdn.shortpixel.ai\/spio\/ret_img,q_cdnize,to_webp,s_webp\/apexvape.de\/wp-content\/uploads\/2026\/03\/AIRMEZ-25K-banner-18x8.png 18w, https:\/\/spcdn.shortpixel.ai\/spio\/ret_img,q_cdnize,to_webp,s_webp\/apexvape.de\/wp-content\/uploads\/2026\/03\/AIRMEZ-25K-banner-1200x500.png 1200w, https:\/\/spcdn.shortpixel.ai\/spio\/ret_img,q_cdnize,to_webp,s_webp\/apexvape.de\/wp-content\/uploads\/2026\/03\/AIRMEZ-25K-banner-150x63.png 150w, https:\/\/spcdn.shortpixel.ai\/spio\/ret_img,q_cdnize,to_webp,s_webp\/apexvape.de\/wp-content\/uploads\/2026\/03\/AIRMEZ-25K-banner.png 1920w\" sizes=\"(max-width: 1024px) 100vw, 1024px\" \/><\/p>\n<h2>Airmez Tornado 25000 Puffs - Aspectos destacados<\/h2>\n<p>El <strong>Airmez Tornado 25000<\/strong> es un atomizador autom\u00e1tico de primera clase, ideal para los vapeadores que valoran una experiencia larga y arom\u00e1tica. La avanzada tecnolog\u00eda de atomizaci\u00f3n permite vapear sin inhalar, tan natural y sencillo como respirar.<\/p>\n<p>Con <strong>25.000 trenes<\/strong> y <strong>25 ml de e-l\u00edquido<\/strong> con <strong>5 % (50 mg) Contenido de nicotina<\/strong> el Tornado 25000 ofrece un placer de vapeo especialmente duradero. El <strong>Bobina de malla<\/strong> garantiza un calentamiento uniforme para un tiro suave y constante, mientras que el <strong>Pantalla integrada<\/strong> bater\u00eda y el nivel de llenado a la vista sin esfuerzo.<\/p>\n<p>El poderoso, <strong>Bater\u00eda recargable de 850 mAh<\/strong> elimina la necesidad de recargas frecuentes y sigue el ritmo de cada sesi\u00f3n de vapeo, de principio a fin. Dise\u00f1ado para ofrecer la m\u00e1xima resistencia, prolonga el tiempo de atomizaci\u00f3n para una experiencia ininterrumpida.<\/p>\n<h2>Datos t\u00e9cnicos<\/h2>\n<table>\n<thead>\n<tr>\n<th>Caracter\u00edstica<\/th>\n<th>detalles<\/th>\n<\/tr>\n<\/thead>\n<tbody>\n<tr>\n<td>E-l\u00edquido<\/td>\n<td>25 ml<\/td>\n<\/tr>\n<tr>\n<td>N\u00famero de trenes<\/td>\n<td>25 000 trenes<\/td>\n<\/tr>\n<tr>\n<td>Bobina<\/td>\n<td>Bobina de doble malla<\/td>\n<\/tr>\n<tr>\n<td>bater\u00eda<\/td>\n<td>850 mAh, recargable<\/td>\n<\/tr>\n<tr>\n<td>Modos de vapor<\/td>\n<td>Varios modos disponibles<\/td>\n<\/tr>\n<tr>\n<td>Mostrar<\/td>\n<td>Indicador de bater\u00eda y e-l\u00edquido<\/td>\n<\/tr>\n<tr>\n<td>Contenido de nicotina<\/td>\n<td>5 %<\/td>\n<\/tr>\n<tr>\n<td>Puerto de carga<\/td>\n<td>USB-C<\/td>\n<\/tr>\n<tr>\n<td>Tipo<\/td>\n<td>Cigarrillo electr\u00f3nico MTL<\/td>\n<\/tr>\n<\/tbody>\n<\/table>\n<h2>Airmez Tornado 25000 - Sabores disponibles<\/h2>\n<ol>\n<li>Fresa y sand\u00eda <em>(Fresa y sand\u00eda)<\/em><\/li>\n<li>Kiwi, maracuy\u00e1 y guayaba <em>(kiwi, fruta de la pasi\u00f3n y guayaba)<\/em><\/li>\n<li>Ar\u00e1ndanos sobre hielo <em>(Ar\u00e1ndanos sobre hielo)<\/em><\/li>\n<li>Mango melocot\u00f3n <em>(Melocot\u00f3n y mango)<\/em><\/li>\n<li>Helado de fresa <em>(Fresa sobre helado)<\/em><\/li>\n<li>Bayas mixtas <em>(Mezcla de bayas)<\/em><\/li>\n<li>Hielo exuberante <em>(Sand\u00eda con hielo)<\/em><\/li>\n<li>Hielo de uva <em>(Uva sobre hielo)<\/em><\/li>\n<li>Hielo de melocot\u00f3n <em>(Melocot\u00f3n sobre helado)<\/em><\/li>\n<li>Limonada de bayas <em>(limonada de bayas)<\/em><\/li>\n<li>Helado de fruta del drag\u00f3n <em>(Fruta de drag\u00f3n sobre hielo)<\/em><\/li>\n<li>Lim\u00f3n y lima <em>(lim\u00f3n y lima)<\/em><\/li>\n<li>Triple Berry <em>(triple baya)<\/em><\/li>\n<li>Cereza <em>(cereza)<\/em><\/li>\n<li>Manzana \u00e1cida <em>(Manzana \u00e1cida)<\/em><\/li>\n<\/ol>\n<h2>Preguntas frecuentes (FAQ)<\/h2>\n<p><strong>P1: \u00bfQu\u00e9 es el Airmez Tornado 25000 y cu\u00e1ntas inhalaciones ofrece?<\/strong> El Airmez Tornado 25000 es un avanzado e-cigarrillo desechable con hasta <strong>25.000 trenes<\/strong>, <strong>25 ml de e-l\u00edquido precargado<\/strong> y un <strong>Contenido de nicotina de 5 %<\/strong>.<\/p>\n<p><strong>P2: \u00bfEs necesario recargar el Tornado 25000 con frecuencia?<\/strong> La potente bater\u00eda recargable prolonga significativamente el tiempo de atomizaci\u00f3n y garantiza sesiones de vapor ininterrumpidas, sin necesidad de recargarla.<\/p>\n<p><strong>P3: \u00bfQu\u00e9 tecnolog\u00eda garantiza una experiencia de vapor agradable con el Tornado 25000?<\/strong> El <strong>Bobina de malla<\/strong> permite un calentamiento uniforme para un tiro uniforme. El <strong>Pantalla integrada<\/strong> muestra claramente los niveles de bater\u00eda y e-l\u00edquido en todo momento.<\/p>\n<p><strong>P4: \u00bfEl Tornado 25000 tambi\u00e9n es adecuado para principiantes?<\/strong> Por supuesto. Gracias a la <strong>tecnolog\u00eda de atomizaci\u00f3n autom\u00e1tica<\/strong> Vapear es tan f\u00e1cil como respirar, sin necesidad de complicadas configuraciones. Perfecto para todos los niveles de experiencia.<\/p>\n<h2>Descubre ahora en Apex Vape<\/h2>\n<p>El Airmez Tornado 25000 es la elecci\u00f3n ideal para cualquiera que busque una experiencia de vapeo de alta calidad, duradera y llena de sabor. Navegue por nuestra gama completa en <strong><a href=\"https:\/\/apexvape.de\/es\/\">Apex Vape<\/a><\/strong> o descubra m\u00e1s productos estrella en la <strong><a href=\"https:\/\/apexvape.de\/es\/product-category\/airmez-vape\/\">Categor\u00eda Airmez Vape<\/a><\/strong> - por una calidad de primera y una enorme selecci\u00f3n de sabores.<\/p>","protected":false},"excerpt":{"rendered":"<p class=\"font-claude-response-body break-words whitespace-normal leading-[1.7]\">Der Airmez Tornado 25000 bietet bis zu 25.000 Z\u00fcge, 25 ml E-Liquid mit 5 % Nikotin und einen Dual-Mesh-Coil f\u00fcr gleichm\u00e4\u00dfigen Dampfgenuss. Mit wiederaufladbarem 850-mAh-Akku, integriertem Display und USB-C-Ladeanschluss \u2013 perfekt f\u00fcr Einsteiger und Profis.<\/p>\n<p class=\"font-claude-response-body break-words whitespace-normal leading-[1.7]\">\n","protected":false},"featured_media":6549,"comment_status":"open","ping_status":"closed","template":"","meta":[],"product_brand":[],"product_cat":[86],"product_tag":[],"class_list":{"0":"post-6531","1":"product","2":"type-product","3":"status-publish","4":"has-post-thumbnail","6":"product_cat-airmez-vape","8":"first","9":"instock","10":"shipping-taxable","11":"purchasable","12":"product-type-variable"},"_links":{"self":[{"href":"https:\/\/apexvape.de\/es\/wp-json\/wp\/v2\/product\/6531","targetHints":{"allow":["GET"]}}],"collection":[{"href":"https:\/\/apexvape.de\/es\/wp-json\/wp\/v2\/product"}],"about":[{"href":"https:\/\/apexvape.de\/es\/wp-json\/wp\/v2\/types\/product"}],"replies":[{"embeddable":true,"href":"https:\/\/apexvape.de\/es\/wp-json\/wp\/v2\/comments?post=6531"}],"version-history":[{"count":3,"href":"https:\/\/apexvape.de\/es\/wp-json\/wp\/v2\/product\/6531\/revisions"}],"predecessor-version":[{"id":6562,"href":"https:\/\/apexvape.de\/es\/wp-json\/wp\/v2\/product\/6531\/revisions\/6562"}],"wp:featuredmedia":[{"embeddable":true,"href":"https:\/\/apexvape.de\/es\/wp-json\/wp\/v2\/media\/6549"}],"wp:attachment":[{"href":"https:\/\/apexvape.de\/es\/wp-json\/wp\/v2\/media?parent=6531"}],"wp:term":[{"taxonomy":"product_brand","embeddable":true,"href":"https:\/\/apexvape.de\/es\/wp-json\/wp\/v2\/product_brand?post=6531"},{"taxonomy":"product_cat","embeddable":true,"href":"https:\/\/apexvape.de\/es\/wp-json\/wp\/v2\/product_cat?post=6531"},{"taxonomy":"product_tag","embeddable":true,"href":"https:\/\/apexvape.de\/es\/wp-json\/wp\/v2\/product_tag?post=6531"}],"curies":[{"name":"wp","href":"https:\/\/api.w.org\/{rel}","templated":true}]}}