{"id":6287,"date":"2025-12-20T12:53:02","date_gmt":"2025-12-20T11:53:02","guid":{"rendered":"https:\/\/apexvape.de\/?post_type=product&#038;p=6287"},"modified":"2025-12-20T12:53:42","modified_gmt":"2025-12-20T11:53:42","slug":"lavande-bm18000","status":"publish","type":"product","link":"https:\/\/apexvape.de\/es\/product\/lavande-bm18000\/","title":{"rendered":"Lavande BM18000 Vape desechable"},"content":{"rendered":"<h1>Lavande BM18000 Puffs Pantalla digital 18K Bajo contenido en nicotina Venta al por mayor Cigarrillo electr\u00f3nico recargable y rellenable<\/h1>\n<p>El Lavande BM18000 es un potente dispositivo de vapeo que ofrece la impresionante cifra de 18 000 caladas y permite un uso prolongado sin necesidad de recambios constantes. Esta generosa capacidad le permite disfrutar de largas sesiones de vapeo sin interrupciones, lo que lo hace ideal para el uso diario. El dispositivo est\u00e1 dise\u00f1ado para ofrecer un rendimiento fiable de principio a fin, para que puedas concentrarte en tu experiencia de vapeo sin preocuparte de que se agote.<\/p>\n<h2>Lavande BM18000 Puffs Caracter\u00edsticas destacadas:<\/h2>\n<p>El dispositivo funciona con una bater\u00eda recargable de 650 mAh con conexi\u00f3n de carga r\u00e1pida tipo C, lo que permite una recuperaci\u00f3n r\u00e1pida y sencilla de la energ\u00eda. Este eficiente sistema de bater\u00eda garantiza un rendimiento constante durante todas tus sesiones y evita ca\u00eddas de rendimiento o p\u00e9rdidas de funcionalidad. La carga r\u00e1pida significa menos tiempo de espera y m\u00e1s tiempo de vaporizaci\u00f3n, por lo que tu dispositivo siempre estar\u00e1 listo para usar cuando lo necesites.<\/p>\n<p>Equipado con la avanzada tecnolog\u00eda de bobina de malla de 1,0 \u03a9, el Lavande BM18000 proporciona densas nubes de vapor y un sabor puro e intenso en cada calada. El control de flujo de aire ajustable le permite personalizar la resistencia al tiro para disfrutar de una experiencia de vapeo directa al pulm\u00f3n (DTL) personalizada. Esto significa que puede ajustar su dispositivo para que se adapte a sus preferencias, tanto si prefiere caladas m\u00e1s cerradas como m\u00e1s abiertas para obtener la m\u00e1xima satisfacci\u00f3n.<\/p>\n<p>Lo que hace especial al Lavande BM18000 es su sistema de e-l\u00edquido recargable, que ofrece tanto ahorros econ\u00f3micos como ventajas medioambientales. Puede rellenar f\u00e1cilmente el dispositivo con sus e-l\u00edquidos premium favoritos, lo que le da la libertad de experimentar con diferentes sabores y personalizar su experiencia. Este dise\u00f1o recargable reduce los residuos y, al mismo tiempo, ofrece un mejor valor a largo plazo, lo que lo convierte en una excelente opci\u00f3n para los vapeadores que desean calidad, flexibilidad y sostenibilidad en un solo dispositivo.<\/p>\n<h2>Datos t\u00e9cnicos:<\/h2>\n<p>\u2611 Sal-nicotina: 0,31 TP3T<br \/>\n\u2611 Caladas: 18 000 caladas<br \/>\n\u2611 20 sabores disponibles<br \/>\n\u2611 650 mAh recargable<br \/>\n\u2611 Bobina de malla<br \/>\n\u2611 Modo normal\/refuerzo<br \/>\n\u2611 Tipo C<br \/>\n\u2611 Flujo de aire ajustable<br \/>\n\u2611 Recargable 1-2 veces<\/p>\n<h2>Lavande BM18000 Puffs Lista de sabores:<\/h2>\n<ol>\n<li>Menta y bayas<\/li>\n<li>Gelo de grosella negra<\/li>\n<li>Ar\u00e1ndanos helados<\/li>\n<li>Menta y ar\u00e1ndanos<\/li>\n<li>Menta masticable<\/li>\n<li>Sand\u00eda masticable<\/li>\n<li>Doble manzana<\/li>\n<li>Doble uva<\/li>\n<li>Menta y uva<\/li>\n<li>Menta lim\u00f3n<\/li>\n<li>Love66<\/li>\n<li>Mango Fruta del drag\u00f3n<\/li>\n<li>Helado de mango<\/li>\n<li>Sr. Blue<\/li>\n<li>Hielo de melocot\u00f3n<\/li>\n<li>Pi\u00f1a helada<\/li>\n<li>Rainbow Skittz<\/li>\n<li>Helado de fresa<\/li>\n<li>Hielo de sand\u00eda<\/li>\n<li>Sand\u00eda y frambuesa<\/li>\n<\/ol>\n<h2>Lavande BM18000 Puffs Preguntas frecuentes (FAQ)<\/h2>\n<p><strong>1. \u00bfCu\u00e1ntas funciones ofrece el Lavande BM18000?<\/strong><br \/>\nEl dispositivo ofrece la impresionante cifra de 18 000 caladas y proporciona un rendimiento duradero sin necesidad de recambios frecuentes. Esta generosa capacidad lo hace perfecto para un uso prolongado y para vapear a diario.<\/p>\n<p><strong>2. \u00bfQu\u00e9 tipo de bater\u00eda y funci\u00f3n de carga tiene este vaporizador?<\/strong><br \/>\nCuenta con una bater\u00eda recargable de 650 mAh con puerto de carga r\u00e1pida tipo C. Esto garantiza una r\u00e1pida recuperaci\u00f3n de energ\u00eda y un rendimiento constante durante todas tus sesiones de vapeo.<\/p>\n<p><strong>3. \u00bfQu\u00e9 tecnolog\u00eda de bobina se utiliza en este dispositivo?<\/strong><br \/>\nEl vaporizador utiliza la avanzada tecnolog\u00eda de bobina de malla de 1,0 \u03a9, que proporciona densas nubes de vapor y un sabor puro e intenso en cada calada. Esto garantiza un rendimiento \u00f3ptimo y un sabor satisfactorio.<\/p>\n<p><strong>4. \u00bfSe puede ajustar el flujo de aire en este vaporizador?<\/strong><br \/>\nS\u00ed, cuenta con un control de flujo de aire ajustable que le permite ajustar la resistencia al inhalar. Esta funci\u00f3n le permite ajustar con precisi\u00f3n su experiencia de vapeo directo a los pulmones (DTL) seg\u00fan sus preferencias personales.<\/p>\n<p><strong>5. \u00bfEl sistema de e-l\u00edquido es recargable o desechable?<\/strong><br \/>\nEl dispositivo cuenta con un sistema de e-l\u00edquido recargable que le permite utilizar sus e-l\u00edquidos premium favoritos. Esto le permite ahorrar dinero, reducir los residuos y le da la libertad de experimentar con diferentes sabores para disfrutar de una experiencia personalizada.<\/p>\n<h2>Descubre m\u00e1s productos LAVANDE VAPE en Apexvape<\/h2>\n<p>Descubra el Lavande BM18000 y otros productos de vapeo de alta calidad en nuestra tienda online. En <strong><a href=\"https:\/\/apexvape.de\/es\/\">Apex Vape<\/a><\/strong> Encontrar\u00e1 una amplia selecci\u00f3n de cigarrillos electr\u00f3nicos y accesorios de primera calidad para disfrutar de una experiencia de vapeo inigualable. \u00bfDesea descubrir m\u00e1s productos de la serie Lavande? Visite nuestra <strong><a href=\"https:\/\/apexvape.de\/es\/product-category\/lavande-vape\/\">LAVANDE VAPE Categor\u00eda<\/a><\/strong> y encuentre el dispositivo perfecto para sus necesidades. Aproveche el env\u00edo r\u00e1pido, los atractivos precios al por mayor y el asesoramiento competente.<\/p>","protected":false},"excerpt":{"rendered":"<p class=\"font-claude-response-body break-words whitespace-normal leading-[1.7]\">Der Lavande BM18000 bietet bis zu 18.000 Z\u00fcge mit nachf\u00fcllbarem E-Liquid-System. 650mAh Type-C-Akku, 1.0\u03a9 Mesh-Coil, einstellbarer Airflow und Normal\/Boost-Modus. 1-2x nachf\u00fcllbar mit 0,3% Salznikotin. 20 Geschmacksrichtungen f\u00fcr individuelles, nachhaltiges Dampferlebnis.<\/p>\n","protected":false},"featured_media":6310,"comment_status":"open","ping_status":"closed","template":"","meta":[],"product_brand":[],"product_cat":[85],"product_tag":[],"class_list":{"0":"post-6287","1":"product","2":"type-product","3":"status-publish","4":"has-post-thumbnail","6":"product_cat-lavande-vape","8":"first","9":"instock","10":"shipping-taxable","11":"purchasable","12":"product-type-variable"},"_links":{"self":[{"href":"https:\/\/apexvape.de\/es\/wp-json\/wp\/v2\/product\/6287","targetHints":{"allow":["GET"]}}],"collection":[{"href":"https:\/\/apexvape.de\/es\/wp-json\/wp\/v2\/product"}],"about":[{"href":"https:\/\/apexvape.de\/es\/wp-json\/wp\/v2\/types\/product"}],"replies":[{"embeddable":true,"href":"https:\/\/apexvape.de\/es\/wp-json\/wp\/v2\/comments?post=6287"}],"version-history":[{"count":0,"href":"https:\/\/apexvape.de\/es\/wp-json\/wp\/v2\/product\/6287\/revisions"}],"wp:featuredmedia":[{"embeddable":true,"href":"https:\/\/apexvape.de\/es\/wp-json\/wp\/v2\/media\/6310"}],"wp:attachment":[{"href":"https:\/\/apexvape.de\/es\/wp-json\/wp\/v2\/media?parent=6287"}],"wp:term":[{"taxonomy":"product_brand","embeddable":true,"href":"https:\/\/apexvape.de\/es\/wp-json\/wp\/v2\/product_brand?post=6287"},{"taxonomy":"product_cat","embeddable":true,"href":"https:\/\/apexvape.de\/es\/wp-json\/wp\/v2\/product_cat?post=6287"},{"taxonomy":"product_tag","embeddable":true,"href":"https:\/\/apexvape.de\/es\/wp-json\/wp\/v2\/product_tag?post=6287"}],"curies":[{"name":"wp","href":"https:\/\/api.w.org\/{rel}","templated":true}]}}