{"id":6255,"date":"2025-12-19T11:49:02","date_gmt":"2025-12-19T10:49:02","guid":{"rendered":"https:\/\/apexvape.de\/?post_type=product&#038;p=6255"},"modified":"2025-12-19T11:52:24","modified_gmt":"2025-12-19T10:52:24","slug":"spaceman-sp40000","status":"publish","type":"product","link":"https:\/\/apexvape.de\/es\/product\/spaceman-sp40000\/","title":{"rendered":"Spaceman SP40000 Vape desechable"},"content":{"rendered":"<p>&nbsp;<\/p>\n<h1>Spaceman SP40000 Vape desechable \u2013 20 ml de e-l\u00edquido<\/h1>\n<p>El Spaceman SP40000 es un potente vaporizador desechable con una capacidad excepcional que ofrece la impresionante cifra de 40 000 caladas, lo que lo convierte en uno de los dispositivos m\u00e1s duraderos del mercado. Con un generoso dep\u00f3sito de e-l\u00edquido de 20 ml y una concentraci\u00f3n de nicotina de 2%, este dispositivo est\u00e1 dise\u00f1ado para un uso prolongado sin necesidad de recambios frecuentes. El elevado n\u00famero de caladas y el gran dep\u00f3sito de e-l\u00edquido garantizan un rendimiento y un sabor constantes durante un periodo de tiempo prolongado, lo que ofrece un valor y una comodidad excepcionales tanto para los usuarios habituales como para los ocasionales.<\/p>\n<h2>Spaceman SP40000 Trenes \u2013 Caracter\u00edsticas principales:<\/h2>\n<p>El SP40000 cuenta con la avanzada tecnolog\u00eda Dual Mesh Coil y ofrece una excelente producci\u00f3n de vapor y un sabor m\u00e1s intenso en cada calada. El dispositivo ofrece cuatro niveles de potencia ajustables de 10 a 26 vatios, lo que permite a los usuarios adaptar la intensidad del vapor a sus preferencias personales. Este ajuste de potencia le permite afinar su experiencia, tanto si prefiere una calada suave y ligera con potencias m\u00e1s bajas como si prefiere una calada m\u00e1s potente e intensa con ajustes m\u00e1s altos. De este modo, se garantiza una satisfacci\u00f3n \u00f3ptima seg\u00fan su estilo de vapeo individual.<\/p>\n<p>El SP40000 est\u00e1 equipado con una pr\u00e1ctica pantalla digital que muestra informaci\u00f3n en tiempo real sobre el estado del e-l\u00edquido y la bater\u00eda. Esto elimina las incertidumbres y le mantiene informado en todo momento durante sus sesiones de vapeo. La innovadora funci\u00f3n de control de hielo\/nicotina a\u00f1ade un nuevo nivel de personalizaci\u00f3n y le permite ajustar el efecto refrescante y la liberaci\u00f3n de nicotina seg\u00fan su estado de \u00e1nimo y sus preferencias. Estas funciones inteligentes se combinan para ofrecer una experiencia f\u00e1cil de usar que le da un control total y le permite supervisar y ajustar f\u00e1cilmente su dispositivo para disfrutar de una vapeada perfecta en cualquier momento.<\/p>\n<p>Impulsado por una robusta bater\u00eda de 1000 mAh con funci\u00f3n de carga USB-C, el dispositivo garantiza una carga r\u00e1pida y eficiente, lo que minimiza el tiempo de inactividad entre sesiones. La moderna tecnolog\u00eda de carga USB-C ofrece velocidades de carga m\u00e1s r\u00e1pidas en comparaci\u00f3n con los conectores micro USB convencionales y le permite volver a vapear m\u00e1s r\u00e1pidamente. Esta combinaci\u00f3n de bater\u00eda potente, carga r\u00e1pida, ajustes de potencia personalizables y capacidad de e-l\u00edquido de larga duraci\u00f3n hace que el Spaceman SP40000 sea una opci\u00f3n vers\u00e1til y pr\u00e1ctica para los vapeadores que buscan rendimiento y flexibilidad en un solo dispositivo.<\/p>\n<h2>Datos t\u00e9cnicos:<\/h2>\n<ul>\n<li>Capacidad del e-l\u00edquido precargado: 20 ml<\/li>\n<li>Capacidad de la bater\u00eda: 1000 mAh (recargable)<\/li>\n<li>Movimientos m\u00e1ximos: hasta 40 000<\/li>\n<li>Concentraci\u00f3n de nicotina: 2% (50 mg)<\/li>\n<li>Funcionamiento: activado por tracci\u00f3n<\/li>\n<li>Rango de potencia: 10 W \/ 16 W \/ 20 W \/ 26 W<\/li>\n<li>Elemento calefactor: bobinas de doble malla<\/li>\n<li>Flujo de aire: fijo<\/li>\n<li>Pantalla: Pantalla digital con indicadores<\/li>\n<li>Carga: carga r\u00e1pida USB tipo C<\/li>\n<li>Indicador del nivel de carga de la bater\u00eda e indicador del nivel de l\u00edquido electr\u00f3nico<\/li>\n<li>Funci\u00f3n de control de hielo\/nicotina<\/li>\n<\/ul>\n<h2>Spaceman SP40000 Trenes \u2013 Sabores:<\/h2>\n<ol>\n<li>Helado de pl\u00e1tano<\/li>\n<li>Limonada de bayas<\/li>\n<li>Mamba negra<\/li>\n<li>Cereza azul Razz<\/li>\n<li>Limonada azul Razz<\/li>\n<li>Frambuesa azul \u00e1cida<\/li>\n<li>Ar\u00e1ndano y granada<\/li>\n<li>Ar\u00e1ndano y frambuesa<\/li>\n<li>Cola de cereza<\/li>\n<li>Cereza efervescente<\/li>\n<li>Lim\u00f3n lima<\/li>\n<li>Sr. Blue<\/li>\n<li>Caramelo de melocot\u00f3n y ar\u00e1ndanos<\/li>\n<li>Cerveza de ra\u00edz<\/li>\n<li>Uva fresa<\/li>\n<\/ol>\n<h2>Spaceman SP40000 Trenes: preguntas frecuentes<\/h2>\n<p><strong>1. \u00bfCu\u00e1ntas tiradas ofrece este dispositivo?<\/strong><\/p>\n<p>Este vaporizador desechable ofrece la impresionante cifra de 40 000 caladas con una capacidad de 20 ml de e-l\u00edquido. El elevado n\u00famero de caladas lo convierte en uno de los dispositivos m\u00e1s duraderos del mercado, perfecto para un uso prolongado sin necesidad de cambiarlo con frecuencia.<\/p>\n<p><strong>2. \u00bfQu\u00e9 ajustes de rendimiento hay disponibles?<\/strong><\/p>\n<p>El dispositivo dispone de cuatro niveles de potencia ajustables de 10 a 26 vatios. Esto le permite ajustar la intensidad del vapor desde una calada suave y ligera hasta una m\u00e1s fuerte e intensa, seg\u00fan sus preferencias.<\/p>\n<p><strong>3. \u00bfTiene indicador de bater\u00eda?<\/strong><\/p>\n<p>S\u00ed, cuenta con una pantalla digital que muestra el estado del e-l\u00edquido y de la bater\u00eda en tiempo real. Esta pr\u00e1ctica pantalla te mantiene informado durante tus sesiones y elimina las incertidumbres sobre cu\u00e1ndo hay que recargar o cambiar el dispositivo.<\/p>\n<p><strong>4. \u00bfQu\u00e9 es la funci\u00f3n de control de hielo\/nicotina?<\/strong><\/p>\n<p>Esta innovadora funci\u00f3n le permite ajustar tanto el efecto refrescante como la liberaci\u00f3n de nicotina a su estado de \u00e1nimo. Ofrece una mayor personalizaci\u00f3n y le permite ajustar con precisi\u00f3n su experiencia de vapeo en cualquier momento para obtener una satisfacci\u00f3n \u00f3ptima.<\/p>\n<p><strong>5. \u00bfC\u00f3mo se carga la bater\u00eda?<\/strong><\/p>\n<p>El dispositivo cuenta con una bater\u00eda de 1000 mAh que se recarga r\u00e1pidamente y de forma eficiente mediante USB-C. Esta moderna tecnolog\u00eda de carga minimiza los tiempos de inactividad y le permite volver a vapear r\u00e1pidamente.<\/p>\n<h2>Descubre m\u00e1s SMOK VAPE en Apexvape<\/h2>\n<p>Descubra el Spaceman SP40000 y otros productos de vapeo premium en <strong><a href=\"https:\/\/apexvape.de\/es\/\">Apex Vape<\/a><\/strong>, su tienda online de confianza para cigarrillos electr\u00f3nicos y dispositivos de vapeo de alta calidad. Adem\u00e1s del Spaceman SP40000, le ofrecemos una amplia selecci\u00f3n de las mejores marcas. Eche un vistazo tambi\u00e9n a nuestro popular <strong><a href=\"https:\/\/apexvape.de\/es\/product-category\/smok-vape\/\">Categor\u00eda SMOK VAPE<\/a><\/strong> , donde encontrar\u00e1 dispositivos y accesorios innovadores de uno de los fabricantes l\u00edderes del sector. En Apex Vape disfrutar\u00e1 de env\u00edos r\u00e1pidos, un servicio de atenci\u00f3n al cliente de primera clase y una calidad de producto garantizada para una experiencia de vapeo perfecta.<\/p>","protected":false},"excerpt":{"rendered":"<p class=\"font-claude-response-body break-words whitespace-normal leading-[1.7]\">Der Spaceman SP40000 Einweg-Vape bietet beeindruckende 40.000 Z\u00fcge mit 20 ml E-Liquid und 2% Nikotin. Dual-Mesh-Coils und vier Leistungsstufen (10-26W) sorgen f\u00fcr intensiven Geschmack. Mit 1000-mAh-Akku, USB-C-Schnellladung, digitalem Display und Ice\/Nikotin-Kontrolle \u2013 maximale Flexibilit\u00e4t und Leistung.<\/p>\n","protected":false},"featured_media":6272,"comment_status":"open","ping_status":"closed","template":"","meta":[],"product_brand":[],"product_cat":[84],"product_tag":[],"class_list":{"0":"post-6255","1":"product","2":"type-product","3":"status-publish","4":"has-post-thumbnail","6":"product_cat-smok-vape","8":"first","9":"instock","10":"shipping-taxable","11":"purchasable","12":"product-type-variable"},"_links":{"self":[{"href":"https:\/\/apexvape.de\/es\/wp-json\/wp\/v2\/product\/6255","targetHints":{"allow":["GET"]}}],"collection":[{"href":"https:\/\/apexvape.de\/es\/wp-json\/wp\/v2\/product"}],"about":[{"href":"https:\/\/apexvape.de\/es\/wp-json\/wp\/v2\/types\/product"}],"replies":[{"embeddable":true,"href":"https:\/\/apexvape.de\/es\/wp-json\/wp\/v2\/comments?post=6255"}],"version-history":[{"count":0,"href":"https:\/\/apexvape.de\/es\/wp-json\/wp\/v2\/product\/6255\/revisions"}],"wp:featuredmedia":[{"embeddable":true,"href":"https:\/\/apexvape.de\/es\/wp-json\/wp\/v2\/media\/6272"}],"wp:attachment":[{"href":"https:\/\/apexvape.de\/es\/wp-json\/wp\/v2\/media?parent=6255"}],"wp:term":[{"taxonomy":"product_brand","embeddable":true,"href":"https:\/\/apexvape.de\/es\/wp-json\/wp\/v2\/product_brand?post=6255"},{"taxonomy":"product_cat","embeddable":true,"href":"https:\/\/apexvape.de\/es\/wp-json\/wp\/v2\/product_cat?post=6255"},{"taxonomy":"product_tag","embeddable":true,"href":"https:\/\/apexvape.de\/es\/wp-json\/wp\/v2\/product_tag?post=6255"}],"curies":[{"name":"wp","href":"https:\/\/api.w.org\/{rel}","templated":true}]}}