{"id":6152,"date":"2025-12-16T15:04:49","date_gmt":"2025-12-16T14:04:49","guid":{"rendered":"https:\/\/apexvape.de\/?post_type=product&#038;p=6152"},"modified":"2025-12-16T15:06:50","modified_gmt":"2025-12-16T14:06:50","slug":"fihp-60000","status":"publish","type":"product","link":"https:\/\/apexvape.de\/es\/product\/fihp-60000\/","title":{"rendered":"FIHP 60000 caladas Vape desechable"},"content":{"rendered":"<h1>FIHP 60000 Triple 3 en 1 | 60000 caladas Vape desechable de triple sabor al por mayor<\/h1>\n<p>El vaporizador FIHP 60000 caladas ofrece un rendimiento excepcional para un disfrute duradero y convence con una impresionante capacidad de hasta 60 000 caladas, lo que permite sesiones de vapor prolongadas sin necesidad de recambios frecuentes. Este dispositivo de alto rendimiento satisface diferentes preferencias con concentraciones de nicotina ajustables de 2% y 5%, de modo que los usuarios pueden elegir entre una satisfacci\u00f3n suave y moderada o caladas fuertes e intensas, seg\u00fan sus necesidades individuales.<\/p>\n<h2>FIHP 60000 trenes Caracter\u00edsticas destacadas:<\/h2>\n<p>La tecnolog\u00eda avanzada impulsa este dispositivo gracias a su enorme capacidad de 54 ml de e-l\u00edquido, combinada con un sofisticado sistema de doble bobina de malla que produce nubes de vapor ricas y arom\u00e1ticas con cada calada. La tecnolog\u00eda de doble malla garantiza una producci\u00f3n constante de vapor y un mejor desarrollo del sabor, lo que maximiza la calidad de su experiencia de vapeo desde la primera hasta la \u00faltima calada.<\/p>\n<p>Lo que realmente distingue a este vaporizador es su innovador sistema de triple sabor, que permite a los usuarios cambiar f\u00e1cilmente entre tres sabores diferentes en un solo dispositivo. Con 10 emocionantes opciones de sabor, esta funci\u00f3n mantiene tus sesiones de vapeo din\u00e1micas y emocionantes, evita el cansancio del sabor y ofrece una variedad excepcional sin tener que llevar varios dispositivos contigo.<\/p>\n<p>La comodidad se une a la fiabilidad gracias a la bater\u00eda recargable integrada de 650 mAh y a la funci\u00f3n de carga r\u00e1pida tipo C, que garantiza un tiempo de inactividad m\u00ednimo cuando necesitas un impulso de energ\u00eda. La pantalla LED inteligente proporciona informaci\u00f3n clara en tiempo real sobre el nivel de la bater\u00eda y el nivel de e-l\u00edquido, para que siempre est\u00e9s completamente informado y tengas el control, y disfrutes de una experiencia de vapeo fluida y sin problemas que combina rendimiento, variedad y funcionalidad f\u00e1cil de usar.<\/p>\n<h2>Especificaciones del producto:<\/h2>\n<ul>\n<li><strong>Trenes:<\/strong> Hasta 60 000 trenes<\/li>\n<li><strong>Nicotina:<\/strong> 2%\/5%<\/li>\n<li><strong>Bobina de doble malla<\/strong><\/li>\n<li><strong>E-l\u00edquido:<\/strong> 54 ml<\/li>\n<li><strong>Bater\u00eda:<\/strong> 650 mAh<\/li>\n<li><strong>Recargable:<\/strong> Tipo C<\/li>\n<li><strong>Triple sabor<\/strong><\/li>\n<li><strong>10 sabores para elegir<\/strong><\/li>\n<\/ul>\n<h2>FIHP 60000 caladas Lista de sabores:<\/h2>\n<ol>\n<li>Sand\u00eda helada\/Red Bull\/Fresa Kiwi<\/li>\n<li>Lim\u00f3n, lima, fresa, sand\u00eda, ar\u00e1ndanos, helado.<\/li>\n<li>Fresa pl\u00e1tano\/doble manzana\/frambuesa sand\u00eda<\/li>\n<li>Fresa Kiwi\/Mango \u00e1cido Pi\u00f1a\/Red Bull<\/li>\n<li>Frutas tropicales\/Fresa Sand\u00eda\/Lim\u00f3n Melocot\u00f3n<\/li>\n<li>Pi\u00f1a, coco, blue razz, fresa y pl\u00e1tano.<\/li>\n<li>Fresa Frambuesa\/Triple Mel\u00f3n\/Mango \u00e1cido Pi\u00f1a<\/li>\n<li>Mezcla de bayas\/frambuesa Sand\u00eda\/mango Melocot\u00f3n<\/li>\n<li>Ar\u00e1ndano, frambuesa\/fresa, vainilla, cola\/lim\u00f3n, lima.<\/li>\n<li>Helado de sand\u00eda\/melocot\u00f3n y bayas\/triple mel\u00f3n<\/li>\n<\/ol>\n<h2>FIHP 60000 Trenes Preguntas frecuentes<\/h2>\n<p><strong>1. \u00bfCu\u00e1ntas caladas ofrece este vaporizador de alto rendimiento?<\/strong><\/p>\n<p>Este dispositivo ofrece hasta 60 000 caladas, lo que garantiza largas sesiones de vapeo sin necesidad de recambios frecuentes. Su enorme capacidad de 54 ml de e-l\u00edquido garantiza un rendimiento duradero para los vapeadores que buscan fiabilidad.<\/p>\n<p><strong>2. \u00bfQu\u00e9 es el sistema Triple Flavor?<\/strong><\/p>\n<p>El innovador sistema Triple Flavor te permite cambiar f\u00e1cilmente entre tres sabores diferentes en un solo dispositivo. Con 10 emocionantes opciones de sabores, puedes hacer que tus sesiones sean din\u00e1micas y evitar el cansancio gustativo.<\/p>\n<p><strong>3. \u00bfQu\u00e9 concentraciones de nicotina puedo elegir?<\/strong><\/p>\n<p>Puede elegir entre concentraciones de nicotina de 2% y 5%. Esta flexibilidad le permite personalizar su experiencia, tanto si prefiere una satisfacci\u00f3n suave y moderada como si prefiere caladas fuertes e intensas.<\/p>\n<p><strong>4. \u00bfC\u00f3mo mejora el rendimiento la bobina de malla doble?<\/strong><\/p>\n<p>El avanzado sistema Dual Mesh Coil genera nubes de vapor ricas y arom\u00e1ticas con una producci\u00f3n constante. Esta tecnolog\u00eda mejora el desarrollo del sabor y garantiza un rendimiento de calidad desde la primera hasta la \u00faltima calada.<\/p>\n<p><strong>5. \u00bfQu\u00e9 funciones ayudan a supervisar el estado del dispositivo?<\/strong><\/p>\n<p>La pantalla LED inteligente proporciona informaci\u00f3n clara en tiempo real sobre el nivel de la bater\u00eda y el nivel de l\u00edquido electr\u00f3nico. En combinaci\u00f3n con una bater\u00eda recargable de 650 mAh y carga r\u00e1pida tipo C, siempre estar\u00e1 informado y experimentar\u00e1 un tiempo de inactividad m\u00ednimo.<\/p>\n<h2>Pida ahora FIHP 60000 al por mayor<\/h2>\n<p>Descubra el vaporizador FIHP 60000 Triple 3 en 1 y aproveche nuestra atractiva oferta al por mayor. En <strong><a href=\"https:\/\/apexvape.de\/es\/\">Apex Vape<\/a><\/strong> Encontrar\u00e1 una amplia selecci\u00f3n de vapeadores desechables de alta calidad a precios competitivos. Explore nuestra gama completa. <strong><a href=\"https:\/\/apexvape.de\/es\/product-category\/fihp-vape\/\">Colecci\u00f3n FIHP VAPE<\/a><\/strong> y aseg\u00farese los \u00faltimos modelos con la innovadora tecnolog\u00eda Triple Flavor para su negocio. Aproveche el env\u00edo r\u00e1pido, el servicio fiable y la calidad superior para sus clientes.<\/p>","protected":false},"excerpt":{"rendered":"<div class=\"group relative pb-3\" data-is-streaming=\"false\">\n<div class=\"font-claude-response relative leading-[1.65rem] [&amp;_pre&gt;div]:bg-bg-000\/50 [&amp;_pre&gt;div]:border-0.5 [&amp;_pre&gt;div]:border-border-400 [&amp;_.ignore-pre-bg&gt;div]:bg-transparent [&amp;_.standard-markdown_:is(p,blockquote,h1,h2,h3,h4,h5,h6)]:pl-2 [&amp;_.standard-markdown_:is(p,blockquote,ul,ol,h1,h2,h3,h4,h5,h6)]:pr-8 [&amp;_.progressive-markdown_:is(p,blockquote,h1,h2,h3,h4,h5,h6)]:pl-2 [&amp;_.progressive-markdown_:is(p,blockquote,ul,ol,h1,h2,h3,h4,h5,h6)]:pr-8\">\n<div>\n<div class=\"standard-markdown grid-cols-1 grid gap-4 [&amp;_&gt;_*]:min-w-0 standard-markdown\">\n<p class=\"font-claude-response-body break-words whitespace-normal leading-[1.7]\">Der FIHP 60000 Z\u00fcge \u00fcberzeugt mit revolution\u00e4rem Triple-Flavor-System f\u00fcr drei Geschmacksrichtungen in einem Ger\u00e4t. Mit 54ml E-Liquid-Kapazit\u00e4t, Dual-Mesh-Coil-Technologie und 650mAh Type-C Schnelllade-Akku bietet er maximale Leistung. Das LED-Display zeigt Batterie- und F\u00fcllstand. Erh\u00e4ltlich in 10 Geschmacksrichtungen.<\/p>\n<\/div>\n<\/div>\n<\/div>\n<\/div>\n<div class=\"flex justify-start opacity-0 group-hover:opacity-100 group-focus-within:opacity-100 transition\" role=\"group\" aria-label=\"Message actions\">\n<div class=\"text-text-300\">\n<div class=\"text-text-300 flex items-stretch justify-between\">\n<div class=\"w-fit\" data-state=\"closed\">\n<div class=\"relative text-text-500 group-hover\/btn:text-text-100\">\n<div class=\"flex items-center justify-center transition-all opacity-100 scale-100\"><\/div>\n<div class=\"flex items-center justify-center absolute top-0 left-0 transition-all opacity-0 scale-50\"><\/div>\n<\/div>\n<\/div>\n<div class=\"w-fit\" data-state=\"closed\">\n<div class=\"flex items-center justify-center text-text-500 group-hover\/btn:text-text-100\"><\/div>\n<\/div>\n<div class=\"w-fit\" data-state=\"closed\">\n<div class=\"flex items-center justify-center text-text-500 group-hover\/btn:text-text-100\"><\/div>\n<\/div>\n<div class=\"flex items-center\"><\/div>\n<\/div>\n<\/div>\n<\/div>\n","protected":false},"featured_media":6153,"comment_status":"open","ping_status":"closed","template":"","meta":[],"product_brand":[],"product_cat":[82],"product_tag":[],"class_list":{"0":"post-6152","1":"product","2":"type-product","3":"status-publish","4":"has-post-thumbnail","6":"product_cat-fihp-vape","8":"first","9":"instock","10":"shipping-taxable","11":"purchasable","12":"product-type-variable"},"_links":{"self":[{"href":"https:\/\/apexvape.de\/es\/wp-json\/wp\/v2\/product\/6152","targetHints":{"allow":["GET"]}}],"collection":[{"href":"https:\/\/apexvape.de\/es\/wp-json\/wp\/v2\/product"}],"about":[{"href":"https:\/\/apexvape.de\/es\/wp-json\/wp\/v2\/types\/product"}],"replies":[{"embeddable":true,"href":"https:\/\/apexvape.de\/es\/wp-json\/wp\/v2\/comments?post=6152"}],"version-history":[{"count":0,"href":"https:\/\/apexvape.de\/es\/wp-json\/wp\/v2\/product\/6152\/revisions"}],"wp:featuredmedia":[{"embeddable":true,"href":"https:\/\/apexvape.de\/es\/wp-json\/wp\/v2\/media\/6153"}],"wp:attachment":[{"href":"https:\/\/apexvape.de\/es\/wp-json\/wp\/v2\/media?parent=6152"}],"wp:term":[{"taxonomy":"product_brand","embeddable":true,"href":"https:\/\/apexvape.de\/es\/wp-json\/wp\/v2\/product_brand?post=6152"},{"taxonomy":"product_cat","embeddable":true,"href":"https:\/\/apexvape.de\/es\/wp-json\/wp\/v2\/product_cat?post=6152"},{"taxonomy":"product_tag","embeddable":true,"href":"https:\/\/apexvape.de\/es\/wp-json\/wp\/v2\/product_tag?post=6152"}],"curies":[{"name":"wp","href":"https:\/\/api.w.org\/{rel}","templated":true}]}}